{"id":36996,"date":"2022-01-05T11:44:53","date_gmt":"2022-01-05T09:44:53","guid":{"rendered":"https:\/\/homs-univ.edu.sy\/%d9-85-%d8-af-%d9-8a-%d8-b1-%d9-8a-%d8-a9-%d8-a7-%d9-84-%d9-85-%d8-ca-%d8-a7-%d9-84-%d8-b3-%d8-a7-%d9-84-%d8-ca-%d8-a7-%d9-85-%d8-b9-%d8-%d9\/"},"modified":"2025-07-08T13:22:34","modified_gmt":"2025-07-08T10:22:34","slug":"direction-des-conseils-universitaires","status":"publish","type":"page","link":"https:\/\/homs-univ.edu.sy\/fr\/direction-des-conseils-universitaires\/","title":{"rendered":"Direction des Conseils Universitaires"},"content":{"rendered":"<div class=\"wpb-content-wrapper\"><p>[vc_section full_height=\u00a0\u00bbyes\u00a0\u00bb][vc_row][vc_column]<div class=\"fancy_heading fancy_heading_line\"><div class=\"fh-top\"><\/div><h1 class=\"title \">D\u00e9cisions du Conseil de l&#039;Universit\u00e9<\/h1><div class=\"inside\">Acc\u00e8s aux plus importantes d\u00e9cisions \u00e9mises par le Conseil de l&rsquo;Universit\u00e9<\/div><\/div>\n[\/vc_column][\/vc_row][vc_row][vc_column width=\u00a0\u00bb1\/3&Prime;][vc_text_separator title=\u00a0\u00bbCirculaires et mod\u00e8les de r\u00e9daction des d\u00e9cisions des Conseils universitaires\u00a0\u00bb]<div class=\"Latest_news \"><ul class=\"ul-first\"><\/ul><\/div>\n[vc_btn title=\u00a0\u00bbPlus de d\u00e9tails\u00a0\u00bb style=\u00a0\u00bbflat\u00a0\u00bb shape=\u00a0\u00bbsquare\u00a0\u00bb align=\u00a0\u00bbcenter\u00a0\u00bb link=\u00a0\u00bburl:https%3A%2F%2Fhoms-univ.edu.sy%2F%D8%AA%D8%B5%D9%86%D9%8A%D9%81%2F%D8%AA%D8%B9%D8%A7%D9%85%D9%8A%D9%85-%D9%88%D9%86%D9%85%D8%A7%D8%B0%D8%AC-%D9%84%D8%B5%D9%8A%D8%A7%D8%BA%D8%A9-%D9%82%D8%B1%D8%A7%D8%B1%D8%A7%D8%AA-%D8%A7%D9%84%D9%85%D8%AC%D8%A7%D9%84%D8%B3%2F|\u00a0\u00bb][\/vc_column][vc_column width=\u00a0\u00bb1\/3&Prime;][vc_text_separator title=\u00a0\u00bbD\u00e9cisions et r\u00e8glements du fonctionnement des Conseils\u00a0\u00bb]<div class=\"Latest_news \"><ul class=\"ul-first\"><li class=\"post-86555 post type-post status-publish format-standard has-post-thumbnail hentry category-decisions-du-conseil-universitaire\"><div class=\"photo\"><a href=\"https:\/\/homs-univ.edu.sy\/fr\/2025\/08\/annuler-la-decision-du-conseil-de-luniversite-n-1105-du-17-6-2025-fixant-la-date-de-fin-du-premier-semestre-pour-les-etudiants-du-master-de-qualification-et-de-specialisation-a-linstitut-su\/\"><img decoding=\"async\" width=\"600\" height=\"450\" src=\"https:\/\/homs-univ.edu.sy\/wp-content\/uploads\/2022\/10\/\u0642\u0631\u0627\u0631\u0627\u062a-\u0645\u062c\u0644\u0633-\u0627\u0644\u062c\u0627\u0645\u0639\u0629-600x450.jpg\" class=\"scale-with-grid wp-post-image\" alt=\"\" \/><\/a><\/div><div class=\"desc\"><h5 class=\"\"><a href=\"https:\/\/homs-univ.edu.sy\/fr\/2025\/08\/annuler-la-decision-du-conseil-de-luniversite-n-1105-du-17-6-2025-fixant-la-date-de-fin-du-premier-semestre-pour-les-etudiants-du-master-de-qualification-et-de-specialisation-a-linstitut-su\/\">Annuler la d\u00e9cision du Conseil de l&rsquo;Universit\u00e9 N\u00b0\/1105\/ du 17\/6\/2025 fixant la date de fin du premier semestre pour les \u00e9tudiants du master de qualification et de sp\u00e9cialisation \u00e0 l&rsquo;institut Sup\u00e9rieur des Langues \u00e0 l&rsquo;Universit\u00e9 de Homs pour l&rsquo;ann\u00e9e universitaire 2024-2025, en raison de l&rsquo;impossibilit\u00e9 de sa mise en \u0153uvre.<\/a><\/h5><div class=\"desc_footer\"><span class=\"date\"><i class=\"icon-clock\"><\/i> 11\/08\/2025<\/span><div class=\"button-love\"><a href=\"#\" class=\"mfn-love \" data-id=\"86555\"><span class=\"icons-wrapper\"><i class=\"icon-heart-empty-fa\"><\/i><i class=\"icon-heart-fa\"><\/i><\/span><span class=\"label\">0<\/span><\/a><\/div><\/div><\/div><\/li><li class=\"post-85384 post type-post status-publish format-standard has-post-thumbnail hentry category-decisions-du-conseil-universitaire\"><div class=\"photo\"><a href=\"https:\/\/homs-univ.edu.sy\/fr\/2025\/07\/decision-n-729-18-mecanisme-de-la-mise-en-oeuvre-du-plan-de-projet-de-recherche-du-master-mecanisme-de-supervision-et-de-fixer-des-titres-des-lettres-mecanisme-de-formation-du-jury-et-procedu\/\"><img decoding=\"async\" width=\"600\" height=\"450\" src=\"https:\/\/homs-univ.edu.sy\/wp-content\/uploads\/2022\/12\/\u0642\u0631\u0627\u0631\u0627\u062a-\u0648\u0642\u0648\u0627\u0639\u062f-\u0646\u0627\u0638\u0645\u0629-\u0644\u0639\u0645\u0644-\u0627\u0644\u0645\u062c\u0627\u0644\u0633-600x450.webp\" class=\"scale-with-grid wp-post-image\" alt=\"\u0642\u0631\u0627\u0631\u0627\u062a \u0648\u0642\u0648\u0627\u0639\u062f \u0646\u0627\u0638\u0645\u0629 \u0644\u0639\u0645\u0644 \u0627\u0644\u0645\u062c\u0627\u0644\u0633\" \/><\/a><\/div><div class=\"desc\"><h5 class=\"\"><a href=\"https:\/\/homs-univ.edu.sy\/fr\/2025\/07\/decision-n-729-18-mecanisme-de-la-mise-en-oeuvre-du-plan-de-projet-de-recherche-du-master-mecanisme-de-supervision-et-de-fixer-des-titres-des-lettres-mecanisme-de-formation-du-jury-et-procedu\/\">D\u00e9cision N\u00b0 729\/18\/ M\u00e9canisme de la mise en \u0153uvre du plan de projet de recherche du master, m\u00e9canisme de supervision et de fixer des titres des lettres, m\u00e9canisme de formation du jury et proc\u00e9dures de soutenance.<\/a><\/h5><div class=\"desc_footer\"><span class=\"date\"><i class=\"icon-clock\"><\/i> 03\/07\/2025<\/span><div class=\"button-love\"><a href=\"#\" class=\"mfn-love \" data-id=\"85384\"><span class=\"icons-wrapper\"><i class=\"icon-heart-empty-fa\"><\/i><i class=\"icon-heart-fa\"><\/i><\/span><span class=\"label\">0<\/span><\/a><\/div><\/div><\/div><\/li><\/ul><\/div>\n[vc_btn title=\u00a0\u00bbToutes les d\u00e9cisions\u00a0\u00bb style=\u00a0\u00bbflat\u00a0\u00bb shape=\u00a0\u00bbsquare\u00a0\u00bb align=\u00a0\u00bbcenter\u00a0\u00bb link=\u00a0\u00bburl:https%3A%2F%2Fhoms-univ.edu.sy%2F%D8%AA%D8%B5%D9%86%D9%8A%D9%81%2F%D9%82%D8%B1%D8%A7%D8%B1%D8%A7%D8%AA-%D9%88%D9%82%D9%88%D8%A7%D8%B9%D8%AF-%D9%86%D8%A7%D8%B8%D9%85%D8%A9-%D9%84%D8%B9%D9%85%D9%84-%D8%A7%D9%84%D9%85%D8%AC%D8%A7%D9%84%D8%B3%2F|\u00a0\u00bb][\/vc_column][vc_column width=\u00a0\u00bb1\/3&Prime;][vc_text_separator title=\u00a0\u00bbDocuments requis pour la pr\u00e9sentation aux conseils universitaires\u00a0\u00bb]<div class=\"Latest_news \"><ul class=\"ul-first\"><\/ul><\/div>\n<div class=\"photo_box  without-desc\"><div class=\"image_frame\"><div class=\"image_wrapper\"><a href=\"https:\/\/homs-univ.edu.sy\/\u0645\u062f\u064a\u0631\u064a\u0629-\u0627\u0644\u0645\u062c\u0627\u0644\u0633-\u0627\u0644\u062c\u0627\u0645\u0639\u064a\u0629\/\u062b\u0628\u0648\u062a\u064a\u0627\u062a-\u0644\u0644\u0639\u0631\u0636-\u0639\u0644\u0649-\u0627\u0644\u0645\u062c\u0627\u0644\u0633-\u0627\u0644\u062c\u0627\u0645\u0639\u064a\u0629\/\"  title=\"\"><div class=\"mask\"><\/div><img class=\"scale-with-grid mfn-lazy\" data-src=\"https:\/\/homs-univ.edu.sy\/wp-content\/uploads\/2022\/11\/\u0627\u0644\u062b\u0628\u0648\u062a\u064a\u0627\u062a-\u0627\u0644\u0644\u0627\u0632\u0645\u0629-\u0644\u0644\u0639\u0631\u0636-\u0639\u0644\u0649-\u0627\u0644\u0645\u062c\u0627\u0644\u0633-\u0627\u0644\u062c\u0627\u0645\u0639\u064a\u0629-jpg.webp\" alt=\"\u0627\u0644\u062b\u0628\u0648\u062a\u064a\u0627\u062a \u0627\u0644\u0644\u0627\u0632\u0645\u0629 \u0644\u0644\u0639\u0631\u0636 \u0639\u0644\u0649 \u0627\u0644\u0645\u062c\u0627\u0644\u0633 \u0627\u0644\u062c\u0627\u0645\u0639\u064a\u0629\" width=\"1920\" height=\"1280\"\/><\/a><\/div><\/div><\/div>\n[\/vc_column][\/vc_row][vc_row][vc_column][vc_separator][\/vc_column][\/vc_row][vc_row full_width=\u00a0\u00bbstretch_row\u00a0\u00bb css=\u00a0\u00bb.vc_custom_1641992864321{background-color: #f2f2f2 !important;}\u00a0\u00bb][vc_column css=\u00a0\u00bb.vc_custom_1640601537341{padding-top: 5em !important;padding-bottom: 5em !important;}\u00a0\u00bb]<div class=\"fancy_heading fancy_heading_line\"><div class=\"fh-top\"><\/div><h1 class=\"title \">Conseils de l&#039;Universit\u00e9<\/h1><div class=\"inside\">Liens internes pour le personnel administratif<\/div><\/div>\n<a class=\"mfn-link mfn-link-7 \" href=\"http:\/\/192.168.0.54\/albaath-council\" style=\"\" data-hover=\"\u0645\u062c\u0644\u0633 \u062c\u0627\u0645\u0639\u0629 \u062d\u0645\u0635\" rel=\"nofollow\"><span data-hover=\"\u0645\u062c\u0644\u0633 \u062c\u0627\u0645\u0639\u0629 \u062d\u0645\u0635\">\u0645\u062c\u0644\u0633 \u062c\u0627\u0645\u0639\u0629 \u062d\u0645\u0635<\/span><\/a><a class=\"mfn-link mfn-link-7 \" href=\"http:\/\/192.168.0.54\/scientific-council\" style=\"\" data-hover=\"\u0645\u062c\u0644\u0633 \u0627\u0644\u0634\u0624\u0648\u0646 \u0627\u0644\u0639\u0644\u0645\u064a\u0629\" rel=\"nofollow\"><span data-hover=\"\u0645\u062c\u0644\u0633 \u0627\u0644\u0634\u0624\u0648\u0646 \u0627\u0644\u0639\u0644\u0645\u064a\u0629\">\u0645\u062c\u0644\u0633 \u0627\u0644\u0634\u0624\u0648\u0646 \u0627\u0644\u0639\u0644\u0645\u064a\u0629<\/span><\/a><a class=\"mfn-link mfn-link-7 \" href=\"http:\/\/192.168.0.54\/scientific-research-council\/\" style=\"\" data-hover=\"\u0645\u062c\u0644\u0633 \u0627\u0644\u0628\u062d\u062b \u0627\u0644\u0639\u0644\u0645\u064a\" rel=\"nofollow\"><span data-hover=\"\u0645\u062c\u0644\u0633 \u0627\u0644\u0628\u062d\u062b \u0627\u0644\u0639\u0644\u0645\u064a\">\u0645\u062c\u0644\u0633 \u0627\u0644\u0628\u062d\u062b \u0627\u0644\u0639\u0644\u0645\u064a<\/span><\/a><a class=\"mfn-link mfn-link-7 \" href=\"http:\/\/192.168.0.54\/olc-council\/\" style=\"\" data-hover=\"\u0645\u062c\u0644\u0633 \u0627\u0644\u062a\u0639\u0644\u064a\u0645 \u0627\u0644\u0645\u0641\u062a\u0648\u062d\" rel=\"nofollow\"><span data-hover=\"\u0645\u062c\u0644\u0633 \u0627\u0644\u062a\u0639\u0644\u064a\u0645 \u0627\u0644\u0645\u0641\u062a\u0648\u062d\">\u0645\u062c\u0644\u0633 \u0627\u0644\u062a\u0639\u0644\u064a\u0645 \u0627\u0644\u0645\u0641\u062a\u0648\u062d<\/span><\/a><a class=\"mfn-link mfn-link-7 \" href=\"http:\/\/192.168.0.54\/student-council\" style=\"\" data-hover=\"\u0645\u062c\u0644\u0633 \u0634\u0624\u0648\u0646 \u0627\u0644\u0637\u0644\u0627\u0628\" rel=\"nofollow\"><span data-hover=\"\u0645\u062c\u0644\u0633 \u0634\u0624\u0648\u0646 \u0627\u0644\u0637\u0644\u0627\u0628\">\u0645\u062c\u0644\u0633 \u0634\u0624\u0648\u0646 \u0627\u0644\u0637\u0644\u0627\u0628<\/span><\/a>[\/vc_column][\/vc_row][\/vc_section][vc_row full_width=\u00a0\u00bbstretch_row\u00a0\u00bb css=\u00a0\u00bb.vc_custom_1641977863655{padding-top: 5em !important;padding-bottom: 5em !important;}\u00a0\u00bb][vc_column]<div class=\"fancy_heading fancy_heading_line\"><div class=\"fh-top\"><\/div><h2 class=\"title\">M\u00e9canisme de travail des conseils universitaires<\/h2><div class=\"inside\">\u00c9tudier des sujets li\u00e9s aux membres du corps professoral et d&rsquo;assistants d&rsquo;enseignement, et aux \u00e9tudiants de premier, deuxi\u00e8me et troisi\u00e8me cycle universitaire ainsi que de divers sujets. Les conseils universitaires se composent des bureaux suivants:<\/div><\/div>\n[\/vc_column][vc_column][vc_row_inner el_class=\u00a0\u00bbcontent-center\u00a0\u00bb][vc_column_inner]<a class=\"content_link scroll\" href=\"#1\"  ><span class=\"title\">Bureau de v\u00e9rification<\/span><\/a><a class=\"content_link scroll\" href=\"#2\"  ><span class=\"title\">Conseil des affaires scientifiques<\/span><\/a><a class=\"content_link scroll\" href=\"#3\"  ><span class=\"title\">Conseil de la recherche scientifique et des \u00e9tudes sup\u00e9rieures<\/span><\/a><a class=\"content_link scroll\" href=\"#4\"  ><span class=\"title\">Conseil de l'universit\u00e9<\/span><\/a><a class=\"content_link scroll\" href=\"#5\"  ><span class=\"title\">Bureau d'automatisation<\/span><\/a>[\/vc_column_inner][\/vc_row_inner][\/vc_column][\/vc_row][vc_row full_width=\u00a0\u00bbstretch_row_content_no_spaces\u00a0\u00bb css=\u00a0\u00bb.vc_custom_1641981640875{margin-bottom: 0px !important;padding-bottom: 0px !important;}\u00a0\u00bb][vc_column][vc_column_text css=\u00a0\u00bb.vc_custom_1641982190159{margin-bottom: 0px !important;padding-bottom: 0px !important;}\u00a0\u00bb]<div class=\"fancy-divider\"><svg preserveAspectRatio=\"none\" viewBox=\"0 0 100 100\" height=\"100\" width=\"100%\" version=\"1.1\" xmlns=\"https:\/\/www.w3.org\/2000\/svg\" style=\"background: #f4f4f4;\" aria-hidden=\"true\"><path d=\"M0 0 L50 100 L100 0 Z\" style=\"fill: #f8f9f9; stroke: #f8f9f9;\"\/><\/svg><\/div>[\/vc_column_text][\/vc_column][\/vc_row][vc_row full_width=\u00a0\u00bbstretch_row\u00a0\u00bb full_height=\u00a0\u00bbyes\u00a0\u00bb rtl_reverse=\u00a0\u00bbyes\u00a0\u00bb css=\u00a0\u00bb.vc_custom_1641981655567{margin-top: 0px !important;background-color: #f4f4f4 !important;}\u00a0\u00bb el_id=\u00a0\u00bb1&Prime;][vc_column css=\u00a0\u00bb.vc_custom_1641982094771{margin-top: 0px !important;padding-top: 0px !important;}\u00a0\u00bb]<div class=\"fancy_heading fancy_heading_icon\"><div class=\"fh-top\"><\/div><h2 class=\"title\">Bureau de v\u00e9rification<\/h2><div class=\"inside\">C&rsquo;est le bureau charg\u00e9 de :<\/div><\/div>\n[vc_column_text]<\/p>\n<ol>\n<li>Recevoir du courrier re\u00e7u qui comprend les d\u00e9cisions des conseils des facult\u00e9s de l&rsquo;Universit\u00e9 de Homs et d&rsquo;autres sujets de diff\u00e9rentes directions.<\/li>\n<li>V\u00e9rifier les documents n\u00e9cessaires pour chaque sujet, combler les lacunes et pr\u00e9parer les sujets pour les pr\u00e9senter aux conseils comp\u00e9tents, parce qu&rsquo;il y a une liste de documents n\u00e9cessaires pour \u00e9tudier chaque sujet \u00e0 pr\u00e9senter aux conseils universitaires comp\u00e9tents.<\/li>\n<li>Enregistrer ces sujets sur un logiciel de estion de t\u00e2ches, enregistrer le donn\u00e9es relatifs au dossier et le renvoyer au bureau comp\u00e9tent.<\/li>\n<li>Trier le courrier entrant selon la nature des sujets, soit au Conseil des Affaires Scientifiques ou de la Recherche Scientifique et des Etudes Sup\u00e9rieures, ou au Conseil de l&rsquo;Universit\u00e9, ou \u00e0 d&rsquo;autres directions.<\/li>\n<\/ol>\n<p>[\/vc_column_text]<div class=\"icon_box icon_position_top no_border\"><div class=\"icon_wrapper\"><div class=\"icon\"><i class=\"icon-phone\" aria-hidden=\"true\"><\/i><\/div><\/div><div class=\"desc_wrapper\"><h4 class=\"title \">Pour contacter<\/h4><div class=\"desc\">1061<\/div><\/div><\/div>\n[\/vc_column][\/vc_row][vc_row full_width=\u00a0\u00bbstretch_row\u00a0\u00bb full_height=\u00a0\u00bbyes\u00a0\u00bb rtl_reverse=\u00a0\u00bbyes\u00a0\u00bb css=\u00a0\u00bb.vc_custom_1641978143453{background-color: #f0f0f0 !important;}\u00a0\u00bb el_id=\u00a0\u00bb2&Prime;][vc_column]<div class=\"fancy_heading fancy_heading_icon\"><div class=\"fh-top\"><\/div><h2 class=\"title\">Conseil des affaires scientifiques<\/h2><div class=\"inside\">C&rsquo;est le bureau charg\u00e9 de pr\u00e9parer les sessions du Conseil des Affaires Scientifiques, car il se tient tous les 15 jours sous la pr\u00e9sidence du vice-recteur charg\u00e9 des affaires scientifiques avec la participation des vice-doyens charg\u00e9s des affaires scientifiques aux facult\u00e9s, et des repr\u00e9sentants du Syndicat des Enseignants et du Syndicat des \u00c9tudiants. Son secr\u00e9taire est le secr\u00e9taire de l&rsquo;universit\u00e9 adjoint. Le conseil examine les sujets qui sont dans le cadre de ses t\u00e2ches scientifiques et qui sont li\u00e9s aux questions des membres du corps professoral telles que la nomination, le recrutement, les bourses, les boursiers et les assistants d&rsquo;enseignement. selon le m\u00e9canisme d&rsquo;action suivant :<\/div><\/div>\n[vc_column_text]<\/p>\n<ol>\n<li>Pr\u00e9parer l&rsquo;ordre du jour de la sessionpour qu\u00a0\u00bbelle soit afficher sur les \u00e9crans \u00e9lectroniquement apr\u00e8s la v\u00e9rification de chaque dossier selon la liste des documents requis pour chaque sujet.<\/li>\n<li>Pr\u00e9parer et r\u00e9diger les d\u00e9cisions du conseil apr\u00e8s la tenue de la session et conserver chaque sujet et le classer dans son propre dossier selon l&rsquo;arbre du conseil qui comprend des branches pour tous les sujets \u00e9tudi\u00e9s.<\/li>\n<li>distribuer les d\u00e9cisions accompagn\u00e9es de toutes les pi\u00e8ces justificatives aux entiit\u00e9s concern\u00e9es pour les mettre en \u0153uvre.<\/li>\n<li>Archiver ces d\u00e9cisions et classer les documents selon leurs propres dossiers<\/li>\n<li>Pr\u00e9parer le proc\u00e8s-verbal de la session, y compris une indexation des d\u00e9cisions prises, et l&rsquo;envoyer \u00e0 toutes les parties concern\u00e9es.<\/li>\n<\/ol>\n<ol>\n<li style=\"list-style-type: none;\">\n<\/li>\n<\/ol>\n<p>[\/vc_column_text]<div class=\"icon_box icon_position_top no_border\"><div class=\"icon_wrapper\"><div class=\"icon\"><i class=\"icon-phone\" aria-hidden=\"true\"><\/i><\/div><\/div><div class=\"desc_wrapper\"><h4 class=\"title \">Pour contacter<\/h4><div class=\"desc\">1042<\/div><\/div><\/div>\n[\/vc_column][\/vc_row][vc_row full_width=\u00a0\u00bbstretch_row\u00a0\u00bb full_height=\u00a0\u00bbyes\u00a0\u00bb rtl_reverse=\u00a0\u00bbyes\u00a0\u00bb css=\u00a0\u00bb.vc_custom_1641978151161{background-color: #f4f4f4 !important;}\u00a0\u00bb el_id=\u00a0\u00bb3&Prime;][vc_column]<div class=\"fancy_heading fancy_heading_icon\"><div class=\"fh-top\"><\/div><h2 class=\"title\">Conseil de la recherche scientifique et des \u00e9tudes sup\u00e9rieures<\/h2><div class=\"inside\">C&rsquo;est le bureau <\/p>\n<p>charg\u00e9 de pr\u00e9parer les sessions du Conseil de la Recherche Scientifique et des \u00c9tudes Sup\u00e9rieures car il se tient tous les 15 jours sous la pr\u00e9sidence du vice-recteur charg\u00e9 de la Recherche Scientifique et des \u00c9tudes Sup\u00e9rieures avec la participation des vice-doyens charg\u00e9s de la Recherche Scientifique et des \u00c9tudes Sup\u00e9rieures aux facult\u00e9s, et des repr\u00e9sentants du Syndicat des Enseignants et du Syndicat des \u00c9tudiants. Son secr\u00e9taire est le secr\u00e9taire de l&rsquo;universit\u00e9 adjoint. Le conseil examine les sujets qui sont dans le cadre de ses t\u00e2ches scientifiques et qui sont li\u00e9s aux questions des membres du corps professoral telles que les t\u00e2ches de la recherche scientifique du personnel enseignant et les questions relatives aux \u00e9tudiants des \u00e9tudes sup\u00e9rieures comme les inscriptions et les grades universitaires de master et doctorat&#8230;<\/div><\/div>\n[vc_column_text]<\/p>\n<ol>\n<li>Pr\u00e9parer l&rsquo;ordre du jour de la session pour l&rsquo;afficher sur les \u00e9crans \u00e9lectroniquement apr\u00e8s la v\u00e9rification de chaque dossier selon la liste des documents requis pour chaque sujet.<\/li>\n<li>Pr\u00e9parer et r\u00e9diger les d\u00e9cisions du conseil apr\u00e8s la session, sauvegarder chaque sujet et le classer dans son propre dossier selon l&rsquo;arbre du conseil qui comprend de nombreuses branches pour tous les sujets \u00e9tudi\u00e9s par le conseil.<\/li>\n<li>distribuer les d\u00e9cisions accompagn\u00e9es de toutes les pi\u00e8ces justificatives aux entiit\u00e9s concern\u00e9es pour les mettre en \u0153uvre.<\/li>\n<li>Archiver ces d\u00e9cisions et classer les documents selon leurs propres dossiers<\/li>\n<li>Pr\u00e9parer le proc\u00e8s-verbal de la session, y compris une indexation des d\u00e9cisions prises, et l&rsquo;envoyer \u00e0 toutes les parties concern\u00e9es.<\/li>\n<\/ol>\n<p>[\/vc_column_text]<div class=\"icon_box icon_position_top no_border\"><div class=\"icon_wrapper\"><div class=\"icon\"><i class=\"icon-phone\" aria-hidden=\"true\"><\/i><\/div><\/div><div class=\"desc_wrapper\"><h4 class=\"title \">Pour contacter<\/h4><div class=\"desc\">1063<\/div><\/div><\/div>\n[\/vc_column][\/vc_row][vc_row full_width=\u00a0\u00bbstretch_row\u00a0\u00bb full_height=\u00a0\u00bbyes\u00a0\u00bb rtl_reverse=\u00a0\u00bbyes\u00a0\u00bb css=\u00a0\u00bb.vc_custom_1641978158809{background-color: #f0f0f0 !important;}\u00a0\u00bb el_id=\u00a0\u00bb4&Prime;][vc_column]<div class=\"fancy_heading fancy_heading_icon\"><div class=\"fh-top\"><\/div><h2 class=\"title\">Conseil de l&#039;universit\u00e9<\/h2><div class=\"inside\">C&rsquo;est le bureau charg\u00e9 de :<\/p>\n<p>Pr\u00e9parer les sessions du Conseil de l&rsquo;Universit\u00e9 et les pr\u00e9parer avant sa tenue. Le Conseil universitaire re\u00e7oit les d\u00e9cisions \u00e9mises par les Conseils des affaires scientifiques, de la recherche scientifique, des \u00e9tudes sup\u00e9rieures, du Conseil des affaires \u00e9tudiantes, du Conseil de l&rsquo;enseignement ouvert et quelques autres sujets entrant dans le cadre de ses attributions concernant les membres du personnel enseignant (membres du corps professoral &#8211; des boursiers- des assistants d&rsquo;enseignement), les \u00e9tudiants de premier, deuxi\u00e8me et troisi\u00e8me cycle et d&rsquo;autres sujets. Ce conseil se tient tous les 15 jours sous la pr\u00e9sidence du recteur de l&rsquo;universit\u00e9 et avec la participation des vice-recteurs de l&rsquo;universit\u00e9, des doyens des facult\u00e9s, des repr\u00e9sentants du minist\u00e8re, du Syndicat des Enseignants, des \u00c9tudiants, des directeurs d&rsquo;instituts, des directeurs des centres scientifiques et du secr\u00e9tariat de ce conseil (le Secr\u00e9taire de l&rsquo;Universit\u00e9), pour \u00e9tudier ces sujets et en d\u00e9cider, o\u00f9 il s&rsquo;engage \u00e0 :<\/div><\/div>\n[vc_column_text]<\/p>\n<ol>\n<li>Pr\u00e9parer l&rsquo;ordre du jour de la session pour l&rsquo;afficher sur les \u00e9crans \u00e9lectroniquement apr\u00e8s la v\u00e9rification de chaque dossier selon la liste des documents requis pour chaque sujet.<\/li>\n<li>Pr\u00e9parer et r\u00e9diger les d\u00e9cisions du conseil apr\u00e8s la session, sauvegarder chaque sujet et le classer dans son propre dossier selon l&rsquo;arbre du conseil qui comprend de nombreuses branches pour tous les sujets \u00e9tudi\u00e9s par le conseil.<\/li>\n<li>distribuer les d\u00e9cisions accompagn\u00e9es de toutes les pi\u00e8ces justificatives aux entiit\u00e9s concern\u00e9es pour les mettre en \u0153uvre.<\/li>\n<li>Archiver ces d\u00e9cisions et classer les documents selon leurs propres dossiers<\/li>\n<li>Pr\u00e9parer le proc\u00e8s-verbal de la session, y compris une indexation des d\u00e9cisions prises, et l&rsquo;envoyer \u00e0 toutes les parties concern\u00e9es.<\/li>\n<\/ol>\n<p>[\/vc_column_text]<div class=\"icon_box icon_position_top no_border\"><div class=\"icon_wrapper\"><div class=\"icon\"><i class=\"icon-phone\" aria-hidden=\"true\"><\/i><\/div><\/div><div class=\"desc_wrapper\"><h4 class=\"title \">Pour contacter<\/h4><div class=\"desc\">1064<\/div><\/div><\/div>\n[\/vc_column][\/vc_row][vc_row full_width=\u00a0\u00bbstretch_row\u00a0\u00bb full_height=\u00a0\u00bbyes\u00a0\u00bb css=\u00a0\u00bb.vc_custom_1641978165933{background-color: #f4f4f4 !important;}\u00a0\u00bb el_id=\u00a0\u00bb5&Prime;][vc_column]<div class=\"fancy_heading fancy_heading_icon\"><div class=\"fh-top\"><\/div><h2 class=\"title\">Bureau d&#039;automatisation<\/h2><div class=\"inside\">C&rsquo;est le bureau charg\u00e9 de :<\/div><\/div>\n[vc_column_text]<\/p>\n<ol>\n<li>Automatiser les d\u00e9cisions du Conseil de l&rsquo;universit\u00e9 selon un logiciel sp\u00e9cial pour l&rsquo;archivage \u00e9lectronique puis les sauvegarder dans des fichiers sp\u00e9ciaux<\/li>\n<li>Automatiser les d\u00e9cisions du Conseil des Affaires Scientifiques selon un logiciel sp\u00e9cial pour l&rsquo;archivage \u00e9lectronique puis les sauvegarder dans des dossiers sp\u00e9ciaux<\/li>\n<li>Automatiser les d\u00e9cisions du Conseil de la Recherche Scientifique et des \u00c9tudes Sup\u00e9rieures selon un logiciel sp\u00e9cial pour l&rsquo;archivage \u00e9lectronique puis les sauvegarder dans des dossiers sp\u00e9ciaux <b>afin d&rsquo;avoir des statistiques sur tous les sujets \u00e9tudi\u00e9s selon leurs onglets<\/b><strong>.<\/strong><\/li>\n<li>Automatiser les d\u00e9cisions du Conseil de l&rsquo;Enseignement Sup\u00e9rieur et de ses ordonnances li\u00e9es \u00e0 sa missions.<\/li>\n<li>Envoyer les d\u00e9cisions \u00e9mises par le Bureau du Conseil de l&rsquo;Universit\u00e9 \u00e9lectroniquement par courrier \u00e9lectronique aux entit\u00e9s concern\u00e9es pour en \u00eatre inform\u00e9es.<\/li>\n<li>Pr\u00e9parer pour l&rsquo;affichage \u00e9lectronique des sessions des conseils universitaires au lieu des documents papier.<\/li>\n<li>V\u00e9rifier les documents de publication dans les revues externes et les approuver via les sites des revues.<\/li>\n<\/ol>\n<p>[\/vc_column_text]<div class=\"icon_box icon_position_top no_border\"><div class=\"icon_wrapper\"><div class=\"icon\"><i class=\"icon-phone\" aria-hidden=\"true\"><\/i><\/div><\/div><div class=\"desc_wrapper\"><h4 class=\"title \">Pour contacter<\/h4><div class=\"desc\">1281<\/div><\/div><\/div>\n[\/vc_column][\/vc_row]<\/p>\n<\/div>","protected":false},"excerpt":{"rendered":"<p>[vc_section full_height=\u00a0\u00bbyes\u00a0\u00bb][vc_row][vc_column][\/vc_column][\/vc_row][vc_row][vc_column width=\u00a0\u00bb1\/3&Prime;][vc_text_separator title=\u00a0\u00bbCirculaires et mod\u00e8les de r\u00e9daction des d\u00e9cisions des Conseils universitaires\u00a0\u00bb][vc_btn title=\u00a0\u00bbPlus de d\u00e9tails\u00a0\u00bb style=\u00a0\u00bbflat\u00a0\u00bb shape=\u00a0\u00bbsquare\u00a0\u00bb align=\u00a0\u00bbcenter\u00a0\u00bb link=\u00a0\u00bburl:https%3A%2F%2Fhoms-univ.edu.sy%2F%D8%AA%D8%B5%D9%86%D9%8A%D9%81%2F%D8%AA%D8%B9%D8%A7%D9%85%D9%8A%D9%85-%D9%88%D9%86%D9%85%D8%A7%D8%B0%D8%AC-%D9%84%D8%B5%D9%8A%D8%A7%D8%BA%D8%A9-%D9%82%D8%B1%D8%A7%D8%B1%D8%A7%D8%AA-%D8%A7%D9%84%D9%85%D8%AC%D8%A7%D9%84%D8%B3%2F|\u00a0\u00bb][\/vc_column][vc_column width=\u00a0\u00bb1\/3&Prime;][vc_text_separator title=\u00a0\u00bbD\u00e9cisions et r\u00e8glements du fonctionnement<span class=\"excerpt-hellip\"> [\u2026]<\/span><\/p>\n","protected":false},"author":1,"featured_media":0,"parent":0,"menu_order":0,"comment_status":"closed","ping_status":"closed","template":"","meta":{"_acf_changed":false,"footnotes":""},"class_list":["post-36996","page","type-page","status-publish","hentry"],"acf":[],"_links":{"self":[{"href":"https:\/\/homs-univ.edu.sy\/fr\/wp-json\/wp\/v2\/pages\/36996","targetHints":{"allow":["GET"]}}],"collection":[{"href":"https:\/\/homs-univ.edu.sy\/fr\/wp-json\/wp\/v2\/pages"}],"about":[{"href":"https:\/\/homs-univ.edu.sy\/fr\/wp-json\/wp\/v2\/types\/page"}],"author":[{"embeddable":true,"href":"https:\/\/homs-univ.edu.sy\/fr\/wp-json\/wp\/v2\/users\/1"}],"replies":[{"embeddable":true,"href":"https:\/\/homs-univ.edu.sy\/fr\/wp-json\/wp\/v2\/comments?post=36996"}],"version-history":[{"count":31,"href":"https:\/\/homs-univ.edu.sy\/fr\/wp-json\/wp\/v2\/pages\/36996\/revisions"}],"predecessor-version":[{"id":85498,"href":"https:\/\/homs-univ.edu.sy\/fr\/wp-json\/wp\/v2\/pages\/36996\/revisions\/85498"}],"wp:attachment":[{"href":"https:\/\/homs-univ.edu.sy\/fr\/wp-json\/wp\/v2\/media?parent=36996"}],"curies":[{"name":"wp","href":"https:\/\/api.w.org\/{rel}","templated":true}]}}