{"id":41472,"date":"2018-12-19T12:16:56","date_gmt":"2018-12-19T10:16:56","guid":{"rendered":"https:\/\/homs-univ.edu.sy\/directions-et-centres\/"},"modified":"2025-07-02T11:15:34","modified_gmt":"2025-07-02T08:15:34","slug":"directions-et-centres","status":"publish","type":"page","link":"https:\/\/homs-univ.edu.sy\/fr\/notre-universite\/directions-et-centres\/","title":{"rendered":"Directions et centres"},"content":{"rendered":"<div class=\"wpb-content-wrapper\"><p>[vc_row][vc_column][vc_column_text]<\/p>\n<p dir=\"ltr\">[\/vc_column_text][\/vc_column][\/vc_row][vc_row][vc_column][vc_custom_heading text=\u00a0\u00bbDirections Centrales\u00a0\u00bb font_container=\u00a0\u00bbtag:h2|text_align:center|color:%23dd3333&Prime; use_theme_fonts=\u00a0\u00bbyes\u00a0\u00bb css_animation=\u00a0\u00bbslideInDown\u00a0\u00bb el_class=\u00a0\u00bbmy-underlined-header\u00a0\u00bb][\/vc_column][\/vc_row][vc_row][vc_column][vc_column_text css_animation=\u00a0\u00bbfadeIn\u00a0\u00bb]<\/p>\n<ul style=\"margin-right: 50px;\">\n<li><a href=\"https:\/\/homs-univ.edu.sy\/department\/%D9%85%D8%AF%D9%8A%D8%B1%D9%8A%D8%A9-%D8%A7%D9%84%D9%84%D9%88%D8%A7%D8%B2%D9%85\" target=\"_blank\" rel=\"noopener\">Direction des \u00c9quipements<\/a><\/li>\n<li><a href=\"https:\/\/homs-univ.edu.sy\/rags\/\" target=\"_blank\" rel=\"noopener\">Direction de la Recherche Scientifique et des \u00c9tudes Sup\u00e9rieures<\/a><\/li>\n<li><a href=\"https:\/\/homs-univ.edu.sy\/department\/%D9%85%D8%AF%D9%8A%D8%B1%D9%8A%D8%A9-%D8%A7%D9%84%D8%AA%D8%A3%D9%87%D9%8A%D9%84-%D9%88%D8%A7%D9%84%D8%AA%D8%AF%D8%B1%D9%8A%D8%A8\/\" target=\"_blank\" rel=\"noopener\">Direction de Formation et d\u2019Entra\u00eenement<\/a><\/li>\n<li><a href=\"https:\/\/homs-univ.edu.sy\/department\/%D9%85%D8%AF%D9%8A%D8%B1%D9%8A%D8%A9-%D8%B4%D8%A4%D9%88%D9%86-%D8%A7%D9%84%D8%B7%D9%84%D8%A7%D8%A8\/\" target=\"_blank\" rel=\"noopener\">Direction Centrale des Affaires \u00c9tudiantes<\/a><\/li>\n<li><a href=\"https:\/\/homs-univ.edu.sy\/department\/%d9%85%d8%af%d9%8a%d8%b1%d9%8a%d8%a9-%d8%a7%d9%84%d8%aa%d9%86%d9%85%d9%8a%d8%a9-%d8%a7%d9%84%d8%a7%d8%af%d8%a7%d8%b1%d8%a7%d9%8a%d8%a9\" target=\"_blank\" rel=\"noopener\">Direction du D\u00e9veloppement Administratif<\/a><\/li>\n<li><a href=\"https:\/\/homs-univ.edu.sy\/department\/%D9%85%D8%AF%D9%8A%D8%B1%D9%8A%D8%A9-%D8%A7%D9%84%D8%B4%D8%A4%D9%88%D9%86-%D8%A7%D9%84%D9%87%D9%86%D8%AF%D8%B3%D9%8A%D8%A9\/\" target=\"_blank\" rel=\"noopener\">Direction d\u2019Affaires d\u2019Ing\u00e9nierie<\/a><\/li>\n<li><a href=\"https:\/\/homs-univ.edu.sy\/department\/%D9%85%D8%AF%D9%8A%D8%B1%D9%8A%D8%A9-%D8%A7%D9%84%D8%A3%D9%86%D8%B4%D8%B7%D8%A9-%D8%A7%D9%84%D8%B7%D9%84%D8%A7%D8%A8%D9%8A%D8%A9\/\" target=\"_blank\" rel=\"noopener\">Direction des Activit\u00e9s \u00c9tudiantes<\/a><\/li>\n<li><a href=\"https:\/\/homs-univ.edu.sy\/department\/%d9%85%d8%af%d9%8a%d8%b1%d9%8a%d8%a9-%d8%a7%d9%84%d9%85%d8%b9%d8%a7%d9%87%d8%af-%d8%a7%d9%84%d8%aa%d9%82%d8%a7%d9%86%d9%8a%d8%a9\" target=\"_blank\" rel=\"noopener\">Direction des Instituts Techniques<\/a><\/li>\n<li><a href=\"https:\/\/homs-univ.edu.sy\/department\/%D9%85%D8%AF%D9%8A%D8%B1%D9%8A%D8%A9-%D8%A7%D9%84%D9%85%D9%83%D8%AA%D8%A8%D8%A7%D8%AA\/\" target=\"_blank\" rel=\"noopener\">Direction des Biblioth\u00e8ques<\/a><\/li>\n<li><a href=\"https:\/\/homs-univ.edu.sy\/cultural\/\">Direction des Relations Culturelles, Internationales et Publiques<\/a><\/li>\n<li><a href=\"https:\/\/homs-univ.edu.sy\/fr\/direction-des-conseils-universitaires\/\">Direction des Conseils Universitaires<\/a><\/li>\n<li><a href=\"https:\/\/homs-univ.edu.sy\/%d8%a7%d9%84%d9%85%d9%83%d8%aa%d8%a8-%d8%a7%d9%84%d8%b5%d8%ad%d9%81%d9%8a-%d9%88%d8%a7%d9%84%d8%a5%d8%b9%d9%84%d8%a7%d9%85%d9%8a\/\">Bureau de la Presse et des M\u00e9dias<\/a><\/li>\n<li><a href=\"https:\/\/homs-univ.edu.sy\/fr\/direction-du-recensement-et-de-la-planification\/\">Direction des Statistiques et de la Planification<\/a><\/li>\n<li><a href=\"https:\/\/homs-univ.edu.sy\/fr\/notre-universite\/directions-et-centres\/direction-du-travail-academique-a-temps-plein\/\">Direction du Travail Acad\u00e9mique \u00c0 Plein Temps<\/a><\/li>\n<li><a href=\"https:\/\/homs-univ.edu.sy\/fr\/bureau-des-affaires-uridiques\/\">Bureau des Affaires Juridiques<\/a><\/li>\n<li><a href=\"https:\/\/homs-univ.edu.sy\/fr\/direction-du-controle-interne\/\">Direction du Contr\u00f4le Interne<\/a><\/li>\n<li><a href=\"https:\/\/homs-univ.edu.sy\/fr\/la-direction-des-systemes-d-information-et-des-communications\/\">Direction des Syst\u00e8mes d&rsquo;Information et de Communication<\/a><\/li>\n<li><a href=\"https:\/\/homs-univ.edu.sy\/department\/libraries\/\">Direction des livres et des publications<\/a><\/li>\n<li><a href=\"https:\/\/homs-univ.edu.sy\/fr\/direction-des-affaires-financieres\/\">Direction des Affaires Financi\u00e8res<\/a><\/li>\n<li>\n<\/li>\n<\/ul>\n<p>[\/vc_column_text][\/vc_column][\/vc_row][vc_row][vc_column][vc_custom_heading text=\u00a0\u00bbCentres\u00a0\u00bb font_container=\u00a0\u00bbtag:h2|text_align:center|color:%23dd3333&Prime; use_theme_fonts=\u00a0\u00bbyes\u00a0\u00bb css_animation=\u00a0\u00bbslideInDown\u00a0\u00bb el_class=\u00a0\u00bbmy-underlined-header\u00a0\u00bb][\/vc_column][\/vc_row][vc_row][vc_column][vc_column_text css_animation=\u00a0\u00bbfadeIn\u00a0\u00bb]<\/p>\n<ul style=\"margin-right: 50px;\">\n<li><a href=\"https:\/\/homs-univ.edu.sy\/qa\">Centre d&rsquo;Assurance Qualit\u00e9<\/a><\/li>\n<li><a href=\"https:\/\/homs-univ.edu.sy\/fr\/centre-d-informatique\/\">Centre d&rsquo;Informatique<\/a><\/li>\n<li><a href=\"https:\/\/homs-univ.edu.sy\/fr\/%d9-85-%d8-b1-%d9-83-%d8-b2-%d8-a7-%d9-84-%d9-85-%d8-b9-%d8-a7-%d9-84-%d8-ac-%d8-a9-%d8-a7-%d9-84-%d9-81-%d9-8a-%d8-b2-%d9-8a-%d8-%d8-%d8-%d9\/\">Centre de Physioth\u00e9rapie et de R\u00e9adaptation<\/a><\/li>\n<li><a href=\"http:\/\/service.homs-univ.edu.sy\/at-sgires\/\">Centre d&rsquo;\u00c9nergie Renouvelable<\/a><\/li>\n<li><a href=\"https:\/\/homs-univ.edu.sy\/fr\/centre-syro-bielorusse\/\">Centre Syro-bi\u00e9lorusse de Coop\u00e9ration Scientifique et Technique<\/a><\/li>\n<li><a href=\"https:\/\/homs-univ.edu.sy\/fr\/centre-de-competences-et-d-orientation-professionnelle\/\">Centre de Comp\u00e9tences et d&rsquo;Orientation Professionnelle<\/a><\/li>\n<li><a href=\"https:\/\/homs-univ.edu.sy\/%d9%85%d8%b1%d8%a7%d9%83%d8%b2-%d8%a7%d9%84%d8%ae%d8%af%d9%85%d8%a9-%d8%a7%d9%84%d9%85%d9%88%d8%a7%d8%b7%d9%86-%d8%a7%d9%84%d8%b7%d8%a7%d9%84%d8%a8\/\">Centres de Services aux Citoyens\/Etudiants <\/a><\/li>\n<li>Projet de D\u00e9veloppement des Capacit\u00e9s de l&rsquo;Union Europ\u00e9enne (EGREEN)<\/li>\n<li>Centre de Recherche en Biotechnologie<\/li>\n<\/ul>\n<p>[\/vc_column_text][\/vc_column][\/vc_row]<\/p>\n<\/div>","protected":false},"excerpt":{"rendered":"<p>[vc_row][vc_column][vc_column_text] [\/vc_column_text][\/vc_column][\/vc_row][vc_row][vc_column][vc_custom_heading text=\u00a0\u00bbDirections Centrales\u00a0\u00bb font_container=\u00a0\u00bbtag:h2|text_align:center|color:%23dd3333&Prime; use_theme_fonts=\u00a0\u00bbyes\u00a0\u00bb css_animation=\u00a0\u00bbslideInDown\u00a0\u00bb el_class=\u00a0\u00bbmy-underlined-header\u00a0\u00bb][\/vc_column][\/vc_row][vc_row][vc_column][vc_column_text css_animation=\u00a0\u00bbfadeIn\u00a0\u00bb] Direction des \u00c9quipements Direction de la Recherche Scientifique et des \u00c9tudes Sup\u00e9rieures Direction de Formation et d\u2019Entra\u00eenement<span class=\"excerpt-hellip\"> [\u2026]<\/span><\/p>\n","protected":false},"author":1,"featured_media":0,"parent":45532,"menu_order":0,"comment_status":"closed","ping_status":"closed","template":"","meta":{"_acf_changed":false,"footnotes":""},"class_list":["post-41472","page","type-page","status-publish","hentry"],"acf":[],"_links":{"self":[{"href":"https:\/\/homs-univ.edu.sy\/fr\/wp-json\/wp\/v2\/pages\/41472","targetHints":{"allow":["GET"]}}],"collection":[{"href":"https:\/\/homs-univ.edu.sy\/fr\/wp-json\/wp\/v2\/pages"}],"about":[{"href":"https:\/\/homs-univ.edu.sy\/fr\/wp-json\/wp\/v2\/types\/page"}],"author":[{"embeddable":true,"href":"https:\/\/homs-univ.edu.sy\/fr\/wp-json\/wp\/v2\/users\/1"}],"replies":[{"embeddable":true,"href":"https:\/\/homs-univ.edu.sy\/fr\/wp-json\/wp\/v2\/comments?post=41472"}],"version-history":[{"count":25,"href":"https:\/\/homs-univ.edu.sy\/fr\/wp-json\/wp\/v2\/pages\/41472\/revisions"}],"predecessor-version":[{"id":85279,"href":"https:\/\/homs-univ.edu.sy\/fr\/wp-json\/wp\/v2\/pages\/41472\/revisions\/85279"}],"up":[{"embeddable":true,"href":"https:\/\/homs-univ.edu.sy\/fr\/wp-json\/wp\/v2\/pages\/45532"}],"wp:attachment":[{"href":"https:\/\/homs-univ.edu.sy\/fr\/wp-json\/wp\/v2\/media?parent=41472"}],"curies":[{"name":"wp","href":"https:\/\/api.w.org\/{rel}","templated":true}]}}