{"id":41497,"date":"2022-04-02T11:12:13","date_gmt":"2022-04-02T08:12:13","guid":{"rendered":"https:\/\/homs-univ.edu.sy\/%d9-85-%d8-%d9-8a-%d8-b1-%d9-8a-%d8-a9-%d8-a7-%d9-84-%d8-b1-%d9-82-%d8-a7-%d8-a8-%d8-a9-%d8-a7-%d9-84-%d8-%d8-a7-%d8-ae-%d9-%d9-%d8\/"},"modified":"2022-05-24T13:04:52","modified_gmt":"2022-05-24T10:04:52","slug":"direction-du-controle-interne","status":"publish","type":"page","link":"https:\/\/homs-univ.edu.sy\/fr\/direction-du-controle-interne\/","title":{"rendered":"Direction du Contr\u00f4le Interne"},"content":{"rendered":"<div class=\"wpb-content-wrapper\"><p>[vc_section full_width=\u00a0\u00bbstretch_row\u00a0\u00bb css=\u00a0\u00bb.vc_custom_1648379824898{margin-top: 0px !important;margin-bottom: 0px !important;padding-top: 5vh !important;background-color: #f4f4f4 !important;}\u00a0\u00bb][vc_row][vc_column]<div class=\"fancy_heading fancy_heading_line\"><div class=\"fh-top\"><\/div><h2 class=\"title\">Direction du Contr\u00f4le Interne<\/h2><div class=\"inside\">La Direction du Contr\u00f4le Interne est li\u00e9e et rend compte de ses activit\u00e9s au recteur de l&rsquo;universit\u00e9 et exerce les comp\u00e9tences stipul\u00e9es dans la loi de la Commission Centrale de Contr\u00f4le et d&rsquo;Inspection<\/div><\/div>\n[\/vc_column][\/vc_row][vc_row][vc_column][vc_column_text]<\/p>\n<ul>\n<li>Elle vise \u00e0 assurer un contr\u00f4le (imm\u00e9diat et ult\u00e9rieur) sur la performance administrative et productive et son \u00e9volution<\/li>\n<li>Elle op\u00e8re dans le cadre du mandat de travail de la Commission Centrale de Contr\u00f4le et d&rsquo;Inspection au profit de l&rsquo;universit\u00e9.<\/li>\n<li>Appuie la Commission Centrale de Contr\u00f4le et d&rsquo;Inspection dans l&rsquo;accomplissement de ses t\u00e2ches.<\/li>\n<\/ul>\n<p>[\/vc_column_text][\/vc_column][\/vc_row][vc_row el_class=\u00a0\u00bbcontent-center\u00a0\u00bb][vc_column]<a class=\"content_link scroll\" href=\"#1\"  ><span class=\"title\">Les services de la direction<\/span><\/a><a class=\"content_link scroll\" href=\"#2\"  ><span class=\"title\">Les t\u00e2ches de la direction<\/span><\/a>[\/vc_column][\/vc_row][\/vc_section][vc_section full_width=\u00a0\u00bbstretch_row\u00a0\u00bb content_placement=\u00a0\u00bbmiddle\u00a0\u00bb el_id=\u00a0\u00bb1&Prime; css=\u00a0\u00bb.vc_custom_1648543704947{padding-top: 20vh !important;padding-bottom: 20vh !important;}\u00a0\u00bb][vc_row][vc_column]<div class=\"fancy_heading fancy_heading_icon\"><div class=\"fh-top\"><\/div><h2 class=\"title\">Les services de la direction<\/h2><div class=\"inside\">La direction est divis\u00e9e selon le r\u00e8glement int\u00e9rieur de l&rsquo;universit\u00e9 en:<\/div><\/div>\n[\/vc_column][\/vc_row][vc_row rtl_reverse=\u00a0\u00bbyes\u00a0\u00bb][vc_column width=\u00a0\u00bb1\/3&Prime;]<div class=\"list_item lists_4 clearfix\"><div class=\"circle\">1<\/div><div class=\"list_right\"><div class=\"desc\">Service du Contr\u00f4le Financier<\/div><\/div><\/div>\n[\/vc_column][vc_column width=\u00a0\u00bb1\/3&Prime;]<div class=\"list_item lists_4 clearfix\"><div class=\"circle\">2<\/div><div class=\"list_right\"><div class=\"desc\">Service du Contr\u00f4le Administratif<\/div><\/div><\/div>\n[\/vc_column][vc_column width=\u00a0\u00bb1\/3&Prime;]<div class=\"list_item lists_4 clearfix\"><div class=\"circle\">3<\/div><div class=\"list_right\"><div class=\"desc\">Service du Contr\u00f4le Technique<\/div><\/div><\/div>\n[\/vc_column][\/vc_row][\/vc_section][vc_section full_width=\u00a0\u00bbstretch_row\u00a0\u00bb full_height=\u00a0\u00bbyes\u00a0\u00bb content_placement=\u00a0\u00bbmiddle\u00a0\u00bb css=\u00a0\u00bb.vc_custom_1648543531901{background-color: #f4f4f4 !important;}\u00a0\u00bb el_id=\u00a0\u00bb2&Prime;][vc_row][vc_column]<div class=\"fancy_heading fancy_heading_icon\"><div class=\"fh-top\"><\/div><h2 class=\"title\">T\u00e2ches de la direction<\/h2><div class=\"inside\">Les t\u00e2ches de la direction selon le r\u00e8glement int\u00e9rieur de la Commission Centrale de Contr\u00f4le et d&rsquo;Inspection :<\/div><\/div>\n[\/vc_column][\/vc_row][vc_row rtl_reverse=\u00a0\u00bbyes\u00a0\u00bb][vc_column width=\u00a0\u00bb1\/3&Prime;]<div class=\"list_item lists_4 clearfix\"><div class=\"circle\">1<\/div><div class=\"list_right\"><div class=\"desc\">Enqu\u00eater sur les infractions administratives et comportementales, selon ce qui lui est r\u00e9f\u00e9r\u00e9 par l&rsquo;administration ou la Commission Central de Contr\u00f4le et d&rsquo;Inspection<\/div><\/div><\/div>\n[\/vc_column][vc_column width=\u00a0\u00bb1\/3&Prime;]<div class=\"list_item lists_4 clearfix\"><div class=\"circle\">2<\/div><div class=\"list_right\"><div class=\"desc\">Enqu\u00eater sur certains cas d&rsquo;infractions et d\u00e9lits dans les limites de l&rsquo;autorisation donn\u00e9e par l&rsquo;Autorit\u00e9 Centrale de Contr\u00f4le et d&rsquo;Inspection<\/div><\/div><\/div>\n[\/vc_column][vc_column width=\u00a0\u00bb1\/3&Prime;]<div class=\"list_item lists_4 clearfix\"><div class=\"circle\">3<\/div><div class=\"list_right\"><div class=\"desc\">Mettre en \u0153uvre des travaux de contr\u00f4le et d&rsquo;inspection \u00e0 travers des plans de travail annuels ou d&rsquo;urgence<\/div><\/div><\/div>\n[\/vc_column][\/vc_row][\/vc_section]<\/p>\n<\/div>","protected":false},"excerpt":{"rendered":"<p>[vc_section full_width=\u00a0\u00bbstretch_row\u00a0\u00bb css=\u00a0\u00bb.vc_custom_1648379824898{margin-top: 0px !important;margin-bottom: 0px !important;padding-top: 5vh !important;background-color: #f4f4f4 !important;}\u00a0\u00bb][vc_row][vc_column][\/vc_column][\/vc_row][vc_row][vc_column][vc_column_text] Elle vise \u00e0 assurer un contr\u00f4le (imm\u00e9diat et ult\u00e9rieur) sur la performance administrative et productive<span class=\"excerpt-hellip\"> [\u2026]<\/span><\/p>\n","protected":false},"author":1,"featured_media":0,"parent":0,"menu_order":0,"comment_status":"closed","ping_status":"closed","template":"","meta":{"_acf_changed":false,"footnotes":""},"class_list":["post-41497","page","type-page","status-publish","hentry"],"acf":[],"_links":{"self":[{"href":"https:\/\/homs-univ.edu.sy\/fr\/wp-json\/wp\/v2\/pages\/41497","targetHints":{"allow":["GET"]}}],"collection":[{"href":"https:\/\/homs-univ.edu.sy\/fr\/wp-json\/wp\/v2\/pages"}],"about":[{"href":"https:\/\/homs-univ.edu.sy\/fr\/wp-json\/wp\/v2\/types\/page"}],"author":[{"embeddable":true,"href":"https:\/\/homs-univ.edu.sy\/fr\/wp-json\/wp\/v2\/users\/1"}],"replies":[{"embeddable":true,"href":"https:\/\/homs-univ.edu.sy\/fr\/wp-json\/wp\/v2\/comments?post=41497"}],"version-history":[{"count":3,"href":"https:\/\/homs-univ.edu.sy\/fr\/wp-json\/wp\/v2\/pages\/41497\/revisions"}],"predecessor-version":[{"id":45962,"href":"https:\/\/homs-univ.edu.sy\/fr\/wp-json\/wp\/v2\/pages\/41497\/revisions\/45962"}],"wp:attachment":[{"href":"https:\/\/homs-univ.edu.sy\/fr\/wp-json\/wp\/v2\/media?parent=41497"}],"curies":[{"name":"wp","href":"https:\/\/api.w.org\/{rel}","templated":true}]}}