{"id":41501,"date":"2022-04-02T11:12:14","date_gmt":"2022-04-02T08:12:14","guid":{"rendered":"https:\/\/homs-univ.edu.sy\/%d8-a7-%d8-b3-%d8-aa-%d8-a8-%d9-8a-%d8-a7-%d9-86-%d8-a7-%d8-aa-%d9-88-%d8-a7-%d8-b3-%d8-aa-%d9-85-%d8-a7-%d8-b1-%d8-a7-%d8-aa\/"},"modified":"2022-06-10T18:36:19","modified_gmt":"2022-06-10T15:36:19","slug":"questionnaires-et-formulaires","status":"publish","type":"page","link":"https:\/\/homs-univ.edu.sy\/fr\/qualite-et-accreditation\/questionnaires-et-formulaires\/","title":{"rendered":"Questionnaires et formulaires"},"content":{"rendered":"<div class=\"wpb-content-wrapper\"><p>[vc_section full_height=\u00a0\u00bbyes\u00a0\u00bb content_placement=\u00a0\u00bbmiddle\u00a0\u00bb][vc_row][vc_column][vc_column_text]<\/p>\n<p>Vous pouvez t\u00e9l\u00e9charger et remplir une copie \u00e9lectronique du formulaire. Contactez le Centre Assurance Qualit\u00e9 \u00e0 l&rsquo;Universit\u00e9 Al Baath :<\/p>\n<ul>\n<li><a href=\"https:\/\/homs-univ.edu.sy\/wp-content\/uploads\/2022\/03\/%D8%A7%D8%B3%D8%AA%D8%A8%D9%8A%D8%A7%D9%86-%D8%A2%D8%B1%D8%A7%D8%A1-%D8%A7%D9%84%D8%AE%D8%B1%D9%8A%D8%AC%D9%8A%D9%86-%D9%85%D9%86-%D8%AC%D8%A7%D9%85%D8%B9%D8%A9-%D8%A7%D9%84%D8%A8%D8%B9%D8%AB.pdf\">Enqu\u00eate d&rsquo;opinion aupr\u00e8s des dipl\u00f4m\u00e9s de l&rsquo;Universit\u00e9 Al Baath<\/a><\/li>\n<li><a href=\"https:\/\/homs-univ.edu.sy\/wp-content\/uploads\/2022\/03\/%D9%86%D9%85%D9%88%D8%B0%D8%AC-%D8%B4%D9%83%D8%A7%D9%88%D9%89-%D8%A7%D9%84%D9%85%D8%AA%D8%B9%D8%A7%D9%85%D9%84%D9%8A%D9%86-%D9%85%D8%B9-%D9%83%D9%84%D9%8A%D8%A7%D8%AA-%D9%88%D9%85%D8%B9%D8%A7%D9%87%D8%AF-%D8%AC%D8%A7%D9%85%D8%B9%D8%A9-%D8%A7%D9%84%D8%A8%D8%B9%D8%AB.pdf\">Formulaire de r\u00e9clamation des clients aupr\u00e8s des coll\u00e8ges et instituts universitaires d&rsquo;Al-Baath<\/a><\/li>\n<li><a href=\"https:\/\/homs-univ.edu.sy\/wp-content\/uploads\/2022\/03\/%D9%86%D9%85%D9%88%D8%B0%D8%AC-%D9%85%D9%82%D8%AA%D8%B1%D8%AD%D8%A7%D8%AA-%D8%A7%D9%84%D8%B9%D8%A7%D9%85%D9%84%D9%8A%D9%86.pdf\">Formulaire de suggestions pour les employ\u00e9s de l&rsquo;Universit\u00e9 Al-Baath<\/a><\/li>\n<\/ul>\n<p>[\/vc_column_text][\/vc_column][\/vc_row][\/vc_section]<\/p>\n<\/div>","protected":false},"excerpt":{"rendered":"<p>[vc_section full_height=\u00a0\u00bbyes\u00a0\u00bb content_placement=\u00a0\u00bbmiddle\u00a0\u00bb][vc_row][vc_column][vc_column_text] Vous pouvez t\u00e9l\u00e9charger et remplir une copie \u00e9lectronique du formulaire. Contactez le Centre Assurance Qualit\u00e9 \u00e0 l&rsquo;Universit\u00e9 Al Baath : Enqu\u00eate d&rsquo;opinion aupr\u00e8s<span class=\"excerpt-hellip\"> [\u2026]<\/span><\/p>\n","protected":false},"author":1,"featured_media":0,"parent":41508,"menu_order":0,"comment_status":"closed","ping_status":"closed","template":"","meta":{"_acf_changed":false,"footnotes":""},"class_list":["post-41501","page","type-page","status-publish","hentry"],"acf":[],"_links":{"self":[{"href":"https:\/\/homs-univ.edu.sy\/fr\/wp-json\/wp\/v2\/pages\/41501","targetHints":{"allow":["GET"]}}],"collection":[{"href":"https:\/\/homs-univ.edu.sy\/fr\/wp-json\/wp\/v2\/pages"}],"about":[{"href":"https:\/\/homs-univ.edu.sy\/fr\/wp-json\/wp\/v2\/types\/page"}],"author":[{"embeddable":true,"href":"https:\/\/homs-univ.edu.sy\/fr\/wp-json\/wp\/v2\/users\/1"}],"replies":[{"embeddable":true,"href":"https:\/\/homs-univ.edu.sy\/fr\/wp-json\/wp\/v2\/comments?post=41501"}],"version-history":[{"count":9,"href":"https:\/\/homs-univ.edu.sy\/fr\/wp-json\/wp\/v2\/pages\/41501\/revisions"}],"predecessor-version":[{"id":47872,"href":"https:\/\/homs-univ.edu.sy\/fr\/wp-json\/wp\/v2\/pages\/41501\/revisions\/47872"}],"up":[{"embeddable":true,"href":"https:\/\/homs-univ.edu.sy\/fr\/wp-json\/wp\/v2\/pages\/41508"}],"wp:attachment":[{"href":"https:\/\/homs-univ.edu.sy\/fr\/wp-json\/wp\/v2\/media?parent=41501"}],"curies":[{"name":"wp","href":"https:\/\/api.w.org\/{rel}","templated":true}]}}