{"id":41502,"date":"2022-03-27T09:30:15","date_gmt":"2022-03-27T06:30:15","guid":{"rendered":"https:\/\/homs-univ.edu.sy\/%d9-85-%d9-83-%d8-aa-%d8-a8-%d8-a7-%d9-84-%d8-b4-%d8-a4-%d9-88-%d9-86-%d8-a7-%d9-84-%d9-82-%d8-a7-%d9-86-%d9-88-%d9-86-%d9-8a-%d8-a9\/"},"modified":"2025-02-10T11:00:03","modified_gmt":"2025-02-10T08:00:03","slug":"bureau-des-affaires-uridiques","status":"publish","type":"page","link":"https:\/\/homs-univ.edu.sy\/fr\/bureau-des-affaires-uridiques\/","title":{"rendered":"Bureau des Affaires Juridiques"},"content":{"rendered":"<div class=\"wpb-content-wrapper\"><p>[vc_section full_width=\u00a0\u00bbstretch_row\u00a0\u00bb full_height=\u00a0\u00bbyes\u00a0\u00bb content_placement=\u00a0\u00bbmiddle\u00a0\u00bb css=\u00a0\u00bb.vc_custom_1648363185289{background-color: #f4f4f4 !important;}\u00a0\u00bb][vc_row][vc_column]<div class=\"fancy_heading fancy_heading_line\"><div class=\"fh-top\"><\/div><h2 class=\"title\">Bureau des Affaires Juridiques<\/h2><div class=\"inside\">Il est affili\u00e9 au reteur de l&rsquo;universit\u00e9, et il effectue les t\u00e2ches suivantes :<\/div><\/div>\n[\/vc_column][\/vc_row][vc_row rtl_reverse=\u00a0\u00bbyes\u00a0\u00bb][vc_column width=\u00a0\u00bb1\/3&Prime;]<div class=\"list_item lists_4 clearfix\"><div class=\"circle\">1<\/div><div class=\"list_right\"><div class=\"desc\">Pr\u00e9parer les \u00e9tudes juridiques des sujets assign\u00e9s par l&rsquo;administration de l&rsquo;universit\u00e9<\/div><\/div><\/div>\n[\/vc_column][vc_column width=\u00a0\u00bb1\/3&Prime;]<div class=\"list_item lists_4 clearfix\"><div class=\"circle\">2<\/div><div class=\"list_right\"><div class=\"desc\">Participer \u00e0 l&rsquo;\u00e9laboration des projets de lois et de r\u00e8glements universitaires<\/div><\/div><\/div>\n[\/vc_column][vc_column width=\u00a0\u00bb1\/3&Prime;]<div class=\"list_item lists_4 clearfix\"><div class=\"circle\">3<\/div><div class=\"list_right\"><div class=\"desc\">Pr\u00e9parer les r\u00e8glements et les notes juridiques pour les poursuites intent\u00e9es par ou contre l&rsquo;universit\u00e9 et assurer le suivi de ces poursuites<\/div><\/div><\/div>\n[\/vc_column][\/vc_row][vc_row][vc_column][vc_separator][\/vc_column][\/vc_row][vc_row][vc_column][vc_column_text]<\/p>\n<h4 style=\"direction: rtl; text-align: center;\">\u0642\u0631\u0627\u0631\u0627\u062a \u0648\u0642\u0648\u0627\u0646\u064a\u0646 \u0647\u0627\u0645\u0629:<\/h4>\n<ul>\n<li><a href=\"https:\/\/homs-univ.edu.sy\/wp-content\/uploads\/2022\/03\/\u0627\u0644\u0642\u0627\u0646\u0648\u0646-\u0631\u0642\u0645-32.pdf\" target=\"_blank\" rel=\"noopener\">\u0642\u0627\u0646\u0648\u0646 \u0645\u062c\u0644\u0633 \u0627\u0644\u062f\u0648\u0644\u0629 \u0631\u0642\u0645 32 \u0644\u0639\u0627\u0645 2019<\/a><\/li>\n<li><a href=\"https:\/\/homs-univ.edu.sy\/wp-content\/uploads\/2022\/03\/\u0645\u0631\u0633\u0648\u0645-310-\u0644\u0639\u0627\u0645-2020.pdf\">\u0645\u0631\u0633\u0648\u0645 \u0631\u0642\u0645 310 \u0644\u0639\u0627\u0645 2020 \u064a\u062d\u062f\u062f \u062a\u0639\u0648\u064a\u0636\u0627\u062a \u0627\u0644\u0639\u0628\u0621 \u0627\u0644\u0625\u062f\u0627\u0631\u064a \u0644\u0623\u0639\u0636\u0627\u0621 \u0627\u0644\u0647\u064a\u0626\u0629 \u0627\u0644\u062a\u0639\u0644\u064a\u0645\u064a\u0629 \u0641\u064a \u0627\u0644\u062c\u0627\u0645\u0639\u0627\u062a \u0648\u0645\u0643\u0627\u0641\u0622\u062a \u0623\u0639\u0636\u0627\u0621 \u0627\u0644\u0644\u062c\u0627\u0646 \u0648\u062a\u0639\u0648\u064a\u0636 \u0627\u0644\u0623\u0639\u0645\u0627\u0644 \u0627\u0644\u0627\u0645\u062a\u062d\u0627\u0646\u064a\u0629<\/a><\/li>\n<\/ul>\n<p>[\/vc_column_text][\/vc_column][\/vc_row][\/vc_section][vc_section content_placement=\u00a0\u00bbmiddle\u00a0\u00bb css=\u00a0\u00bb.vc_custom_1648635473205{padding-top: 5vh !important;}\u00a0\u00bb][vc_row][vc_column]<div class=\"fancy_heading fancy_heading_icon\"><div class=\"fh-top\"><\/div><h2 class=\"title\">Pour contacter<\/h2><\/div>\n[\/vc_column][\/vc_row][vc_row rtl_reverse=\u00a0\u00bbyes\u00a0\u00bb][vc_column width=\u00a0\u00bb1\/3&Prime;]<div class=\"icon_box icon_position_top no_border\"><div class=\"icon_wrapper\"><div class=\"icon\"><i class=\"icon-location-line\" aria-hidden=\"true\"><\/i><\/div><\/div><div class=\"desc_wrapper\"><h4 class=\"title \">Adresse<\/h4><div class=\"desc\">\u062c\u0627\u0645\u0639\u0629 \u062d\u0645\u0635 &#8211; \u0627\u0644\u0625\u062f\u0627\u0631\u0629 \u0627\u0644\u0645\u0631\u0643\u0632\u064a\u0629 \/ \u06372<\/div><\/div><\/div>\n[\/vc_column][vc_column width=\u00a0\u00bb1\/3&Prime;]<div class=\"icon_box icon_position_top has_border\"><a class=\"\" href=\"\"   title=\"\"><div class=\"icon_wrapper\"><div class=\"icon\"><i class=\"icon-phone\" aria-hidden=\"true\"><\/i><\/div><\/div><div class=\"desc_wrapper\"><h4 class=\"title \">T\u00e9l\u00e9phone<\/h4><div class=\"desc\">0312120105<\/div><\/div><\/a><\/div>\n[\/vc_column][vc_column width=\u00a0\u00bb1\/3&Prime;]<div class=\"icon_box icon_position_top has_border\"><a class=\"\" href=\"\"   title=\"\"><div class=\"icon_wrapper\"><div class=\"icon\"><i class=\"icon-doc-line\" aria-hidden=\"true\"><\/i><\/div><\/div><div class=\"desc_wrapper\"><h4 class=\"title \">Fax<\/h4><div class=\"desc\">0312120105<\/div><\/div><\/a><\/div>\n[\/vc_column][\/vc_row][\/vc_section]<\/p>\n<\/div>","protected":false},"excerpt":{"rendered":"<p>[vc_section full_width=\u00a0\u00bbstretch_row\u00a0\u00bb full_height=\u00a0\u00bbyes\u00a0\u00bb content_placement=\u00a0\u00bbmiddle\u00a0\u00bb css=\u00a0\u00bb.vc_custom_1648363185289{background-color: #f4f4f4 !important;}\u00a0\u00bb][vc_row][vc_column][\/vc_column][\/vc_row][vc_row rtl_reverse=\u00a0\u00bbyes\u00a0\u00bb][vc_column width=\u00a0\u00bb1\/3&Prime;][\/vc_column][vc_column width=\u00a0\u00bb1\/3&Prime;][\/vc_column][vc_column width=\u00a0\u00bb1\/3&Prime;][\/vc_column][\/vc_row][vc_row][vc_column][vc_separator][\/vc_column][\/vc_row][vc_row][vc_column][vc_column_text] \u0642\u0631\u0627\u0631\u0627\u062a \u0648\u0642\u0648\u0627\u0646\u064a\u0646 \u0647\u0627\u0645\u0629: \u0642\u0627\u0646\u0648\u0646 \u0645\u062c\u0644\u0633 \u0627\u0644\u062f\u0648\u0644\u0629 \u0631\u0642\u0645 32 \u0644\u0639\u0627\u0645 2019 \u0645\u0631\u0633\u0648\u0645 \u0631\u0642\u0645 310 \u0644\u0639\u0627\u0645 2020<span class=\"excerpt-hellip\"> [\u2026]<\/span><\/p>\n","protected":false},"author":1,"featured_media":0,"parent":0,"menu_order":0,"comment_status":"closed","ping_status":"closed","template":"","meta":{"_acf_changed":false,"footnotes":""},"class_list":["post-41502","page","type-page","status-publish","hentry"],"acf":[],"_links":{"self":[{"href":"https:\/\/homs-univ.edu.sy\/fr\/wp-json\/wp\/v2\/pages\/41502","targetHints":{"allow":["GET"]}}],"collection":[{"href":"https:\/\/homs-univ.edu.sy\/fr\/wp-json\/wp\/v2\/pages"}],"about":[{"href":"https:\/\/homs-univ.edu.sy\/fr\/wp-json\/wp\/v2\/types\/page"}],"author":[{"embeddable":true,"href":"https:\/\/homs-univ.edu.sy\/fr\/wp-json\/wp\/v2\/users\/1"}],"replies":[{"embeddable":true,"href":"https:\/\/homs-univ.edu.sy\/fr\/wp-json\/wp\/v2\/comments?post=41502"}],"version-history":[{"count":11,"href":"https:\/\/homs-univ.edu.sy\/fr\/wp-json\/wp\/v2\/pages\/41502\/revisions"}],"predecessor-version":[{"id":82620,"href":"https:\/\/homs-univ.edu.sy\/fr\/wp-json\/wp\/v2\/pages\/41502\/revisions\/82620"}],"wp:attachment":[{"href":"https:\/\/homs-univ.edu.sy\/fr\/wp-json\/wp\/v2\/media?parent=41502"}],"curies":[{"name":"wp","href":"https:\/\/api.w.org\/{rel}","templated":true}]}}