{"id":41508,"date":"2022-03-30T09:52:30","date_gmt":"2022-03-30T06:52:30","guid":{"rendered":"https:\/\/homs-univ.edu.sy\/%d8-a7-%d9-84-%d8-ac-%d9-88-%d8-af-%d8-a9-%d9-88-%d8-a7-%d9-84-%d8-a7-%d8-b9-%d8-aa-%d9-85-%d8-a7-%d8-af-%d9-8a-%d8-a9\/"},"modified":"2025-02-10T11:05:32","modified_gmt":"2025-02-10T08:05:32","slug":"qualite-et-accreditation","status":"publish","type":"page","link":"https:\/\/homs-univ.edu.sy\/fr\/qualite-et-accreditation\/","title":{"rendered":"Qualit\u00e9 et Accr\u00e9ditation"},"content":{"rendered":"<div class=\"wpb-content-wrapper\"><p>[vc_section full_height=\u00a0\u00bbyes\u00a0\u00bb content_placement=\u00a0\u00bbmiddle\u00a0\u00bb][vc_row][vc_column]<div class=\"fancy_heading fancy_heading_line\"><div class=\"fh-top\"><\/div><h2 class=\"title\">Qualit\u00e9 et Accr\u00e9ditation<\/h2><\/div>\n[\/vc_column][\/vc_row][vc_row el_class=\u00a0\u00bbcontent-center\u00a0\u00bb][vc_column]<a class=\"content_link scroll\" href=\"#1\"  ><span class=\"title\">Loi de l'Agence Nationale de l'Assurance Qualit\u00e9 et d'Accr\u00e9ditation<\/span><\/a><a class=\"content_link scroll\" href=\"#2\"  ><span class=\"title\">Centre d'Assurance Qualit\u00e9<\/span><\/a><a class=\"content_link scroll\" href=\"#3\"  ><span class=\"title\">Normes d'\u00e9valuation de performance des \u00e9tablissements p\u00e9dagogiques<\/span><\/a><a class=\"content_link scroll\" href=\"#33\"  ><span class=\"title\">Indicateurs importants dans la classification<\/span><\/a><a class=\"content_link scroll\" href=\"#4\"  ><span class=\"title\">Conf\u00e9rences d'Assurance Qualit\u00e9 et d'Accr\u00e9ditation<\/span><\/a><a class=\"content_link scroll\" href=\"#5\"  ><span class=\"title\">Brevets d'invention et Excellence<\/span><\/a>[\/vc_column][\/vc_row][\/vc_section][vc_section full_width=\u00a0\u00bbstretch_row\u00a0\u00bb full_height=\u00a0\u00bbyes\u00a0\u00bb content_placement=\u00a0\u00bbmiddle\u00a0\u00bb el_id=\u00a0\u00bb1&Prime; css=\u00a0\u00bb.vc_custom_1648626079896{background-color: #f4f4f4 !important;}\u00a0\u00bb][vc_row][vc_column]<div class=\"fancy_heading fancy_heading_icon\"><div class=\"fh-top\"><\/div><h2 class=\"title\">Loi de l&#039;Agence Nationale de l&#039;Assurance Qualit\u00e9 et d&#039;Accr\u00e9ditation<\/h2><\/div>\n[vc_column_text el_id=\u00a0\u00bb1&Prime;]<\/p>\n<p style=\"text-align: center;\">\u0623\u062f\u0631\u0643\u062a \u062c\u0627\u0645\u0639\u0629 \u062d\u0645\u0635 \u062a\u062d\u062a \u0645\u0638\u0644\u0629 \u0648\u0632\u0627\u0631\u0629 \u0627\u0644\u062a\u0639\u0644\u064a\u0645 \u0627\u0644\u0639\u0627\u0644\u064a \u0648\u0627\u0644\u0628\u062d\u062b \u0627\u0644\u0639\u0644\u0645\u064a \u0636\u0631\u0648\u0631\u0629 \u062a\u0628\u0646\u064a \u0645\u0639\u0627\u064a\u064a\u0631 \u0627\u0644\u062c\u0648\u062f\u0629 \u0648\u0627\u0644\u0627\u0639\u062a\u0645\u0627\u062f\u064a\u0629 \u0648\u0627\u0644\u062a\u0645\u064a\u0632 \u0627\u0644\u0645\u0624\u0633\u0651\u064e\u0633\u0650\u064a \u0648\u0627\u0644\u0623\u0643\u0627\u062f\u064a\u0645\u064a \u0648\u062a\u0637\u0628\u064a\u0642\u0647\u0627 \u0641\u064a \u062c\u0627\u0645\u0639\u0627\u062a\u0647\u0627\u060c \u0643\u064a \u062a\u0635\u0628\u062d \u0623\u062d\u062f \u0627\u0644\u0645\u0631\u0627\u0643\u0632 \u0627\u0644\u0639\u0644\u0645\u064a\u0629 \u0627\u0644\u0647\u0627\u0645\u0629 \u0648\u0635\u0648\u0644\u0627\u064b \u0628\u0647\u0627 \u0625\u0644\u0649 \u0645\u0635\u0627\u0641 \u0627\u0644\u062c\u0627\u0645\u0639\u0627\u062a \u0627\u0644\u0639\u0627\u0644\u0645\u064a\u0629 \u0627\u0644\u0645\u062a\u0645\u064a\u0632\u0629\u060c \u0627\u0644\u062a\u064a \u062a\u0642\u062f\u0645 \u0623\u0641\u0636\u0644 \u0627\u0644\u0645\u062e\u0631\u062c\u0627\u062a \u0648\u0627\u0644\u062e\u062f\u0645\u0627\u062a \u0644\u0644\u0645\u062c\u062a\u0645\u0639\u060c \u0648\u0635\u062f\u0631\u062a \u0641\u064a \u0633\u0628\u064a\u0644 \u0630\u0644\u0643 \u0627\u0644\u0639\u062f\u064a\u062f \u0645\u0646 \u0627\u0644\u0642\u0648\u0627\u0646\u064a\u0646 \u0648\u0627\u0644\u062a\u0634\u0631\u064a\u0639\u0627\u062a \u0643\u0627\u0646 \u0622\u062e\u0631\u0647\u0627 \u0625\u0635\u062f\u0627\u0631 \u0627\u0644\u0642\u0627\u0646\u0648\u0646 33 \u0627\u0644\u0645\u062a\u0636\u0645\u0646 \u0625\u062d\u062f\u0627\u062b \u0627\u0644\u0647\u064a\u0626\u0629 \u0627\u0644\u0648\u0637\u0646\u064a\u0629 \u0644\u0644\u062c\u0648\u062f\u0629 \u0648\u0627\u0644\u0627\u0639\u062a\u0645\u0627\u062f\u064a\u0629 \u0641\u064a \u0627\u0644\u062a\u0639\u0644\u064a\u0645 \u0627\u0644\u0639\u0627\u0644\u064a. (<a href=\"http:\/\/qa.homs-univ.edu.sy\/1\/fixed-news\/n199\/11.pdf\">\u0644\u062a\u062d\u0645\u064a\u0644 \u0627\u0644\u0642\u0627\u0646\u0648\u0646 \u0627\u0636\u063a\u0637 \u0647\u0646\u0627<\/a>)<\/p>\n<p>[\/vc_column_text][\/vc_column][\/vc_row][\/vc_section][vc_section full_height=\u00a0\u00bbyes\u00a0\u00bb content_placement=\u00a0\u00bbmiddle\u00a0\u00bb el_id=\u00a0\u00bb2&Prime;][vc_row][vc_column]<div class=\"fancy_heading fancy_heading_icon\"><div class=\"fh-top\"><\/div><h2 class=\"title\">Centre d&#039;Assurance Qualit\u00e9<\/h2><\/div>\n[vc_column_text el_id=\u00a0\u00bb2&Prime;]<\/p>\n<p style=\"text-align: justify;\">\u062a\u0633\u0639\u0649 \u062c\u0627\u0645\u0639\u0629 \u062d\u0645\u0635 \u0625\u0644\u0649 \u062a\u0639\u0632\u064a\u0632 \u062b\u0642\u0627\u0641\u0629 \u0627\u0644\u062c\u0648\u062f\u0629 \u0648\u0627\u0644\u0627\u0639\u062a\u0645\u0627\u062f\u064a\u0629 \u0641\u064a \u0627\u0644\u062c\u0627\u0645\u0639\u0629 \u0645\u0646 \u062e\u0644\u0627\u0644 \u0646\u0638\u0627\u0645 \u0645\u062a\u0643\u0627\u0645\u0644 \u0644\u0644\u062a\u0642\u0648\u064a\u0645 \u0648\u0627\u0644\u0625\u0634\u0631\u0627\u0641 \u0648\u0627\u0644\u0645\u062a\u0627\u0628\u0639\u0629 \u0648\u0627\u0644\u062f\u0639\u0645 \u0644\u062c\u0645\u064a\u0639 \u0627\u0644\u0645\u0643\u0648\u0646\u0627\u062a \u0648\u0627\u0644\u0645\u0645\u0627\u0631\u0633\u0627\u062a \u0627\u0644\u0645\u0624\u0633\u0633\u0627\u062a\u064a\u0629 \u0648\u0627\u0644\u0623\u0643\u0627\u062f\u064a\u0645\u064a\u0629 \u0637\u0628\u0642\u0627\u064b \u0644\u0631\u0624\u064a\u0629 \u0627\u0644\u062c\u0627\u0645\u0639\u0629 \u0648\u0631\u0633\u0627\u0644\u062a\u0647\u0627 \u0648\u0623\u0647\u062f\u0627\u0641\u0647\u0627 \u0648\u0627\u0644\u0648\u0641\u0627\u0621 \u0628\u0645\u062a\u0637\u0644\u0628\u0627\u062a \u0627\u0644\u0645\u0639\u0627\u064a\u064a\u0631 \u0627\u0644\u0645\u0639\u062a\u0645\u062f\u0629 \u0648\u0630\u0644\u0643 \u0628\u0627\u0644\u062a\u0639\u0627\u0648\u0646 \u0648\u0627\u0644\u062a\u0641\u0627\u0639\u0644 \u0627\u0644\u0645\u062a\u0628\u0627\u062f\u0644 \u0645\u0639 \u0627\u0644\u0645\u0631\u0627\u0643\u0632 \u0648\u0627\u0644\u0647\u064a\u0626\u0627\u062a \u0627\u0644\u0645\u062d\u0644\u064a\u0629 \u0648\u0627\u0644\u062e\u0627\u0631\u062c\u064a\u0629 \u0648\u0645\u0646 \u062e\u0644\u0627\u0644 \u0645\u0631\u0643\u0632 \u0636\u0645\u0627\u0646 \u0627\u0644\u062c\u0648\u062f\u0629 \u0648\u0627\u0644\u0627\u0639\u062a\u0645\u0627\u062f\u064a\u0629 \u0628\u0627\u0644\u062c\u0627\u0645\u0639\u0629.<\/p>\n<ul>\n<li style=\"text-align: justify;\"><a href=\"http:\/\/qa.homs-univ.edu.sy\/1\/fixed-news\/n199\/n1\/n1.pdf\">\u0627\u0644\u0646\u0638\u0627\u0645 \u0627\u0644\u062f\u0627\u062e\u0644\u064a \u0644\u0645\u0631\u0643\u0632 \u0636\u0645\u0627\u0646 \u0627\u0644\u062c\u0648\u062f\u0629<\/a>.<\/li>\n<li><a href=\"http:\/\/qa.homs-univ.edu.sy\/1\/fixed-news\/n199\/n1\/n2.pdf\">\u0627\u0644\u0646\u0638\u0627\u0645 \u0627\u0644\u062f\u0627\u062e\u0644\u064a \u0644\u0648\u062d\u062f\u0627\u062a \u0636\u0645\u0627\u0646 \u0627\u0644\u062c\u0648\u062f\u0629 \u0628\u0627\u0644\u062c\u0627\u0645\u0639\u0629 <\/a><\/li>\n<li><a href=\"https:\/\/homs-univ.edu.sy\/qa\">\u0645\u0648\u0642\u0639 \u0627\u0644\u0645\u0631\u0643\u0632 <\/a><\/li>\n<\/ul>\n<div id=\"gtx-trans\" style=\"position: absolute; left: 54px; top: 175.6px;\">\n<div class=\"gtx-trans-icon\"><\/div>\n<\/div>\n<p>[\/vc_column_text][\/vc_column][\/vc_row][\/vc_section][vc_section full_width=\u00a0\u00bbstretch_row\u00a0\u00bb full_height=\u00a0\u00bbyes\u00a0\u00bb content_placement=\u00a0\u00bbmiddle\u00a0\u00bb css=\u00a0\u00bb.vc_custom_1648827537691{background-color: #f4f4f4 !important;}\u00a0\u00bb el_id=\u00a0\u00bb3&Prime;][vc_row][vc_column]<div class=\"fancy_heading fancy_heading_icon\"><div class=\"fh-top\"><\/div><h2 class=\"title\">Normes d&#039;\u00e9valuation de performance des \u00e9tablissements p\u00e9dagogiques<\/h2><\/div>\n[vc_column_text el_id=\u00a0\u00bb3&Prime;]<\/p>\n<p style=\"text-align: center;\">\u062a\u0633\u0639\u0649 \u062c\u0627\u0645\u0639\u0629 \u062d\u0645\u0635 \u0644\u062a\u0646\u0641\u064a\u0630 \u0643\u0627\u0641\u0629 \u0645\u0639\u0627\u064a\u064a\u0631 \u0642\u064a\u0627\u0633 \u0623\u062f\u0627\u0621 \u0627\u0644\u0645\u0624\u0633\u0633\u0627\u062a \u0627\u0644\u062a\u0639\u0644\u064a\u0645\u064a\u0629 \u0627\u0644\u0635\u0627\u062f\u0631\u0629 \u0639\u0646 \u0645\u062c\u0644\u0633 \u0627\u0644\u062a\u0639\u0644\u064a\u0645 \u0627\u0644\u0639\u0627\u0644\u064a \u0648\u0643\u0627\u0646 \u0622\u062e\u0631\u0647\u0627 \u0645\u0639\u0627\u064a\u064a\u0631 \u0627\u0644\u062a\u0635\u0646\u064a\u0641 \u0627\u0644\u0648\u0637\u0646\u064a \u0644\u0644\u0645\u0624\u0633\u0633\u0627\u062a \u0627\u0644\u062a\u0639\u0644\u064a\u0645\u064a\u0629 \u0627\u0644\u062a\u064a \u0627\u0639\u062a\u0645\u062f\u0647\u0627 \u0627\u0644\u0645\u062c\u0644\u0633 \u0628\u0642\u0631\u0627\u0631\u0647 \u0631\u0642\u0645 136 \u062a\u0627\u0631\u064a\u062e 16\/1\/2020 (<strong>\u0644\u062a\u062d\u0645\u064a\u0644 \u0647\u0630\u0647 \u0627\u0644\u0645\u0639\u0627\u064a\u064a\u0631 \u0648\u0622\u0644\u064a\u0627\u062a <\/strong><strong>\u062a\u0646\u0641\u064a\u0630\u0647\u0627<\/strong> <a href=\"http:\/\/qa.homs-univ.edu.sy\/1\/news\/n279\/S.pdf\">\u0627\u0636\u063a\u0637 \u0647\u0646\u0627<\/a> )<\/p>\n<p style=\"text-align: center;\">\u0648\u062a\u0642\u0648\u0645 \u0628\u062a\u0648\u062b\u064a\u0642\u0647\u0627 \u0628\u0627\u0644\u0627\u0634\u062a\u0631\u0627\u0643 \u0645\u0639 \u0627\u0644\u0645\u0633\u062a\u0641\u064a\u062f\u064a\u0646 \u0645\u0646 \u0627\u0644\u062e\u062f\u0645\u0629 \u0627\u0644\u062a\u0639\u0644\u064a\u0645\u064a\u0629 \u0648\u0630\u0644\u0643 \u0644\u0636\u0645\u0627\u0646 \u062c\u0648\u062f\u0629 \u0627\u0644\u0645\u062e\u0631\u062c\u0627\u062a \u0648\u0631\u0628\u0637\u0647\u0627 \u0628\u0633\u0648\u0642 \u0627\u0644\u0639\u0645\u0644. \u0648\u062a\u0639\u062a\u0628\u0631 \u0647\u0630\u0647 \u0627\u0644\u062e\u0637\u0648\u0627\u062a \u0623\u0633\u0627\u0633\u064a\u0629 \u0641\u064a \u0637\u0631\u064a\u0642 \u0627\u0644\u062d\u0635\u0648\u0644 \u0639\u0644\u0649 \u0627\u0644\u0627\u0639\u062a\u0645\u0627\u062f \u0628\u0623\u0646\u0648\u0627\u0639\u0647 \u0627\u0644\u062b\u0644\u0627\u062b\u0629 (\u0627\u0644\u0627\u0639\u062a\u0645\u0627\u062f \u0627\u0644\u0645\u0624\u0633\u0633\u064a (\u0627\u0644\u0639\u0627\u0645) &#8211; \u0627\u0644\u0627\u0639\u062a\u0645\u0627\u062f \u0627\u0644\u0623\u0643\u0627\u062f\u064a\u0645\u064a (\u0627\u0644\u0628\u0631\u0627\u0645\u062c\u064a) &#8211; \u0627\u0644\u0627\u0639\u062a\u0645\u0627\u062f \u0627\u0644\u062a\u062e\u0635\u0635\u064a (\u0627\u0644\u0645\u0647\u0646\u064a))\u060c \u0648\u062a\u0634\u0645\u0644 \u0647\u0630\u0647 \u0627\u0644\u062e\u0637\u0648\u0627\u062a:<\/p>\n<p>[\/vc_column_text][\/vc_column][\/vc_row][vc_row rtl_reverse=\u00a0\u00bbyes\u00a0\u00bb][vc_column width=\u00a0\u00bb1\/4&Prime;]<div class=\"list_item lists_4 clearfix\"><div class=\"circle\">1<\/div><div class=\"list_right\"><div class=\"desc\">Auto-\u00e9valuation<\/div><\/div><\/div>\n[\/vc_column][vc_column width=\u00a0\u00bb1\/4&Prime;]<div class=\"list_item lists_4 clearfix\"><div class=\"circle\">2<\/div><div class=\"list_right\"><div class=\"desc\">\u00c9valuation externe pour l&rsquo;accr\u00e9ditation<\/div><\/div><\/div>\n[\/vc_column][vc_column width=\u00a0\u00bb1\/4&Prime;]<div class=\"list_item lists_4 clearfix\"><div class=\"circle\">3<\/div><div class=\"list_right\"><div class=\"desc\">Prise de d\u00e9cision et diffusion des r\u00e9sultats<\/div><\/div><\/div>\n[\/vc_column][vc_column width=\u00a0\u00bb1\/4&Prime;]<div class=\"list_item lists_4 clearfix\"><div class=\"circle\">4<\/div><div class=\"list_right\"><div class=\"desc\">Surveillance et r\u00e9-accr\u00e9ditation p\u00e9riodique<\/div><\/div><\/div>\n[\/vc_column][\/vc_row][\/vc_section][vc_section full_width=\u00a0\u00bbstretch_row\u00a0\u00bb full_height=\u00a0\u00bbyes\u00a0\u00bb content_placement=\u00a0\u00bbmiddle\u00a0\u00bb css=\u00a0\u00bb.vc_custom_1649940710999{background-color: #efefef !important;}\u00a0\u00bb el_id=\u00a0\u00bb33&Prime;][vc_row][vc_column]<div class=\"fancy_heading fancy_heading_icon\"><div class=\"fh-top\"><\/div><h2 class=\"title\">Indicateurs importants dans la classification<\/h2><\/div>\n[\/vc_column][\/vc_row][vc_row][vc_column][vc_row_inner][vc_column_inner][vc_column_text]<\/p>\n<ol>\n<li>\u0627\u0644\u0639\u0645\u0644 \u0639\u0644\u0649 \u0627\u0639\u062a\u0645\u0627\u062f \u0648\u062a\u0637\u0628\u064a\u0642 \u0645\u0639\u0627\u064a\u064a\u0631 \u0623\u0643\u0627\u062f\u064a\u0645\u064a\u0629 \u0648\u0637\u0646\u064a\u0629 NARS \u0648\u062a\u0648\u0635\u064a\u0641 \u0627\u0644\u0628\u0631\u0627\u0645\u062c \u0627\u0644\u0623\u0643\u0627\u062f\u064a\u0645\u064a\u0629 \u0648\u0645\u0642\u0631\u0631\u0627\u062a\u0647\u0627 \u0648\u0641\u0642\u0647\u0627 \u0648\u062a\u0642\u0648\u064a\u0645 \u0627\u0644\u0623\u062f\u0627\u0621 \u0627\u0644\u0633\u0646\u0648\u064a \u0644\u0644\u0643\u0644\u064a\u0627\u062a \u0648\u0627\u0644\u0645\u0639\u0627\u0647\u062f \u0644\u0644\u062d\u0635\u0648\u0644 \u0639\u0644\u0649 \u0627\u0644\u0627\u0639\u062a\u0645\u0627\u062f \u0627\u0644\u0623\u0643\u0627\u062f\u064a\u0645\u064a\n<ul>\n<li><a href=\"http:\/\/qa.homs-univ.edu.sy\/1\/fixed-news\/n199\/n223\/file2.rar\" target=\"_blank\" rel=\"noopener\">\u0627\u0644\u0645\u0639\u0627\u064a\u064a\u0631 \u0627\u0644\u0645\u0631\u062c\u0639\u064a\u0629 \u0627\u0644\u0623\u0643\u0627\u062f\u064a\u0645\u064a\u0629 \u0627\u0644\u0648\u0637\u0646\u064a\u0629 NARS <\/a><\/li>\n<li><a href=\"http:\/\/qa.homs-univ.edu.sy\/1\/fixed-news\/n199\/n223\/file2plus.rar\" target=\"_blank\" rel=\"noopener\">\u0627\u0644\u0646\u0645\u0627\u0630\u062c \u0627\u0644\u0645\u0639\u062a\u0645\u062f\u0629 \u0644\u062a\u0648\u0635\u064a\u0641 \u0627\u0644\u0628\u0631\u0627\u0645\u062c \u0648\u0627\u0644\u0645\u0642\u0631\u0631\u0627\u062a \u062d\u0633\u0628 NARS<\/a><\/li>\n<\/ul>\n<\/li>\n<li>\u0627\u0644\u0639\u0645\u0644 \u0639\u0644\u0649 \u0641\u0647\u0631\u0633\u0629 \u0645\u062c\u0644\u0627\u062a \u0627\u0644\u062c\u0627\u0645\u0639\u0627\u062a \u0641\u064a \u0642\u0648\u0627\u0639\u062f \u0627\u0644\u0628\u064a\u0627\u0646\u0627\u062a \u0627\u0644\u0639\u0627\u0644\u0645\u064a\u0629 \u0648\u062a\u0634\u062c\u064a\u0639 \u0627\u0644\u0646\u0634\u0631 \u0627\u0644\u062e\u0627\u0631\u062c\u064a (<strong>\u0644\u062a\u062d\u0645\u064a\u0644 \u0627\u0644\u0642\u0631\u0627\u0631\u0627\u062a \u0627\u0644\u0646\u0627\u0638\u0645\u0629 \u0644\u0630\u0644\u0643<\/strong> <a href=\"http:\/\/qa.homs-univ.edu.sy\/article154\">\u0627\u0636\u063a\u0637 \u0647\u0646\u0627<\/a>)<\/li>\n<li>\u0627\u0633\u062a\u0643\u0645\u0627\u0644 \u0627\u0644\u062a\u0633\u062c\u064a\u0644 \u0641\u064a <strong>Google Scholar<\/strong> ( \u064a\u0645\u0643\u0646 \u0627\u0644\u0627\u0637\u0644\u0627\u0639 \u0639\u0644\u0649 \u0623\u0644\u064a\u0629 \u0627\u0644\u062a\u0633\u062c\u064a\u0644 \u0641\u064a Google Scholar \u0645\u0646 \u062e\u0644\u0627\u0644 \u062a\u062d\u0645\u064a\u0644 \u0627\u0644\u0645\u0644\u0641 <a href=\"http:\/\/qa.homs-univ.edu.sy\/1\/fixed-news\/n199\/7.pdf\">\u0647\u0646\u0627<\/a> )<\/li>\n<li>\u062a\u0633\u062c\u064a\u0644 \u0628\u064a\u0627\u0646\u0627\u062a \u0623\u0639\u0636\u0627\u0621 \u0647\u064a\u0626\u0629 \u0627\u0644\u062a\u062f\u0631\u064a\u0633 \u0641\u064a \u0642\u0627\u0639\u062f\u0629 \u0627\u0644\u0628\u064a\u0627\u0646\u0627\u062a \u0648\u0627\u0633\u062a\u0643\u0645\u0627\u0644 \u0642\u0627\u0639\u062f\u0629 \u0628\u064a\u0627\u0646\u0627\u062a <strong>NSR<\/strong> (<a href=\"http:\/\/nsr.sy\/\" rel=\"nofollow noopener\" target=\"_blank\">\u0623\u0636\u063a\u0637 \u0647\u0646\u0627<\/a>) \u0648\u062a\u062d\u062f\u064a\u062b\u0647\u0627 \u0627\u0644\u0645\u0633\u062a\u0645\u0631 \u0644\u0631\u0641\u0639 \u0627\u0644\u062a\u0635\u0646\u064a\u0641 \u0627\u0644\u0648\u0637\u0646\u064a \u0648\u0627\u0644\u0639\u0627\u0644\u0645\u064a.<\/li>\n<\/ol>\n<p>[\/vc_column_text][\/vc_column_inner][\/vc_row_inner][\/vc_column][\/vc_row][\/vc_section][vc_section full_width=\u00a0\u00bbstretch_row\u00a0\u00bb full_height=\u00a0\u00bbyes\u00a0\u00bb content_placement=\u00a0\u00bbmiddle\u00a0\u00bb el_id=\u00a0\u00bb4&Prime;][vc_row][vc_column]<div class=\"fancy_heading fancy_heading_icon\"><div class=\"fh-top\"><\/div><h2 class=\"title\">Conf\u00e9rences d&#039;Assurance Qualit\u00e9 et d&#039;Accr\u00e9ditation<\/h2><\/div>\n[vc_column_text el_id=\u00a0\u00bb4&Prime;]<\/p>\n<p style=\"text-align: center;\">\u062a\u0642\u0648\u0645 \u0627\u0644\u062c\u0627\u0645\u0639\u0629 \u0628\u062a\u0646\u0638\u064a\u0645 \u0627\u0644\u0641\u0639\u0627\u0644\u064a\u0627\u062a \u0627\u0644\u0645\u062e\u062a\u0644\u0641\u0629 \u0648\u0627\u0644\u0645\u0624\u062a\u0645\u0631\u0627\u062a \u0641\u064a \u0645\u062c\u0627\u0644 \u0627\u0644\u062c\u0648\u062f\u0629 \u0648\u0627\u0644\u0627\u0639\u062a\u0645\u0627\u062f\u064a\u0629 \u0648\u0643\u0627\u0646 \u0622\u062e\u0631\u0647\u0627 \u0645\u0624\u062a\u0645\u0631 \u062a\u0637\u0648\u064a\u0631 \u0627\u0644\u062a\u0639\u0644\u064a\u0645 \u0627\u0644\u0639\u0627\u0644\u064a \u0641\u064a \u0625\u0637\u0627\u0631 \u0645\u0639\u0627\u064a\u064a\u0631 \u0627\u0644\u062c\u0648\u062f\u0629 \u0628\u0627\u0644\u0627\u0634\u062a\u0631\u0627\u0643 \u0645\u0639 \u0627\u0644\u0644\u062c\u0646\u0629 \u0627\u0644\u0648\u0637\u0646\u064a\u0629 \u0627\u0644\u0633\u0648\u0631\u064a\u0629 \u0644\u0644\u064a\u0648\u0646\u0633\u0643\u0648 \u0628\u062a\u0627\u0631\u064a\u062e 26 \u0622\u0628 2021 (<strong>\u0644\u062a\u062d\u0645\u064a\u0644 \u0645\u0646\u0634\u0648\u0631\u0627\u062a \u0647\u0630\u0647 \u0627\u0644\u0645\u0624\u062a\u0645\u0631\u0627\u062a<\/strong> <a href=\"http:\/\/qa.homs-univ.edu.sy\/modules.php?name=News&amp;file=article&amp;sid=283\">\u0627\u0636\u063a\u0637 \u0647\u0646\u0627<\/a>)<\/p>\n<p>[\/vc_column_text][\/vc_column][\/vc_row][\/vc_section][vc_section full_width=\u00a0\u00bbstretch_row\u00a0\u00bb full_height=\u00a0\u00bbyes\u00a0\u00bb content_placement=\u00a0\u00bbmiddle\u00a0\u00bb css=\u00a0\u00bb.vc_custom_1648827584743{background-color: #f4f4f4 !important;}\u00a0\u00bb el_id=\u00a0\u00bb5&Prime;][vc_row][vc_column]<div class=\"fancy_heading fancy_heading_icon\"><div class=\"fh-top\"><\/div><h2 class=\"title\">Brevets d&#039;innovation, bourses et prix mondiaux<\/h2><\/div>\n[vc_column_text el_id=\u00a0\u00bb5&Prime;]<\/p>\n<p style=\"text-align: center;\">\u00a0\u0648\u062a\u0642\u0648\u0645 \u0627\u0644\u062c\u0627\u0645\u0639\u0629 \u0628\u062a\u0633\u0644\u064a\u0637 \u0627\u0644\u0636\u0648\u0621 \u0639\u0644\u0649 \u0627\u0644\u0645\u0646\u062d \u0648\u0627\u0644\u062c\u0648\u0627\u0626\u0632 \u0627\u0644\u0639\u0627\u0644\u0645\u064a\u0629 \u0648\u0627\u0644\u0645\u0646\u0634\u0648\u0631\u0627\u062a \u0627\u0644\u0639\u0644\u0645\u064a\u0629 \u0627\u0644\u062e\u0627\u0635\u0629 \u0628\u0623\u0639\u0636\u0627\u0621 \u0627\u0644\u0647\u064a\u0626\u0629 \u0627\u0644\u062a\u062f\u0631\u064a\u0633\u064a\u0629 \u0648\u0633\u064a\u0631\u0647\u0645 \u0627\u0644\u0630\u0627\u062a\u064a\u0629 (<a href=\"https:\/\/homs-univ.edu.sy\/invention\">\u0627\u0636\u063a\u0637 \u0647\u0646\u0627<\/a>) \u0644\u0644\u0627\u0637\u0644\u0627\u0639 \u0639\u0644\u0649 \u0628\u0639\u0636 \u0628\u0631\u0627\u0621\u0627\u062a \u0627\u0644\u0627\u062e\u062a\u0631\u0627\u0639 \u0641\u064a \u062c\u0627\u0645\u0639\u0629 \u062d\u0645\u0635<\/p>\n<p>[\/vc_column_text][\/vc_column][\/vc_row][\/vc_section]<\/p>\n<\/div>","protected":false},"excerpt":{"rendered":"<p>[vc_section full_height=\u00a0\u00bbyes\u00a0\u00bb content_placement=\u00a0\u00bbmiddle\u00a0\u00bb][vc_row][vc_column][\/vc_column][\/vc_row][vc_row el_class=\u00a0\u00bbcontent-center\u00a0\u00bb][vc_column][\/vc_column][\/vc_row][\/vc_section][vc_section full_width=\u00a0\u00bbstretch_row\u00a0\u00bb full_height=\u00a0\u00bbyes\u00a0\u00bb content_placement=\u00a0\u00bbmiddle\u00a0\u00bb el_id=\u00a0\u00bb1&Prime; css=\u00a0\u00bb.vc_custom_1648626079896{background-color: #f4f4f4 !important;}\u00a0\u00bb][vc_row][vc_column][vc_column_text el_id=\u00a0\u00bb1&Prime;] \u0623\u062f\u0631\u0643\u062a \u062c\u0627\u0645\u0639\u0629 \u062d\u0645\u0635 \u062a\u062d\u062a \u0645\u0638\u0644\u0629 \u0648\u0632\u0627\u0631\u0629 \u0627\u0644\u062a\u0639\u0644\u064a\u0645 \u0627\u0644\u0639\u0627\u0644\u064a \u0648\u0627\u0644\u0628\u062d\u062b \u0627\u0644\u0639\u0644\u0645\u064a \u0636\u0631\u0648\u0631\u0629 \u062a\u0628\u0646\u064a \u0645\u0639\u0627\u064a\u064a\u0631 \u0627\u0644\u062c\u0648\u062f\u0629<span class=\"excerpt-hellip\"> [\u2026]<\/span><\/p>\n","protected":false},"author":1,"featured_media":0,"parent":0,"menu_order":0,"comment_status":"closed","ping_status":"closed","template":"","meta":{"_acf_changed":false,"footnotes":""},"class_list":["post-41508","page","type-page","status-publish","hentry"],"acf":[],"_links":{"self":[{"href":"https:\/\/homs-univ.edu.sy\/fr\/wp-json\/wp\/v2\/pages\/41508","targetHints":{"allow":["GET"]}}],"collection":[{"href":"https:\/\/homs-univ.edu.sy\/fr\/wp-json\/wp\/v2\/pages"}],"about":[{"href":"https:\/\/homs-univ.edu.sy\/fr\/wp-json\/wp\/v2\/types\/page"}],"author":[{"embeddable":true,"href":"https:\/\/homs-univ.edu.sy\/fr\/wp-json\/wp\/v2\/users\/1"}],"replies":[{"embeddable":true,"href":"https:\/\/homs-univ.edu.sy\/fr\/wp-json\/wp\/v2\/comments?post=41508"}],"version-history":[{"count":23,"href":"https:\/\/homs-univ.edu.sy\/fr\/wp-json\/wp\/v2\/pages\/41508\/revisions"}],"predecessor-version":[{"id":82663,"href":"https:\/\/homs-univ.edu.sy\/fr\/wp-json\/wp\/v2\/pages\/41508\/revisions\/82663"}],"wp:attachment":[{"href":"https:\/\/homs-univ.edu.sy\/fr\/wp-json\/wp\/v2\/media?parent=41508"}],"curies":[{"name":"wp","href":"https:\/\/api.w.org\/{rel}","templated":true}]}}