{"id":41623,"date":"2022-02-28T09:21:15","date_gmt":"2022-02-28T07:21:15","guid":{"rendered":"https:\/\/homs-univ.edu.sy\/%d9-85-%d8-b1-%d9-83-%d8-b2-%d8-b9-%d9-84-%d9-88-%d9-85-%d8-a7-%d9-84-%d8-annonce-%d8-a7-%d8-b3-%d8-a8\/"},"modified":"2025-07-08T12:23:28","modified_gmt":"2025-07-08T09:23:28","slug":"centre-d-informatique","status":"publish","type":"page","link":"https:\/\/homs-univ.edu.sy\/fr\/centre-d-informatique\/","title":{"rendered":"Centre d&rsquo;Informatique"},"content":{"rendered":"<div class=\"wpb-content-wrapper\"><p>[vc_section][vc_row][vc_column]<div class=\"fancy_heading fancy_heading_line\"><div class=\"fh-top\"><\/div><h2 class=\"title\">Centre d&#039;Informatique<\/h2><div class=\"inside\"><i class=\"fa fa-map-marker\"><\/i> \u062c\u0627\u0645\u0639\u0629 \u062d\u0645\u0635 &#8211; \u0643\u0644\u064a\u0629 \u0627\u0644\u0647\u0646\u062f\u0633\u0629 \u0627\u0644\u0645\u0639\u0644\u0648\u0645\u0627\u062a\u064a\u0629 <\/div><\/div>\n[\/vc_column][\/vc_row][vc_row equal_height=\u00a0\u00bbyes\u00a0\u00bb rtl_reverse=\u00a0\u00bbyes\u00a0\u00bb content_placement=\u00a0\u00bbmiddle\u00a0\u00bb][vc_column width=\u00a0\u00bb2\/3&Prime;][vc_gallery interval=\u00a0\u00bb3&Prime; images=\u00a0\u00bb11273,11270&Prime; img_size=\u00a0\u00bb1000&#215;622&Prime;][\/vc_column][vc_column width=\u00a0\u00bb1\/3&Prime;]<div class=\"get_in_touch\" ><h3 class=\"title \">Pour contacter<\/h3><div class=\"get_in_touch_wrapper\"><ul><li class=\"address\"><span class=\"icon\"><i class=\"icon-location\"><\/i><\/span><span class=\"address_wrapper\">Universit\u00e9 Al-Baath - Facult\u00e9 de g\u00e9nie informatique (b\u00e2timent du Coll\u00e8ge des sciences - premier \u00e9tage) - Laboratoire d&#039;informatique<\/span><\/li><li class=\"phone phone-1\"><span class=\"icon\"><i class=\"icon-phone\"><\/i><\/span><p><a href=\"tel:0312169273\">0312169273<\/a><\/p><\/li><li class=\"phone fax\"><span class=\"icon\"><i class=\"icon-print\"><\/i><\/span><p><a href=\"fax:0312169275\">0312169275<\/a><\/p><\/li><li class=\"mail\"><span class=\"icon\"><i class=\"icon-mail\"><\/i><\/span><p><a href=\"mailto:csc-it@homs-univ.edu.sy\">csc-it@homs-univ.edu.sy<\/a><\/p><\/li><\/ul><\/div><\/div>\n[\/vc_column][\/vc_row][vc_row el_class=\u00a0\u00bbcontent-center\u00a0\u00bb][vc_column]<a class=\"content_link scroll\" href=\"#1\"  ><span class=\"title\">\u00e9tudiants du centre<\/span><\/a><a class=\"content_link scroll\" href=\"#2\"  ><span class=\"title\">Services du centre<\/span><\/a>[\/vc_column][\/vc_row][\/vc_section][vc_section full_width=\u00a0\u00bbstretch_row\u00a0\u00bb css=\u00a0\u00bb.vc_custom_1646041242712{padding-top: 20vh !important;padding-bottom: 20vh !important;background-color: #f4f4f4 !important;}\u00a0\u00bb el_id=\u00a0\u00bb1&Prime;][vc_row][vc_column]<div class=\"fancy_heading fancy_heading_icon\"><div class=\"fh-top\"><\/div><h2 class=\"title\">\u00e9tudiants du centre<\/h2><div class=\"inside\">Le Centre d&rsquo;Informatique re\u00e7oit :<\/div><\/div>\n[\/vc_column][\/vc_row][vc_row rtl_reverse=\u00a0\u00bbyes\u00a0\u00bb][vc_column width=\u00a0\u00bb1\/3&Prime;]<div class=\"list_item lists_4 clearfix\"><div class=\"circle\">1<\/div><div class=\"list_right\"><div class=\"desc\">\u00c9tudiants de l&rsquo;int\u00e9rieur et de l&rsquo;ext\u00e9rieur de l&rsquo;universit\u00e9<\/div><\/div><\/div>\n[\/vc_column][vc_column width=\u00a0\u00bb1\/3&Prime;]<div class=\"list_item lists_4 clearfix\"><div class=\"circle\">2<\/div><div class=\"list_right\"><div class=\"desc\">Employ\u00e9s de l&rsquo;universit\u00e9 et d&rsquo;autres institutions publiques et priv\u00e9es<\/div><\/div><\/div>\n[\/vc_column][vc_column width=\u00a0\u00bb1\/3&Prime;]<div class=\"list_item lists_4 clearfix\"><div class=\"circle\">3<\/div><div class=\"list_right\"><div class=\"desc\">Membres du personnel enseignant de l&rsquo;Universit\u00e9 Al-Baath<\/div><\/div><\/div>\n[\/vc_column][\/vc_row][\/vc_section][vc_section full_width=\u00a0\u00bbstretch_row\u00a0\u00bb full_height=\u00a0\u00bbyes\u00a0\u00bb content_placement=\u00a0\u00bbmiddle\u00a0\u00bb el_id=\u00a0\u00bb2&Prime;][vc_row][vc_column]<div class=\"fancy_heading fancy_heading_icon\"><div class=\"fh-top\"><\/div><h2 class=\"title\">Services du centre<\/h2><div class=\"inside\">Le Centre d&rsquo;informatique de l&rsquo;Universit\u00e9 Al-Baath pr\u00e9sente<\/div><\/div>\n<div class=\"list_item lists_4 clearfix\"><div class=\"circle\">1<\/div><div class=\"list_right\"><div class=\"desc\">Des formations intensives au cursus ICDL pour tous les niveaux, en plus de cours sp\u00e9cialis\u00e9s dans le domaine des r\u00e9seaux &#8211; bases de donn\u00e9es &#8211; langages de programmation &#8211; maintenance informatique et divers autres domaines.<\/div><\/div><\/div>\n<div class=\"list_item lists_4 clearfix\"><div class=\"circle\">2<\/div><div class=\"list_right\"><div class=\"desc\">Examens ICDL (examens accr\u00e9dit\u00e9s et certificats certifi\u00e9s par l&rsquo;Association syrienne d&rsquo;informatique scientifique)<\/div><\/div><\/div>\n[\/vc_column][\/vc_row][vc_row equal_height=\u00a0\u00bbyes\u00a0\u00bb rtl_reverse=\u00a0\u00bbyes\u00a0\u00bb content_placement=\u00a0\u00bbmiddle\u00a0\u00bb el_class=\u00a0\u00bbcontent-end\u00a0\u00bb][vc_column width=\u00a0\u00bb3\/4&Prime;][vc_column_text]<\/p>\n<p style=\"direction: rtl;\">Les cours ont g\u00e9n\u00e9ralement lieu p\u00e9riodiquement lorsque le nombre est complet. Les examens du centre ont g\u00e9n\u00e9ralement lieu les lundis et jeudis \u00e0 10h, Toutes les nouvelles concernant les cours et leurs dates, en plus des dates des sessions d&rsquo;examens qui ont lieu p\u00e9riodiquement sur une base hebdomadaire, seront publi\u00e9es sur notre page Facebook :<\/p>\n<p>[\/vc_column_text][\/vc_column][vc_column width=\u00a0\u00bb1\/4&Prime;]<div class=\"icon_box icon_position_top no_border\"><a class=\"\" href=\"https:\/\/www.facebook.com\/icdl.albaath\/\" title=\"\" rel=\"nofollow noopener\" target=\"_blank\"><div class=\"icon_wrapper\"><div class=\"icon\"><i class=\"icon-facebook\" aria-hidden=\"true\"><\/i><\/div><\/div><div class=\"desc_wrapper\"><div class=\"desc\">La page Facebook du centre<\/div><\/div><\/a><\/div>\n[\/vc_column][\/vc_row][\/vc_section]<\/p>\n<\/div>","protected":false},"excerpt":{"rendered":"<p>[vc_section][vc_row][vc_column][\/vc_column][\/vc_row][vc_row equal_height=\u00a0\u00bbyes\u00a0\u00bb rtl_reverse=\u00a0\u00bbyes\u00a0\u00bb content_placement=\u00a0\u00bbmiddle\u00a0\u00bb][vc_column width=\u00a0\u00bb2\/3&Prime;][vc_gallery interval=\u00a0\u00bb3&Prime; images=\u00a0\u00bb11273,11270&Prime; img_size=\u00a0\u00bb1000&#215;622&Prime;][\/vc_column][vc_column width=\u00a0\u00bb1\/3&Prime;][\/vc_column][\/vc_row][vc_row el_class=\u00a0\u00bbcontent-center\u00a0\u00bb][vc_column][\/vc_column][\/vc_row][\/vc_section][vc_section full_width=\u00a0\u00bbstretch_row\u00a0\u00bb css=\u00a0\u00bb.vc_custom_1646041242712{padding-top: 20vh !important;padding-bottom: 20vh !important;background-color: #f4f4f4 !important;}\u00a0\u00bb el_id=\u00a0\u00bb1&Prime;][vc_row][vc_column][\/vc_column][\/vc_row][vc_row rtl_reverse=\u00a0\u00bbyes\u00a0\u00bb][vc_column width=\u00a0\u00bb1\/3&Prime;][\/vc_column][vc_column width=\u00a0\u00bb1\/3&Prime;][\/vc_column][vc_column width=\u00a0\u00bb1\/3&Prime;][\/vc_column][\/vc_row][\/vc_section][vc_section full_width=\u00a0\u00bbstretch_row\u00a0\u00bb full_height=\u00a0\u00bbyes\u00a0\u00bb content_placement=\u00a0\u00bbmiddle\u00a0\u00bb<span class=\"excerpt-hellip\"> [\u2026]<\/span><\/p>\n","protected":false},"author":1,"featured_media":0,"parent":0,"menu_order":0,"comment_status":"closed","ping_status":"closed","template":"","meta":{"_acf_changed":false,"footnotes":""},"class_list":["post-41623","page","type-page","status-publish","hentry"],"acf":[],"_links":{"self":[{"href":"https:\/\/homs-univ.edu.sy\/fr\/wp-json\/wp\/v2\/pages\/41623","targetHints":{"allow":["GET"]}}],"collection":[{"href":"https:\/\/homs-univ.edu.sy\/fr\/wp-json\/wp\/v2\/pages"}],"about":[{"href":"https:\/\/homs-univ.edu.sy\/fr\/wp-json\/wp\/v2\/types\/page"}],"author":[{"embeddable":true,"href":"https:\/\/homs-univ.edu.sy\/fr\/wp-json\/wp\/v2\/users\/1"}],"replies":[{"embeddable":true,"href":"https:\/\/homs-univ.edu.sy\/fr\/wp-json\/wp\/v2\/comments?post=41623"}],"version-history":[{"count":7,"href":"https:\/\/homs-univ.edu.sy\/fr\/wp-json\/wp\/v2\/pages\/41623\/revisions"}],"predecessor-version":[{"id":85494,"href":"https:\/\/homs-univ.edu.sy\/fr\/wp-json\/wp\/v2\/pages\/41623\/revisions\/85494"}],"wp:attachment":[{"href":"https:\/\/homs-univ.edu.sy\/fr\/wp-json\/wp\/v2\/media?parent=41623"}],"curies":[{"name":"wp","href":"https:\/\/api.w.org\/{rel}","templated":true}]}}