{"id":41627,"date":"2022-04-04T17:40:43","date_gmt":"2022-04-04T14:40:43","guid":{"rendered":"https:\/\/homs-univ.edu.sy\/%d9-85-%d8-b1-%d9-83-%d8-b2-%d8-a7-%d9-84-%d9-85-%d8-b9-%d8-a7-%d9-84-%d8-ac-%d8-a9-%d8-a7-%d9-84-%d9-81-%d9-8a-%d8-b2-%d9-8a-%d8-%d8-%d8-%d9\/"},"modified":"2022-04-04T17:40:46","modified_gmt":"2022-04-04T14:40:46","slug":"%d9-85-%d8-b1-%d9-83-%d8-b2-%d8-a7-%d9-84-%d9-85-%d8-b9-%d8-a7-%d9-84-%d8-ac-%d8-a9-%d8-a7-%d9-84-%d9-81-%d9-8a-%d8-b2-%d9-8a-%d8-%d8-%d8-%d9","status":"publish","type":"page","link":"https:\/\/homs-univ.edu.sy\/fr\/%d9-85-%d8-b1-%d9-83-%d8-b2-%d8-a7-%d9-84-%d9-85-%d8-b9-%d8-a7-%d9-84-%d8-ac-%d8-a9-%d8-a7-%d9-84-%d9-81-%d9-8a-%d8-b2-%d9-8a-%d8-%d8-%d8-%d9\/","title":{"rendered":"Centre de physioth\u00e9rapie et de r\u00e9adaptation"},"content":{"rendered":"<div class=\"wpb-content-wrapper\"><p>[vc_section css=\u00a0\u00bb.vc_custom_1646219483971{padding-top: 15vh !important;}\u00a0\u00bb][vc_row][vc_column]<div class=\"fancy_heading fancy_heading_line\"><div class=\"fh-top\"><\/div><h2 class=\"title\">Centre de physioth\u00e9rapie et de r\u00e9adaptation<\/h2><div class=\"inside\"><i class=\"fa fa-map-marker\"><\/i> Universit\u00e9 Al-Baath &#8211; Coll\u00e8ge des sciences de la sant\u00e9<\/div><\/div>\n[\/vc_column][\/vc_row][vc_row el_class=\u00a0\u00bbcontent-center\u00a0\u00bb][vc_column]<a class=\"content_link scroll\" href=\"#1\"  ><span class=\"title\">\u0623\u0642\u0633\u0627\u0645 \u0627\u0644\u0645\u0631\u0643\u0632<\/span><\/a><a class=\"content_link scroll\" href=\"#2\"  ><span class=\"title\">\u062e\u062f\u0645\u0627\u062a \u0627\u0644\u0645\u0631\u0643\u0632<\/span><\/a>[\/vc_column][\/vc_row][\/vc_section][vc_section full_width=\u00a0\u00bbstretch_row\u00a0\u00bb css=\u00a0\u00bb.vc_custom_1646041242712{padding-top: 20vh !important;padding-bottom: 20vh !important;background-color: #f4f4f4 !important;}\u00a0\u00bb el_id=\u00a0\u00bb1&Prime;][vc_row][vc_column]<div class=\"fancy_heading fancy_heading_icon\"><div class=\"fh-top\"><\/div><h2 class=\"title\">\u0623\u0642\u0633\u0627\u0645 \u0627\u0644\u0645\u0631\u0643\u0632<\/h2><div class=\"inside\">Le centre est compos\u00e9 de trois d\u00e9partements :<\/div><\/div>\n[\/vc_column][\/vc_row][vc_row rtl_reverse=\u00a0\u00bbyes\u00a0\u00bb][vc_column width=\u00a0\u00bb1\/3&Prime;]<div class=\"list_item lists_4 clearfix\"><div class=\"circle\">1<\/div><div class=\"list_right\"><div class=\"desc\">D\u00e9partement de th\u00e9rapie manuelle<\/div><\/div><\/div>\n[\/vc_column][vc_column width=\u00a0\u00bb1\/3&Prime;]<div class=\"list_item lists_4 clearfix\"><div class=\"circle\">2<\/div><div class=\"list_right\"><div class=\"desc\">D\u00e9partement d&rsquo;\u00e9lectroth\u00e9rapie<\/div><\/div><\/div>\n[vc_column_text]Il comprend de nombreux dispositifs m\u00e9dicaux modernes utilis\u00e9s dans le domaine de la kin\u00e9sith\u00e9rapie et de la r\u00e9\u00e9ducation.[\/vc_column_text][\/vc_column][vc_column width=\u00a0\u00bb1\/3&Prime;]<div class=\"list_item lists_4 clearfix\"><div class=\"circle\">3<\/div><div class=\"list_right\"><div class=\"desc\">D\u00e9partement de kin\u00e9siologie<\/div><\/div><\/div>\n[vc_column_text]Il comprend de nombreux dispositifs moteurs modernes utilis\u00e9s dans le domaine de la physioth\u00e9rapie et de la r\u00e9\u00e9ducation.[\/vc_column_text][\/vc_column][\/vc_row][\/vc_section][vc_section full_width=\u00a0\u00bbstretch_row\u00a0\u00bb full_height=\u00a0\u00bbyes\u00a0\u00bb content_placement=\u00a0\u00bbmiddle\u00a0\u00bb el_id=\u00a0\u00bb2&Prime;][vc_row][vc_column]<div class=\"fancy_heading fancy_heading_icon\"><div class=\"fh-top\"><\/div><h2 class=\"title\">\u062e\u062f\u0645\u0627\u062a \u0627\u0644\u0645\u0631\u0643\u0632<\/h2><div class=\"inside\">Le centre est g\u00e9r\u00e9 par un personnel m\u00e9dical sp\u00e9cialis\u00e9 distingu\u00e9, et les services suivants sont fournis :<\/div><\/div>\n<div class=\"list_item lists_4 clearfix\"><div class=\"circle\">1<\/div><div class=\"list_right\"><div class=\"desc\">\u00c9valuation et traitement physique des maladies et blessures musculo-squelettiques, des maladies articulaires, kin\u00e9sith\u00e9rapie et r\u00e9\u00e9ducation des maladies du syst\u00e8me nerveux central (dont les plus importantes sont l&rsquo;h\u00e9mipl\u00e9gie et les l\u00e9sions de la moelle \u00e9pini\u00e8re&#8230;) et des l\u00e9sions des nerfs p\u00e9riph\u00e9riques (atteinte des plexus nerveux, syndrome du canal carpien, l\u00e9sions nerveuses militaires&#8230;)<\/div><\/div><\/div>\n<div class=\"list_item lists_4 clearfix\"><div class=\"circle\">2<\/div><div class=\"list_right\"><div class=\"desc\">Physioth\u00e9rapie et r\u00e9adaptation pour les amput\u00e9s et les patients p\u00e9diatriques (poliomy\u00e9lite, Infirmit\u00e9 motrice c\u00e9r\u00e9brale&#8230;.), Physioth\u00e9rapie et r\u00e9\u00e9ducation apr\u00e8s chirurgie g\u00e9n\u00e9rale et industrielle, Physioth\u00e9rapie et r\u00e9\u00e9ducation des blessures sportives&#8230;<\/div><\/div><\/div>\n[\/vc_column][\/vc_row][\/vc_section]<\/p>\n<\/div>","protected":false},"excerpt":{"rendered":"<p>[vc_section css=\u00a0\u00bb.vc_custom_1646219483971{padding-top: 15vh !important;}\u00a0\u00bb][vc_row][vc_column][\/vc_column][\/vc_row][vc_row el_class=\u00a0\u00bbcontent-center\u00a0\u00bb][vc_column][\/vc_column][\/vc_row][\/vc_section][vc_section full_width=\u00a0\u00bbstretch_row\u00a0\u00bb css=\u00a0\u00bb.vc_custom_1646041242712{padding-top: 20vh !important;padding-bottom: 20vh !important;background-color: #f4f4f4 !important;}\u00a0\u00bb el_id=\u00a0\u00bb1&Prime;][vc_row][vc_column][\/vc_column][\/vc_row][vc_row rtl_reverse=\u00a0\u00bbyes\u00a0\u00bb][vc_column width=\u00a0\u00bb1\/3&Prime;][\/vc_column][vc_column width=\u00a0\u00bb1\/3&Prime;][vc_column_text]Il comprend de nombreux dispositifs m\u00e9dicaux modernes utilis\u00e9s dans le<span class=\"excerpt-hellip\"> [\u2026]<\/span><\/p>\n","protected":false},"author":1,"featured_media":0,"parent":0,"menu_order":0,"comment_status":"closed","ping_status":"closed","template":"","meta":{"_acf_changed":false,"footnotes":""},"class_list":["post-41627","page","type-page","status-publish","hentry"],"acf":[],"_links":{"self":[{"href":"https:\/\/homs-univ.edu.sy\/fr\/wp-json\/wp\/v2\/pages\/41627","targetHints":{"allow":["GET"]}}],"collection":[{"href":"https:\/\/homs-univ.edu.sy\/fr\/wp-json\/wp\/v2\/pages"}],"about":[{"href":"https:\/\/homs-univ.edu.sy\/fr\/wp-json\/wp\/v2\/types\/page"}],"author":[{"embeddable":true,"href":"https:\/\/homs-univ.edu.sy\/fr\/wp-json\/wp\/v2\/users\/1"}],"replies":[{"embeddable":true,"href":"https:\/\/homs-univ.edu.sy\/fr\/wp-json\/wp\/v2\/comments?post=41627"}],"version-history":[{"count":1,"href":"https:\/\/homs-univ.edu.sy\/fr\/wp-json\/wp\/v2\/pages\/41627\/revisions"}],"predecessor-version":[{"id":41629,"href":"https:\/\/homs-univ.edu.sy\/fr\/wp-json\/wp\/v2\/pages\/41627\/revisions\/41629"}],"wp:attachment":[{"href":"https:\/\/homs-univ.edu.sy\/fr\/wp-json\/wp\/v2\/media?parent=41627"}],"curies":[{"name":"wp","href":"https:\/\/api.w.org\/{rel}","templated":true}]}}