{"id":41646,"date":"2022-04-04T17:58:07","date_gmt":"2022-04-04T14:58:07","guid":{"rendered":"https:\/\/homs-univ.edu.sy\/centre-syro-bielorusse\/"},"modified":"2022-04-04T17:58:07","modified_gmt":"2022-04-04T14:58:07","slug":"centre-syro-bielorusse","status":"publish","type":"page","link":"https:\/\/homs-univ.edu.sy\/fr\/centre-syro-bielorusse\/","title":{"rendered":"Centre syro-bi\u00e9lorusse de coop\u00e9ration scientifique et technique"},"content":{"rendered":"<p>Afin d&rsquo;approfondir les relations d&rsquo;amiti\u00e9 distingu\u00e9es entre la R\u00e9publique arabe syrienne et la R\u00e9publique du B\u00e9larus et conform\u00e9ment \u00e0 l&rsquo;accord sign\u00e9 entre les gouvernements syrien et bi\u00e9lorusse sur la coop\u00e9ration dans le domaine de l&rsquo;\u00e9ducation et de la science le 1er mars 1998 et le programme de coop\u00e9ration entre le Minist\u00e8re de l&rsquo;\u00e9ducation de la R\u00e9publique du B\u00e9larus et les Minist\u00e8res de la culture et de l&rsquo;enseignement sup\u00e9rieur de la R\u00e9publique arabe syrienne sign\u00e9 le 13 avril 2006 et l&rsquo;accord de coop\u00e9ration sign\u00e9 entre l&rsquo;Universit\u00e9 Al-Baath et l&rsquo;Universit\u00e9 nationale du B\u00e9larus, sign\u00e9 le 2 f\u00e9vrier 2010<\/p>\n<p>Le Centre syro-bi\u00e9lorusse de coop\u00e9ration scientifique et technique a \u00e9t\u00e9 ouvert \u00e0 l&rsquo;Universit\u00e9 nationale bi\u00e9lorusse de Minsk en f\u00e9vrier 2010, et par la suite, le Centre syro-bi\u00e9lorusse de coop\u00e9ration scientifique et technique a \u00e9t\u00e9 ouvert \u00e0 l&rsquo;Universit\u00e9 Al-Baath en avril 2016 \u00e0 la pr\u00e9sence du ministre de l&rsquo;Enseignement sup\u00e9rieur et de l&rsquo;ambassadeur de Bi\u00e9lorussie \u00e0 Damas.<\/p>\n<h5><strong>Objectifs du centre<\/strong><\/h5>\n<ol>\n<li>Assurer la communication scientifique et culturelle entre les dipl\u00f4m\u00e9s des universit\u00e9s bi\u00e9lorusses et leurs universit\u00e9s.<\/li>\n<li>Activer le travail scientifique conjoint entre les universit\u00e9s syriennes et bi\u00e9lorusses.<\/li>\n<li>\u00c9change d&rsquo;informations scientifiques, de publications et de p\u00e9riodiques.<\/li>\n<li>Organiser des stages de formation.<\/li>\n<li>Organiser l&rsquo;\u00e9change d&rsquo;\u00e9tudiants, d&rsquo;\u00e9tudiants de troisi\u00e8me cycle et de professeurs dans diverses disciplines.<\/li>\n<li>\u00c9changer des exp\u00e9riences et organiser des cours pour r\u00e9habiliter et \u00e9lever le niveau scientifique et administratif des travailleurs dans le domaine de la science et de la gestion des deux parties.<\/li>\n<\/ol>\n<p>&nbsp;<\/p>\n<h5><strong>Une des activit\u00e9s les plus importantes du centre <\/strong><\/h5>\n<ol>\n<li>Tenue d&rsquo;un symposium \u00ab\u00a0Vision dans la reconstruction de la ville de Homs\u00a0\u00bb le 30\/5\/2016 en coop\u00e9ration avec le gouvernorat de Homs, le syndicat des ing\u00e9nieurs de Homs et la chambre de commerce de Homs.<\/li>\n<li>Un concert a \u00e9t\u00e9 donn\u00e9 par Dimitri Bilyak et Gerges Al-Abdullah de la R\u00e9publique de Bi\u00e9lorussie le 1er mars 2017.<\/li>\n<li>Organisation et tenue d&rsquo;une conf\u00e9rence internationale intitul\u00e9e \u00ab\u00a0Technologies modernes dans la conception et la construction d&rsquo;installations d&rsquo;ing\u00e9nierie\u00a0\u00bb pendant la p\u00e9riode du 27 au 28 septembre 2017. Plus de 90 chercheurs de Syrie, du Liban, d&rsquo;Irak, de France et de Bi\u00e9lorussie ont particip\u00e9 \u00e0 la conf\u00e9rence.<\/li>\n<li>Tenue d&rsquo;un atelier en coop\u00e9ration avec la Soci\u00e9t\u00e9 nationale d&rsquo;administration et de d\u00e9veloppement des ressources humaines sous le titre (Leadership administratif des \u00e9tablissements d&rsquo;enseignement sup\u00e9rieur et l&rsquo;horizon pour leur d\u00e9veloppement) en pr\u00e9sence de l&rsquo;ancien ministre, Dr. Hassan Al-Nouri, le 4\/ 5\/2018.<\/li>\n<li>Tenue d&rsquo;un atelier intitul\u00e9 \u00ab\u00a0Perspectives de coop\u00e9ration dans le domaine des proth\u00e8ses intelligentes\u00a0\u00bb en coop\u00e9ration avec le Centre d&rsquo;\u00c9tat f\u00e9d\u00e9ral pour les proth\u00e8ses \u00e0 Moscou pendant la p\u00e9riode du 23 au 25\/7\/2018.<\/li>\n<li>Participation \u00e0 l&rsquo;organisation et \u00e0 la mise en place de la conf\u00e9rence internationale \u00ab\u00a0Scientific Engineering Research to Support Development and Reconstruction\u00a0\u00bb durant la p\u00e9riode 10-12\/6\/2019.<\/li>\n<li>Assister aux r\u00e9unions de deux d\u00e9l\u00e9gations du minist\u00e8re bi\u00e9lorusse de l&rsquo;enseignement sup\u00e9rieur et en pr\u00e9sence des responsables des \/ 15 \/ universit\u00e9s publiques au si\u00e8ge du minist\u00e8re syrien de l&rsquo;enseignement sup\u00e9rieur et de l&rsquo;universit\u00e9 de Damas pour signer un accord de coop\u00e9ration scientifique d&rsquo;une dur\u00e9e de 5 \/ 5 ann\u00e9es.<\/li>\n<li> Le Centre, en collaboration avec le Centre de comp\u00e9tences et d&rsquo;orientation professionnelle, a organis\u00e9 plusieurs cours de g\u00e9nie sp\u00e9cialis\u00e9 pour les \u00e9tudiants et les dipl\u00f4m\u00e9s des facult\u00e9s de g\u00e9nie.<\/li>\n<\/ol>\n","protected":false},"excerpt":{"rendered":"<p>Afin d&rsquo;approfondir les relations d&rsquo;amiti\u00e9 distingu\u00e9es entre la R\u00e9publique arabe syrienne et la R\u00e9publique du B\u00e9larus et conform\u00e9ment \u00e0 l&rsquo;accord sign\u00e9 entre les gouvernements syrien et<span class=\"excerpt-hellip\"> [\u2026]<\/span><\/p>\n","protected":false},"author":1,"featured_media":0,"parent":0,"menu_order":0,"comment_status":"closed","ping_status":"closed","template":"","meta":{"_acf_changed":false,"footnotes":""},"class_list":["post-41646","page","type-page","status-publish","hentry"],"acf":[],"_links":{"self":[{"href":"https:\/\/homs-univ.edu.sy\/fr\/wp-json\/wp\/v2\/pages\/41646","targetHints":{"allow":["GET"]}}],"collection":[{"href":"https:\/\/homs-univ.edu.sy\/fr\/wp-json\/wp\/v2\/pages"}],"about":[{"href":"https:\/\/homs-univ.edu.sy\/fr\/wp-json\/wp\/v2\/types\/page"}],"author":[{"embeddable":true,"href":"https:\/\/homs-univ.edu.sy\/fr\/wp-json\/wp\/v2\/users\/1"}],"replies":[{"embeddable":true,"href":"https:\/\/homs-univ.edu.sy\/fr\/wp-json\/wp\/v2\/comments?post=41646"}],"version-history":[{"count":0,"href":"https:\/\/homs-univ.edu.sy\/fr\/wp-json\/wp\/v2\/pages\/41646\/revisions"}],"wp:attachment":[{"href":"https:\/\/homs-univ.edu.sy\/fr\/wp-json\/wp\/v2\/media?parent=41646"}],"curies":[{"name":"wp","href":"https:\/\/api.w.org\/{rel}","templated":true}]}}