{"id":45544,"date":"2022-05-10T11:56:16","date_gmt":"2022-05-10T08:56:16","guid":{"rendered":"https:\/\/homs-univ.edu.sy\/les-resultats-d-examens\/"},"modified":"2022-06-08T11:43:04","modified_gmt":"2022-06-08T08:43:04","slug":"resultats-d-examens","status":"publish","type":"page","link":"https:\/\/homs-univ.edu.sy\/fr\/vie-universitaire\/resultats-d-examens\/","title":{"rendered":"R\u00e9sultats d\u2019examens"},"content":{"rendered":"<div class=\"wpb-content-wrapper\"><p>[vc_section full_height=\u00a0\u00bbyes\u00a0\u00bb content_placement=\u00a0\u00bbmiddle\u00a0\u00bb][vc_row][vc_column]<div class=\"fancy_heading fancy_heading_line\"><div class=\"fh-top\"><\/div><h2 class=\"title\">Les r\u00e9sultats d\u2019examens selon le num\u00e9ro \u00e9tudiant<\/h2><\/div>\n[\/vc_column][\/vc_row][vc_row][vc_column][vc_column_text]<\/p>\n<ul>\n<li><a href=\"https:\/\/homs-univ.edu.sy\/fr\/vie-universitaire\/resultats-d-examens\/resultats-d-examens-pour-les-facultes-selon-le-numero-universitaire\/\">Les r\u00e9sultats d\u2019examens pour les facult\u00e9s selon le num\u00e9ro \u00e9tudiant<\/a><\/li>\n<li><a href=\"https:\/\/homs-univ.edu.sy\/fr\/vie-universitaire\/resultats-d-examens\/resultats-d-examens-pour-les-instituts-selon-le-numero-universitaire\/\">Les r\u00e9sultats d\u2019examens pour les instituts selon le num\u00e9ro \u00e9tudiant<\/a><\/li>\n<li><a href=\"https:\/\/homs-univ.edu.sy\/fr\/vie-universitaire\/resultats-d-examens\/resultats-d-examens-programmes-de-l-enseignement-ouvert-selon-le-numero-universitaire\/\">Les r\u00e9sultats d\u2019examens pour les programmes de l&rsquo;enseignement ouvert selon le num\u00e9ro \u00e9tudiant<\/a><\/li>\n<\/ul>\n<p>[\/vc_column_text][\/vc_column][\/vc_row][\/vc_section]<\/p>\n<\/div>","protected":false},"excerpt":{"rendered":"<p>[vc_section full_height=\u00a0\u00bbyes\u00a0\u00bb content_placement=\u00a0\u00bbmiddle\u00a0\u00bb][vc_row][vc_column][\/vc_column][\/vc_row][vc_row][vc_column][vc_column_text] Les r\u00e9sultats d\u2019examens pour les facult\u00e9s selon le num\u00e9ro \u00e9tudiant Les r\u00e9sultats d\u2019examens pour les instituts selon le num\u00e9ro \u00e9tudiant Les r\u00e9sultats d\u2019examens<span class=\"excerpt-hellip\"> [\u2026]<\/span><\/p>\n","protected":false},"author":6,"featured_media":0,"parent":46065,"menu_order":0,"comment_status":"closed","ping_status":"closed","template":"","meta":{"_acf_changed":false,"footnotes":""},"class_list":["post-45544","page","type-page","status-publish","hentry"],"acf":[],"_links":{"self":[{"href":"https:\/\/homs-univ.edu.sy\/fr\/wp-json\/wp\/v2\/pages\/45544","targetHints":{"allow":["GET"]}}],"collection":[{"href":"https:\/\/homs-univ.edu.sy\/fr\/wp-json\/wp\/v2\/pages"}],"about":[{"href":"https:\/\/homs-univ.edu.sy\/fr\/wp-json\/wp\/v2\/types\/page"}],"author":[{"embeddable":true,"href":"https:\/\/homs-univ.edu.sy\/fr\/wp-json\/wp\/v2\/users\/6"}],"replies":[{"embeddable":true,"href":"https:\/\/homs-univ.edu.sy\/fr\/wp-json\/wp\/v2\/comments?post=45544"}],"version-history":[{"count":5,"href":"https:\/\/homs-univ.edu.sy\/fr\/wp-json\/wp\/v2\/pages\/45544\/revisions"}],"predecessor-version":[{"id":47442,"href":"https:\/\/homs-univ.edu.sy\/fr\/wp-json\/wp\/v2\/pages\/45544\/revisions\/47442"}],"up":[{"embeddable":true,"href":"https:\/\/homs-univ.edu.sy\/fr\/wp-json\/wp\/v2\/pages\/46065"}],"wp:attachment":[{"href":"https:\/\/homs-univ.edu.sy\/fr\/wp-json\/wp\/v2\/media?parent=45544"}],"curies":[{"name":"wp","href":"https:\/\/api.w.org\/{rel}","templated":true}]}}