{"id":45736,"date":"2022-05-16T13:24:37","date_gmt":"2022-05-16T10:24:37","guid":{"rendered":"https:\/\/homs-univ.edu.sy\/la-direction-des-systemes-d-information-et-des-communications\/"},"modified":"2022-05-16T13:24:39","modified_gmt":"2022-05-16T10:24:39","slug":"la-direction-des-systemes-d-information-et-des-communications","status":"publish","type":"page","link":"https:\/\/homs-univ.edu.sy\/fr\/la-direction-des-systemes-d-information-et-des-communications\/","title":{"rendered":"La Direction des Syst\u00e8mes d\u2019information et des Communications"},"content":{"rendered":"<div class=\"wpb-content-wrapper\"><p>[vc_section][vc_row][vc_column]<div class=\"fancy_heading fancy_heading_icon\"><div class=\"fh-top\"><\/div><h2 class=\"title\">Sections de la Direction des Syst\u00e8mes d\u2019Information<\/h2><\/div>\n[\/vc_column][\/vc_row][\/vc_section][vc_row][vc_column width=\u00a0\u00bb1\/5&Prime;]<div class=\"list_item lists_4 clearfix\"><div class=\"circle\">5<\/div><div class=\"list_right\"><div class=\"desc\">Section des services \u00e9lectroniques<\/div><\/div><\/div>\n[vc_column_text]<\/p>\n<p style=\"direction: rtl;\">Elle comprend: La sous-section du guichet automatique bancaire Section de la conception publicitaire<\/p>\n<p>[\/vc_column_text][\/vc_column][vc_column width=\u00a0\u00bb1\/5&Prime;]<div class=\"list_item lists_4 clearfix\"><div class=\"circle\">4<\/div><div class=\"list_right\"><div class=\"desc\">Section de maintenance<\/div><\/div><\/div>\n[\/vc_column][vc_column width=\u00a0\u00bb1\/5&Prime;]<div class=\"list_item lists_4 clearfix\"><div class=\"circle\">3<\/div><div class=\"list_right\"><div class=\"desc\">Section du r\u00e9seau<\/div><\/div><\/div>\n[\/vc_column][vc_column width=\u00a0\u00bb1\/5&Prime;]<div class=\"list_item lists_4 clearfix\"><div class=\"circle\">2<\/div><div class=\"list_right\"><div class=\"desc\">Section des \u00e9tudes<\/div><\/div><\/div>\n[\/vc_column][vc_column width=\u00a0\u00bb1\/5&Prime;]<div class=\"list_item lists_4 clearfix\"><div class=\"circle\">1<\/div><div class=\"list_right\"><div class=\"desc\">Section de programmation<\/div><\/div><\/div>\n[\/vc_column][\/vc_row][vc_section][vc_row][vc_column]<div class=\"fancy_heading fancy_heading_icon\"><div class=\"fh-top\"><\/div><h2 class=\"title\">\u0645\u0647\u0627\u0645 \u0627\u0644\u0645\u062f\u064a\u0631\u064a\u0629<\/h2><\/div>\n[\/vc_column][\/vc_row][vc_row][vc_column][vc_column_text]<\/p>\n<ul>\n<li>Entretenir tous les \u00e9quipements informatiques (ordinateurs, imprimantes, scanners, photocopieurs, fax et cam\u00e9ras) existant aux facult\u00e9s de l\u2019universit\u00e9.<\/li>\n<li>Description du mat\u00e9riel informatique conform\u00e9ment aux normes modernes<\/li>\n<li>S\u2019occuper du site \u00e9lectronique de l\u2019universit\u00e9<\/li>\n<li>R\u00e9aliser une \u00e9tude pour fournir un c\u00e2ble fibre et une armoire ind\u00e9pendante d\u2019\u00e9quipement informatique pour le b\u00e2timent de l\u2019H\u00f4pital Universitaire.<\/li>\n<li>Assurer des points d\u2019acc\u00e8s Internet dans les facult\u00e9s de l\u2019universit\u00e9 et le b\u00e2timent de l\u2019administration centrale.<\/li>\n<li>Fournir des points d\u2019acc\u00e8s internet pour toutes les facult\u00e9s de l&rsquo;universit\u00e9<\/li>\n<li>&#8211; Suivre le programme des affaires \u00e9tudiantes et des examens et entrer les donn\u00e9es pour que l\u2019\u00e9tudiant puisse avoir (un relev\u00e9 de notes, une attestation de fin d\u2019\u00e9tudes et un certificat de scolarit\u00e9\u2026)<\/li>\n<li>Programme du concours d&rsquo;admission aux \u00e9tudes sup\u00e9rieures : Coordonner avec la section des \u00e9tudes sup\u00e9rieures pour suivre le concours d\u2019admission de fa\u00e7on optimale.<\/li>\n<li>Un logiciel de gestion d&rsquo;entrep\u00f4t: Organiser des notes dans l\u2019entrep\u00f4t de la Facult\u00e9 d\u2019\u00c9ducation Musicale pour suivre les mouvements mensuels de stock, faciliter les entr\u00e9s et les sorties de stock et effectuer le rapport d\u2019inventaire \u00e9mis par le programme dans la Section des Entrep\u00f4t.<\/li>\n<li>Logiciel d&rsquo;automatisation des biblioth\u00e8ques : Les donn\u00e9es de la biblioth\u00e8que centrale sont d\u00e9sormais coordonn\u00e9es pour \u00eatre import\u00e9es dans le logiciel de la biblioth\u00e8que apr\u00e8s avoir termin\u00e9 les op\u00e9rations de maintenance dans la biblioth\u00e8que centrale.<\/li>\n<li>Logiciel d&rsquo;automatisation de la paie : &#8211; Suivre le logiciel d&rsquo;automatisation de la paie avec les accr\u00e9dit\u00e9s qui ne l\u2019utilisent pas encore. Certains accr\u00e9dit\u00e9s affrontent quelques probl\u00e8mes avec le logiciel, cependant, les autres l\u2019utilisent bien dans leurs travaux. <strong><u>. <\/u><\/strong><\/li>\n<li>Pr\u00e9parer et imprimer les tableaux de paie des salari\u00e9s et entrer les retenues<\/li>\n<li>Concevoir et imprimer les publicit\u00e9s et les brochures des conf\u00e9rences tenues \u00e0 l\u2019universit\u00e9.<\/li>\n<\/ul>\n<p>[\/vc_column_text][\/vc_column][\/vc_row][\/vc_section]<\/p>\n<\/div>","protected":false},"excerpt":{"rendered":"<p>[vc_section][vc_row][vc_column][\/vc_column][\/vc_row][\/vc_section][vc_row][vc_column width=\u00a0\u00bb1\/5&Prime;][vc_column_text] Elle comprend: La sous-section du guichet automatique bancaire Section de la conception publicitaire [\/vc_column_text][\/vc_column][vc_column width=\u00a0\u00bb1\/5&Prime;][\/vc_column][vc_column width=\u00a0\u00bb1\/5&Prime;][\/vc_column][vc_column width=\u00a0\u00bb1\/5&Prime;][\/vc_column][vc_column width=\u00a0\u00bb1\/5&Prime;][\/vc_column][\/vc_row][vc_section][vc_row][vc_column][\/vc_column][\/vc_row][vc_row][vc_column][vc_column_text] Entretenir tous les \u00e9quipements informatiques (ordinateurs,<span class=\"excerpt-hellip\"> [\u2026]<\/span><\/p>\n","protected":false},"author":11,"featured_media":0,"parent":0,"menu_order":0,"comment_status":"closed","ping_status":"closed","template":"","meta":{"_acf_changed":false,"footnotes":""},"class_list":["post-45736","page","type-page","status-publish","hentry"],"acf":[],"_links":{"self":[{"href":"https:\/\/homs-univ.edu.sy\/fr\/wp-json\/wp\/v2\/pages\/45736","targetHints":{"allow":["GET"]}}],"collection":[{"href":"https:\/\/homs-univ.edu.sy\/fr\/wp-json\/wp\/v2\/pages"}],"about":[{"href":"https:\/\/homs-univ.edu.sy\/fr\/wp-json\/wp\/v2\/types\/page"}],"author":[{"embeddable":true,"href":"https:\/\/homs-univ.edu.sy\/fr\/wp-json\/wp\/v2\/users\/11"}],"replies":[{"embeddable":true,"href":"https:\/\/homs-univ.edu.sy\/fr\/wp-json\/wp\/v2\/comments?post=45736"}],"version-history":[{"count":1,"href":"https:\/\/homs-univ.edu.sy\/fr\/wp-json\/wp\/v2\/pages\/45736\/revisions"}],"predecessor-version":[{"id":45740,"href":"https:\/\/homs-univ.edu.sy\/fr\/wp-json\/wp\/v2\/pages\/45736\/revisions\/45740"}],"wp:attachment":[{"href":"https:\/\/homs-univ.edu.sy\/fr\/wp-json\/wp\/v2\/media?parent=45736"}],"curies":[{"name":"wp","href":"https:\/\/api.w.org\/{rel}","templated":true}]}}