{"id":46065,"date":"2018-12-19T18:02:53","date_gmt":"2018-12-19T16:02:53","guid":{"rendered":"https:\/\/homs-univ.edu.sy\/la-vie-universitaire\/"},"modified":"2022-06-06T18:23:42","modified_gmt":"2022-06-06T15:23:42","slug":"vie-universitaire","status":"publish","type":"page","link":"https:\/\/homs-univ.edu.sy\/fr\/vie-universitaire\/","title":{"rendered":"Vie universitaire"},"content":{"rendered":"<div class=\"wpb-content-wrapper\"><p>[vc_row full_height=\u00a0\u00bbyes\u00a0\u00bb css=\u00a0\u00bb.vc_custom_1654460036221{padding-top: 50px !important;padding-bottom: 50px !important;}\u00a0\u00bb el_class=\u00a0\u00bbcontent-center\u00a0\u00bb][vc_column]<a class=\"mfn-link mfn-link-7 scroll\" href=\"https:\/\/homs-univ.edu.sy\/\u0627\u0644\u0646\u062a\u0627\u0626\u062c-\u0627\u0644\u0627\u0645\u062a\u062d\u0627\u0646\u064a\u0629\" style=\"\" data-hover=\"Les r\u00e9sultats des examens\"   ><span data-hover=\"Les r\u00e9sultats des examens\">Les r\u00e9sultats des examens<\/span><\/a><a class=\"mfn-link mfn-link-7 scroll\" href=\"https:\/\/homs-univ.edu.sy\/\u0627\u0644\u062d\u064a\u0627\u0629-\u0627\u0644\u062c\u0627\u0645\u0639\u064a\u0629\/\u0627\u0644\u0645\u0643\u062a\u0628\u0629\/\" style=\"\" data-hover=\"la biblioth\u00e8que\" target=\"_blank\"  ><span data-hover=\"la biblioth\u00e8que\">la biblioth\u00e8que<\/span><\/a><a class=\"mfn-link mfn-link-7 scroll\" href=\"https:\/\/homs-univ.edu.sy\/\u0627\u0644\u062d\u064a\u0627\u0629-\u0627\u0644\u062c\u0627\u0645\u0639\u064a\u0629\/\u0627\u0644\u0645\u062f\u064a\u0646\u0629-\u0627\u0644\u062c\u0627\u0645\u0639\u064a\u0629\" style=\"\" data-hover=\"Le cit\u00e9 universitaire\" target=\"_blank\"  ><span data-hover=\"Le cit\u00e9 universitaire\">Le cit\u00e9 universitaire<\/span><\/a><a class=\"mfn-link mfn-link-7 scroll\" href=\"https:\/\/homs-univ.edu.sy\/\u0627\u0644\u062d\u064a\u0627\u0629-\u0627\u0644\u062c\u0627\u0645\u0639\u064a\u0629\/\u0627\u0644\u0623\u0646\u0634\u0637\u0629-\u0627\u0644\u0637\u0644\u0627\u0628\u064a\u0629\" style=\"\" data-hover=\"Les activit\u00e9s \u00e9tudiantes\" target=\"_blank\"  ><span data-hover=\"Les activit\u00e9s \u00e9tudiantes\">Les activit\u00e9s \u00e9tudiantes<\/span><\/a>[\/vc_column][\/vc_row][vc_row disable_element=\u00a0\u00bbyes\u00a0\u00bb css=\u00a0\u00bb.vc_custom_1640248446053{padding-bottom: 50px !important;}\u00a0\u00bb el_class=\u00a0\u00bbcontent-center\u00a0\u00bb][vc_column width=\u00a0\u00bb1\/5&Prime;]<a class=\"mfn-link mfn-link-7 \" href=\"https:\/\/homs-univ.edu.sy\/\u0627\u0644\u062d\u064a\u0627\u0629-\u0627\u0644\u062c\u0627\u0645\u0639\u064a\u0629\/\u062c\u0648\u0644\u0629-\u0641\u064a-\u0627\u0644\u062c\u0627\u0645\u0639\u0629\" style=\"\" data-hover=\"Visiter le campus de l&#039;universit\u00e9\" target=\"_blank\"  ><span data-hover=\"Visiter le campus de l&#039;universit\u00e9\">Visiter le campus de l&#039;universit\u00e9<\/span><\/a>[\/vc_column][vc_column width=\u00a0\u00bb1\/5&Prime;]<a class=\"mfn-link mfn-link-7 \" href=\"https:\/\/homs-univ.edu.sy\/\u0627\u0644\u062d\u064a\u0627\u0629-\u0627\u0644\u062c\u0627\u0645\u0639\u064a\u0629\/\u0631\u062d\u0644\u0627\u062a-\u0639\u0644\u0645\u064a\u0629\" style=\"\" data-hover=\"Les voyages scientifiques\" target=\"_blank\"  ><span data-hover=\"Les voyages scientifiques\">Les voyages scientifiques<\/span><\/a>[\/vc_column][vc_column width=\u00a0\u00bb1\/5&Prime;]<a class=\"mfn-link mfn-link-7 \" href=\"https:\/\/homs-univ.edu.sy\/\u0627\u0644\u062d\u064a\u0627\u0629-\u0627\u0644\u062c\u0627\u0645\u0639\u064a\u0629\/\u0645\u0639\u0633\u0643\u0631\u0627\u062a-\u0625\u0646\u062a\u0627\u062c\u064a\u0629\" style=\"\" data-hover=\"les Camps productifs\" target=\"_blank\"  ><span data-hover=\"les Camps productifs\">les Camps productifs<\/span><\/a>[\/vc_column][vc_column width=\u00a0\u00bb1\/5&Prime;]<a class=\"mfn-link mfn-link-7 \" href=\"https:\/\/homs-univ.edu.sy\/\u0627\u0644\u062d\u064a\u0627\u0629-\u0627\u0644\u062c\u0627\u0645\u0639\u064a\u0629\/\u062d\u0641\u0644\u0627\u062a-\u062a\u0643\u0631\u064a\u0645-\u0627\u0644\u0637\u0644\u0627\u0628\" style=\"\" data-hover=\"Les c\u00e9r\u00e9monies de remise des dipl\u00f4mes\" target=\"_blank\"  ><span data-hover=\"Les c\u00e9r\u00e9monies de remise des dipl\u00f4mes\">Les c\u00e9r\u00e9monies de remise des dipl\u00f4mes<\/span><\/a><a class=\"mfn-link mfn-link-7 \" href=\"https:\/\/homs-univ.edu.sy\/\u0627\u0644\u062d\u064a\u0627\u0629-\u0627\u0644\u062c\u0627\u0645\u0639\u064a\u0629\/\u0627\u0644\u0631\u064a\u0627\u0636\u0629\" style=\"\" data-hover=\"Le sport\" target=\"_blank\"  ><span data-hover=\"Le sport\">Le sport<\/span><\/a>[\/vc_column][vc_column width=\u00a0\u00bb1\/5&Prime;]<a class=\"mfn-link mfn-link-7 scroll\" href=\"https:\/\/homs-univ.edu.sy\/\u0627\u0644\u062d\u064a\u0627\u0629-\u0627\u0644\u062c\u0627\u0645\u0639\u064a\u0629\/\u062a\u0628\u0627\u062f\u0644-\u0637\u0644\u0627\u0628\u064a\/\" style=\"\" data-hover=\"L&#039;\u00e9change-\u00e9tudiant\" target=\"_blank\"  ><span data-hover=\"L&#039;\u00e9change-\u00e9tudiant\">L&#039;\u00e9change-\u00e9tudiant<\/span><\/a>[\/vc_column][\/vc_row]<\/p>\n<\/div>","protected":false},"excerpt":{"rendered":"<p>[vc_row full_height=\u00a0\u00bbyes\u00a0\u00bb css=\u00a0\u00bb.vc_custom_1654460036221{padding-top: 50px !important;padding-bottom: 50px !important;}\u00a0\u00bb el_class=\u00a0\u00bbcontent-center\u00a0\u00bb][vc_column][\/vc_column][\/vc_row][vc_row disable_element=\u00a0\u00bbyes\u00a0\u00bb css=\u00a0\u00bb.vc_custom_1640248446053{padding-bottom: 50px !important;}\u00a0\u00bb el_class=\u00a0\u00bbcontent-center\u00a0\u00bb][vc_column width=\u00a0\u00bb1\/5&Prime;][\/vc_column][vc_column width=\u00a0\u00bb1\/5&Prime;][\/vc_column][vc_column width=\u00a0\u00bb1\/5&Prime;][\/vc_column][vc_column width=\u00a0\u00bb1\/5&Prime;][\/vc_column][vc_column width=\u00a0\u00bb1\/5&Prime;][\/vc_column][\/vc_row]<\/p>\n","protected":false},"author":1,"featured_media":0,"parent":0,"menu_order":0,"comment_status":"closed","ping_status":"closed","template":"","meta":{"_acf_changed":false,"footnotes":""},"class_list":["post-46065","page","type-page","status-publish","hentry"],"acf":[],"_links":{"self":[{"href":"https:\/\/homs-univ.edu.sy\/fr\/wp-json\/wp\/v2\/pages\/46065","targetHints":{"allow":["GET"]}}],"collection":[{"href":"https:\/\/homs-univ.edu.sy\/fr\/wp-json\/wp\/v2\/pages"}],"about":[{"href":"https:\/\/homs-univ.edu.sy\/fr\/wp-json\/wp\/v2\/types\/page"}],"author":[{"embeddable":true,"href":"https:\/\/homs-univ.edu.sy\/fr\/wp-json\/wp\/v2\/users\/1"}],"replies":[{"embeddable":true,"href":"https:\/\/homs-univ.edu.sy\/fr\/wp-json\/wp\/v2\/comments?post=46065"}],"version-history":[{"count":4,"href":"https:\/\/homs-univ.edu.sy\/fr\/wp-json\/wp\/v2\/pages\/46065\/revisions"}],"predecessor-version":[{"id":47114,"href":"https:\/\/homs-univ.edu.sy\/fr\/wp-json\/wp\/v2\/pages\/46065\/revisions\/47114"}],"wp:attachment":[{"href":"https:\/\/homs-univ.edu.sy\/fr\/wp-json\/wp\/v2\/media?parent=46065"}],"curies":[{"name":"wp","href":"https:\/\/api.w.org\/{rel}","templated":true}]}}