{"id":46144,"date":"2018-12-19T11:12:34","date_gmt":"2018-12-19T09:12:34","guid":{"rendered":"https:\/\/homs-univ.edu.sy\/a-propos-de-l-universite-2\/facultes-et-instituts\/"},"modified":"2025-07-07T12:11:01","modified_gmt":"2025-07-07T09:11:01","slug":"facultes-et-instituts","status":"publish","type":"page","link":"https:\/\/homs-univ.edu.sy\/fr\/notre-universite\/facultes-et-instituts\/","title":{"rendered":"Facult\u00e9s et instituts"},"content":{"rendered":"<div class=\"wpb-content-wrapper\"><p>[vc_row][vc_column][vc_column_text]<\/p>\n<h1 style=\"text-align: center;\"><a style=\"color: #dd3333;\" href=\"https:\/\/homs-univ.edu.sy\/fr\/enseignement\/facultes\/\">Facult\u00e9s<\/a><\/h1>\n<p>[\/vc_column_text][\/vc_column][\/vc_row][vc_row rtl_reverse=\u00a0\u00bbyes\u00a0\u00bb][vc_column width=\u00a0\u00bb1\/3&Prime;][vc_column_text]<\/p>\n<h3>Sciences M\u00e9dicales<\/h3>\n<ul style=\"margin-right: 50px;\">\n<li><a href=\"https:\/\/homs-univ.edu.sy\/medical\/\" target=\"_blank\" rel=\"noopener\">Ann\u00e9e pr\u00e9paratoire pour les facult\u00e9s m\u00e9dicales<\/a><\/li>\n<li><a href=\"https:\/\/homs-univ.edu.sy\/med\/\" target=\"_blank\" rel=\"noopener\">La Facult\u00e9 de M\u00e9decine<\/a><\/li>\n<li><a href=\"https:\/\/homs-univ.edu.sy\/den\/\" target=\"_blank\" rel=\"noopener\">La Facult\u00e9 d&rsquo;Odontologie<\/a><\/li>\n<li><a href=\"https:\/\/homs-univ.edu.sy\/pharmacy\/\" target=\"_blank\" rel=\"noopener\">La Facult\u00e9 de Pharmacie<\/a><\/li>\n<li><a href=\"https:\/\/homs-univ.edu.sy\/healthy\/\" target=\"_blank\" rel=\"noopener\">La Facult\u00e9 des Sciences de la Sant\u00e9<\/a><\/li>\n<\/ul>\n<p>[\/vc_column_text][\/vc_column][vc_column width=\u00a0\u00bb1\/3&Prime;][vc_column_text]<\/p>\n<h3>Les sciences d&rsquo;ing\u00e9nierie<\/h3>\n<ul style=\"margin-right: 50px;\">\n<li><a href=\"https:\/\/homs-univ.edu.sy\/it\/\" target=\"_blank\" rel=\"noopener\">La Facult\u00e9 de G\u00e9nie Informatique<\/a><\/li>\n<li><a href=\"https:\/\/homs-univ.edu.sy\/civil\" target=\"_blank\" rel=\"noopener\">La Facult\u00e9 de G\u00e9nie Civil<\/a><\/li>\n<li><a href=\"http:\/\/homs-univ.edu.sy\/archi\/\" target=\"_blank\" rel=\"noopener\">La Facult\u00e9 d&rsquo;Architecture<\/a><\/li>\n<li><a href=\"https:\/\/homs-univ.edu.sy\/petro\/\" target=\"_blank\" rel=\"noopener\">La Facult\u00e9 de G\u00e9nie Chimique et P\u00e9trolier<\/a><\/li>\n<li><a href=\"https:\/\/homs-univ.edu.sy\/mec\" target=\"_blank\" rel=\"noopener\">La Facult\u00e9 de G\u00e9nie M\u00e9canique et \u00c9lectrique<\/a><\/li>\n<li><a href=\"http:\/\/homs-univ.edu.sy\/agri\/\" target=\"_blank\" rel=\"noopener\">La Facult\u00e9 de G\u00e9nie Agricole<\/a><\/li>\n<li><a href=\"http:\/\/homs-univ.edu.sy\/applied\/\" target=\"_blank\" rel=\"noopener\">La Facult\u00e9 d&rsquo;Application<\/a><\/li>\n<\/ul>\n<p>[\/vc_column_text][\/vc_column][vc_column width=\u00a0\u00bb1\/3&Prime;][vc_column_text]<\/p>\n<h3>Les sciences humaines<\/h3>\n<ul style=\"margin-right: 50px;\">\n<li><a href=\"http:\/\/homs-univ.edu.sy\/humanities\/\" target=\"_blank\" rel=\"noopener\">la Facult\u00e9 des Lettres et des Sciences Humaines<\/a><\/li>\n<li><a href=\"https:\/\/homs-univ.edu.sy\/law\" target=\"_blank\" rel=\"noopener\">La Facult\u00e9 de Droit<\/a><\/li>\n<li><a href=\"http:\/\/homs-univ.edu.sy\/tourism\/\" target=\"_blank\" rel=\"noopener\">La Facult\u00e9 de Tourisme<\/a><\/li>\n<li><a href=\"https:\/\/homs-univ.edu.sy\/fr\/enseignement\/\" target=\"_blank\" rel=\"noopener\">La Facult\u00e9 d&rsquo;\u00c9ducation<\/a><\/li>\n<li><a href=\"https:\/\/homs-univ.edu.sy\/education2\/\" target=\"_blank\" rel=\"noopener\">La Facult\u00e9 d&rsquo;\u00c9ducation (Palmyre)<\/a><\/li>\n<li><a href=\"http:\/\/homs-univ.edu.sy\/music\/\" target=\"_blank\" rel=\"noopener\">La Facult\u00e9 d&rsquo;\u00c9ducation Musicale<\/a><\/li>\n<\/ul>\n<p>[\/vc_column_text][\/vc_column][\/vc_row][vc_row rtl_reverse=\u00a0\u00bbyes\u00a0\u00bb][vc_column width=\u00a0\u00bb1\/3&Prime;][vc_column_text]<\/p>\n<h3>Les sciences \u00e9conomiques<\/h3>\n<ul style=\"margin-right: 50px;\">\n<li><a href=\"https:\/\/homs-univ.edu.sy\/economy\/\" target=\"_blank\" rel=\"noopener\">La Facult\u00e9 d&rsquo;\u00c9conomie<\/a><\/li>\n<\/ul>\n<p>[\/vc_column_text][\/vc_column][vc_column width=\u00a0\u00bb1\/3&Prime;][vc_column_text]<\/p>\n<h3>Les sciences fondamentales<\/h3>\n<ul style=\"margin-right: 50px;\">\n<li><a href=\"https:\/\/homs-univ.edu.sy\/science\/\" target=\"_blank\" rel=\"noopener\">La Facult\u00e9 des Sciences<\/a><\/li>\n<li><a href=\"https:\/\/homs-univ.edu.sy\/science2\/\" target=\"_blank\" rel=\"noopener\">La Facult\u00e9 des Sciences -2-<\/a><\/li>\n<\/ul>\n<p>[\/vc_column_text][\/vc_column][vc_column width=\u00a0\u00bb1\/3&Prime;][\/vc_column][\/vc_row][vc_row][vc_column][\/vc_column][\/vc_row][vc_row][vc_column][vc_column_text]<\/p>\n<h1 style=\"text-align: center;\"><a style=\"color: #dd3333;\" href=\"https:\/\/homs-univ.edu.sy\/fr\/enseignement\/les-instituts\/\">Instituts<\/a><\/h1>\n<p>[\/vc_column_text][\/vc_column][\/vc_row][vc_row rtl_reverse=\u00a0\u00bbyes\u00a0\u00bb][vc_column width=\u00a0\u00bb1\/2&Prime;][vc_column_text]<\/p>\n<h3>Les Instituts interm\u00e9diaires<\/h3>\n<ul style=\"margin-right: 50px;\">\n<li><a href=\"https:\/\/homs-univ.edu.sy\/institute\/%D8%A7%D9%84%D9%85%D8%B9%D9%87%D8%AF-%D8%A7%D9%84%D8%AA%D9%82%D8%A7%D9%86%D9%8A-%D9%84%D9%84%D8%AD%D8%A7%D8%B3%D9%88%D8%A8\" target=\"_blank\" rel=\"noopener\">L\u2019Institut Technique de l\u2019Informatique<\/a><\/li>\n<li><a href=\"https:\/\/homs-univ.edu.sy\/institute\/%d8%a7%d9%84%d9%85%d8%b9%d9%87%d8%af-%d8%a7%d9%84%d8%aa%d9%82%d8%a7%d9%86%d9%8a-%d8%a7%d9%84%d9%87%d9%86%d8%af%d8%b3%d9%8a\" target=\"_blank\" rel=\"noopener\">L&rsquo;Institut Technique d&rsquo;Ing\u00e9nierie<\/a><\/li>\n<li><a href=\"https:\/\/homs-univ.edu.sy\/institute\/%d8%a7%d9%84%d9%85%d8%b9%d9%87%d8%af-%d8%a7%d9%84%d8%aa%d9%82%d8%a7%d9%86%d9%8a-%d8%a7%d9%84%d8%b2%d8%b1%d8%a7%d8%b9%d9%8a\" target=\"_blank\" rel=\"noopener\">L&rsquo;Institut Technique Agricole<\/a><\/li>\n<li><a href=\"https:\/\/homs-univ.edu.sy\/institute\/%d9%85%d8%b9%d9%87%d8%af-%d8%b4%d8%a4%d9%88%d9%86-%d8%a7%d9%84%d8%a8%d8%a7%d8%af%d9%8a%d8%a9-%d9%88%d8%a7%d9%84%d8%aa%d8%b5%d8%ad%d8%b1\" target=\"_blank\" rel=\"noopener\">L&rsquo;Institut Technique pour les \u00c9tudes des Zones Arides et des Terres S\u00e8ches<\/a><\/li>\n<\/ul>\n<p>[\/vc_column_text][\/vc_column][vc_column width=\u00a0\u00bb1\/2&Prime;][vc_column_text]<\/p>\n<h3>Les instituts sup\u00e9rieurs<\/h3>\n<ul style=\"margin-right: 50px;\">\n<li><a href=\"https:\/\/homs-univ.edu.sy\/institute\/%d8%a7%d9%84%d9%85%d8%b9%d9%87%d8%af-%d8%a7%d9%84%d8%b9%d8%a7%d9%84%d9%8a-%d9%84%d9%84%d8%ba%d8%a7%d8%aa\" target=\"_blank\" rel=\"noopener\">L&rsquo;Institut Sup\u00e9rieur des Langues<\/a><\/li>\n<li>L&rsquo;Institut Sup\u00e9rieur de Gestion de l&rsquo;Eau<\/li>\n<\/ul>\n<p>[\/vc_column_text][\/vc_column][\/vc_row][vc_row][vc_column][\/vc_column][\/vc_row]<\/p>\n<\/div>","protected":false},"excerpt":{"rendered":"<p>[vc_row][vc_column][vc_column_text] Facult\u00e9s [\/vc_column_text][\/vc_column][\/vc_row][vc_row rtl_reverse=\u00a0\u00bbyes\u00a0\u00bb][vc_column width=\u00a0\u00bb1\/3&Prime;][vc_column_text] Sciences M\u00e9dicales Ann\u00e9e pr\u00e9paratoire pour les facult\u00e9s m\u00e9dicales La Facult\u00e9 de M\u00e9decine La Facult\u00e9 d&rsquo;Odontologie La Facult\u00e9 de Pharmacie La Facult\u00e9<span class=\"excerpt-hellip\"> [\u2026]<\/span><\/p>\n","protected":false},"author":1,"featured_media":0,"parent":45532,"menu_order":0,"comment_status":"closed","ping_status":"closed","template":"","meta":{"_acf_changed":false,"footnotes":""},"class_list":["post-46144","page","type-page","status-publish","hentry"],"acf":[],"_links":{"self":[{"href":"https:\/\/homs-univ.edu.sy\/fr\/wp-json\/wp\/v2\/pages\/46144","targetHints":{"allow":["GET"]}}],"collection":[{"href":"https:\/\/homs-univ.edu.sy\/fr\/wp-json\/wp\/v2\/pages"}],"about":[{"href":"https:\/\/homs-univ.edu.sy\/fr\/wp-json\/wp\/v2\/types\/page"}],"author":[{"embeddable":true,"href":"https:\/\/homs-univ.edu.sy\/fr\/wp-json\/wp\/v2\/users\/1"}],"replies":[{"embeddable":true,"href":"https:\/\/homs-univ.edu.sy\/fr\/wp-json\/wp\/v2\/comments?post=46144"}],"version-history":[{"count":10,"href":"https:\/\/homs-univ.edu.sy\/fr\/wp-json\/wp\/v2\/pages\/46144\/revisions"}],"predecessor-version":[{"id":85430,"href":"https:\/\/homs-univ.edu.sy\/fr\/wp-json\/wp\/v2\/pages\/46144\/revisions\/85430"}],"up":[{"embeddable":true,"href":"https:\/\/homs-univ.edu.sy\/fr\/wp-json\/wp\/v2\/pages\/45532"}],"wp:attachment":[{"href":"https:\/\/homs-univ.edu.sy\/fr\/wp-json\/wp\/v2\/media?parent=46144"}],"curies":[{"name":"wp","href":"https:\/\/api.w.org\/{rel}","templated":true}]}}