{"id":46163,"date":"2021-04-28T12:29:04","date_gmt":"2021-04-28T09:29:04","guid":{"rendered":"https:\/\/homs-univ.edu.sy\/les-services-communautaires\/"},"modified":"2025-04-07T12:16:53","modified_gmt":"2025-04-07T09:16:53","slug":"services-communautaires","status":"publish","type":"page","link":"https:\/\/homs-univ.edu.sy\/fr\/services-communautaires\/","title":{"rendered":"Services communautaires"},"content":{"rendered":"<div class=\"wpb-content-wrapper\"><p>[vc_row][vc_column]<div class=\"fancy_heading fancy_heading_line\"><div class=\"fh-top\"><\/div><h2 class=\"title\">\u0647\u064a\u0626\u0627\u062a \u0648\u0645\u0631\u0627\u0643\u0632 \u0645\u062d\u062a\u0636\u0646\u0629 \u0641\u064a \u062c\u0627\u0645\u0639\u0629 \u062d\u0645\u0635<\/h2><\/div>\n[vc_column_text]<\/p>\n<ul>\n<li><a href=\"http:\/\/albaath-hospital.edu.sy\/\" rel=\"nofollow noopener\" target=\"_blank\">\u0645\u0633\u062a\u0634\u0641\u0649 \u062c\u0627\u0645\u0639\u0629 \u062d\u0645\u0635<\/a><\/li>\n<li><a href=\"https:\/\/homs-univ.edu.sy\/fr\/le-centre-de-services-aux-citoyens\/\">\u0645\u0631\u0643\u0632 \u062e\u062f\u0645\u0629 \u0627\u0644\u0645\u0648\u0627\u0637\u0646<\/a><\/li>\n<li><a href=\"https:\/\/homs-univ.edu.sy\/fr\/services-communautaires\/incubateur-des-technologies-de-l-tnformation-et-de-la-communication\/\">\u062d\u0627\u0636\u0646\u0629 \u062a\u0642\u0627\u0646\u0629 \u0627\u0644\u0645\u0639\u0644\u0648\u0645\u0627\u062a \u0648\u0627\u0644\u0627\u062a\u0635\u0627\u0644\u0627\u062a<\/a><\/li>\n<li><a href=\"https:\/\/homs-univ.edu.sy\/fr\/le-centre-d-ajournement-du-cervice-militaire\/\">\u0645\u0631\u0643\u0632 \u0627\u0644\u062a\u0623\u062c\u064a\u0644 \u0627\u0644\u062f\u0631\u0627\u0633\u064a<\/a><\/li>\n<\/ul>\n<div id=\"gtx-trans\" style=\"position: absolute; left: 39px; top: 36.6px;\">\n<div class=\"gtx-trans-icon\"><\/div>\n<\/div>\n<p>[\/vc_column_text][vc_separator]<div class=\"fancy_heading fancy_heading_line\"><div class=\"fh-top\"><\/div><h2 class=\"title\">\u0648\u062d\u062f\u0627\u062a \u0627\u0644\u0639\u0645\u0644 \u0627\u0644\u0645\u0647\u0646\u064a \u0641\u064a \u062c\u0627\u0645\u0639\u0629 \u062d\u0645\u0635<\/h2><\/div>\n[\/vc_column][\/vc_row][vc_row][vc_column width=\u00a0\u00bb1\/2&Prime;][vc_column_text]<\/p>\n<ul>\n<li>Unit\u00e9 de travail professionnel \u00e0 la Facult\u00e9 d&rsquo;\u00c9ducation Musicale<\/li>\n<li>Unit\u00e9 de travail professionnel \u00e0 la Facult\u00e9 de G\u00e9nie Agricole<\/li>\n<li>Unit\u00e9 de travail professionnel \u00e0 la Facult\u00e9 d&rsquo;\u00c9ducation 1<\/li>\n<li>Unit\u00e9 de travail professionnel \u00e0 la Facult\u00e9 d&rsquo; d&rsquo;\u00c9ducation 2<\/li>\n<li>Unit\u00e9 de travail professionnel \u00e0 la Facult\u00e9 des Lettres et des Sciences Humaines<\/li>\n<li>Unit\u00e9 de travail professionnel \u00e0 l&rsquo;Institut Sup\u00e9rieur des Langues<\/li>\n<li>Unit\u00e9 de travail professionnel \u00e0 la Facult\u00e9 des Sciences de la Sant\u00e9<\/li>\n<li>Unit\u00e9 de travail professionnel \u00e0 la Facult\u00e9 d&rsquo;\u00c9conomie<\/li>\n<li>Unit\u00e9 de travail professionnel \u00e0 la Facult\u00e9 de Droit<\/li>\n<\/ul>\n<p>[\/vc_column_text][\/vc_column][vc_column width=\u00a0\u00bb1\/2&Prime;][vc_column_text]<\/p>\n<ul>\n<li>Unit\u00e9 de travail professionnel au Centre d&rsquo;Assurance Qualit\u00e9<\/li>\n<li>Unit\u00e9 de travail professionnel \u00e0 la Facult\u00e9 d&rsquo;Odontologie<\/li>\n<li>Unit\u00e9 de travail professionnel \u00e0 la Facult\u00e9 de Pharmacie<\/li>\n<li> Unit\u00e9 de travail professionnel \u00e0 la Facult\u00e9 d&rsquo;Architecture<\/li>\n<li>Unit\u00e9 de travail professionnel \u00e0 la Facult\u00e9 de G\u00e9nie Civil<\/li>\n<li>Unit\u00e9 de travail professionnel \u00e0 la Facult\u00e9 de G\u00e9nie Informatique<\/li>\n<li>Unit\u00e9 de travail professionnel \u00e0 la Facult\u00e9 de G\u00e9nie M\u00e9canique et \u00c9lectrique<\/li>\n<li>Unit\u00e9 de travail professionnel \u00e0 la Facult\u00e9 G\u00e9nie Chimique et P\u00e9trolier<\/li>\n<li> Unit\u00e9 de travail professionnel \u00e0 la Facult\u00e9 des Sciences<\/li>\n<li>Unit\u00e9 de travail professionnel \u00e0 la Facult\u00e9 de Tourisme<\/li>\n<\/ul>\n<p>[\/vc_column_text][\/vc_column][\/vc_row]<\/p>\n<\/div>","protected":false},"excerpt":{"rendered":"<p>[vc_row][vc_column][vc_column_text] \u0645\u0633\u062a\u0634\u0641\u0649 \u062c\u0627\u0645\u0639\u0629 \u062d\u0645\u0635 \u0645\u0631\u0643\u0632 \u062e\u062f\u0645\u0629 \u0627\u0644\u0645\u0648\u0627\u0637\u0646 \u062d\u0627\u0636\u0646\u0629 \u062a\u0642\u0627\u0646\u0629 \u0627\u0644\u0645\u0639\u0644\u0648\u0645\u0627\u062a \u0648\u0627\u0644\u0627\u062a\u0635\u0627\u0644\u0627\u062a \u0645\u0631\u0643\u0632 \u0627\u0644\u062a\u0623\u062c\u064a\u0644 \u0627\u0644\u062f\u0631\u0627\u0633\u064a [\/vc_column_text][vc_separator][\/vc_column][\/vc_row][vc_row][vc_column width=\u00a0\u00bb1\/2&Prime;][vc_column_text] Unit\u00e9 de travail professionnel \u00e0 la Facult\u00e9 d&rsquo;\u00c9ducation Musicale Unit\u00e9<span class=\"excerpt-hellip\"> [\u2026]<\/span><\/p>\n","protected":false},"author":1,"featured_media":0,"parent":0,"menu_order":0,"comment_status":"closed","ping_status":"closed","template":"","meta":{"_acf_changed":false,"footnotes":""},"class_list":["post-46163","page","type-page","status-publish","hentry"],"acf":[],"_links":{"self":[{"href":"https:\/\/homs-univ.edu.sy\/fr\/wp-json\/wp\/v2\/pages\/46163","targetHints":{"allow":["GET"]}}],"collection":[{"href":"https:\/\/homs-univ.edu.sy\/fr\/wp-json\/wp\/v2\/pages"}],"about":[{"href":"https:\/\/homs-univ.edu.sy\/fr\/wp-json\/wp\/v2\/types\/page"}],"author":[{"embeddable":true,"href":"https:\/\/homs-univ.edu.sy\/fr\/wp-json\/wp\/v2\/users\/1"}],"replies":[{"embeddable":true,"href":"https:\/\/homs-univ.edu.sy\/fr\/wp-json\/wp\/v2\/comments?post=46163"}],"version-history":[{"count":13,"href":"https:\/\/homs-univ.edu.sy\/fr\/wp-json\/wp\/v2\/pages\/46163\/revisions"}],"predecessor-version":[{"id":83271,"href":"https:\/\/homs-univ.edu.sy\/fr\/wp-json\/wp\/v2\/pages\/46163\/revisions\/83271"}],"wp:attachment":[{"href":"https:\/\/homs-univ.edu.sy\/fr\/wp-json\/wp\/v2\/media?parent=46163"}],"curies":[{"name":"wp","href":"https:\/\/api.w.org\/{rel}","templated":true}]}}