{"id":46172,"date":"2022-05-26T19:46:49","date_gmt":"2022-05-26T16:46:49","guid":{"rendered":"https:\/\/homs-univ.edu.sy\/l-admission-universitaire\/"},"modified":"2022-06-11T19:51:49","modified_gmt":"2022-06-11T16:51:49","slug":"admission","status":"publish","type":"page","link":"https:\/\/homs-univ.edu.sy\/fr\/admission\/","title":{"rendered":"Admission"},"content":{"rendered":"<div class=\"wpb-content-wrapper\"><p>[vc_row full_height=\u00a0\u00bbyes\u00a0\u00bb el_class=\u00a0\u00bbcontent-center\u00a0\u00bb][vc_column]<a class=\"mfn-link mfn-link-7 scroll\" href=\"\/\u0627\u0644\u0642\u0628\u0648\u0644-\u0627\u0644\u062c\u0627\u0645\u0639\u064a\/\u0637\u0644\u0627\u0628-\u0625\u062c\u0627\u0632\u0629\/\" style=\"\" data-hover=\"\u00c9tudiants du premier cycle universitaire\"   ><span data-hover=\"\u00c9tudiants du premier cycle universitaire\">\u00c9tudiants du premier cycle universitaire<\/span><\/a><a class=\"mfn-link mfn-link-7 scroll\" href=\"\/\u0627\u0644\u0642\u0628\u0648\u0644-\u0627\u0644\u062c\u0627\u0645\u0639\u064a\/\u0637\u0644\u0627\u0628-\u0627\u0644\u062f\u0631\u0627\u0633\u0627\u062a-\u0627\u0644\u0639\u0644\u064a\u0627\/\" style=\"\" data-hover=\"\u00c9tudiants des \u00e9tudes sup\u00e9rieures\"   ><span data-hover=\"\u00c9tudiants des \u00e9tudes sup\u00e9rieures\">\u00c9tudiants des \u00e9tudes sup\u00e9rieures<\/span><\/a><a class=\"mfn-link mfn-link-7 \" href=\"\/\u0627\u0644\u0642\u0628\u0648\u0644-\u0627\u0644\u062c\u0627\u0645\u0639\u064a\/\u0645\u0641\u0627\u0636\u0644\u0629-\u0627\u0644\u062a\u0639\u0644\u064a\u0645-\u0627\u0644\u0645\u0641\u062a\u0648\u062d\/\" style=\"\" data-hover=\"Enseignement ouvert\"   ><span data-hover=\"Enseignement ouvert\">Enseignement ouvert<\/span><\/a><a class=\"mfn-link mfn-link-7 \" href=\"\/\u0627\u0644\u0642\u0628\u0648\u0644-\u0627\u0644\u062c\u0627\u0645\u0639\u064a\/\u0627\u0644\u0633\u0646\u0629-\u0627\u0644\u062a\u062d\u0636\u064a\u0631\u064a\u0629\" style=\"\" data-hover=\"Ann\u00e9e pr\u00e9paratoire\"   ><span data-hover=\"Ann\u00e9e pr\u00e9paratoire\">Ann\u00e9e pr\u00e9paratoire<\/span><\/a><a class=\"mfn-link mfn-link-7 \" href=\"\/\u0627\u0644\u0642\u0628\u0648\u0644-\u0627\u0644\u062c\u0627\u0645\u0639\u064a\/\u0645\u0641\u0627\u0636\u0644\u0629-\u0645\u0646\u062d-\u0627\u0644\u062c\u0627\u0645\u0639\u0627\u062a-\u0627\u0644\u062e\u0627\u0635\u0629\/\" style=\"\" data-hover=\"Bourses des universit\u00e9s priv\u00e9es\"   ><span data-hover=\"Bourses des universit\u00e9s priv\u00e9es\">Bourses des universit\u00e9s priv\u00e9es<\/span><\/a>[\/vc_column][\/vc_row]<\/p>\n<\/div>","protected":false},"excerpt":{"rendered":"<p>[vc_row full_height=\u00a0\u00bbyes\u00a0\u00bb el_class=\u00a0\u00bbcontent-center\u00a0\u00bb][vc_column][\/vc_column][\/vc_row]<\/p>\n","protected":false},"author":1,"featured_media":0,"parent":0,"menu_order":0,"comment_status":"closed","ping_status":"closed","template":"","meta":{"_acf_changed":false,"footnotes":""},"class_list":["post-46172","page","type-page","status-publish","hentry"],"acf":[],"_links":{"self":[{"href":"https:\/\/homs-univ.edu.sy\/fr\/wp-json\/wp\/v2\/pages\/46172","targetHints":{"allow":["GET"]}}],"collection":[{"href":"https:\/\/homs-univ.edu.sy\/fr\/wp-json\/wp\/v2\/pages"}],"about":[{"href":"https:\/\/homs-univ.edu.sy\/fr\/wp-json\/wp\/v2\/types\/page"}],"author":[{"embeddable":true,"href":"https:\/\/homs-univ.edu.sy\/fr\/wp-json\/wp\/v2\/users\/1"}],"replies":[{"embeddable":true,"href":"https:\/\/homs-univ.edu.sy\/fr\/wp-json\/wp\/v2\/comments?post=46172"}],"version-history":[{"count":10,"href":"https:\/\/homs-univ.edu.sy\/fr\/wp-json\/wp\/v2\/pages\/46172\/revisions"}],"predecessor-version":[{"id":47946,"href":"https:\/\/homs-univ.edu.sy\/fr\/wp-json\/wp\/v2\/pages\/46172\/revisions\/47946"}],"wp:attachment":[{"href":"https:\/\/homs-univ.edu.sy\/fr\/wp-json\/wp\/v2\/media?parent=46172"}],"curies":[{"name":"wp","href":"https:\/\/api.w.org\/{rel}","templated":true}]}}