{"id":46183,"date":"2022-05-27T05:46:47","date_gmt":"2022-05-27T02:46:47","guid":{"rendered":"https:\/\/homs-univ.edu.sy\/l-admission-universitaire\/etudiants-du-premier-cycle-universitaire\/concours-d-admission-parallele\/"},"modified":"2022-06-22T10:50:25","modified_gmt":"2022-06-22T07:50:25","slug":"concours-d-admission-parallele","status":"publish","type":"page","link":"https:\/\/homs-univ.edu.sy\/fr\/admission\/etudiants-du-premier-cycle-universitaire\/concours-d-admission-parallele\/","title":{"rendered":"Concours d&rsquo;admission parall\u00e8le"},"content":{"rendered":"<div class=\"wpb-content-wrapper\"><p>[vc_row][vc_column][vc_column_text]<\/p>\n<div style=\"text-align: justify;\">\n<h3 style=\"color: #dd3333;\">Les documents n\u00e9cessaires au concours d\u2019admission parall\u00e8le<\/h3>\n<ul>\n<li style=\"text-align: justify;\">Une copie de la carte d\u2019identit\u00e9 pour les \u00e9tudiants syriens. Les \u00e9tudiants palestiniens r\u00e9sidants en Syrie pr\u00e9sentent un r\u00e9cent extrait du registre de l\u2019\u00c9tat Civil qui indique la date de refuge de la famille de l\u2019\u00e9tudiant qui doit \u00eatre \u00e0 partir du 26\/7\/1956 (ou avant cette date).<\/li>\n<li style=\"direction: rtl;\">Les enfants des citoyennes syriennes r\u00e9sidant en Syrie : : ils pr\u00e9sentent un certificat qui indique leur nationalit\u00e9, et un certificat scolaire qui indique le deuxi\u00e8me cycle de l\u2019\u00e9ducation de base, et le cycle secondaire en Syrie, une copie de la carte d\u2019identit\u00e9 de la m\u00e8re et un certificat de r\u00e9sidence qui atteste la dur\u00e9e d\u2019\u00e9tude de son fils en Syrie.<\/li>\n<li style=\"direction: rtl;\">Une notification bancaire d\u2019une avance de 25000 L.S \u00e0 la banque agr\u00e9\u00e9e dans les gouvernorats. Elle fera partie des frais d\u2019inscriptions universitaires lorsque l\u2019\u00e9tudiant termine son inscription \u00e0 la facult\u00e9 ou \u00e0 la sp\u00e9cialit\u00e9 dans laquelle il a \u00e9t\u00e9 admis. Ce paiement anticip\u00e9 n\u2019est pas restitu\u00e9e \u00e0 l\u2019\u00e9tudiant en cas d\u2019admission et de refus d\u2019inscription.<\/li>\n<\/ul>\n<\/div>\n<p>[\/vc_column_text][\/vc_column][\/vc_row][vc_row][vc_column][vc_column_text]<\/p>\n<p style=\"text-align: left;\"><a class=\"button  button_right button_size_2\" href=\"http:\/\/mohe.gov.sy\/SD08\/msf\/SimilarEducationDifferentiation.pdf\" style=\"color:#dd3333;\" target=\"_blank\" title=\"\" rel=\"nofollow noopener\"><span class=\"button_icon\"><i class=\"icon-acrobat\"  style=\"color:#dd3333!important;\" aria-hidden=\"true\"><\/i><\/span><span class=\"button_label\">Pour plus d'informations<\/span><\/a>\n<\/p>\n<p>[\/vc_column_text][\/vc_column][\/vc_row]<\/p>\n<\/div>","protected":false},"excerpt":{"rendered":"<p>[vc_row][vc_column][vc_column_text] Les documents n\u00e9cessaires au concours d\u2019admission parall\u00e8le Une copie de la carte d\u2019identit\u00e9 pour les \u00e9tudiants syriens. Les \u00e9tudiants palestiniens r\u00e9sidants en Syrie pr\u00e9sentent un<span class=\"excerpt-hellip\"> [\u2026]<\/span><\/p>\n","protected":false},"author":1,"featured_media":0,"parent":45754,"menu_order":0,"comment_status":"closed","ping_status":"closed","template":"","meta":{"_acf_changed":false,"footnotes":""},"class_list":["post-46183","page","type-page","status-publish","hentry"],"acf":[],"_links":{"self":[{"href":"https:\/\/homs-univ.edu.sy\/fr\/wp-json\/wp\/v2\/pages\/46183","targetHints":{"allow":["GET"]}}],"collection":[{"href":"https:\/\/homs-univ.edu.sy\/fr\/wp-json\/wp\/v2\/pages"}],"about":[{"href":"https:\/\/homs-univ.edu.sy\/fr\/wp-json\/wp\/v2\/types\/page"}],"author":[{"embeddable":true,"href":"https:\/\/homs-univ.edu.sy\/fr\/wp-json\/wp\/v2\/users\/1"}],"replies":[{"embeddable":true,"href":"https:\/\/homs-univ.edu.sy\/fr\/wp-json\/wp\/v2\/comments?post=46183"}],"version-history":[{"count":2,"href":"https:\/\/homs-univ.edu.sy\/fr\/wp-json\/wp\/v2\/pages\/46183\/revisions"}],"predecessor-version":[{"id":49067,"href":"https:\/\/homs-univ.edu.sy\/fr\/wp-json\/wp\/v2\/pages\/46183\/revisions\/49067"}],"up":[{"embeddable":true,"href":"https:\/\/homs-univ.edu.sy\/fr\/wp-json\/wp\/v2\/pages\/45754"}],"wp:attachment":[{"href":"https:\/\/homs-univ.edu.sy\/fr\/wp-json\/wp\/v2\/media?parent=46183"}],"curies":[{"name":"wp","href":"https:\/\/api.w.org\/{rel}","templated":true}]}}