{"id":46189,"date":"2018-12-19T12:22:14","date_gmt":"2018-12-19T10:22:14","guid":{"rendered":"https:\/\/homs-univ.edu.sy\/l-admission-universitaire\/etudiants-du-premier-cycle-universitaire\/concours-d-admission-generale\/"},"modified":"2022-06-22T11:02:01","modified_gmt":"2022-06-22T08:02:01","slug":"concours-d-admission-generale","status":"publish","type":"page","link":"https:\/\/homs-univ.edu.sy\/fr\/admission\/etudiants-du-premier-cycle-universitaire\/concours-d-admission-generale\/","title":{"rendered":"Concours d&rsquo;admission g\u00e9n\u00e9rale"},"content":{"rendered":"<div class=\"wpb-content-wrapper\"><p>[vc_row][vc_column][vc_column_text]<\/p>\n<h3 style=\"color: #dd3333;\">Documents requis pour le concours d&rsquo;admission g\u00e9n\u00e9rale<\/h3>\n<ul>\n<li style=\"text-align: justify;\">Une copie de la carte d\u2019identit\u00e9 pour les \u00e9tudiants syriens. Les \u00e9tudiants palestiniens r\u00e9sidants en Syrie pr\u00e9sentent un r\u00e9cent extrait du registre de l\u2019\u00c9tat Civil qui indique la date de refuge de la famille de l\u2019\u00e9tudiant qui doit \u00eatre \u00e0 partir du 26\/7\/1956 (ou avant cette date).<\/li>\n<li style=\"text-align: justify;\">Les \u00e9tudiants titulaires du baccalaur\u00e9at d\u2019un pays arabe ou \u00e9tranger doivent pr\u00e9senter une copie conforme du certificat certifi\u00e9e du Minist\u00e8re des Affaires \u00c9trang\u00e8res du pays de d\u00e9livrance et de l\u2019ambassade des affaires \u00e9trang\u00e8res syrienne Et aussi du Minist\u00e8re des Affaires \u00c9trang\u00e8res de la Syrie avec traduction conforme de tous les documents requis.<\/li>\n<li style=\"text-align: justify;\">Les enfants des citoyennes syriennes r\u00e9sidant en Syrie : ils pr\u00e9sentent un document prouvant leur nationalit\u00e9 et un certificat scolaire qui indique le deuxi\u00e8me cycle de l\u2019\u00e9ducation de base, le cycle secondaire en Syrie, une copie de la carte d\u2019identit\u00e9 de la m\u00e8re et un certificat de r\u00e9sidence qui atteste la dur\u00e9e d\u2019\u00e9tude de son fils en Syrie.<\/li>\n<li style=\"text-align: justify;\"> Les \u00e9tudiants arabes r\u00e9sidents en Syrie et dans laquelle ils sont n\u00e9s : : ils pr\u00e9sentent un certificat qui indique leur nationalit\u00e9, ainsi qu\u2019un acte de naissance du Registre Syrien, et un document prouvant leurs acquisition scolaire (le deuxi\u00e8me cycle de l\u2019\u00e9ducation de base et le cycle secondaire en Syrie).<\/li>\n<\/ul>\n<p>[\/vc_column_text][\/vc_column][\/vc_row][vc_row][vc_column][vc_column_text]<\/p>\n<p style=\"text-align: end;\"><a class=\"button  button_right button_size_2\" href=\"http:\/\/mohe.gov.sy\/SD08\/msf\/PublicDifferentiation.pdf\" style=\"color:#dd3333;\" target=\"_blank\" title=\"\" rel=\"nofollow noopener\"><span class=\"button_icon\"><i class=\"icon-acrobat\"  style=\"color:#dd3333!important;\" aria-hidden=\"true\"><\/i><\/span><span class=\"button_label\">Pour plus d'informations<\/span><\/a>\n<\/p>\n<p>[\/vc_column_text][\/vc_column][\/vc_row]<\/p>\n<\/div>","protected":false},"excerpt":{"rendered":"<p>[vc_row][vc_column][vc_column_text] Documents requis pour le concours d&rsquo;admission g\u00e9n\u00e9rale Une copie de la carte d\u2019identit\u00e9 pour les \u00e9tudiants syriens. Les \u00e9tudiants palestiniens r\u00e9sidants en Syrie pr\u00e9sentent un<span class=\"excerpt-hellip\"> [\u2026]<\/span><\/p>\n","protected":false},"author":1,"featured_media":0,"parent":45754,"menu_order":0,"comment_status":"closed","ping_status":"closed","template":"","meta":{"_acf_changed":false,"footnotes":""},"class_list":["post-46189","page","type-page","status-publish","hentry"],"acf":[],"_links":{"self":[{"href":"https:\/\/homs-univ.edu.sy\/fr\/wp-json\/wp\/v2\/pages\/46189","targetHints":{"allow":["GET"]}}],"collection":[{"href":"https:\/\/homs-univ.edu.sy\/fr\/wp-json\/wp\/v2\/pages"}],"about":[{"href":"https:\/\/homs-univ.edu.sy\/fr\/wp-json\/wp\/v2\/types\/page"}],"author":[{"embeddable":true,"href":"https:\/\/homs-univ.edu.sy\/fr\/wp-json\/wp\/v2\/users\/1"}],"replies":[{"embeddable":true,"href":"https:\/\/homs-univ.edu.sy\/fr\/wp-json\/wp\/v2\/comments?post=46189"}],"version-history":[{"count":5,"href":"https:\/\/homs-univ.edu.sy\/fr\/wp-json\/wp\/v2\/pages\/46189\/revisions"}],"predecessor-version":[{"id":49071,"href":"https:\/\/homs-univ.edu.sy\/fr\/wp-json\/wp\/v2\/pages\/46189\/revisions\/49071"}],"up":[{"embeddable":true,"href":"https:\/\/homs-univ.edu.sy\/fr\/wp-json\/wp\/v2\/pages\/45754"}],"wp:attachment":[{"href":"https:\/\/homs-univ.edu.sy\/fr\/wp-json\/wp\/v2\/media?parent=46189"}],"curies":[{"name":"wp","href":"https:\/\/api.w.org\/{rel}","templated":true}]}}