{"id":46195,"date":"2022-05-27T07:19:19","date_gmt":"2022-05-27T04:19:19","guid":{"rendered":"https:\/\/homs-univ.edu.sy\/licence-denseignement-ouvert\/"},"modified":"2022-06-06T18:23:36","modified_gmt":"2022-06-06T15:23:36","slug":"licence-denseignement-ouvert","status":"publish","type":"page","link":"https:\/\/homs-univ.edu.sy\/fr\/admission\/comparaison-ouverte-de-leducation\/licence-denseignement-ouvert\/","title":{"rendered":"Licence d&rsquo;Enseignement Ouvert"},"content":{"rendered":"<div class=\"wpb-content-wrapper\"><p>[vc_row][vc_column][vc_column_text]<\/p>\n<h3 style=\"text-align: justify; color:#dd3333\">Programmes de l&rsquo;enseignement ouvert et certificats requis :<\/h3>\n<p>[\/vc_column_text][\/vc_column][\/vc_row][vc_row][vc_column][vc_raw_html]PHRhYmxlPgo8dHI+Cjx0aD5GYWN1bHTDqTwvdGg+Cjx0aD5Ob20gZHUgcHJvZ3JhbW1lPC90aD4KPHRoPkNlcnRpZmljYXQgcmVxdWlzPC90aD4KPHRoPlRhdXggZCdhZG1pc3Npb248L3RoPgo8L3RyPgo8dHI+Cjx0ZCByb3dzcGFuPSIyIj5GYWN1bHTDqSBkZSBEcm9pdDwvdGQ+Cjx0ZCByb3dzcGFuPSIyIj5Qcm9ncmFtbWUgZCfDqXR1ZGVzIGp1cmlkaXF1ZXM8L3RkPgo8dGQ+U2NpZW50aWZpcXVlPC90ZD4KPHRkPjQwJTwvdGQ+CjwvdHI+Cjx0cj4KPHRkPkxpdHTDqXJhaXJlPC90ZD4KPHRkPjYwJTwvdGQ+CjwvdHI+Cjx0cj4KPHRkIHJvd3NwYW49IjQiPkZhY3VsdMOpIGRlcyBMZXR0cmVzIGV0IGRlcyBTY2llbmNlcyBIdW1haW5lczwvdGQ+Cjx0ZCByb3dzcGFuPSIyIj4gUHJvZ3JhbW1lIGRlIHRyYWR1Y3Rpb24gZW4gbGFuZ3VlIGFuZ2xhaXNlPC90ZD4KPHRkPlNjaWVudGlmaXF1ZTwvdGQ+Cjx0ZD40MCU8L3RkPgo8L3RyPjx0cj4KPHRkPkxpdHTDqXJhaXJlPC90ZD4KPHRkPjYwJTwvdGQ+CjwvdHI+Cjx0cj4KPHRkIHJvd3NwYW49IjIiPlByb2dyYW1tZSBkZSB0cmFkdWN0aW9uIGVuIGxhbmd1ZSBmcmFuw6dhaXNlPC90ZD4KPHRkPlNjaWVudGlmaXF1ZTwvdGQ+Cjx0ZD40MCU8L3RkPgo8L3RyPjx0cj4KPHRkPkxpdHTDqXJhaXJlPC90ZD4KPHRkPjYwJTwvdGQ+CjwvdHI+CgoKPHRyPgo8dGQgcm93c3Bhbj0iMyI+RmFjdWx0w6kgZGUgVG91cmlzbWU8L3RkPgo8dGQgcm93c3Bhbj0iMyI+UHJvZ3JhbW1lIGRlIGd1aWRlIHRvdXJpc3RpcXVlPC90ZD4KPHRkPlNjaWVudGlmaXF1ZTwvdGQ+Cjx0ZD4zMCU8L3RkPgo8L3RyPjx0cj4KPHRkPkxpdHTDqXJhaXJlPC90ZD4KPHRkPjU1JTwvdGQ+CjwvdHI+Cjx0cj4KPHRkPmjDtHRlbGxpZXI8L3RkPgo8dGQ+MTUlPC90ZD4KPC90cj4KCgoKPHRyPgo8dGQgcm93c3Bhbj0iMyI+RmFjdWx0w6kgZCfDiWR1Y2F0aW9uPC90ZD4KPHRkIHJvd3NwYW49IjMiPlByb2dyYW1tZSBkZSBsJ8OpY29sZSBtYXRlcm5lbGxlPC90ZD4KPHRkPlNjaWVudGlmaXF1ZTwvdGQ+Cjx0ZD40MCU8L3RkPgo8L3RyPjx0cj4KPHRkPkxpdHTDqXJhaXJlICsgQ2hhcmlhPC90ZD4KPHRkPjUwJTwvdGQ+CjwvdHI+Cjx0cj4KPHRkPkFydHMgZsOpbWluaXN0ZXM8L3RkPgo8dGQ+MTAlPC90ZD4KPC90cj4KCgo8dHI+Cjx0ZCByb3dzcGFuPSIxMiI+RmFjdWx0w6kgZCfDiWNvbm9taWU8L3RkPgo8dGQgcm93c3Bhbj0iMiI+UHJvZ3JhbW1lIGRlIG1hcmtldGluZyBldCBkZSBjb21tZXJjZSDDqWxlY3Ryb25pcXVlPC90ZD4KPHRkPlNjaWVudGlmaXF1ZTwvdGQ+Cjx0ZD42MCU8L3RkPgo8L3RyPjx0cj4KPHRkPkNvbW1lcmNpYWw8L3RkPgo8dGQ+NDAlPC90ZD4KPC90cj4KPHRyPgo8dGQgcm93c3Bhbj0iMTAiPiBQcm9ncmFtbWUgZGUgR2VzdGlvbiBkZXMgUGV0aXRlcyBldCBNb3llbm5lcyBFbnRyZXByaXNlcyAtIFRvdXMgbGVzIGNlcnRpZmljYXQgZCfDqXR1ZGVzIHNlY29uZGFpcmVzIHByb2Zlc3Npb25uZWxsZXMgbm9uIG1lbnRpb25uw6lzIGRhbnMgbCdhbm5vbmNlIHNvbnQgYWNjZXB0w6lzPC90ZD4KPHRkPlNjaWVudGlmaXF1ZTwvdGQ+Cjx0ZD4yMCU8L3RkPgoKPC90cj48dHI+Cjx0ZD5MaXR0w6lyYWlyZSArIENoYXJpYTwvdGQ+Cjx0ZD4xMCU8L3RkPgo8L3RyPgoKPHRyPgo8dGQgY29sc3Bhbj0iMiI+NzAlIHLDqXBhcnRpcyBzdXIgbGEgYmFzZSBkZSAxMDAlPC90ZD4KPC90cj4KPHRyPgo8dGQ+Q29tbWVyY2lhbDwvdGQ+Cjx0ZD4yNiU8L3RkPgo8L3RyPgoKPHRyPgo8dGQ+SW5kdXN0cmllbDwvdGQ+Cjx0ZD42NiU8L3RkPgo8L3RyPgo8dHI+Cjx0ZD5BcnRzIGbDqW1pbmlzdGVzPC90ZD4KPHRkPjEwJTwvdGQ+CjwvdHI+Cjx0cj4KPHRkPlDDqXRyb2xpZXI8L3RkPgo8dGQ+MSU8L3RkPgo8L3RyPgo8dHI+Cjx0ZD5UcmFuc3BvcnQgbWFyaXRpbWU8L3RkPgo8dGQ+MSU8L3RkPgo8L3RyPgo8dHI+Cjx0ZD5BZ3JpY29sZSAtIElycmlnYXRpb24gZXQgZHJhaW5hZ2UgLSBWw6l0w6lyaW5haXJlIC0gTWFjaGluZXMgYWdyaWNvbGVzPC90ZD4KPHRkPjEwJTwvdGQ+CjwvdHI+Cjx0cj4KPHRkPnRvdXJpc21lIGjDtHRlbGllcjwvdGQ+Cjx0ZD4yJTwvdGQ+CjwvdHI+CgoKCgo8L3RhYmxlPg==[\/vc_raw_html][\/vc_column][\/vc_row][vc_row][vc_column][vc_column_text]<\/p>\n<h3 style=\"color: #dd3333; text-align: right;\">Les documents requis pour la candidature au concours d&rsquo;admission:<\/h3>\n<ul>\n<li style=\"text-align: justify;\">Une copie certifi\u00e9e conforme du certificat de fin d&rsquo;\u00e9tudes secondaires requis (pour les certificats syriens).<\/li>\n<li style=\"text-align: justify;\">Les \u00e9tudiants titulaires du baccalaur\u00e9at d\u2019un pays arabe ou \u00e9tranger doivent pr\u00e9senter le certificat original avec une copie conforme du celui-ci certifi\u00e9e du Minist\u00e8re des Affaires \u00c9trang\u00e8res du pays de d\u00e9livrance, de l\u2019ambassade des affaires \u00e9trang\u00e8res syrienne, du Minist\u00e8re des Affaires \u00c9trang\u00e8res de la Syrie et aussi une traduction conforme de tous les documents n\u00e9cessaires. Ils pr\u00e9sentent un r\u00e9cent extrait du registre de l\u2019\u00c9tat Civil ou une copie de la carte d&rsquo;identit\u00e9. Il postule conditionnellement jusqu&rsquo;\u00e0 ce que le certificat de fin d&rsquo;\u00e9tudes secondaires soit d\u00fbment reconnu.<\/li>\n<li style=\"text-align: justify;\">Les \u00e9tudiants arabes et \u00e9trangers pr\u00e9sentent une copie du passeport, certifi\u00e9e par l&rsquo;ambassade de son pays \u00e0 Damas, et accompagn\u00e9e d&rsquo;une traduction conforme en langue arabe si elle est dans une langue \u00e9trang\u00e8re. Ils peuvent aussi pr\u00e9senter un acte de naissance ou un extrait d&rsquo;acte d&rsquo;\u00e9tat civil.<\/li>\n<li style=\"text-align: justify;\">Les \u00e9tudiants des familles de martyrs ont besoin d&rsquo;un document d\u00e9livr\u00e9 exclusivement par le Bureau des Affaires des Martyrs dans la Direction G\u00e9n\u00e9rale des forces arm\u00e9es conform\u00e9ment aux lois approuv\u00e9es par eux.<\/li>\n<li style=\"text-align: justify;\"> Les \u00e9tudiants ayant des besoins sp\u00e9ciaux pr\u00e9sentent un document fondamental indiquant leur \u00e9tat de sant\u00e9 ou leur \u00e9tat physique aupr\u00e8s d&rsquo;un service comp\u00e9tent dans les directions des affaires sociales et du travail, dans lequel mentionne la nature et la proportion du besoin particulier apparaissent. D&rsquo;ailleurs,, ils doivent compara\u00eetre devant une commission m\u00e9dicale de l&rsquo;universit\u00e9 pour \u00e9valuer et mesurer le handicap.<\/li>\n<\/ul>\n<p>[\/vc_column_text][\/vc_column][\/vc_row]<\/p>\n<\/div>","protected":false},"excerpt":{"rendered":"<p>[vc_row][vc_column][vc_column_text] Programmes de l&rsquo;enseignement ouvert et certificats requis : [\/vc_column_text][\/vc_column][\/vc_row][vc_row][vc_column][vc_raw_html]PHRhYmxlPgo8dHI+Cjx0aD5GYWN1bHTDqTwvdGg+Cjx0aD5Ob20gZHUgcHJvZ3JhbW1lPC90aD4KPHRoPkNlcnRpZmljYXQgcmVxdWlzPC90aD4KPHRoPlRhdXggZCdhZG1pc3Npb248L3RoPgo8L3RyPgo8dHI+Cjx0ZCByb3dzcGFuPSIyIj5GYWN1bHTDqSBkZSBEcm9pdDwvdGQ+Cjx0ZCByb3dzcGFuPSIyIj5Qcm9ncmFtbWUgZCfDqXR1ZGVzIGp1cmlkaXF1ZXM8L3RkPgo8dGQ+U2NpZW50aWZpcXVlPC90ZD4KPHRkPjQwJTwvdGQ+CjwvdHI+Cjx0cj4KPHRkPkxpdHTDqXJhaXJlPC90ZD4KPHRkPjYwJTwvdGQ+CjwvdHI+Cjx0cj4KPHRkIHJvd3NwYW49IjQiPkZhY3VsdMOpIGRlcyBMZXR0cmVzIGV0IGRlcyBTY2llbmNlcyBIdW1haW5lczwvdGQ+Cjx0ZCByb3dzcGFuPSIyIj4gUHJvZ3JhbW1lIGRlIHRyYWR1Y3Rpb24gZW4gbGFuZ3VlIGFuZ2xhaXNlPC90ZD4KPHRkPlNjaWVudGlmaXF1ZTwvdGQ+Cjx0ZD40MCU8L3RkPgo8L3RyPjx0cj4KPHRkPkxpdHTDqXJhaXJlPC90ZD4KPHRkPjYwJTwvdGQ+CjwvdHI+Cjx0cj4KPHRkIHJvd3NwYW49IjIiPlByb2dyYW1tZSBkZSB0cmFkdWN0aW9uIGVuIGxhbmd1ZSBmcmFuw6dhaXNlPC90ZD4KPHRkPlNjaWVudGlmaXF1ZTwvdGQ+Cjx0ZD40MCU8L3RkPgo8L3RyPjx0cj4KPHRkPkxpdHTDqXJhaXJlPC90ZD4KPHRkPjYwJTwvdGQ+CjwvdHI+CgoKPHRyPgo8dGQgcm93c3Bhbj0iMyI+RmFjdWx0w6kgZGUgVG91cmlzbWU8L3RkPgo8dGQgcm93c3Bhbj0iMyI+UHJvZ3JhbW1lIGRlIGd1aWRlIHRvdXJpc3RpcXVlPC90ZD4KPHRkPlNjaWVudGlmaXF1ZTwvdGQ+Cjx0ZD4zMCU8L3RkPgo8L3RyPjx0cj4KPHRkPkxpdHTDqXJhaXJlPC90ZD4KPHRkPjU1JTwvdGQ+CjwvdHI+Cjx0cj4KPHRkPmjDtHRlbGxpZXI8L3RkPgo8dGQ+MTUlPC90ZD4KPC90cj4KCgoKPHRyPgo8dGQgcm93c3Bhbj0iMyI+RmFjdWx0w6kgZCfDiWR1Y2F0aW9uPC90ZD4KPHRkIHJvd3NwYW49IjMiPlByb2dyYW1tZSBkZSBsJ8OpY29sZSBtYXRlcm5lbGxlPC90ZD4KPHRkPlNjaWVudGlmaXF1ZTwvdGQ+Cjx0ZD40MCU8L3RkPgo8L3RyPjx0cj4KPHRkPkxpdHTDqXJhaXJlICsgQ2hhcmlhPC90ZD4KPHRkPjUwJTwvdGQ+CjwvdHI+Cjx0cj4KPHRkPkFydHMgZsOpbWluaXN0ZXM8L3RkPgo8dGQ+MTAlPC90ZD4KPC90cj4KCgo8dHI+Cjx0ZCByb3dzcGFuPSIxMiI+RmFjdWx0w6kgZCfDiWNvbm9taWU8L3RkPgo8dGQgcm93c3Bhbj0iMiI+UHJvZ3JhbW1lIGRlIG1hcmtldGluZyBldCBkZSBjb21tZXJjZSDDqWxlY3Ryb25pcXVlPC90ZD4KPHRkPlNjaWVudGlmaXF1ZTwvdGQ+Cjx0ZD42MCU8L3RkPgo8L3RyPjx0cj4KPHRkPkNvbW1lcmNpYWw8L3RkPgo8dGQ+NDAlPC90ZD4KPC90cj4KPHRyPgo8dGQgcm93c3Bhbj0iMTAiPiBQcm9ncmFtbWUgZGUgR2VzdGlvbiBkZXMgUGV0aXRlcyBldCBNb3llbm5lcyBFbnRyZXByaXNlcyAtIFRvdXMgbGVzIGNlcnRpZmljYXQgZCfDqXR1ZGVzIHNlY29uZGFpcmVzIHByb2Zlc3Npb25uZWxsZXMgbm9uIG1lbnRpb25uw6lzIGRhbnMgbCdhbm5vbmNlIHNvbnQgYWNjZXB0w6lzPC90ZD4KPHRkPlNjaWVudGlmaXF1ZTwvdGQ+Cjx0ZD4yMCU8L3RkPgoKPC90cj48dHI+Cjx0ZD5MaXR0w6lyYWlyZSArIENoYXJpYTwvdGQ+Cjx0ZD4xMCU8L3RkPgo8L3RyPgoKPHRyPgo8dGQgY29sc3Bhbj0iMiI+NzAlIHLDqXBhcnRpcyBzdXIgbGEgYmFzZSBkZSAxMDAlPC90ZD4KPC90cj4KPHRyPgo8dGQ+Q29tbWVyY2lhbDwvdGQ+Cjx0ZD4yNiU8L3RkPgo8L3RyPgoKPHRyPgo8dGQ+SW5kdXN0cmllbDwvdGQ+Cjx0ZD42NiU8L3RkPgo8L3RyPgo8dHI+Cjx0ZD5BcnRzIGbDqW1pbmlzdGVzPC90ZD4KPHRkPjEwJTwvdGQ+CjwvdHI+Cjx0cj4KPHRkPlDDqXRyb2xpZXI8L3RkPgo8dGQ+MSU8L3RkPgo8L3RyPgo8dHI+Cjx0ZD5UcmFuc3BvcnQgbWFyaXRpbWU8L3RkPgo8dGQ+MSU8L3RkPgo8L3RyPgo8dHI+Cjx0ZD5BZ3JpY29sZSAtIElycmlnYXRpb24gZXQgZHJhaW5hZ2UgLSBWw6l0w6lyaW5haXJlIC0gTWFjaGluZXMgYWdyaWNvbGVzPC90ZD4KPHRkPjEwJTwvdGQ+CjwvdHI+Cjx0cj4KPHRkPnRvdXJpc21lIGjDtHRlbGllcjwvdGQ+Cjx0ZD4yJTwvdGQ+CjwvdHI+CgoKCgo8L3RhYmxlPg==[\/vc_raw_html][\/vc_column][\/vc_row][vc_row][vc_column][vc_column_text] Les documents requis pour la candidature au concours d&rsquo;admission: Une copie certifi\u00e9e conforme du certificat de<span class=\"excerpt-hellip\"> [\u2026]<\/span><\/p>\n","protected":false},"author":1,"featured_media":0,"parent":47095,"menu_order":0,"comment_status":"closed","ping_status":"closed","template":"","meta":{"_acf_changed":false,"footnotes":""},"class_list":["post-46195","page","type-page","status-publish","hentry"],"acf":[],"_links":{"self":[{"href":"https:\/\/homs-univ.edu.sy\/fr\/wp-json\/wp\/v2\/pages\/46195","targetHints":{"allow":["GET"]}}],"collection":[{"href":"https:\/\/homs-univ.edu.sy\/fr\/wp-json\/wp\/v2\/pages"}],"about":[{"href":"https:\/\/homs-univ.edu.sy\/fr\/wp-json\/wp\/v2\/types\/page"}],"author":[{"embeddable":true,"href":"https:\/\/homs-univ.edu.sy\/fr\/wp-json\/wp\/v2\/users\/1"}],"replies":[{"embeddable":true,"href":"https:\/\/homs-univ.edu.sy\/fr\/wp-json\/wp\/v2\/comments?post=46195"}],"version-history":[{"count":5,"href":"https:\/\/homs-univ.edu.sy\/fr\/wp-json\/wp\/v2\/pages\/46195\/revisions"}],"predecessor-version":[{"id":47112,"href":"https:\/\/homs-univ.edu.sy\/fr\/wp-json\/wp\/v2\/pages\/46195\/revisions\/47112"}],"up":[{"embeddable":true,"href":"https:\/\/homs-univ.edu.sy\/fr\/wp-json\/wp\/v2\/pages\/47095"}],"wp:attachment":[{"href":"https:\/\/homs-univ.edu.sy\/fr\/wp-json\/wp\/v2\/media?parent=46195"}],"curies":[{"name":"wp","href":"https:\/\/api.w.org\/{rel}","templated":true}]}}