{"id":46206,"date":"2022-05-29T10:22:20","date_gmt":"2022-05-29T07:22:20","guid":{"rendered":"https:\/\/homs-univ.edu.sy\/admission-pour-les-etudiants-arabes-et-etrangers\/"},"modified":"2022-06-22T10:48:06","modified_gmt":"2022-06-22T07:48:06","slug":"admission-pour-les-etudiants-arabes-et-etrangers","status":"publish","type":"page","link":"https:\/\/homs-univ.edu.sy\/fr\/admission\/etudiants-du-premier-cycle-universitaire\/concours-speciaux\/admission-pour-les-etudiants-arabes-et-etrangers\/","title":{"rendered":"Concours d&rsquo;admission pour les Arabes et les \u00e9trangers"},"content":{"rendered":"<div class=\"wpb-content-wrapper\"><p>[vc_row][vc_column][vc_column_text]<\/p>\n<h3 style=\"text-align: right; color: #dd3333;\">Les documents \u00e0 fournir pour l&rsquo;admission des \u00e9tudiants arabes et \u00e9trangers<\/h3>\n<ul>\n<li style=\"text-align: justify;\">Une copie conforme du certificat de fin d&rsquo;\u00e9tudes secondaires g\u00e9n\u00e9rales syriennes ou non syriennes certifi\u00e9e par les autorit\u00e9s suivantes :\n<\/ul>\n<ol>\n<li style=\"text-align: justify;\">Le Minist\u00e8re des Affaires \u00c9trang\u00e8res du pays qui a \u00e9mis le certificat.<\/li>\n<li style=\"text-align: justify;\">L\u2019ambassade des affaires \u00e9trang\u00e8res syrienne dans le pays de d\u00e9livrance.<\/li>\n<li style=\"text-align: justify;\">Le Minist\u00e8re des Affaires \u00c9trang\u00e8res de la R\u00e9publique Arabe Syrienne.<\/li>\n<\/ol>\n<p><b>(Avec une traduction conforme certifi\u00e9e du Minist\u00e8re de la Justice si le document est r\u00e9dig\u00e9 en langue \u00e9trang\u00e8re)<\/b><\/li>\n<li style=\"text-align: justify;\">Une copie du passeport certifi\u00e9e par l&rsquo;ambassade du pays auquel appartient l&rsquo;\u00e9tudiant \u00e0 Damas, ou un acte de naissance ou un acte d&rsquo;\u00e9tat civil.<\/li>\n<p>[\/vc_column_text][\/vc_column][\/vc_row][vc_row][vc_column][vc_column_text]<\/p>\n<p style=\"text-align:left;\"><a class=\"button  button_right button_size_2\" href=\"http:\/\/mohe.gov.sy\/SD08\/msf\/Arabs&#038;ForeignersApproval.pdf\" style=\"color:#dd3333;\" target=\"_blank\" title=\"\" rel=\"nofollow noopener\"><span class=\"button_icon\"><i class=\"icon-acrobat\"  style=\"color:#dd3333!important;\" aria-hidden=\"true\"><\/i><\/span><span class=\"button_label\">Pour plus d'informations<\/span><\/a>\n<\/p>\n<p>[\/vc_column_text][\/vc_column][\/vc_row]<\/p>\n<\/div>","protected":false},"excerpt":{"rendered":"<p>[vc_row][vc_column][vc_column_text] Les documents \u00e0 fournir pour l&rsquo;admission des \u00e9tudiants arabes et \u00e9trangers Une copie conforme du certificat de fin d&rsquo;\u00e9tudes secondaires g\u00e9n\u00e9rales syriennes ou non syriennes<span class=\"excerpt-hellip\"> [\u2026]<\/span><\/p>\n","protected":false},"author":1,"featured_media":0,"parent":47072,"menu_order":0,"comment_status":"closed","ping_status":"closed","template":"","meta":{"_acf_changed":false,"footnotes":""},"class_list":["post-46206","page","type-page","status-publish","hentry"],"acf":[],"_links":{"self":[{"href":"https:\/\/homs-univ.edu.sy\/fr\/wp-json\/wp\/v2\/pages\/46206","targetHints":{"allow":["GET"]}}],"collection":[{"href":"https:\/\/homs-univ.edu.sy\/fr\/wp-json\/wp\/v2\/pages"}],"about":[{"href":"https:\/\/homs-univ.edu.sy\/fr\/wp-json\/wp\/v2\/types\/page"}],"author":[{"embeddable":true,"href":"https:\/\/homs-univ.edu.sy\/fr\/wp-json\/wp\/v2\/users\/1"}],"replies":[{"embeddable":true,"href":"https:\/\/homs-univ.edu.sy\/fr\/wp-json\/wp\/v2\/comments?post=46206"}],"version-history":[{"count":5,"href":"https:\/\/homs-univ.edu.sy\/fr\/wp-json\/wp\/v2\/pages\/46206\/revisions"}],"predecessor-version":[{"id":49064,"href":"https:\/\/homs-univ.edu.sy\/fr\/wp-json\/wp\/v2\/pages\/46206\/revisions\/49064"}],"up":[{"embeddable":true,"href":"https:\/\/homs-univ.edu.sy\/fr\/wp-json\/wp\/v2\/pages\/47072"}],"wp:attachment":[{"href":"https:\/\/homs-univ.edu.sy\/fr\/wp-json\/wp\/v2\/media?parent=46206"}],"curies":[{"name":"wp","href":"https:\/\/api.w.org\/{rel}","templated":true}]}}