{"id":46216,"date":"2022-05-29T12:50:41","date_gmt":"2022-05-29T09:50:41","guid":{"rendered":"https:\/\/homs-univ.edu.sy\/concours-d-admission-pour-les-syriens-non-residents\/"},"modified":"2022-06-22T10:40:39","modified_gmt":"2022-06-22T07:40:39","slug":"concours-d-admission-pour-les-syriens-non-residents","status":"publish","type":"page","link":"https:\/\/homs-univ.edu.sy\/fr\/admission\/etudiants-du-premier-cycle-universitaire\/concours-speciaux\/concours-d-admission-pour-les-syriens-non-residents\/","title":{"rendered":"Concours d&rsquo;admission pour les syriens non-r\u00e9sidents"},"content":{"rendered":"<div class=\"wpb-content-wrapper\"><p>[vc_row][vc_column][vc_column_text]<\/p>\n<h3 style=\"text-align: right; color: #dd3333;\">Les documents n\u00e9cessaires au concours d&rsquo;admission pour les \u00e9tudiants syriens non-r\u00e9sidents :<\/h3>\n<ul style=\"text-align: justify;\">\n<li style=\"text-align: justify;\">Une copie conforme du certificat de fin d&rsquo;\u00e9tudes secondaires (non syrien) dans la m\u00eame ann\u00e9e d&rsquo;admission, certifi\u00e9e par :\n<\/ul>\n<ol style=\"text-align: justify;\">\n<li style=\"text-align: justify;\">Le Minist\u00e8re des Affaires \u00c9trang\u00e8res du pays qui a \u00e9mis le certificat.<\/li>\n<li style=\"text-align: justify;\">L\u2019ambassade des affaires \u00e9trang\u00e8res syrienne dans le pays de d\u00e9livrance.<\/li>\n<li style=\"text-align: justify;\">Le Minist\u00e8re des Affaires \u00c9trang\u00e8res de la R\u00e9publique Arabe Syrienne<\/li>\n<\/ol>\n<p><b>(Avec une traduction conforme certifi\u00e9e du Minist\u00e8re de la Justice si le document est r\u00e9dig\u00e9 en langue \u00e9trang\u00e8re)<\/b><\/li>\n<li>Une copie de la carte d\u2019identit\u00e9 pour les \u00e9tudiants syriens. Les \u00e9tudiants palestiniens r\u00e9sidants en Syrie pr\u00e9sentent un r\u00e9cent extrait du registre de l\u2019\u00c9tat Civil qui indique la date de refuge de la famille de l\u2019\u00e9tudiant qui doit \u00eatre \u00e0 partir du 26\/7\/1956 (ou avant cette date).<\/li>\n<li style=\"text-align: justify;\">Un document prouvant leurs acquisitions scolaires (le cycle secondaire -pour trois ans- dans un pays arabe ou \u00e9tranger). Il n&rsquo;est pas n\u00e9cessaire que les \u00e9tudes ne se soient pas d\u00e9roul\u00e9es dans un seul pays.<\/li>\n<li style=\"text-align: justify;\">Les fils du corps diplomatique syrien qui sont en poste et les fils des membres du corps professoral sont exempt\u00e9s de la pr\u00e9sentation du document mentionn\u00e9 ci-dessus\u00a0\u00bb selon les conditions pr\u00e9cis\u00e9es dans l&rsquo;annonce de ce concours.<\/li>\n<li style=\"text-align: justify;\">Une notification bancaire d\u2019une avance de 25000 L.S \u00e0 la banque agr\u00e9\u00e9e dans les gouvernorats. Elle fera partie des frais d\u2019inscriptions universitaires lorsque l\u2019\u00e9tudiant termine son inscription \u00e0 la facult\u00e9 ou \u00e0 la sp\u00e9cialit\u00e9 dans laquelle il a \u00e9t\u00e9 admis. Ce paiement anticip\u00e9 n\u2019est pas restitu\u00e9e \u00e0 l\u2019\u00e9tudiant en cas d\u2019admission et de refus d\u2019inscription.<\/li>\n<p>[\/vc_column_text][\/vc_column][\/vc_row][vc_row][vc_column][vc_column_text]<\/p>\n<p style=\"text-align: left;\"><a class=\"button  button_right button_size_2\" href=\"\"     style=\"color:#dd3333;\" target=\"_blank\"    title=\"\"><span class=\"button_icon\"><i class=\"icon-acrobat\"  style=\"color:#dd3333!important;\" aria-hidden=\"true\"><\/i><\/span><span class=\"button_label\">Pour plus d'informations<\/span><\/a>\n<\/p>\n<p>[\/vc_column_text][\/vc_column][\/vc_row]<\/p>\n<\/div>","protected":false},"excerpt":{"rendered":"<p>[vc_row][vc_column][vc_column_text] Les documents n\u00e9cessaires au concours d&rsquo;admission pour les \u00e9tudiants syriens non-r\u00e9sidents : Une copie conforme du certificat de fin d&rsquo;\u00e9tudes secondaires (non syrien) dans la<span class=\"excerpt-hellip\"> [\u2026]<\/span><\/p>\n","protected":false},"author":1,"featured_media":0,"parent":47072,"menu_order":0,"comment_status":"closed","ping_status":"closed","template":"","meta":{"_acf_changed":false,"footnotes":""},"class_list":["post-46216","page","type-page","status-publish","hentry"],"acf":[],"_links":{"self":[{"href":"https:\/\/homs-univ.edu.sy\/fr\/wp-json\/wp\/v2\/pages\/46216","targetHints":{"allow":["GET"]}}],"collection":[{"href":"https:\/\/homs-univ.edu.sy\/fr\/wp-json\/wp\/v2\/pages"}],"about":[{"href":"https:\/\/homs-univ.edu.sy\/fr\/wp-json\/wp\/v2\/types\/page"}],"author":[{"embeddable":true,"href":"https:\/\/homs-univ.edu.sy\/fr\/wp-json\/wp\/v2\/users\/1"}],"replies":[{"embeddable":true,"href":"https:\/\/homs-univ.edu.sy\/fr\/wp-json\/wp\/v2\/comments?post=46216"}],"version-history":[{"count":4,"href":"https:\/\/homs-univ.edu.sy\/fr\/wp-json\/wp\/v2\/pages\/46216\/revisions"}],"predecessor-version":[{"id":49056,"href":"https:\/\/homs-univ.edu.sy\/fr\/wp-json\/wp\/v2\/pages\/46216\/revisions\/49056"}],"up":[{"embeddable":true,"href":"https:\/\/homs-univ.edu.sy\/fr\/wp-json\/wp\/v2\/pages\/47072"}],"wp:attachment":[{"href":"https:\/\/homs-univ.edu.sy\/fr\/wp-json\/wp\/v2\/media?parent=46216"}],"curies":[{"name":"wp","href":"https:\/\/api.w.org\/{rel}","templated":true}]}}