{"id":47055,"date":"2019-03-25T13:47:40","date_gmt":"2019-03-25T11:47:40","guid":{"rendered":"https:\/\/homs-univ.edu.sy\/admission-universitaire\/annee-preparatoire\/"},"modified":"2022-06-21T11:28:54","modified_gmt":"2022-06-21T08:28:54","slug":"annee-preparatoire","status":"publish","type":"page","link":"https:\/\/homs-univ.edu.sy\/fr\/admission\/annee-preparatoire\/","title":{"rendered":"Ann\u00e9e pr\u00e9paratoire"},"content":{"rendered":"<div class=\"wpb-content-wrapper\"><p>[vc_row][vc_column][vc_column_text]<\/p>\n<h3 style=\"color: #dd3333;\">Concours d&rsquo;admissoon en ann\u00e9e pr\u00e9paratoire<\/h3>\n<p>Pour t\u00e9l\u00e9charger les d\u00e9cisions \u00e9mises par le Minist\u00e8re de l&rsquo;Enseignement Sup\u00e9rieur, cliquez sur les liens suivants :<\/p>\n<ul>\n<li><a href=\"http:\/\/mohe.gov.sy\/SD08\/msf\/1433574279_258-8-2015.pdf\" target=\"_blank\" rel=\"noopener nofollow\">D\u00e9cision 2014-2015<\/a><\/li>\n<li><a href=\"http:\/\/mohe.gov.sy\/SD08\/msf\/1445419060_1_23-2015-2016.pdf\" target=\"_blank\" rel=\"noopener nofollow\">D\u00e9cision 2015-2016<\/a><\/li>\n<li><a href=\"http:\/\/mohe.gov.sy\/NF12\/file\/403-11_2016-2017.pdf\" target=\"_blank\" rel=\"noopener nofollow\">D\u00e9cision 2016 &#8211; 2017<\/a><\/li>\n<li><a href=\"http:\/\/mohe.gov.sy\/NF12\/file\/53_3_2018.pdf\" target=\"_blank\" rel=\"noopener nofollow\">D\u00e9cision pour 2018-2019<\/a><\/li>\n<\/ul>\n<h3 style=\"color: #dd3333;\">Inscription directe en ann\u00e9e pr\u00e9paratoire<\/h3>\n<ul>\n<li style=\"text-align: justify;\">L&rsquo;\u00e9tudiant pr\u00e9sente sa candidature personnellement ou par son repr\u00e9sentant l\u00e9gal (selon une procuration) pour s&rsquo;inscription en ann\u00e9e pr\u00e9paratoire.<\/li>\n<li style=\"text-align: justify;\">L&rsquo;\u00e9l\u00e8ve choisit la session du certificat de din d&rsquo;\u00e9tudes secondaires et la langue \u00e9trang\u00e8re sur la base desquelles il souhaite s&rsquo;inscrire.<\/li>\n<li style=\"text-align: justify;\">Le fonctionnaire saisit les donn\u00e9es de l&rsquo;\u00e9tudiant (la branche du certificat secondaire &#8211; le num\u00e9ro d&rsquo;abonnement &#8211; la session du certificat de fin d&rsquo;\u00e9tudes secondaires et sa source &#8211; la langue \u00e9trang\u00e8re choisie par l&rsquo;\u00e9tudiant &#8211; le type d&rsquo;admission directement ou gouvernorats de l&rsquo;Est &#8211; l&rsquo;universit\u00e9 dans laquelle il souhaite s&rsquo;inscrire et les donn\u00e9es personnelles).<\/li>\n<li style=\"text-align: justify;\">Apr\u00e8s avoir confirm\u00e9 la validit\u00e9 des donn\u00e9es par l&rsquo;\u00e9tudiant, le fonctionnaire entre les donn\u00e9es en cliquant sur (je veux m&rsquo;inscrire en ann\u00e9e pr\u00e9paratoire aux facult\u00e9s m\u00e9dicales) puis il mprime le rapport qui prouve que l&rsquo;\u00e9tudiant a \u00e9t\u00e9 inscrit directement ou par le concours d&rsquo;admission pour les gouvernorats de l&rsquo;Est sur deux exemplaires originaux.<\/li>\n<li style=\"text-align: justify;\">L&rsquo;\u00e9tudiant signe les deux exemplaires originaux et met les timbres. Le fonctionnaire les signe, les enregistre et appose les cachets officiels.<\/li>\n<li style=\"text-align: justify;\">.<\/li>\n<\/ul>\n<p>[\/vc_column_text][\/vc_column][\/vc_row]<\/p>\n<\/div>","protected":false},"excerpt":{"rendered":"<p>[vc_row][vc_column][vc_column_text] Concours d&rsquo;admissoon en ann\u00e9e pr\u00e9paratoire Pour t\u00e9l\u00e9charger les d\u00e9cisions \u00e9mises par le Minist\u00e8re de l&rsquo;Enseignement Sup\u00e9rieur, cliquez sur les liens suivants : D\u00e9cision 2014-2015 D\u00e9cision<span class=\"excerpt-hellip\"> [\u2026]<\/span><\/p>\n","protected":false},"author":2,"featured_media":0,"parent":46172,"menu_order":0,"comment_status":"closed","ping_status":"closed","template":"","meta":{"_acf_changed":false,"footnotes":""},"class_list":["post-47055","page","type-page","status-publish","hentry"],"acf":[],"_links":{"self":[{"href":"https:\/\/homs-univ.edu.sy\/fr\/wp-json\/wp\/v2\/pages\/47055","targetHints":{"allow":["GET"]}}],"collection":[{"href":"https:\/\/homs-univ.edu.sy\/fr\/wp-json\/wp\/v2\/pages"}],"about":[{"href":"https:\/\/homs-univ.edu.sy\/fr\/wp-json\/wp\/v2\/types\/page"}],"author":[{"embeddable":true,"href":"https:\/\/homs-univ.edu.sy\/fr\/wp-json\/wp\/v2\/users\/2"}],"replies":[{"embeddable":true,"href":"https:\/\/homs-univ.edu.sy\/fr\/wp-json\/wp\/v2\/comments?post=47055"}],"version-history":[{"count":3,"href":"https:\/\/homs-univ.edu.sy\/fr\/wp-json\/wp\/v2\/pages\/47055\/revisions"}],"predecessor-version":[{"id":49005,"href":"https:\/\/homs-univ.edu.sy\/fr\/wp-json\/wp\/v2\/pages\/47055\/revisions\/49005"}],"up":[{"embeddable":true,"href":"https:\/\/homs-univ.edu.sy\/fr\/wp-json\/wp\/v2\/pages\/46172"}],"wp:attachment":[{"href":"https:\/\/homs-univ.edu.sy\/fr\/wp-json\/wp\/v2\/media?parent=47055"}],"curies":[{"name":"wp","href":"https:\/\/api.w.org\/{rel}","templated":true}]}}