{"id":47075,"date":"2018-12-21T09:57:12","date_gmt":"2018-12-21T07:57:12","guid":{"rendered":"https:\/\/homs-univ.edu.sy\/l-enseignement\/les-instituts\/"},"modified":"2022-07-05T11:35:09","modified_gmt":"2022-07-05T08:35:09","slug":"les-instituts","status":"publish","type":"page","link":"https:\/\/homs-univ.edu.sy\/fr\/enseignement\/les-instituts\/","title":{"rendered":"Instituts"},"content":{"rendered":"<div class=\"wpb-content-wrapper\"><p>[vc_row rtl_reverse=\u00a0\u00bbyes\u00a0\u00bb][vc_column][vc_tta_tabs style=\u00a0\u00bbmodern\u00a0\u00bb color=\u00a0\u00bbwhite\u00a0\u00bb alignment=\u00a0\u00bbcenter\u00a0\u00bb active_section=\u00a0\u00bb1&Prime; css_animation=\u00a0\u00bbfadeIn\u00a0\u00bb][vc_tta_section i_icon_fontawesome=\u00a0\u00bbfa fa-graduation-cap\u00a0\u00bb add_icon=\u00a0\u00bbtrue\u00a0\u00bb title=\u00a0\u00bbInstituts sup\u00e9rieurs\u00a0\u00bb tab_id=\u00a0\u00bb1552991077708-ca3cce25-ae39&Prime;][vc_row_inner][vc_column_inner width=\u00a0\u00bb1\/3&Prime;][vc_single_image image=\u00a0\u00bb6585&Prime; img_size=\u00a0\u00bb400&#215;300&Prime; alignment=\u00a0\u00bbcenter\u00a0\u00bb onclick=\u00a0\u00bbcustom_link\u00a0\u00bb link=\u00a0\u00bbhttp:%2F%2Finstitute.homs-univ.edu.sy%2Fli%2F|\u00a0\u00bb][vc_custom_heading text=\u00a0\u00bbInstitut Sup\u00e9rieur des Langues\u00a0\u00bb font_container=\u00a0\u00bbtag:h3|text_align:center|color:%23000000&Prime; use_theme_fonts=\u00a0\u00bbyes\u00a0\u00bb css_animation=\u00a0\u00bbfadeIn\u00a0\u00bb][vc_column_text]<\/p>\n<p style=\"text-align: justify;\">L&rsquo;Institut Sup\u00e9rieur des Langues a \u00e9t\u00e9 cr\u00e9\u00e9 par le d\u00e9cret N\u00b0 384\/ du 15\/10\/2006. L&rsquo;institut s&rsquo;occupe de former les professeurs de langues arabe, anglaise et fran\u00e7aise en d\u00e9livrant des dipl\u00f4mes d&rsquo;enseignement FLE.<\/p>\n<p>[\/vc_column_text][\/vc_column_inner][vc_column_inner width=\u00a0\u00bb1\/3&Prime;][vc_single_image image=\u00a0\u00bb6447&Prime; img_size=\u00a0\u00bb400&#215;300&Prime; alignment=\u00a0\u00bbcenter\u00a0\u00bb onclick=\u00a0\u00bbcustom_link\u00a0\u00bb link=\u00a0\u00bbhttp:%2F%2Finstitute.homs-univ.edu.sy%2Fhiwm%2F|\u00a0\u00bb][vc_custom_heading text=\u00a0\u00bbInstitut Sup\u00e9rieur de Gestion de l&rsquo;Eau\u00a0\u00bb font_container=\u00a0\u00bbtag:h3|text_align:center|color:%23000000&Prime; use_theme_fonts=\u00a0\u00bbyes\u00a0\u00bb css_animation=\u00a0\u00bbfadeIn\u00a0\u00bb][vc_column_text]<\/p>\n<p style=\"text-align: justify;\">L&rsquo;Institut Sup\u00e9rieur de la Gestion de l&rsquo;Eau a \u00e9t\u00e9 cr\u00e9\u00e9 par le d\u00e9cret l\u00e9gislatif N\u00b0 \/37\/ de l&rsquo;an 2007 en tant que centre national d&rsquo;excellence dans le domaine de les recherches sur l&rsquo;eau. L&rsquo;Institut est un organisme scientifique dot\u00e9 de la personnalit\u00e9 juridique et de l&rsquo;ind\u00e9pendance financi\u00e8re et administrative dont le si\u00e8ge se situe \u00e0 Homs et appartient au Minist\u00e8re de l&rsquo;EnseignementSup\u00e9rieur (le si\u00e8ge provisoire est \u00e0 la Facult\u00e9 des Sciences &#8211; l&rsquo;Universit\u00e9 Al Baath).<\/p>\n<p>[\/vc_column_text][\/vc_column_inner][vc_column_inner width=\u00a0\u00bb1\/3&Prime;][\/vc_column_inner][\/vc_row_inner][\/vc_tta_section][vc_tta_section i_icon_fontawesome=\u00a0\u00bbfa fa-university\u00a0\u00bb add_icon=\u00a0\u00bbtrue\u00a0\u00bb title=\u00a0\u00bbInstituts interm\u00e9diaires\u00a0\u00bb tab_id=\u00a0\u00bb1552991077708-cb66fba2-2efa\u00a0\u00bb][vc_row_inner][vc_column_inner width=\u00a0\u00bb1\/3&Prime;][vc_single_image image=\u00a0\u00bb6447&Prime; img_size=\u00a0\u00bb400&#215;300&Prime; alignment=\u00a0\u00bbcenter\u00a0\u00bb onclick=\u00a0\u00bbcustom_link\u00a0\u00bb link=\u00a0\u00bbhttp:%2F%2Finstitute.homs-univ.edu.sy%2Fite%2F|\u00a0\u00bb][vc_custom_heading text=\u00a0\u00bbInstitut Technique de l\u2019Informatique\u00a0\u00bb font_container=\u00a0\u00bbtag:h3|text_align:center|color:%23000000&Prime; use_theme_fonts=\u00a0\u00bbyes\u00a0\u00bb css_animation=\u00a0\u00bbfadeIn\u00a0\u00bb][vc_column_text]<\/p>\n<p style=\"text-align: justify;\">L&rsquo;Institut vise \u00e0 fournir les ressources humaines n\u00e9cessaires aux exigences des plans de d\u00e9veloppement \u00e9conomique et social en pr\u00e9sentant \u00e0 l&rsquo;\u00e9tudiant des informations, des comp\u00e9tences et des exp\u00e9riences th\u00e9oriques et scientifiques qui lui permettent de contribuer au processus de d\u00e9veloppement \u00e9conomique et social. Ses D\u00e9partements : D\u00e9partement de Logiciels &#8211; D\u00e9partement de R\u00e9seaux &#8211; D\u00e9partement d&rsquo;Informatique<\/p>\n<p>[\/vc_column_text][\/vc_column_inner][vc_column_inner width=\u00a0\u00bb1\/3&Prime;][vc_single_image image=\u00a0\u00bb6447&Prime; img_size=\u00a0\u00bb400&#215;300&Prime; alignment=\u00a0\u00bbcenter\u00a0\u00bb onclick=\u00a0\u00bbcustom_link\u00a0\u00bb link=\u00a0\u00bbhttp:%2F%2Finstitute.homs-univ.edu.sy%2Fieng%2F|\u00a0\u00bb][vc_custom_heading text=\u00a0\u00bbInstitut Technique d&rsquo;Ing\u00e9nierie\u00a0\u00bb font_container=\u00a0\u00bbtag:h3|text_align:center|color:%23000000&Prime; use_theme_fonts=\u00a0\u00bbyes\u00a0\u00bb css_animation=\u00a0\u00bbfadeIn\u00a0\u00bb][vc_column_text]<\/p>\n<p style=\"text-align: justify;\">L&rsquo;Institut Technique d&rsquo;Ing\u00e9nierie \u00e0 Homs a \u00e9t\u00e9 inaugur\u00e9 par la d\u00e9cision N\u00b0 \/224\/ du 24\/04\/1979. L&rsquo;institut appartient \u00e0 l&rsquo;Universit\u00e9 Al Baath et \u00e0 la Direction des Instituts au Minist\u00e8re de l&rsquo;Enseignement Sup\u00e9rieur. Son travail est soumis au r\u00e8glement int\u00e9rieur des instituts \u00e9mis par le Conseil Supr\u00eame des Instituts et se compose des quatre sections suivantes : D\u00e9partement de Topographie &#8211; D\u00e9partement de Dessin Technique et de Construction &#8211; D\u00e9partement de Construction G\u00e9n\u00e9rale &#8211; D\u00e9partement de G\u00e9nie Sanitaire et Environnemental<\/p>\n<p>[\/vc_column_text][\/vc_column_inner][vc_column_inner width=\u00a0\u00bb1\/3&Prime;][vc_single_image image=\u00a0\u00bb6447&Prime; img_size=\u00a0\u00bb400&#215;300&Prime; alignment=\u00a0\u00bbcenter\u00a0\u00bb onclick=\u00a0\u00bbcustom_link\u00a0\u00bb link=\u00a0\u00bbhttp:%2F%2Finstitute.homs-univ.edu.sy%2Fiagri%2F|\u00a0\u00bb][vc_custom_heading text=\u00a0\u00bbinstitut technique agricole\u00a0\u00bb font_container=\u00a0\u00bbtag:h3|text_align:center|color:%23000000&Prime; use_theme_fonts=\u00a0\u00bbyes\u00a0\u00bb css_animation=\u00a0\u00bbfadeIn\u00a0\u00bb][vc_column_text]<\/p>\n<p style=\"text-align: justify;\"> L&rsquo;Institut a \u00e9t\u00e9 cr\u00e9\u00e9 en 1987 en vertu de la d\u00e9cision N\u00b0 \/1413\/ du 29\/01\/1987 du Minist\u00e8re de l&rsquo;Enseignement Sup\u00e9rieur. La dur\u00e9e des \u00e9tudes est de deux ans. \u00c0 la fin de ses \u00e9tudes, le dipl\u00f4m\u00e9 obtient un dipl\u00f4me technique en sciences agricoles.<\/p>\n<p>[\/vc_column_text][\/vc_column_inner][\/vc_row_inner][vc_row_inner][vc_column_inner width=\u00a0\u00bb1\/3&Prime;][vc_single_image image=\u00a0\u00bb6447&Prime; img_size=\u00a0\u00bb400&#215;300&Prime; alignment=\u00a0\u00bbcenter\u00a0\u00bb onclick=\u00a0\u00bbcustom_link\u00a0\u00bb link=\u00a0\u00bbhttp:%2F%2Finstitute.homs-univ.edu.sy%2Fidesert%2F|\u00a0\u00bb][vc_custom_heading text=\u00a0\u00bbInstitut Technique pour les Etudes des Zones Arides et des Terres S\u00e8ches\u00a0\u00bb font_container=\u00a0\u00bbtag:h3|text_align:center|color:%23000000&Prime; use_theme_fonts=\u00a0\u00bbyes\u00a0\u00bb css_animation=\u00a0\u00bbfadeIn\u00a0\u00bb][vc_column_text]<\/p>\n<p style=\"text-align: justify;\">L&rsquo;Institut a \u00e9t\u00e9 cr\u00e9\u00e9 en 2000 suite \u00e0 la d\u00e9cision du Minist\u00e8re de l&rsquo;Enseignement Sup\u00e9rieur N\u00b0 \/43\/ du 15\/07\/2000, l&rsquo;\u00e9tude a commenc\u00e9 \u00e0 l&rsquo;instiut au titre de l&rsquo;ann\u00e9e universitaire 2000-2001. Il vise \u00e0 fournir les cadres techniques sp\u00e9cialis\u00e9s form\u00e9s dans le domaine de la gestion des p\u00e2turages et la lutte contre la d\u00e9sertification. La dur\u00e9ee d&rsquo;\u00e9tudes \u00e0 l&rsquo;institut est deux ans apr\u00e8s avoir un certificat de fin d&rsquo;\u00e9tudes g\u00e9n\u00e9rales ou techniques agricoles et \u00eatre admis au concours d&rsquo;admission de l&rsquo;Universit\u00e9 Al Baath<\/p>\n<p>[\/vc_column_text][\/vc_column_inner][\/vc_row_inner][\/vc_tta_section][\/vc_tta_tabs][\/vc_column][\/vc_row]<\/p>\n<\/div>","protected":false},"excerpt":{"rendered":"<p>[vc_row rtl_reverse=\u00a0\u00bbyes\u00a0\u00bb][vc_column][vc_tta_tabs style=\u00a0\u00bbmodern\u00a0\u00bb color=\u00a0\u00bbwhite\u00a0\u00bb alignment=\u00a0\u00bbcenter\u00a0\u00bb active_section=\u00a0\u00bb1&Prime; css_animation=\u00a0\u00bbfadeIn\u00a0\u00bb][vc_tta_section i_icon_fontawesome=\u00a0\u00bbfa fa-graduation-cap\u00a0\u00bb add_icon=\u00a0\u00bbtrue\u00a0\u00bb title=\u00a0\u00bbInstituts sup\u00e9rieurs\u00a0\u00bb tab_id=\u00a0\u00bb1552991077708-ca3cce25-ae39&Prime;][vc_row_inner][vc_column_inner width=\u00a0\u00bb1\/3&Prime;][vc_single_image image=\u00a0\u00bb6585&Prime; img_size=\u00a0\u00bb400&#215;300&Prime; alignment=\u00a0\u00bbcenter\u00a0\u00bb onclick=\u00a0\u00bbcustom_link\u00a0\u00bb link=\u00a0\u00bbhttp:%2F%2Finstitute.homs-univ.edu.sy%2Fli%2F|\u00a0\u00bb][vc_custom_heading text=\u00a0\u00bbInstitut Sup\u00e9rieur des Langues\u00a0\u00bb font_container=\u00a0\u00bbtag:h3|text_align:center|color:%23000000&Prime; use_theme_fonts=\u00a0\u00bbyes\u00a0\u00bb css_animation=\u00a0\u00bbfadeIn\u00a0\u00bb][vc_column_text]<span class=\"excerpt-hellip\"> [\u2026]<\/span><\/p>\n","protected":false},"author":1,"featured_media":0,"parent":46075,"menu_order":0,"comment_status":"closed","ping_status":"closed","template":"","meta":{"_acf_changed":false,"footnotes":""},"class_list":["post-47075","page","type-page","status-publish","hentry"],"acf":[],"_links":{"self":[{"href":"https:\/\/homs-univ.edu.sy\/fr\/wp-json\/wp\/v2\/pages\/47075","targetHints":{"allow":["GET"]}}],"collection":[{"href":"https:\/\/homs-univ.edu.sy\/fr\/wp-json\/wp\/v2\/pages"}],"about":[{"href":"https:\/\/homs-univ.edu.sy\/fr\/wp-json\/wp\/v2\/types\/page"}],"author":[{"embeddable":true,"href":"https:\/\/homs-univ.edu.sy\/fr\/wp-json\/wp\/v2\/users\/1"}],"replies":[{"embeddable":true,"href":"https:\/\/homs-univ.edu.sy\/fr\/wp-json\/wp\/v2\/comments?post=47075"}],"version-history":[{"count":17,"href":"https:\/\/homs-univ.edu.sy\/fr\/wp-json\/wp\/v2\/pages\/47075\/revisions"}],"predecessor-version":[{"id":51809,"href":"https:\/\/homs-univ.edu.sy\/fr\/wp-json\/wp\/v2\/pages\/47075\/revisions\/51809"}],"up":[{"embeddable":true,"href":"https:\/\/homs-univ.edu.sy\/fr\/wp-json\/wp\/v2\/pages\/46075"}],"wp:attachment":[{"href":"https:\/\/homs-univ.edu.sy\/fr\/wp-json\/wp\/v2\/media?parent=47075"}],"curies":[{"name":"wp","href":"https:\/\/api.w.org\/{rel}","templated":true}]}}