{"id":47150,"date":"2018-12-19T13:47:37","date_gmt":"2018-12-19T11:47:37","guid":{"rendered":"https:\/\/homs-univ.edu.sy\/admission\/comparaison-ouverte-de-leducation\/diplome-d-enseignement-ouvert\/"},"modified":"2022-06-07T09:03:47","modified_gmt":"2022-06-07T06:03:47","slug":"diplome-d-enseignement-ouvert","status":"publish","type":"page","link":"https:\/\/homs-univ.edu.sy\/fr\/admission\/comparaison-ouverte-de-leducation\/diplome-d-enseignement-ouvert\/","title":{"rendered":"Dipl\u00f4me d&rsquo;enseignement ouvert"},"content":{"rendered":"<div class=\"wpb-content-wrapper\"><p style=\"direction: rtl;\">[vc_row][vc_column][vc_column_text]<\/p>\n<h3 style=\"color: #dd3333;\">Proc\u00e9dures d&rsquo;admission aux \u00e9tudes sup\u00e9rieures en enseignement ouvert :<\/h3>\n<h5 style=\"direction: rtl;\">Programme de traduction\/langue anglais &#8211; Programme de traduction\/fran\u00e7ais :<\/h5>\n<p style=\"direction: rtl; padding-right: 30px;\">L&rsquo;\u00e9tudiant ne se pr\u00e9sente pas au concours d&rsquo;acc\u00e8s aux \u00e9tudes sup\u00e9rieures, mais il pr\u00e9sente sa candidature au :<\/p>\n<ol>\n<li style=\"text-align: justify;\">Dipl\u00f4me de traduction<\/li>\n<li style=\"text-align: justify;\">Dipl\u00f4me de Sp\u00e9cialisation et d&rsquo;\u00e9ducation\/ Institut Sup\u00e9rieur de Langues<\/li>\n<\/ol>\n<h5 style=\"direction: rtl;\">Programme d&rsquo;ing\u00e9nierie pour la remise en \u00e9tat des terres :<\/h5>\n<p style=\"direction: rtl; padding-right: 30px;\">L&rsquo;\u00e9tudiant se pr\u00e9sente au concours d&rsquo;acc\u00e8s aux \u00e9tudes sup\u00e9rieures \u00e0 condition de r\u00e9ussir l&rsquo;examen d&rsquo;entr\u00e9e.<\/p>\n<h5 style=\"direction: rtl;\">Programme de l&rsquo;\u00e9cole maternelle :<\/h5>\n<p style=\"direction: rtl; padding-right: 30px;\">L&rsquo;\u00e9tudiant se pr\u00e9sente au concours d&rsquo;acc\u00e8s aux \u00e9tudes sup\u00e9rieures \u00e0 condition de r\u00e9ussir l&rsquo;examen d&rsquo;entr\u00e9e.<\/p>\n<p style=\"text-align: justify;\"><em><strong>Remarque 1<\/strong> :<\/em> L&rsquo;\u00e9tuduant qui veut se pr\u00e9senter au concours d&rsquo;acc\u00e8s aux \u00e9tudes sup\u00e9rieures, il peut s&rsquo;inscrire en admission g\u00e9n\u00e9rale ou parall\u00e8le. tandis que la candidature au dipl\u00f4me de sp\u00e9cialisation et d&rsquo;\u00e9ducation n\u00e9cessite une admission parall\u00e8le seulement.<\/p>\n<p style=\"text-align: justify;\"><em><strong>Remarque 2<\/strong> :<\/em> L&rsquo;admission finiale pour les \u00e9tudiants titulaires d&rsquo;une livence universitaire (d&rsquo;enseignement ouvert) se fait en applicant le pourcentage suivant: 50% pour la moyenne de la licence + 50% pour la note de l\u00a0\u00bbexamen d&rsquo;entr\u00e9e aux facult\u00e9s concern\u00e9es<\/p>\n<p style=\"text-align: justify;\"><em><strong>Remarque 3<\/strong> :<\/em> le taux de 5% est d\u00e9di\u00e9 aux dipl\u00f4m\u00e9s titulaires d&rsquo;une licence d\u00a0\u00bbenseignement ouvert (\u00e0 condition d&rsquo;admission parall\u00e8le) pour ceux qui souhaitent se pr\u00e9senter au concours d&rsquo;acc\u00e8s aux \u00e9tudes sup\u00e9rieures.<\/p>\n<p style=\"direction: rtl;\">[\/vc_column_text][\/vc_column][\/vc_row][vc_row][vc_column][vc_column_text]<\/p>\n<h5 style=\"direction: rtl; text-align: right;\"> Pour plus d&rsquo;informations:<\/h5>\n<ul>\n<li style=\"text-align: right;\"><a href=\"http:\/\/178.253.94.151:8080\/homs-univ\/%D8%A7%D9%84%D9%82%D8%A8%D9%88%D9%84-%D8%A7%D9%84%D8%AC%D8%A7%D9%85%D8%B9%D9%8A\/%D8%B7%D9%84%D8%A7%D8%A8-%D8%A7%D9%84%D8%AF%D8%B1%D8%A7%D8%B3%D8%A7%D8%AA-%D8%A7%D9%84%D8%B9%D9%84%D9%8A%D8%A7\/%D9%85%D9%81%D8%A7%D8%B6%D9%84%D8%A9-%D8%AF%D8%A8%D9%84%D9%88%D9%85\/\" target=\"_blank\" rel=\"noopener nofollow\">Concours d&rsquo;acc\u00e8s au dipl\u00f4me<\/a><\/li>\n<li style=\"text-align: right;\"><a href=\"http:\/\/178.253.94.151:8080\/homs-univ\/%D8%A7%D9%84%D9%82%D8%A8%D9%88%D9%84-%D8%A7%D9%84%D8%AC%D8%A7%D9%85%D8%B9%D9%8A\/%D8%B7%D9%84%D8%A7%D8%A8-%D8%A7%D9%84%D8%AF%D8%B1%D8%A7%D8%B3%D8%A7%D8%AA-%D8%A7%D9%84%D8%B9%D9%84%D9%8A%D8%A7\/%D9%85%D9%81%D8%A7%D8%B6%D9%84%D8%A9-%D9%85%D8%A7%D8%AC%D8%B3%D8%AA%D9%8A%D8%B1\/\" target=\"_blank\" rel=\"noopener nofollow\">concours d&rsquo;acc\u00e8s au master<\/a><\/li>\n<li style=\"text-align: right;\"><a href=\"http:\/\/department.homs-univ.edu.sy\/RAGS\/\" target=\"_blank\" rel=\"noopener\"> Direction de la Recherche Scientifique et des \u00c9tudes Sup\u00e9rieures \u00e0 l&rsquo;Universit\u00e9 Al Baath<\/a><\/li>\n<\/ul>\n<p style=\"direction: rtl;\">[\/vc_column_text][\/vc_column][\/vc_row]<\/p>\n<\/div>","protected":false},"excerpt":{"rendered":"<p>[vc_row][vc_column][vc_column_text] Proc\u00e9dures d&rsquo;admission aux \u00e9tudes sup\u00e9rieures en enseignement ouvert : Programme de traduction\/langue anglais &#8211; Programme de traduction\/fran\u00e7ais : L&rsquo;\u00e9tudiant ne se pr\u00e9sente pas au concours<span class=\"excerpt-hellip\"> [\u2026]<\/span><\/p>\n","protected":false},"author":1,"featured_media":0,"parent":47095,"menu_order":0,"comment_status":"closed","ping_status":"closed","template":"","meta":{"_acf_changed":false,"footnotes":""},"class_list":["post-47150","page","type-page","status-publish","hentry"],"acf":[],"_links":{"self":[{"href":"https:\/\/homs-univ.edu.sy\/fr\/wp-json\/wp\/v2\/pages\/47150","targetHints":{"allow":["GET"]}}],"collection":[{"href":"https:\/\/homs-univ.edu.sy\/fr\/wp-json\/wp\/v2\/pages"}],"about":[{"href":"https:\/\/homs-univ.edu.sy\/fr\/wp-json\/wp\/v2\/types\/page"}],"author":[{"embeddable":true,"href":"https:\/\/homs-univ.edu.sy\/fr\/wp-json\/wp\/v2\/users\/1"}],"replies":[{"embeddable":true,"href":"https:\/\/homs-univ.edu.sy\/fr\/wp-json\/wp\/v2\/comments?post=47150"}],"version-history":[{"count":2,"href":"https:\/\/homs-univ.edu.sy\/fr\/wp-json\/wp\/v2\/pages\/47150\/revisions"}],"predecessor-version":[{"id":47152,"href":"https:\/\/homs-univ.edu.sy\/fr\/wp-json\/wp\/v2\/pages\/47150\/revisions\/47152"}],"up":[{"embeddable":true,"href":"https:\/\/homs-univ.edu.sy\/fr\/wp-json\/wp\/v2\/pages\/47095"}],"wp:attachment":[{"href":"https:\/\/homs-univ.edu.sy\/fr\/wp-json\/wp\/v2\/media?parent=47150"}],"curies":[{"name":"wp","href":"https:\/\/api.w.org\/{rel}","templated":true}]}}