{"id":47161,"date":"2022-06-07T10:03:22","date_gmt":"2022-06-07T07:03:22","guid":{"rendered":"https:\/\/homs-univ.edu.sy\/admission\/etudes-superieures\/concours-d-acces-au-diplome\/"},"modified":"2022-06-22T10:36:33","modified_gmt":"2022-06-22T07:36:33","slug":"concours-d-acces-au-diplome","status":"publish","type":"page","link":"https:\/\/homs-univ.edu.sy\/fr\/admission\/etudes-superieures\/concours-d-acces-au-diplome\/","title":{"rendered":"Concours d&rsquo;acc\u00e8s au dipl\u00f4me"},"content":{"rendered":"<div class=\"wpb-content-wrapper\"><p>[vc_row][vc_column][vc_column_text]<\/p>\n<div style=\"text-align: justify;\">\n<h3 style=\"text-align: justify;\"><span style=\"color: #dd3333;\">Concours d&rsquo;acc\u00e8s au dipl\u00f4me de formation p\u00e9dagogique<\/span><\/h3>\n<p style=\"text-align: justify;\">L&rsquo;\u00e9tudiant se pr\u00e9sente au concours selon les conditions suivantes :<\/p>\n<ol>\n<li style=\"direction: rtl;\">L&rsquo;\u00e9tudiant doit avoir obtenu un dipl\u00f4me de licence avec au moins la mention (assez bien) de l&rsquo;une des universit\u00e9s syriennes, ou un dipl\u00f4me \u00e9quivalent d&rsquo;une facult\u00e9 ou d&rsquo;un instiut reconnu par le Conseil Universitaire.<\/li>\n<li style=\"direction: rtl;\">Remplir les autres conditions stipul\u00e9es dans l&rsquo;annonce du concours<\/li>\n<\/ol>\n<p style=\"direction: rtl;\">L&rsquo;inscription et l&rsquo;ajout des v\u0153ux d&rsquo;enseignement g\u00e9n\u00e9ral et parall\u00e8le se fait dans le m\u00eame concours, apr\u00e8s voir verser une avance d&rsquo;enseignement parall\u00e8le. L&rsquo;admission s&rsquo;effectue selon les r\u00e8gles de concour selon la moyenne du dipl\u00f4me universitaire. L&rsquo;\u00e9tudiant doit \u00e9galement r\u00e9ussir les tests\/interviews effectu\u00e9s par la Facult\u00e9 d&rsquo;\u00c9ducation pour v\u00e9rifier son admissibilit\u00e9 \u00e0 enseigner.<\/p>\n<h3 style=\"text-align: justify;\"><span style=\"color: #dd3333;\">Concours d&rsquo;acc\u00e8s aux dipl\u00f4mes et masters de sp\u00e9cialisation et d&rsquo;\u00e9ducation <\/span><\/h3>\n<p style=\"direction: rtl;\">L&rsquo;\u00e9tudiant se pr\u00e9sente au concours selon les conditions suivantes :<\/p>\n<ol>\n<li style=\"direction: rtl;\">L&rsquo;\u00e9tudiant doit avoir obtenu un dipl\u00f4me de licence avec au moins la mention (assez bien) de l&rsquo;une des universit\u00e9s syriennes, ou un dipl\u00f4me \u00e9quivalent d&rsquo;une facult\u00e9 ou d&rsquo;un instiut reconnu par le Conseil Universitaire.<\/li>\n<li style=\"direction: rtl;\">Remplir les autres conditions stipul\u00e9es dans l&rsquo;annonce du concours<\/li>\n<li>\n<p style=\"direction: rtl;\">L&rsquo;\u00e9tudiant postulant au Master de sp\u00e9cialisation et de formation en environnement et changements climatiques appartenant \u00e0 la Facult\u00e9 de G\u00e9nie Chimique et P\u00e9trolier doit obtenir au moins la mention (bien) dans la branche de sp\u00e9cialisation requise<\/p>\n<\/li>\n<\/ol>\n<p style=\"direction: rtl;\">Les \u00e9tudiants postulant aux dipl\u00f4me et master de sp\u00e9cialisations et de formation appartenant \u00e0 l&rsquo;Institut Sup\u00e9rieur des Langues doivent passer un examen \u00e9crit et un examen oral dont les dates sont fix\u00e9es dans l&rsquo;annonce du concours.<\/p>\n<\/div>\n<p>[\/vc_column_text][\/vc_column][\/vc_row]<\/p>\n<\/div>","protected":false},"excerpt":{"rendered":"<p>[vc_row][vc_column][vc_column_text] Concours d&rsquo;acc\u00e8s au dipl\u00f4me de formation p\u00e9dagogique L&rsquo;\u00e9tudiant se pr\u00e9sente au concours selon les conditions suivantes : L&rsquo;\u00e9tudiant doit avoir obtenu un dipl\u00f4me de licence<span class=\"excerpt-hellip\"> [\u2026]<\/span><\/p>\n","protected":false},"author":1,"featured_media":0,"parent":47043,"menu_order":0,"comment_status":"closed","ping_status":"closed","template":"","meta":{"_acf_changed":false,"footnotes":""},"class_list":["post-47161","page","type-page","status-publish","hentry"],"acf":[],"_links":{"self":[{"href":"https:\/\/homs-univ.edu.sy\/fr\/wp-json\/wp\/v2\/pages\/47161","targetHints":{"allow":["GET"]}}],"collection":[{"href":"https:\/\/homs-univ.edu.sy\/fr\/wp-json\/wp\/v2\/pages"}],"about":[{"href":"https:\/\/homs-univ.edu.sy\/fr\/wp-json\/wp\/v2\/types\/page"}],"author":[{"embeddable":true,"href":"https:\/\/homs-univ.edu.sy\/fr\/wp-json\/wp\/v2\/users\/1"}],"replies":[{"embeddable":true,"href":"https:\/\/homs-univ.edu.sy\/fr\/wp-json\/wp\/v2\/comments?post=47161"}],"version-history":[{"count":2,"href":"https:\/\/homs-univ.edu.sy\/fr\/wp-json\/wp\/v2\/pages\/47161\/revisions"}],"predecessor-version":[{"id":49054,"href":"https:\/\/homs-univ.edu.sy\/fr\/wp-json\/wp\/v2\/pages\/47161\/revisions\/49054"}],"up":[{"embeddable":true,"href":"https:\/\/homs-univ.edu.sy\/fr\/wp-json\/wp\/v2\/pages\/47043"}],"wp:attachment":[{"href":"https:\/\/homs-univ.edu.sy\/fr\/wp-json\/wp\/v2\/media?parent=47161"}],"curies":[{"name":"wp","href":"https:\/\/api.w.org\/{rel}","templated":true}]}}