{"id":47254,"date":"2022-06-07T15:23:21","date_gmt":"2022-06-07T12:23:21","guid":{"rendered":"https:\/\/homs-univ.edu.sy\/admission\/etudes-superieures\/concours-d-acces-au-doctorat\/"},"modified":"2022-06-22T10:52:21","modified_gmt":"2022-06-22T07:52:21","slug":"concours-d-acces-au-doctorat","status":"publish","type":"page","link":"https:\/\/homs-univ.edu.sy\/fr\/admission\/etudes-superieures\/concours-d-acces-au-doctorat\/","title":{"rendered":"Concours d&rsquo;acc\u00e8s au doctorat"},"content":{"rendered":"<div class=\"wpb-content-wrapper\"><p>[vc_row][vc_column][vc_column_text]<\/p>\n<h3 style=\"text-align: right; color:#dd3333\">Les principes approuv\u00e9es dans la d\u00e9cision N\u00b0 \/ 111 \/ du Conseil de l&rsquo;Enseignement Sup\u00e9rieur pour l&rsquo;inscription au doctorat sont:<\/h3>\n<ol>\n<li style=\"text-align: justify;\">Obtenir une ma\u00eetrise avec une mention: bien (au moins) dans la sp\u00e9cialisation requise au doctorat conform\u00e9ment aux dispositions du r\u00e9glement d&rsquo;\u00e9tudes sup\u00e9rieures approuv\u00e9 \u00e0 la facult\u00e9.<\/li>\n<li style=\"text-align: justify;\"> R\u00e9ussir l&rsquo;examen de langue \u00e9trang\u00e8re selon les conditions fix\u00e9es par le Conseil de l&rsquo;Enseignement Sup\u00e9rieur<\/li>\n<li style=\"text-align: justify;\">Avoir la certification ICDL.<\/li>\n<li style=\"text-align: right;\">Publier au moins une recherche ou une \u00e9tude de r\u00e9f\u00e9rence dans une revue scientifique \u00e0 comit\u00e9 de lecture, que la publication soit au cours du master ou apr\u00e8s celui-ci.<\/li>\n<\/ol>\n<p style=\"text-align: justify;\">L&rsquo;\u00e9tudiant s&rsquo;inscrit directement s&rsquo;il remplit les conditions requises. La pr\u00e9f\u00e9rence est donn\u00e9e \u00e0 la date d&rsquo;inscription de l&rsquo;\u00e9tudiant au bureau d&rsquo;enregistement de la facult\u00e9. o\u00f9 l&rsquo;\u00e9tudiant d\u00e9pose une demande d&rsquo;inscription au doctorat accompagn\u00e9e du plan de recherche et de tous les documents requis. Apr\u00e8s avoir \u00e9t\u00e9 approuv\u00e9 la demande par le d\u00e9partement, il organise un s\u00e9minaire d&rsquo;inscription (annonc\u00e9 une semaine \u00e0 l&rsquo;avance) auquel participeront le vice-doyen charg\u00e9 des affaires scientifiques, le chef de d\u00e9partement, les membres du corps professoral, l&rsquo;encadreur, le professeur participant (le cas \u00e9ch\u00e9ant) et l&rsquo;\u00e9tudiant. L&rsquo;\u00e9tudiant apporte au cours du s\u00e9minaire les modifications n\u00e9cessaires au plan de recherche. Ensuite, il pr\u00e9sente le plan au Conseil du D\u00e9partement qui le transmet aux conseils comp\u00e9tents apr\u00e8s approbation.<\/p>\n<h3 style=\"text-align: right; color:#dd3333\"> Conditions de l&rsquo;obtiention du dipl\u00f4me de doctorat :<\/h3>\n<ol>\n<li style=\"text-align: justify;\">Publier deux recherches en rapport avec le sujet de sa th\u00e8se dans une revue scientifique sp\u00e9cialis\u00e9e ou obtenir l&rsquo;accord de la revue pour les publier.<\/li>\n<li style=\"text-align: justify;\">Pr\u00e9senter les r\u00e9sultats de ses recherches sous la forme d&rsquo;une th\u00e8se accept\u00e9e par le jury et faire une soutenance.<\/li>\n<li style=\"text-align: justify;\">Approuver le sujet de la th\u00e8se par le Conseil de l&rsquo;Universit\u00e9 sur proposition du conseil du d\u00e9partement et l&rsquo;agr\u00e9ment du conseil de la facult\u00e9 concern\u00e9 apr\u00e8s qu&rsquo;un d\u00e9lai d&rsquo;au moins deux ans \u00e0 compter de la date d&rsquo;approbation de l&rsquo;inscription au doctorat par le Conseil de l&rsquo;Universit\u00e9. Le Conseil de la Facult\u00e9 peut maintenir l&rsquo;inscription pour une p\u00e9riode de cinqui\u00e8me ann\u00e9e dans certaines circonstances estim\u00e9es par le conseil sur la base du rapport du professeur encadreur et de l&rsquo;approbation du Conseil du D\u00e9partement.<\/li>\n<\/ol>\n<p>[\/vc_column_text][\/vc_column][\/vc_row]<\/p>\n<\/div>","protected":false},"excerpt":{"rendered":"<p>[vc_row][vc_column][vc_column_text] Les principes approuv\u00e9es dans la d\u00e9cision N\u00b0 \/ 111 \/ du Conseil de l&rsquo;Enseignement Sup\u00e9rieur pour l&rsquo;inscription au doctorat sont: Obtenir une ma\u00eetrise avec une<span class=\"excerpt-hellip\"> [\u2026]<\/span><\/p>\n","protected":false},"author":1,"featured_media":0,"parent":47043,"menu_order":0,"comment_status":"closed","ping_status":"closed","template":"","meta":{"_acf_changed":false,"footnotes":""},"class_list":["post-47254","page","type-page","status-publish","hentry"],"acf":[],"_links":{"self":[{"href":"https:\/\/homs-univ.edu.sy\/fr\/wp-json\/wp\/v2\/pages\/47254","targetHints":{"allow":["GET"]}}],"collection":[{"href":"https:\/\/homs-univ.edu.sy\/fr\/wp-json\/wp\/v2\/pages"}],"about":[{"href":"https:\/\/homs-univ.edu.sy\/fr\/wp-json\/wp\/v2\/types\/page"}],"author":[{"embeddable":true,"href":"https:\/\/homs-univ.edu.sy\/fr\/wp-json\/wp\/v2\/users\/1"}],"replies":[{"embeddable":true,"href":"https:\/\/homs-univ.edu.sy\/fr\/wp-json\/wp\/v2\/comments?post=47254"}],"version-history":[{"count":5,"href":"https:\/\/homs-univ.edu.sy\/fr\/wp-json\/wp\/v2\/pages\/47254\/revisions"}],"predecessor-version":[{"id":47420,"href":"https:\/\/homs-univ.edu.sy\/fr\/wp-json\/wp\/v2\/pages\/47254\/revisions\/47420"}],"up":[{"embeddable":true,"href":"https:\/\/homs-univ.edu.sy\/fr\/wp-json\/wp\/v2\/pages\/47043"}],"wp:attachment":[{"href":"https:\/\/homs-univ.edu.sy\/fr\/wp-json\/wp\/v2\/media?parent=47254"}],"curies":[{"name":"wp","href":"https:\/\/api.w.org\/{rel}","templated":true}]}}