{"id":47307,"date":"2022-04-06T12:24:48","date_gmt":"2022-04-06T09:24:48","guid":{"rendered":"https:\/\/homs-univ.edu.sy\/vie-universitaire\/les-resultats-d-examens\/resultats-d-examens-programmes-de-l-enseignement-ouvert-selon-le-numero-universitaire\/"},"modified":"2025-07-08T09:30:00","modified_gmt":"2025-07-08T06:30:00","slug":"resultats-d-examens-programmes-de-l-enseignement-ouvert-selon-le-numero-universitaire","status":"publish","type":"page","link":"https:\/\/homs-univ.edu.sy\/fr\/vie-universitaire\/resultats-d-examens\/resultats-d-examens-programmes-de-l-enseignement-ouvert-selon-le-numero-universitaire\/","title":{"rendered":"Les r\u00e9sultats d\u2019examens pour les programmes de l&rsquo;enseignement ouvert selon le num\u00e9ro \u00e9tudiant"},"content":{"rendered":"<div class=\"wpb-content-wrapper\"><p>[vc_row full_height=\u00a0\u00bbyes\u00a0\u00bb][vc_column][vc_column_text]<\/p>\n<ul>\n<li><a href=\"https:\/\/exam.homs-univ.edu.sy\/\">R\u00e9sultats des examens du programme de traduction &#8211; Langue anglaise<\/a><\/li>\n<li><a href=\"https:\/\/exam.homs-univ.edu.sy\/\">R\u00e9sultats des examens du programme de traduction &#8211; Langue fran\u00e7aise<\/a><\/li>\n<li><a href=\"https:\/\/exam.homs-univ.edu.sy\/\">R\u00e9sultats d&rsquo;examens du programme de l&rsquo;\u00e9cole maternelle et le dipl\u00f4me de la formation p\u00e9dagogique<\/a><\/li>\n<li><a href=\"https:\/\/exam.homs-univ.edu.sy\/\">R\u00e9sultats d&rsquo;examens du programme de marketing et de commerce \u00e9lectronique<\/a><\/li>\n<li><a href=\"https:\/\/exam.homs-univ.edu.sy\/\">R\u00e9sultats d&rsquo;examens du programme d&rsquo;\u00e9tudes juridiques<\/a><\/li>\n<li><a href=\"https:\/\/exam.homs-univ.edu.sy\/\">R\u00e9sultats d&rsquo;examens du programme de guide touristique<\/a><\/li>\n<li><a href=\"https:\/\/exam.homs-univ.edu.sy\/\">R\u00e9sultats d&rsquo;examens de gestion des petites et moyennes entreprises<\/a><\/li>\n<\/ul>\n<p>[\/vc_column_text][\/vc_column][\/vc_row]<\/p>\n<\/div>","protected":false},"excerpt":{"rendered":"<p>[vc_row full_height=\u00a0\u00bbyes\u00a0\u00bb][vc_column][vc_column_text] R\u00e9sultats des examens du programme de traduction &#8211; Langue anglaise R\u00e9sultats des examens du programme de traduction &#8211; Langue fran\u00e7aise R\u00e9sultats d&rsquo;examens du programme<span class=\"excerpt-hellip\"> [\u2026]<\/span><\/p>\n","protected":false},"author":6,"featured_media":0,"parent":45544,"menu_order":0,"comment_status":"closed","ping_status":"closed","template":"","meta":{"_acf_changed":false,"footnotes":""},"class_list":["post-47307","page","type-page","status-publish","hentry"],"acf":[],"_links":{"self":[{"href":"https:\/\/homs-univ.edu.sy\/fr\/wp-json\/wp\/v2\/pages\/47307","targetHints":{"allow":["GET"]}}],"collection":[{"href":"https:\/\/homs-univ.edu.sy\/fr\/wp-json\/wp\/v2\/pages"}],"about":[{"href":"https:\/\/homs-univ.edu.sy\/fr\/wp-json\/wp\/v2\/types\/page"}],"author":[{"embeddable":true,"href":"https:\/\/homs-univ.edu.sy\/fr\/wp-json\/wp\/v2\/users\/6"}],"replies":[{"embeddable":true,"href":"https:\/\/homs-univ.edu.sy\/fr\/wp-json\/wp\/v2\/comments?post=47307"}],"version-history":[{"count":4,"href":"https:\/\/homs-univ.edu.sy\/fr\/wp-json\/wp\/v2\/pages\/47307\/revisions"}],"predecessor-version":[{"id":85464,"href":"https:\/\/homs-univ.edu.sy\/fr\/wp-json\/wp\/v2\/pages\/47307\/revisions\/85464"}],"up":[{"embeddable":true,"href":"https:\/\/homs-univ.edu.sy\/fr\/wp-json\/wp\/v2\/pages\/45544"}],"wp:attachment":[{"href":"https:\/\/homs-univ.edu.sy\/fr\/wp-json\/wp\/v2\/media?parent=47307"}],"curies":[{"name":"wp","href":"https:\/\/api.w.org\/{rel}","templated":true}]}}