{"id":47308,"date":"2022-06-07T16:14:40","date_gmt":"2022-06-07T13:14:40","guid":{"rendered":"https:\/\/homs-univ.edu.sy\/admission\/etudiants-du-premier-cycle-universitaire\/concours-speciaux\/concours-d-admission-pour-les-personnes-ayant-des-besoins-speciaux\/"},"modified":"2022-06-22T10:52:21","modified_gmt":"2022-06-22T07:52:21","slug":"concours-d-admission-pour-les-personnes-ayant-des-besoins-speciaux","status":"publish","type":"page","link":"https:\/\/homs-univ.edu.sy\/fr\/admission\/etudiants-du-premier-cycle-universitaire\/concours-speciaux\/concours-d-admission-pour-les-personnes-ayant-des-besoins-speciaux\/","title":{"rendered":"Concours d&rsquo;admission pour les personnes ayant des besoins sp\u00e9ciaux"},"content":{"rendered":"<div class=\"wpb-content-wrapper\"><p>[vc_row][vc_column][vc_column_text]<\/p>\n<h3 style=\"text-align: right; color: #dd3333;\">Documents n\u00e9cessaires au concours des \u00e9tudiants en situation de handicap (auditif-cin\u00e9tique-visuel, y compris les aveugles) :<\/h3>\n<ul>\n<li style=\"text-align: justify;\">Une copie de la carte d\u2019identit\u00e9 pour les \u00e9tudiants syriens. Les \u00e9tudiants palestiniens r\u00e9sidants en Syrie pr\u00e9sentent un r\u00e9cent extrait du registre de l\u2019\u00c9tat Civil qui indique la date de refuge de la famille de l\u2019\u00e9tudiant qui doit \u00eatre \u00e0 partir du 26\/7\/1956 (ou avant cette date).<\/li>\n<li style=\"text-align: justify;\">Le rapport d&rsquo;examen m\u00e9dical que l&rsquo;\u00e9tudiant obtient de la commission m\u00e9dicale comp\u00e9tente apr\u00e8s avoir effectu\u00e9 un examen m\u00e9dical, dans lequel le type et le taux d&rsquo;incapacit\u00e9 sont not\u00e9s et soumis avec la candidature au centre d\u00e9sign\u00e9 dans l&rsquo;annonce.<\/li>\n<\/ul>\n<p>[\/vc_column_text][\/vc_column][\/vc_row][vc_row][vc_column][vc_column_text]<\/p>\n<p style=\"text-align: left;\"><a class=\"button  button_right button_size_2\" href=\"\"     style=\"color:#dd3333;\" target=\"_blank\"    title=\"\"><span class=\"button_icon\"><i class=\"icon-acrobat\"  style=\"color:#dd3333!important;\" aria-hidden=\"true\"><\/i><\/span><span class=\"button_label\">Pour plus d'informations<\/span><\/a>\n<\/p>\n<p>[\/vc_column_text][\/vc_column][\/vc_row]<\/p>\n<\/div>","protected":false},"excerpt":{"rendered":"<p>[vc_row][vc_column][vc_column_text] Documents n\u00e9cessaires au concours des \u00e9tudiants en situation de handicap (auditif-cin\u00e9tique-visuel, y compris les aveugles) : Une copie de la carte d\u2019identit\u00e9 pour les \u00e9tudiants<span class=\"excerpt-hellip\"> [\u2026]<\/span><\/p>\n","protected":false},"author":1,"featured_media":0,"parent":47072,"menu_order":0,"comment_status":"closed","ping_status":"closed","template":"","meta":{"_acf_changed":false,"footnotes":""},"class_list":["post-47308","page","type-page","status-publish","hentry"],"acf":[],"_links":{"self":[{"href":"https:\/\/homs-univ.edu.sy\/fr\/wp-json\/wp\/v2\/pages\/47308","targetHints":{"allow":["GET"]}}],"collection":[{"href":"https:\/\/homs-univ.edu.sy\/fr\/wp-json\/wp\/v2\/pages"}],"about":[{"href":"https:\/\/homs-univ.edu.sy\/fr\/wp-json\/wp\/v2\/types\/page"}],"author":[{"embeddable":true,"href":"https:\/\/homs-univ.edu.sy\/fr\/wp-json\/wp\/v2\/users\/1"}],"replies":[{"embeddable":true,"href":"https:\/\/homs-univ.edu.sy\/fr\/wp-json\/wp\/v2\/comments?post=47308"}],"version-history":[{"count":1,"href":"https:\/\/homs-univ.edu.sy\/fr\/wp-json\/wp\/v2\/pages\/47308\/revisions"}],"predecessor-version":[{"id":47309,"href":"https:\/\/homs-univ.edu.sy\/fr\/wp-json\/wp\/v2\/pages\/47308\/revisions\/47309"}],"up":[{"embeddable":true,"href":"https:\/\/homs-univ.edu.sy\/fr\/wp-json\/wp\/v2\/pages\/47072"}],"wp:attachment":[{"href":"https:\/\/homs-univ.edu.sy\/fr\/wp-json\/wp\/v2\/media?parent=47308"}],"curies":[{"name":"wp","href":"https:\/\/api.w.org\/{rel}","templated":true}]}}