{"id":47318,"date":"2022-06-07T16:40:59","date_gmt":"2022-06-07T13:40:59","guid":{"rendered":"https:\/\/homs-univ.edu.sy\/admission\/etudiants-du-premier-cycle-universitaire\/concours-speciaux\/concours-d-admission-pour-les-familles-des-martyrs\/"},"modified":"2022-06-22T10:48:49","modified_gmt":"2022-06-22T07:48:49","slug":"concours-d-admission-pour-les-familles-des-martyrs","status":"publish","type":"page","link":"https:\/\/homs-univ.edu.sy\/fr\/admission\/etudiants-du-premier-cycle-universitaire\/concours-speciaux\/concours-d-admission-pour-les-familles-des-martyrs\/","title":{"rendered":"Concours d&rsquo;admission pour les familles des martyrs"},"content":{"rendered":"<div class=\"wpb-content-wrapper\"><p>[vc_row][vc_column][vc_column_text]<\/p>\n<h3 style=\"text-align: right; color: #dd3333;\">Documents requis \u00e0 l&rsquo;inscription au concours:<\/h3>\n<ul>\n<li style=\"text-align: justify;\">Pr\u00e9senter une copie de la carte d\u2019identit\u00e9 pour les \u00e9tudiants syriens. Les \u00e9tudiants palestiniens r\u00e9sidants en Syrie pr\u00e9sentent un r\u00e9cent extrait du registre de l\u2019\u00c9tat Civil qui indique la date de refuge de la famille de l\u2019\u00e9tudiant qui doit \u00eatre \u00e0 partir du 26\/7\/1956 (ou avant cette date).<\/li>\n<li style=\"text-align: justify;\">Pr\u00e9senter le document suppl\u00e9mentaire que l&rsquo;\u00e9tudiant obtient exclusivement aupr\u00e8s du Bureau des Martyrs \u00e0 Damas (la date de d\u00e9livrance doit \u00eatre r\u00e9cente). Les documents d\u00e9livr\u00e9s par les branches au gouvernorats ne sont pas accept\u00e9s.<\/li>\n<\/ul>\n<p>[\/vc_column_text][\/vc_column][\/vc_row][vc_row][vc_column][vc_column_text]<\/p>\n<p style=\"text-align: left;\"><a class=\"button  button_right button_size_2\" href=\"\"     style=\"color:#dd3333;\" target=\"_blank\"    title=\"\"><span class=\"button_icon\"><i class=\"icon-acrobat\"  style=\"color:#dd3333!important;\" aria-hidden=\"true\"><\/i><\/span><span class=\"button_label\">Pour plus d'informations<\/span><\/a>\n<\/p>\n<p>[\/vc_column_text][\/vc_column][\/vc_row]<\/p>\n<\/div>","protected":false},"excerpt":{"rendered":"<p>[vc_row][vc_column][vc_column_text] Documents requis \u00e0 l&rsquo;inscription au concours: Pr\u00e9senter une copie de la carte d\u2019identit\u00e9 pour les \u00e9tudiants syriens. Les \u00e9tudiants palestiniens r\u00e9sidants en Syrie pr\u00e9sentent un<span class=\"excerpt-hellip\"> [\u2026]<\/span><\/p>\n","protected":false},"author":1,"featured_media":0,"parent":47072,"menu_order":0,"comment_status":"closed","ping_status":"closed","template":"","meta":{"_acf_changed":false,"footnotes":""},"class_list":["post-47318","page","type-page","status-publish","hentry"],"acf":[],"_links":{"self":[{"href":"https:\/\/homs-univ.edu.sy\/fr\/wp-json\/wp\/v2\/pages\/47318","targetHints":{"allow":["GET"]}}],"collection":[{"href":"https:\/\/homs-univ.edu.sy\/fr\/wp-json\/wp\/v2\/pages"}],"about":[{"href":"https:\/\/homs-univ.edu.sy\/fr\/wp-json\/wp\/v2\/types\/page"}],"author":[{"embeddable":true,"href":"https:\/\/homs-univ.edu.sy\/fr\/wp-json\/wp\/v2\/users\/1"}],"replies":[{"embeddable":true,"href":"https:\/\/homs-univ.edu.sy\/fr\/wp-json\/wp\/v2\/comments?post=47318"}],"version-history":[{"count":1,"href":"https:\/\/homs-univ.edu.sy\/fr\/wp-json\/wp\/v2\/pages\/47318\/revisions"}],"predecessor-version":[{"id":47319,"href":"https:\/\/homs-univ.edu.sy\/fr\/wp-json\/wp\/v2\/pages\/47318\/revisions\/47319"}],"up":[{"embeddable":true,"href":"https:\/\/homs-univ.edu.sy\/fr\/wp-json\/wp\/v2\/pages\/47072"}],"wp:attachment":[{"href":"https:\/\/homs-univ.edu.sy\/fr\/wp-json\/wp\/v2\/media?parent=47318"}],"curies":[{"name":"wp","href":"https:\/\/api.w.org\/{rel}","templated":true}]}}