{"id":47341,"date":"2018-12-19T12:23:54","date_gmt":"2018-12-19T10:23:54","guid":{"rendered":"https:\/\/homs-univ.edu.sy\/admission\/bourses-des-universites-privees\/"},"modified":"2022-06-22T10:55:24","modified_gmt":"2022-06-22T07:55:24","slug":"bourses-des-universites-privees","status":"publish","type":"page","link":"https:\/\/homs-univ.edu.sy\/fr\/admission\/bourses-des-universites-privees\/","title":{"rendered":"Bourses des universit\u00e9s priv\u00e9es"},"content":{"rendered":"<div class=\"wpb-content-wrapper\"><p>[vc_row][vc_column][vc_column_text]<\/p>\n<h3 style=\"text-align: justify;\"><span style=\"color: #dd3333;\">Conditions requises pour la candidature aux bourses des universit\u00e9s priv\u00e9es:<\/span><\/h3>\n<ol>\n<li>L&rsquo;\u00e9tudiant doit avoir la nationalit\u00e9 arabe syrienne, ou assimil\u00e9.<\/li>\n<li>L&rsquo;\u00e9tudiant doit avoir un certificat de fin d&rsquo;\u00e9tudes secondaires g\u00e9n\u00e9rales de la syrie.<\/li>\n<li>L&rsquo;\u00e9tudiant doit avoir atteint le minimum requis pour chaque sp\u00e9cialisation.<\/li>\n<\/ol>\n<h3 style=\"text-align: justify;\"><span style=\"color: #dd3333;\">Documents n\u00e9cessaires:<\/span><\/h3>\n<ol>\n<li style=\"text-align: justify;\">Une copie de la carte d\u2019identit\u00e9 pour les \u00e9tudiants syriens. Les \u00e9tudiants palestiniens r\u00e9sidants en Syrie pr\u00e9sentent un r\u00e9cent extrait du registre de l\u2019\u00c9tat Civil qui indique la date de refuge de la famille de l\u2019\u00e9tudiant qui doit \u00eatre \u00e0 partir du 26\/7\/1956 (ou avant cette date).<\/li>\n<li>Un document prouvant l&rsquo;\u00e9tat de martyre exclusivement pour les fils des martyrs.<\/li>\n<li>Le taux d&rsquo;incapacit\u00e9 indiqu\u00e9 dans le rapport m\u00e9dical fait au nom des commissions m\u00e9dicales form\u00e9es dans les universit\u00e9s publiques.<\/li>\n<\/ol>\n<p><span style=\"color: #000000;\">Remarque : Les documents soumis ne seront pas restitu\u00e9s \u00e0 leurs propri\u00e9taires.<\/span><\/p>\n<p style=\"text-align: end;\"><a class=\"button  button_right button_size_2\" href=\"http:\/\/mohe.gov.sy\/NF12\/file\/new.pdf\" style=\"color:#dd3333;\" target=\"_blank\" title=\"\" rel=\"nofollow noopener\"><span class=\"button_icon\"><i class=\"icon-acrobat\"  style=\"color:#dd3333!important;\" aria-hidden=\"true\"><\/i><\/span><span class=\"button_label\">Pour plus d'informations<\/span><\/a>\n<\/p>\n<p>[\/vc_column_text][\/vc_column][\/vc_row]<\/p>\n<\/div>","protected":false},"excerpt":{"rendered":"<p>[vc_row][vc_column][vc_column_text] Conditions requises pour la candidature aux bourses des universit\u00e9s priv\u00e9es: L&rsquo;\u00e9tudiant doit avoir la nationalit\u00e9 arabe syrienne, ou assimil\u00e9. L&rsquo;\u00e9tudiant doit avoir un certificat de<span class=\"excerpt-hellip\"> [\u2026]<\/span><\/p>\n","protected":false},"author":1,"featured_media":0,"parent":46172,"menu_order":0,"comment_status":"closed","ping_status":"closed","template":"","meta":{"_acf_changed":false,"footnotes":""},"class_list":["post-47341","page","type-page","status-publish","hentry"],"acf":[],"_links":{"self":[{"href":"https:\/\/homs-univ.edu.sy\/fr\/wp-json\/wp\/v2\/pages\/47341","targetHints":{"allow":["GET"]}}],"collection":[{"href":"https:\/\/homs-univ.edu.sy\/fr\/wp-json\/wp\/v2\/pages"}],"about":[{"href":"https:\/\/homs-univ.edu.sy\/fr\/wp-json\/wp\/v2\/types\/page"}],"author":[{"embeddable":true,"href":"https:\/\/homs-univ.edu.sy\/fr\/wp-json\/wp\/v2\/users\/1"}],"replies":[{"embeddable":true,"href":"https:\/\/homs-univ.edu.sy\/fr\/wp-json\/wp\/v2\/comments?post=47341"}],"version-history":[{"count":3,"href":"https:\/\/homs-univ.edu.sy\/fr\/wp-json\/wp\/v2\/pages\/47341\/revisions"}],"predecessor-version":[{"id":49069,"href":"https:\/\/homs-univ.edu.sy\/fr\/wp-json\/wp\/v2\/pages\/47341\/revisions\/49069"}],"up":[{"embeddable":true,"href":"https:\/\/homs-univ.edu.sy\/fr\/wp-json\/wp\/v2\/pages\/46172"}],"wp:attachment":[{"href":"https:\/\/homs-univ.edu.sy\/fr\/wp-json\/wp\/v2\/media?parent=47341"}],"curies":[{"name":"wp","href":"https:\/\/api.w.org\/{rel}","templated":true}]}}