{"id":47366,"date":"2022-06-07T22:28:16","date_gmt":"2022-06-07T19:28:16","guid":{"rendered":"https:\/\/homs-univ.edu.sy\/admission\/etudiants-du-premier-cycle-universitaire\/concours-speciaux\/concours-d-admission-pour-les-fils-filles-des-membres-du-corps-professoral\/"},"modified":"2022-06-22T10:51:23","modified_gmt":"2022-06-22T07:51:23","slug":"concours-d-admission-pour-les-fils-filles-des-membres-du-corps-professoral","status":"publish","type":"page","link":"https:\/\/homs-univ.edu.sy\/fr\/admission\/etudiants-du-premier-cycle-universitaire\/concours-speciaux\/concours-d-admission-pour-les-fils-filles-des-membres-du-corps-professoral\/","title":{"rendered":"Concours d&rsquo;admission pour les fils\/filles des membres du corps professoral"},"content":{"rendered":"<div class=\"wpb-content-wrapper\"><p>[vc_row][vc_column][vc_column_text]<\/p>\n<h3 style=\"text-align: right; color: #dd3333;\">Documents requis pour le concours d&rsquo;admission pour les fils\/filles des membres du corps professoral :<\/h3>\n<ul>\n<li style=\"text-align: justify;\">Une copie de la carte d\u2019identit\u00e9 pour les \u00e9tudiants syriens. Les \u00e9tudiants palestiniens r\u00e9sidants en Syrie pr\u00e9sentent un r\u00e9cent extrait du registre de l\u2019\u00c9tat Civil qui indique la date de refuge de la famille de l\u2019\u00e9tudiant qui doit \u00eatre \u00e0 partir du 26\/7\/1956 (ou avant cette date).<\/li>\n<li style=\"text-align: justify;\">Une attestation d&rsquo;appartenance au corps professoral dans les universit\u00e9s gouvernementales syriennes, au organisme de la Recherche Scientifique dans le Centre d&rsquo;\u00e9tudes et de recherche scientifique, et au organisme d&rsquo;enseignement dans les instituts sup\u00e9rieurs affili\u00e9s au Ministre de l&rsquo;Enseignement Sup\u00e9rieur L&rsquo;\u00e9tudiant obtient cette attestation de l&rsquo;universit\u00e9 elle-m\u00eame, du centre ou de l&rsquo;institut, indiquant la situation de son p\u00e8re ou de sa m\u00e8re et la dur\u00e9e de son service, \u00e0 condition que la date de d\u00e9livrace de l&rsquo;attestation soit en moins d&rsquo;un mois<\/li>\n<\/ul>\n<p>[\/vc_column_text][\/vc_column][\/vc_row][vc_row][vc_column][vc_column_text]<\/p>\n<p style=\"text-align: left;\"><a class=\"button  button_right button_size_2\" href=\"\"     style=\"color:#dd3333;\" target=\"_blank\"    title=\"\"><span class=\"button_icon\"><i class=\"icon-acrobat\"  style=\"color:#dd3333!important;\" aria-hidden=\"true\"><\/i><\/span><span class=\"button_label\">Pour plus d'informations<\/span><\/a>\n<\/p>\n<p>[\/vc_column_text][\/vc_column][\/vc_row]<\/p>\n<\/div>","protected":false},"excerpt":{"rendered":"<p>[vc_row][vc_column][vc_column_text] Documents requis pour le concours d&rsquo;admission pour les fils\/filles des membres du corps professoral : Une copie de la carte d\u2019identit\u00e9 pour les \u00e9tudiants syriens.<span class=\"excerpt-hellip\"> [\u2026]<\/span><\/p>\n","protected":false},"author":1,"featured_media":0,"parent":47072,"menu_order":0,"comment_status":"closed","ping_status":"closed","template":"","meta":{"_acf_changed":false,"footnotes":""},"class_list":["post-47366","page","type-page","status-publish","hentry"],"acf":[],"_links":{"self":[{"href":"https:\/\/homs-univ.edu.sy\/fr\/wp-json\/wp\/v2\/pages\/47366","targetHints":{"allow":["GET"]}}],"collection":[{"href":"https:\/\/homs-univ.edu.sy\/fr\/wp-json\/wp\/v2\/pages"}],"about":[{"href":"https:\/\/homs-univ.edu.sy\/fr\/wp-json\/wp\/v2\/types\/page"}],"author":[{"embeddable":true,"href":"https:\/\/homs-univ.edu.sy\/fr\/wp-json\/wp\/v2\/users\/1"}],"replies":[{"embeddable":true,"href":"https:\/\/homs-univ.edu.sy\/fr\/wp-json\/wp\/v2\/comments?post=47366"}],"version-history":[{"count":3,"href":"https:\/\/homs-univ.edu.sy\/fr\/wp-json\/wp\/v2\/pages\/47366\/revisions"}],"predecessor-version":[{"id":47369,"href":"https:\/\/homs-univ.edu.sy\/fr\/wp-json\/wp\/v2\/pages\/47366\/revisions\/47369"}],"up":[{"embeddable":true,"href":"https:\/\/homs-univ.edu.sy\/fr\/wp-json\/wp\/v2\/pages\/47072"}],"wp:attachment":[{"href":"https:\/\/homs-univ.edu.sy\/fr\/wp-json\/wp\/v2\/media?parent=47366"}],"curies":[{"name":"wp","href":"https:\/\/api.w.org\/{rel}","templated":true}]}}