{"id":47437,"date":"2018-12-19T13:45:45","date_gmt":"2018-12-19T11:45:45","guid":{"rendered":"https:\/\/homs-univ.edu.sy\/admission\/etudes-superieures\/concours-dacces-au-master\/"},"modified":"2022-06-21T12:07:41","modified_gmt":"2022-06-21T09:07:41","slug":"concours-dacces-au-master","status":"publish","type":"page","link":"https:\/\/homs-univ.edu.sy\/fr\/admission\/etudes-superieures\/concours-dacces-au-master\/","title":{"rendered":"Concours d&rsquo;acc\u00e8s au master"},"content":{"rendered":"<div class=\"wpb-content-wrapper\"><p>[vc_row][vc_column][vc_column_text]<\/p>\n<div style=\"text-align: justify!important;\">\n<h3><span style=\"color: #dd3333;\">Concours d&rsquo;acc\u00e8s aux \u00e9tudes de troisi\u00e8me cycle \u00e0 l&rsquo;Universit\u00e9 Al Baath<\/span><\/h3>\n<p>L\u2019\u00e9tudiant qui souhaite pr\u00e9senter sa candidature au concours d&rsquo;acc\u00e8s au master doit remplir les conditions suivantes :<\/p>\n<ul>\n<li> Avoir la mention \u00ab bien \u00bb au moins au dipl\u00f4me de licence d\u00e9livr\u00e9e d\u2019une universit\u00e9 syrienne ou d\u2019une universit\u00e9 \u00e9quivalente<\/li>\n<li> R\u00e9ussir l&rsquo;examen de langue \u00e9trang\u00e8re pour s&rsquo;inscrire au grade de master de n&rsquo;importe quel institut sup\u00e9rieur des langues dans les universit\u00e9s gouvernementales. Le certificat de r\u00e9ussite est valable pour une dur\u00e9e de trois ans \u00e0 compter de la date de son obtention.<\/li>\n<li> et il doit remplir les autres conditions mentionn\u00e9es dans l&rsquo;annonce du concours<\/li>\n<\/ul>\n<p>Les candidats seront s\u00e9lectionn\u00e9s en fonction de leur moyenne. .<\/p>\n<h4>\u00c9tudes de troisi\u00e8me cycle (Master)<\/h4>\n<h5>Inscription en premi\u00e8re ann\u00e9e<\/h5>\n<p>Apr\u00e8s avoir \u00e9t\u00e9 admis, l&rsquo;\u00e9tudiant pr\u00e9pare les documents n\u00e9cessaires \u00e0 l&rsquo;inscription en master. Apr\u00e8s avoir v\u00e9rifi\u00e9 les documents par la Direction de la Recherche Scientifique et des \u00c9tudes Sup\u00e9rieures, l&rsquo;\u00e9tdudiant compl\u00e8te les proc\u00e9dures d&rsquo;inscription \u00e0 la Division des \u00e9tudes sup\u00e9rieures dans sa facult\u00e9.<\/p>\n<h5>Examens<\/h5>\n<p>Pour que l&rsquo;\u00e9tudiant puisse passer les examens, le taux d&rsquo;assuidit\u00e9 aux cours doient \u00eatre 90 % au moins. La note minimale pour la r\u00e9ussite dans chaque mati\u00e8re est de 60 %.<\/p>\n<h5>Inscription du m\u00e9moire de master<\/h5>\n<p>L&rsquo;\u00e9tudiant choisit le sujet de recherche, au deuxi\u00e8me semestre de la premi\u00e8re ann\u00e9e, parmi les axes de recherche d\u00e9termin\u00e9s annuellement par la fauclt\u00e9, l&rsquo;encadreur doit \u00eatre un membre du corps professoral \u00e0 l&rsquo;Universit\u00e9 Al Baath. L&rsquo;\u00e9tudiant organise un s\u00e9minaire en pr\u00e9sence du chef de d\u00e9partement, des membres du corps professoral pour pr\u00e9senter le plan de sa recherche ceci apr\u00e8s avoir r\u00e9ussi ses examens du cours de la premi\u00e8re ann\u00e9e et l&rsquo;annonce des r\u00e9sultats par d\u00e9cision du Conseil de la facult\u00e9. L&rsquo;\u00e9tudiant finit les modifications n\u00e9cessaires au plan de recherche afin de le pr\u00e9senter \u00e0 nouveau au s\u00e9minaire d&rsquo;inscription. L&rsquo;\u00e9tudiant dispose d&rsquo;un d\u00e9lai de trois mois pour enregistrer la recherche, \u00e0 compter de la date de l&rsquo;annonce des r\u00e9sultats des examens de la premi\u00e8re ann\u00e9e. le d\u00e9lai peut \u00eatre prolong\u00e9 de trois mois suppl\u00e9mentaires par d\u00e9cision du Conseil de l&rsquo;Universit\u00e9.<\/p>\n<h3><span style=\"color: #dd3333;\"> Concours du troixi\u00e8me cycle\/Master (pour les facult\u00e9s m\u00e9dicales &#8211; g\u00e9nie informatique &#8211; architecture)<\/span><\/h3>\n<h4><span style=\"color: #000000;\">Les pi\u00e8ces justificatives n\u00e9cessaires pour la candidature au concours: <\/span><\/h4>\n<ol>\n<li>Une copie de la carte d\u2019identit\u00e9 pour les \u00e9tudiants syriens ou un r\u00e9cent extrait du registre de l\u2019\u00c9tat Civil<\/li>\n<li>Les \u00e9tudiants palestiniens r\u00e9sidants en Syrie pr\u00e9sentent un r\u00e9cent extrait du registre de l\u2019\u00c9tat Civil qui indique la date de refuge de la famille de l\u2019\u00e9tudiant<\/li>\n<li>Les \u00e9tudiants palestiniens r\u00e9sidants en Syrie r\u00e9fugi\u00e9s apr\u00e8s le 26\/07\/56, qui sont<span style=\"color: #000000;\">exclusivement des filles\/fils de citoyennes syriennes, soumettent un<span style=\"color: #333333;\"> r\u00e9cent extrait d&rsquo;acte civil et les documents requis \u00e0 l&rsquo;article 4<\/span><\/span><\/li>\n<li> Les filles\/fils des citoyennes syriennes r\u00e9sidantes en Syrie : ils pr\u00e9sentent un document prouvant leur nationalit\u00e9 et un certificat scolaire qui indique le deuxi\u00e8me cycle de l\u2019\u00e9ducation de base, et le cycle secondaire en Syrie, une copie de la carte d\u2019identit\u00e9 de la m\u00e8re et un certificat de r\u00e9sidence qui atteste la dur\u00e9e d\u2019\u00e9tude de son fils en Syrie.<\/li>\n<li>Une copie certifi\u00e9e conforme du dipl\u00f4me de la licence dans laquelle la moyenne et la mention sont indiqu\u00e9e, .<\/li>\n<li>Une copie certifi\u00e9e conforme du certificat d&rsquo;\u00e9tudes sp\u00e9cialis\u00e9es comprenant la moyenne et la mention, .<\/li>\n<li>Un certificat de r\u00e9ussite \u00e0 lexamen de langue \u00e9trang\u00e8re pour s&rsquo;inscrire au master<\/li>\n<li>Une notification bancaire de versement de l&rsquo;avance \u00e0 la banque agr\u00e9\u00e9e dans les gouvernorats pour les candidatures en admission parall\u00e8le<\/li>\n<li>Une notification bancaire du versement de l&rsquo;avance \u00e0 la banque agr\u00e9\u00e9e dans les gouvernorats pour que les candidatures aux places vacantes des Arabes et des \u00e9trangers<\/li>\n<li>.<\/li>\n<li>Un relev\u00e9 de notes d\u00e9taill\u00e9 du certificat de licence non syrien, d\u00fbment certifi\u00e9 et traduit si le relev\u00e9 de notes est d\u00e9livr\u00e9 par un pays \u00e9tranger, et que le certificat de fin d&rsquo;\u00e9tudes secondaires est compatible avec le dipl\u00f4me de la licence.<\/li>\n<li>Une copie certifi\u00e9e conforme du certificat d&rsquo;\u00e9tudes g\u00e9n\u00e9rales sp\u00e9cialis\u00e9es non syrien d\u00fbment traduit si le certificat est d\u00e9livr\u00e9 par un pays \u00e9tranger. avec une copie de la d\u00e9cision d&rsquo;\u00e9quivalence syrienne et une copie du certificat de licence d&rsquo;exercer la profession en Syrie<\/li>\n<li>Un certificat du Commandement G\u00e9n\u00e9ral de l&rsquo;Arm\u00e9e et des Forces Arm\u00e9es (Bureau des Affaires des Martyrs, Bless\u00e9s et Disparus) pour les candidats au convours de familles des martyrs conform\u00e9ment aux conditions pr\u00e9cit\u00e9es<\/li>\n<\/ol>\n<\/div>\n<p style=\"text-align: end;\"><a class=\"button  button_right button_size_2\" href=\"http:\/\/mohe.gov.sy\/NF12\/file\/Adv%202018-2019.pdf\" style=\"color:#dd3333;\" target=\"_blank\" title=\"\" rel=\"nofollow noopener\"><span class=\"button_icon\"><i class=\"icon-acrobat\"  style=\"color:#dd3333!important;\" aria-hidden=\"true\"><\/i><\/span><span class=\"button_label\">Pour plus d'informations<\/span><\/a>\n<\/p>\n<p>[\/vc_column_text][\/vc_column][\/vc_row]<\/p>\n<\/div>","protected":false},"excerpt":{"rendered":"<p>[vc_row][vc_column][vc_column_text] Concours d&rsquo;acc\u00e8s aux \u00e9tudes de troisi\u00e8me cycle \u00e0 l&rsquo;Universit\u00e9 Al Baath L\u2019\u00e9tudiant qui souhaite pr\u00e9senter sa candidature au concours d&rsquo;acc\u00e8s au master doit remplir les<span class=\"excerpt-hellip\"> [\u2026]<\/span><\/p>\n","protected":false},"author":1,"featured_media":0,"parent":47043,"menu_order":0,"comment_status":"closed","ping_status":"closed","template":"","meta":{"_acf_changed":false,"footnotes":""},"class_list":["post-47437","page","type-page","status-publish","hentry"],"acf":[],"_links":{"self":[{"href":"https:\/\/homs-univ.edu.sy\/fr\/wp-json\/wp\/v2\/pages\/47437","targetHints":{"allow":["GET"]}}],"collection":[{"href":"https:\/\/homs-univ.edu.sy\/fr\/wp-json\/wp\/v2\/pages"}],"about":[{"href":"https:\/\/homs-univ.edu.sy\/fr\/wp-json\/wp\/v2\/types\/page"}],"author":[{"embeddable":true,"href":"https:\/\/homs-univ.edu.sy\/fr\/wp-json\/wp\/v2\/users\/1"}],"replies":[{"embeddable":true,"href":"https:\/\/homs-univ.edu.sy\/fr\/wp-json\/wp\/v2\/comments?post=47437"}],"version-history":[{"count":6,"href":"https:\/\/homs-univ.edu.sy\/fr\/wp-json\/wp\/v2\/pages\/47437\/revisions"}],"predecessor-version":[{"id":49028,"href":"https:\/\/homs-univ.edu.sy\/fr\/wp-json\/wp\/v2\/pages\/47437\/revisions\/49028"}],"up":[{"embeddable":true,"href":"https:\/\/homs-univ.edu.sy\/fr\/wp-json\/wp\/v2\/pages\/47043"}],"wp:attachment":[{"href":"https:\/\/homs-univ.edu.sy\/fr\/wp-json\/wp\/v2\/media?parent=47437"}],"curies":[{"name":"wp","href":"https:\/\/api.w.org\/{rel}","templated":true}]}}