{"id":47708,"date":"2022-06-03T14:38:25","date_gmt":"2022-06-03T11:38:25","guid":{"rendered":"https:\/\/homs-univ.edu.sy\/services-communautaires\/incubateur-des-technologies-de-l-information\/"},"modified":"2022-07-07T10:41:54","modified_gmt":"2022-07-07T07:41:54","slug":"incubateur-des-technologies-de-l-information","status":"publish","type":"page","link":"https:\/\/homs-univ.edu.sy\/fr\/services-communautaires\/incubateur-des-technologies-de-l-information\/","title":{"rendered":"Incubateur des technologies de l&rsquo;information"},"content":{"rendered":"<div class=\"wpb-content-wrapper\"><p>[vc_section full_width=\u00a0\u00bbstretch_row\u00a0\u00bb full_height=\u00a0\u00bbyes\u00a0\u00bb content_placement=\u00a0\u00bbmiddle\u00a0\u00bb][vc_row css=\u00a0\u00bb.vc_custom_1647009353260{padding-top: 5vh !important;padding-bottom: 5vh !important;}\u00a0\u00bb][vc_column css_animation=\u00a0\u00bbfadeIn\u00a0\u00bb]<div class=\"fancy_heading fancy_heading_line\"><div class=\"fh-top\"><\/div><h2 class=\"title\">Incubateur des Technologies de l'Information et de la Communication<\/h2><div class=\"inside\"><i class=\"fa fa-map-marker-alt\"><\/i> Universit\u00e9 Al Baath &#8211; Derri\u00e8re la Facult\u00e9 des Sciences<\/p>\n<p>C&rsquo;est l&rsquo;un des projets de l&rsquo;Association Scientifique Syrienne pour l&rsquo;informatique qui vise \u00e0 soutenir la cr\u00e9ation de petites et moyennes entreprises dans le domaine des technologies de l&rsquo;information et de la communication afin de fournir des produits innovants qui portent un valeur ajout\u00e9e \u00e0 l&rsquo;industrie des technologies de l&rsquo;information et de la communication en Syrie et dans le monde gr\u00e2ce \u00e0 un ensemble d&rsquo;objectifs \u00e9manant de la mission de l&rsquo;Association Scientifique Syrienne pour l&rsquo;Informatique<\/div><\/div>\n[\/vc_column][\/vc_row][vc_row full_width=\u00a0\u00bbstretch_row\u00a0\u00bb rtl_reverse=\u00a0\u00bbyes\u00a0\u00bb content_placement=\u00a0\u00bbmiddle\u00a0\u00bb css=\u00a0\u00bb.vc_custom_1647332978223{background-color: #f4f4f4 !important;}\u00a0\u00bb][vc_column width=\u00a0\u00bb1\/2&Prime;]<div class=\"quick_fact align_center animate-math\"><h4 class=\"title heading_tag \">Inaugur\u00e9 en<\/h4><div class=\"number-wrapper\"><span class=\"label prefix\">l&#039;an<\/span><span class=\"number\" data-to=\"2010\">2010<\/span><span class=\"label postfix\">.<\/span><\/div><hr class=\"hr_narrow\" \/><div class=\"desc\">Suite au protocole d&rsquo;accord sign\u00e9 entre l&rsquo;Association Scientifique Syrienne pour l&rsquo;informatique et l&rsquo;Universit\u00e9 Al-Baath<\/div><\/div>\n[\/vc_column][vc_column css_animation=\u00a0\u00bbappear\u00a0\u00bb width=\u00a0\u00bb1\/2&Prime;][vc_single_image image=\u00a0\u00bb36691&Prime; img_size=\u00a0\u00bbmedium\u00a0\u00bb alignment=\u00a0\u00bbcenter\u00a0\u00bb css_animation=\u00a0\u00bbfadeInDown\u00a0\u00bb][\/vc_column][\/vc_row][vc_row full_width=\u00a0\u00bbstretch_row\u00a0\u00bb rtl_reverse=\u00a0\u00bbyes\u00a0\u00bb content_placement=\u00a0\u00bbmiddle\u00a0\u00bb css=\u00a0\u00bb.vc_custom_1647332930328{background-color: #f0f0f0 !important;}\u00a0\u00bb][vc_column width=\u00a0\u00bb1\/2&Prime;][vc_single_image image=\u00a0\u00bb36694&Prime; img_size=\u00a0\u00bbmedium\u00a0\u00bb alignment=\u00a0\u00bbcenter\u00a0\u00bb css_animation=\u00a0\u00bbfadeInUp\u00a0\u00bb][\/vc_column][vc_column css_animation=\u00a0\u00bbappear\u00a0\u00bb width=\u00a0\u00bb1\/2&Prime;]<div class=\"quick_fact align_center animate-math\"><h4 class=\"title heading_tag \">Il a re\u00e7u depuis son inauguration<\/h4><div class=\"number-wrapper\"><span class=\"number\" data-to=\"20\">20<\/span><\/div><hr class=\"hr_narrow\" \/><div class=\"desc\">\u00c9quipes<\/div><\/div>\n[\/vc_column][\/vc_row][\/vc_section][vc_section full_width=\u00a0\u00bbstretch_row\u00a0\u00bb css=\u00a0\u00bb.vc_custom_1647332892142{padding-top: 10vh !important;background-color: #f4f4f4 !important;}\u00a0\u00bb][vc_row][vc_column]<div class=\"fancy_heading fancy_heading_icon\"><div class=\"fh-top\"><\/div><h2 class=\"title\">Vision et Mission<\/h2><\/div>\n[vc_column_text css_animation=\u00a0\u00bbslideInUp\u00a0\u00bb]<\/p>\n<h3 style=\"text-align: center;\"><span style=\"color: #dd3333;\">Vision de l&rsquo;incubateur<\/span><\/h3>\n<p style=\"text-align: center;\">Soutenir la cr\u00e9ation de petites et moyennes entreprises dans le domaine des technologies de l&rsquo;information et de la communication, Fournir des produits innovants qui portent un valeur ajout\u00e9e \u00e0 l&rsquo;industrie des technologies de l&rsquo;information et de la communication en Syrie et dans le monde<\/p>\n<p>&nbsp;<\/p>\n<hr>\n<p>[\/vc_column_text][\/vc_column][vc_column css=\u00a0\u00bb.vc_custom_1647333133192{padding-top: 5vh !important;padding-bottom: 5vh !important;}\u00a0\u00bb][vc_column_text css_animation=\u00a0\u00bbslideInDown\u00a0\u00bb]<\/p>\n<h3 style=\"text-align: center;\"><span style=\"color: #dd3333;\">Mission de l&rsquo;incubateur<\/span><\/h3>\n<p>[\/vc_column_text][vc_row_inner rtl_reverse=\u00a0\u00bbyes\u00a0\u00bb][vc_column_inner width=\u00a0\u00bb1\/2&Prime;]<div class=\"list_item lists_4 clearfix\"><div class=\"circle\">1<\/div><div class=\"list_right\"><div class=\"desc\">D\u00e9velopper l&rsquo;esprit d&rsquo;entreprendre chez les jeunes ayant des comp\u00e9tences et des exp\u00e9riences dans le domaine des technologies de l&rsquo;information et de la communication.<\/div><\/div><\/div>\n<div class=\"list_item lists_4 clearfix\"><div class=\"circle\">3<\/div><div class=\"list_right\"><div class=\"desc\">Offrir un environnement scientifique et technique d&rsquo;experts et de consultants pour soutenir les entrepreneurs de l&rsquo;information dans l&rsquo;\u00e9tablissement de leurs projets d&rsquo;investissement et leur donner de grandes chances de succ\u00e8s.<\/div><\/div><\/div>\n[\/vc_column_inner][vc_column_inner width=\u00a0\u00bb1\/2&Prime;]<div class=\"list_item lists_4 clearfix\"><div class=\"circle\">2<\/div><div class=\"list_right\"><div class=\"desc\">D\u00e9velopper les comp\u00e9tences et les expertises des jeunes entrepreneurs en informatique pour s&rsquo;ins\u00e9rer dans le march\u00e9 du travail et y \u00eatre comp\u00e9titifs<\/div><\/div><\/div>\n<div class=\"list_item lists_4 clearfix\"><div class=\"circle\">4<\/div><div class=\"list_right\"><div class=\"desc\">Soutenir la transformation d&rsquo;id\u00e9es innovantes et distingu\u00e9es en produits d&rsquo;investissement qui contribuent \u00e0 \u00e9lever le niveau de l&rsquo;industrie des technologies de l&rsquo;information et de la communication<\/div><\/div><\/div>\n[\/vc_column_inner][\/vc_row_inner][\/vc_column][\/vc_row][vc_row css_animation=\u00a0\u00bbfadeInUp\u00a0\u00bb el_class=\u00a0\u00bbcontent-center\u00a0\u00bb][vc_column]<a class=\"content_link scroll\" href=\"#1\"  ><span class=\"title\">Collaborations et partenariats<\/span><\/a><a class=\"content_link scroll\" href=\"#2\"  ><span class=\"title\">Services:<\/span><\/a><a class=\"content_link scroll\" href=\"#3\"  ><span class=\"title\">Contactez-nous<\/span><\/a>[\/vc_column][\/vc_row][\/vc_section][vc_section full_width=\u00a0\u00bbstretch_row\u00a0\u00bb full_height=\u00a0\u00bbyes\u00a0\u00bb content_placement=\u00a0\u00bbmiddle\u00a0\u00bb el_id=\u00a0\u00bb1&Prime;][vc_row][vc_column]<div class=\"fancy_heading fancy_heading_icon\"><div class=\"fh-top\"><\/div><h2 class=\"title\">Collaborations et partenariats<\/h2><\/div>\n[vc_single_image image=\u00a0\u00bb36501&Prime; img_size=\u00a0\u00bb808&#215;500&Prime; alignment=\u00a0\u00bbcenter\u00a0\u00bb css=\u00a0\u00bb.vc_custom_1652942768339{padding-top: 5vh !important;padding-bottom: 5vh !important;}\u00a0\u00bb][\/vc_column][\/vc_row][\/vc_section][vc_section full_width=\u00a0\u00bbstretch_row\u00a0\u00bb css=\u00a0\u00bb.vc_custom_1647337485385{padding-top: 20vh !important;padding-bottom: 20vh !important;background-color: #f0f0f0 !important;}\u00a0\u00bb el_id=\u00a0\u00bb2&Prime;][vc_row][vc_column]<div class=\"fancy_heading fancy_heading_icon\"><div class=\"fh-top\"><\/div><h2 class=\"title\">Services:<\/h2><\/div>\n[\/vc_column][\/vc_row][vc_row rtl_reverse=\u00a0\u00bbyes\u00a0\u00bb][vc_column width=\u00a0\u00bb1\/2&Prime;]<div class=\"list_item lists_2 clearfix\"><div class=\"list_left list_icon\"><i class=\"icon-desktop-line\" aria-hidden=\"true\"><\/i><\/div><div class=\"list_right\"><h4 class=\"title \">Services bureautiques techniques<\/h4><div class=\"desc\"><\/p>\n<ol>\n<li>offrir la place et les \u00e9quipements techniques et bureautiques n\u00e9cessaires aux travaux du projet.<\/li>\n<li>G\u00e9rer les ressources communes (r\u00e9seau informatique &#8211; imprimantes &#8211; photocopieurs &#8211; central t\u00e9l\u00e9phonique&#8230;.).<\/li>\n<li>Services de secr\u00e9tariat<\/li>\n<li>Outils d&rsquo;entra\u00eenement et de pr\u00e9sentation dont les projets incub\u00e9s peuvent avoir besoin.<\/li>\n<\/ol>\n<p><\/div><\/div><\/div>\n[\/vc_column][vc_column width=\u00a0\u00bb1\/2&Prime;]<div class=\"list_item lists_2 clearfix\"><div class=\"list_left list_icon\"><i class=\"icon-network\" aria-hidden=\"true\"><\/i><\/div><div class=\"list_right\"><h4 class=\"title \">Services de marketing et de r\u00e9seautage<\/h4><div class=\"desc\"><\/p>\n<ol>\n<li>Occasion d&rsquo;exposer les projets de l&rsquo;incubateur en participant aux expositions organis\u00e9es par l&rsquo;association.<\/li>\n<li>Pr\u00e9sentation des projets existant dans l&rsquo;incubateur en les incluant dans les publications de l&rsquo;incubateur.<\/li>\n<li>Coordination avec les m\u00e9dias audiovisuels et imprim\u00e9s pour pr\u00e9senter l&rsquo;incubateur et ses projets.<\/li>\n<li>Coordoniation entre les entrepreneurs de l&rsquo;incubateur et les entreprises pouvant repr\u00e9senter une r\u00e9elle opportunit\u00e9 de partenariat .<\/li>\n<\/ol>\n<p><\/div><\/div><\/div>\n[\/vc_column][\/vc_row][\/vc_section][vc_section full_width=\u00a0\u00bbstretch_row\u00a0\u00bb disable_element=\u00a0\u00bbyes\u00a0\u00bb css=\u00a0\u00bb.vc_custom_1647338275881{background-color: #f4f4f4 !important;}\u00a0\u00bb][vc_row disable_element=\u00a0\u00bbyes\u00a0\u00bb][vc_column]<div class=\"get_in_touch\" ><h3 class=\"title \">Pour contacter<\/h3><div class=\"get_in_touch_wrapper\"><ul><li class=\"address\"><span class=\"icon\"><i class=\"icon-location\"><\/i><\/span><span class=\"address_wrapper\">Universit\u00e9 Al Baath - Derri\u00e8re le b\u00e2timent de la Facult\u00e9 des Sciences<\/span><\/li><li class=\"phone phone-1\"><span class=\"icon\"><i class=\"icon-phone\"><\/i><\/span><p><a href=\"tel:0312162517\">0312162517<\/a><\/p><\/li><li class=\"phone fax\"><span class=\"icon\"><i class=\"icon-print\"><\/i><\/span><p><a href=\"fax:0312623969\">0312623969<\/a><\/p><\/li><li class=\"mail\"><span class=\"icon\"><i class=\"icon-mail\"><\/i><\/span><p><a href=\"mailto:incubator.homs@scs.org.sy\">incubator.homs@scs.org.sy<\/a><\/p><\/li><\/ul><\/div><\/div>\n[\/vc_column][\/vc_row][\/vc_section][vc_section content_placement=\u00a0\u00bbmiddle\u00a0\u00bb el_id=\u00a0\u00bb3&Prime;][vc_row rtl_reverse=\u00a0\u00bbyes\u00a0\u00bb][vc_column width=\u00a0\u00bb1\/5&Prime;]<div class=\"icon_box icon_position_top no_border\"><div class=\"icon_wrapper\"><div class=\"icon\"><i class=\"icon-location-line\" aria-hidden=\"true\"><\/i><\/div><\/div><div class=\"desc_wrapper\"><h4 class=\"title \">L'Universit\u00e9 Al Baath<\/h4><div class=\"desc\">Derri\u00e8re la Facult\u00e9 des Sciences<\/div><\/div><\/div>\n[\/vc_column][vc_column width=\u00a0\u00bb1\/5&Prime;]<div class=\"icon_box icon_position_top has_border\"><a class=\"\" href=\"mailto::incubator.homs@scs.org.sy\"   title=\"\"><div class=\"icon_wrapper\"><div class=\"icon\"><i class=\"icon-mail-line\" aria-hidden=\"true\"><\/i><\/div><\/div><div class=\"desc_wrapper\"><h4 class=\"title \">Courriel \u00e9lectronique<\/h4><div class=\"desc\">incubator.homs@scs.org.sy<\/div><\/div><\/a><\/div>\n[\/vc_column][vc_column width=\u00a0\u00bb1\/5&Prime;]<div class=\"icon_box icon_position_top has_border\"><a class=\"\" href=\"\"   title=\"\"><div class=\"icon_wrapper\"><div class=\"icon\"><i class=\"icon-doc-line\" aria-hidden=\"true\"><\/i><\/div><\/div><div class=\"desc_wrapper\"><h4 class=\"title \">Fax<\/h4><div class=\"desc\">0312623969<\/div><\/div><\/a><\/div>\n[\/vc_column][vc_column width=\u00a0\u00bb1\/5&Prime;]<div class=\"icon_box icon_position_top has_border\"><a class=\"\" href=\"\"   title=\"\"><div class=\"icon_wrapper\"><div class=\"icon\"><i class=\"icon-phone\" aria-hidden=\"true\"><\/i><\/div><\/div><div class=\"desc_wrapper\"><h4 class=\"title \">T\u00e9l\u00e9phone<\/h4><div class=\"desc\">0312162517<\/div><\/div><\/a><\/div>\n[\/vc_column][vc_column width=\u00a0\u00bb1\/5&Prime;]<div class=\"icon_box icon_position_top has_border\"><a class=\"\" href=\"https:\/\/www.facebook.com\/Ict.incubator.homs\/\" title=\"\" rel=\"nofollow noopener\" target=\"_blank\"><div class=\"icon_wrapper\"><div class=\"icon\"><i class=\"icon-facebook\" aria-hidden=\"true\"><\/i><\/div><\/div><div class=\"desc_wrapper\"><h4 class=\"title \">Notre page Facebook<\/h4><div class=\"desc\">Pour suivre les derni\u00e8res actualit\u00e9s de l&rsquo;incubateur<\/div><\/div><\/a><\/div>\n[\/vc_column][\/vc_row][\/vc_section]<\/p>\n<\/div>","protected":false},"excerpt":{"rendered":"<p>[vc_section full_width=\u00a0\u00bbstretch_row\u00a0\u00bb full_height=\u00a0\u00bbyes\u00a0\u00bb content_placement=\u00a0\u00bbmiddle\u00a0\u00bb][vc_row css=\u00a0\u00bb.vc_custom_1647009353260{padding-top: 5vh !important;padding-bottom: 5vh !important;}\u00a0\u00bb][vc_column css_animation=\u00a0\u00bbfadeIn\u00a0\u00bb][\/vc_column][\/vc_row][vc_row full_width=\u00a0\u00bbstretch_row\u00a0\u00bb rtl_reverse=\u00a0\u00bbyes\u00a0\u00bb content_placement=\u00a0\u00bbmiddle\u00a0\u00bb css=\u00a0\u00bb.vc_custom_1647332978223{background-color: #f4f4f4 !important;}\u00a0\u00bb][vc_column width=\u00a0\u00bb1\/2&Prime;][\/vc_column][vc_column css_animation=\u00a0\u00bbappear\u00a0\u00bb width=\u00a0\u00bb1\/2&Prime;][vc_single_image image=\u00a0\u00bb36691&Prime; img_size=\u00a0\u00bbmedium\u00a0\u00bb alignment=\u00a0\u00bbcenter\u00a0\u00bb css_animation=\u00a0\u00bbfadeInDown\u00a0\u00bb][\/vc_column][\/vc_row][vc_row full_width=\u00a0\u00bbstretch_row\u00a0\u00bb rtl_reverse=\u00a0\u00bbyes\u00a0\u00bb content_placement=\u00a0\u00bbmiddle\u00a0\u00bb<span class=\"excerpt-hellip\"> [\u2026]<\/span><\/p>\n","protected":false},"author":1,"featured_media":0,"parent":46163,"menu_order":0,"comment_status":"closed","ping_status":"closed","template":"","meta":{"_acf_changed":false,"footnotes":""},"class_list":["post-47708","page","type-page","status-publish","hentry"],"acf":[],"_links":{"self":[{"href":"https:\/\/homs-univ.edu.sy\/fr\/wp-json\/wp\/v2\/pages\/47708","targetHints":{"allow":["GET"]}}],"collection":[{"href":"https:\/\/homs-univ.edu.sy\/fr\/wp-json\/wp\/v2\/pages"}],"about":[{"href":"https:\/\/homs-univ.edu.sy\/fr\/wp-json\/wp\/v2\/types\/page"}],"author":[{"embeddable":true,"href":"https:\/\/homs-univ.edu.sy\/fr\/wp-json\/wp\/v2\/users\/1"}],"replies":[{"embeddable":true,"href":"https:\/\/homs-univ.edu.sy\/fr\/wp-json\/wp\/v2\/comments?post=47708"}],"version-history":[{"count":9,"href":"https:\/\/homs-univ.edu.sy\/fr\/wp-json\/wp\/v2\/pages\/47708\/revisions"}],"predecessor-version":[{"id":51916,"href":"https:\/\/homs-univ.edu.sy\/fr\/wp-json\/wp\/v2\/pages\/47708\/revisions\/51916"}],"up":[{"embeddable":true,"href":"https:\/\/homs-univ.edu.sy\/fr\/wp-json\/wp\/v2\/pages\/46163"}],"wp:attachment":[{"href":"https:\/\/homs-univ.edu.sy\/fr\/wp-json\/wp\/v2\/media?parent=47708"}],"curies":[{"name":"wp","href":"https:\/\/api.w.org\/{rel}","templated":true}]}}