{"id":47719,"date":"2022-04-06T12:22:00","date_gmt":"2022-04-06T09:22:00","guid":{"rendered":"https:\/\/homs-univ.edu.sy\/vie-universitaire\/resultats-d-examens\/resultats-d-examens-pour-les-instituts-selon-le-numero-universitaire\/"},"modified":"2025-07-08T12:46:31","modified_gmt":"2025-07-08T09:46:31","slug":"resultats-d-examens-pour-les-instituts-selon-le-numero-universitaire","status":"publish","type":"page","link":"https:\/\/homs-univ.edu.sy\/fr\/vie-universitaire\/resultats-d-examens\/resultats-d-examens-pour-les-instituts-selon-le-numero-universitaire\/","title":{"rendered":"R\u00e9sultats d\u2019examens pour les instituts selon le num\u00e9ro universitaire"},"content":{"rendered":"<div class=\"wpb-content-wrapper\"><p>[vc_row full_height=\u00a0\u00bbyes\u00a0\u00bb][vc_column][vc_column_text]<\/p>\n<ul>\n<li><a href=\"https:\/\/exam.homs-univ.edu.sy\/\">R\u00e9sultat d&rsquo;examens de l&rsquo;Institut Technique de l&rsquo;Informatique<\/a><\/li>\n<li><a href=\"https:\/\/exam.homs-univ.edu.sy\/\">R\u00e9sultats d&rsquo;examens de l&rsquo;Institut Sup\u00e9rieur des Langues<\/a><\/li>\n<\/ul>\n<p>[\/vc_column_text][\/vc_column][\/vc_row]<\/p>\n<\/div>","protected":false},"excerpt":{"rendered":"<p>[vc_row full_height=\u00a0\u00bbyes\u00a0\u00bb][vc_column][vc_column_text] R\u00e9sultat d&rsquo;examens de l&rsquo;Institut Technique de l&rsquo;Informatique R\u00e9sultats d&rsquo;examens de l&rsquo;Institut Sup\u00e9rieur des Langues [\/vc_column_text][\/vc_column][\/vc_row]<\/p>\n","protected":false},"author":6,"featured_media":0,"parent":45544,"menu_order":0,"comment_status":"closed","ping_status":"closed","template":"","meta":{"_acf_changed":false,"footnotes":""},"class_list":["post-47719","page","type-page","status-publish","hentry"],"acf":[],"_links":{"self":[{"href":"https:\/\/homs-univ.edu.sy\/fr\/wp-json\/wp\/v2\/pages\/47719","targetHints":{"allow":["GET"]}}],"collection":[{"href":"https:\/\/homs-univ.edu.sy\/fr\/wp-json\/wp\/v2\/pages"}],"about":[{"href":"https:\/\/homs-univ.edu.sy\/fr\/wp-json\/wp\/v2\/types\/page"}],"author":[{"embeddable":true,"href":"https:\/\/homs-univ.edu.sy\/fr\/wp-json\/wp\/v2\/users\/6"}],"replies":[{"embeddable":true,"href":"https:\/\/homs-univ.edu.sy\/fr\/wp-json\/wp\/v2\/comments?post=47719"}],"version-history":[{"count":4,"href":"https:\/\/homs-univ.edu.sy\/fr\/wp-json\/wp\/v2\/pages\/47719\/revisions"}],"predecessor-version":[{"id":85496,"href":"https:\/\/homs-univ.edu.sy\/fr\/wp-json\/wp\/v2\/pages\/47719\/revisions\/85496"}],"up":[{"embeddable":true,"href":"https:\/\/homs-univ.edu.sy\/fr\/wp-json\/wp\/v2\/pages\/45544"}],"wp:attachment":[{"href":"https:\/\/homs-univ.edu.sy\/fr\/wp-json\/wp\/v2\/media?parent=47719"}],"curies":[{"name":"wp","href":"https:\/\/api.w.org\/{rel}","templated":true}]}}