{"id":47726,"date":"2022-06-09T13:34:10","date_gmt":"2022-06-09T10:34:10","guid":{"rendered":"https:\/\/homs-univ.edu.sy\/resultats-du-concours-d-admission-pour-les-familles-des-martyrs\/"},"modified":"2022-06-22T10:41:11","modified_gmt":"2022-06-22T07:41:11","slug":"resultats-du-concours-d-admission-pour-les-familles-des-martyrs","status":"publish","type":"page","link":"https:\/\/homs-univ.edu.sy\/fr\/resultats-du-concours-d-admission-aux-etudes-superieures-et-au-diplome-et-master-de-specialisation-et-de-formation\/resultats-du-concours-d-admission-pour-les-familles-des-martyrs\/","title":{"rendered":"R\u00e9sultats du concours d&rsquo;admission pour les familles des martyrs"},"content":{"rendered":"<div class=\"wpb-content-wrapper\"><p>[vc_row][vc_column][vc_column_text]<\/p>\n<h4 style=\"text-align: center;\">Les r\u00e9sultats du concours d&rsquo;admission au troisi\u00e8me cycle \u00e0 l&rsquo;Universit\u00e9 Al-Baath pour l&rsquo;ann\u00e9e universitaire 2021-2022 &#8211; Familles de martyrs<\/h4>\n<div class=\"visualizer-front-container visualizer-lazy-render\" id=\"chart_wrapper_visualizer-10133-787568777\"><style type=\"text\/css\" name=\"visualizer-custom-css\" id=\"customcss-visualizer-10133\">.locker,.locker-loader{position:absolute;top:0;left:0;width:100%;height:100%}.locker{z-index:1000;opacity:.8;background-color:#fff;-ms-filter:\"progid:DXImageTransform.Microsoft.Alpha(Opacity=80)\";filter:alpha(opacity=80)}.locker-loader{z-index:1001;background:url(https:\/\/homs-univ.edu.sy\/wp-content\/plugins\/visualizer\/images\/ajax-loader.gif) no-repeat center center}.dt-button{display:none!important}.visualizer-front-container.visualizer-lazy-render{content-visibility: auto;}.google-visualization-controls-categoryfilter label.google-visualization-controls-label {vertical-align: middle;}.google-visualization-controls-categoryfilter li.goog-inline-block {margin: 0 0.2em;}.google-visualization-controls-categoryfilter li {padding: 0 0.2em;}.visualizer-front-container .dataTables_scrollHeadInner{margin: 0 auto;}<\/style><div id=\"visualizer-10133-787568777\" class=\"visualizer-front  visualizer-front-10133\"><\/div><!-- Not showing structured data for chart 10133 because title is empty --><\/div>\n<p>[\/vc_column_text][\/vc_column][\/vc_row]<\/p>\n<\/div>","protected":false},"excerpt":{"rendered":"<p>[vc_row][vc_column][vc_column_text] Les r\u00e9sultats du concours d&rsquo;admission au troisi\u00e8me cycle \u00e0 l&rsquo;Universit\u00e9 Al-Baath pour l&rsquo;ann\u00e9e universitaire 2021-2022 &#8211; Familles de martyrs [\/vc_column_text][\/vc_column][\/vc_row]<\/p>\n","protected":false},"author":1,"featured_media":0,"parent":47965,"menu_order":0,"comment_status":"closed","ping_status":"closed","template":"","meta":{"_acf_changed":false,"footnotes":""},"class_list":["post-47726","page","type-page","status-publish","hentry"],"acf":[],"_links":{"self":[{"href":"https:\/\/homs-univ.edu.sy\/fr\/wp-json\/wp\/v2\/pages\/47726","targetHints":{"allow":["GET"]}}],"collection":[{"href":"https:\/\/homs-univ.edu.sy\/fr\/wp-json\/wp\/v2\/pages"}],"about":[{"href":"https:\/\/homs-univ.edu.sy\/fr\/wp-json\/wp\/v2\/types\/page"}],"author":[{"embeddable":true,"href":"https:\/\/homs-univ.edu.sy\/fr\/wp-json\/wp\/v2\/users\/1"}],"replies":[{"embeddable":true,"href":"https:\/\/homs-univ.edu.sy\/fr\/wp-json\/wp\/v2\/comments?post=47726"}],"version-history":[{"count":4,"href":"https:\/\/homs-univ.edu.sy\/fr\/wp-json\/wp\/v2\/pages\/47726\/revisions"}],"predecessor-version":[{"id":49058,"href":"https:\/\/homs-univ.edu.sy\/fr\/wp-json\/wp\/v2\/pages\/47726\/revisions\/49058"}],"up":[{"embeddable":true,"href":"https:\/\/homs-univ.edu.sy\/fr\/wp-json\/wp\/v2\/pages\/47965"}],"wp:attachment":[{"href":"https:\/\/homs-univ.edu.sy\/fr\/wp-json\/wp\/v2\/media?parent=47726"}],"curies":[{"name":"wp","href":"https:\/\/api.w.org\/{rel}","templated":true}]}}