{"id":47734,"date":"2022-06-08T09:16:39","date_gmt":"2022-06-08T06:16:39","guid":{"rendered":"https:\/\/homs-univ.edu.sy\/calendrier-des-examens\/"},"modified":"2025-06-29T09:44:38","modified_gmt":"2025-06-29T06:44:38","slug":"calendrier-des-examens","status":"publish","type":"page","link":"https:\/\/homs-univ.edu.sy\/fr\/vie-universitaire\/calendrier-des-examens\/","title":{"rendered":"Calendrier des examens"},"content":{"rendered":"<p>&nbsp;<\/p>\n<table border=\"1\" width=\"100%\">\n<tbody>\n<tr>\n<td style=\"text-align: center;\" colspan=\"3\">Les programmes des examens th\u00e9oriques et pratiques pour les facult\u00e9s de l&rsquo;Universit\u00e9 de Homs<\/td>\n<\/tr>\n<tr>\n<td><a href=\"https:\/\/albaath-univ.edu.sy\/med\/category\/%d8%a8%d8%b1%d9%86%d8%a7%d9%85%d8%ac-%d8%a7%d9%84%d8%a7%d9%85%d8%aa%d8%ad%d8%a7%d9%86%d8%a7%d8%aa\" rel=\"nofollow noopener\" target=\"_blank\">La Facult\u00e9 de M\u00e9decine<\/a><\/td>\n<td><a href=\"https:\/\/albaath-univ.edu.sy\/den\/category\/%d8%a8%d8%b1%d9%86%d8%a7%d9%85%d8%ac-%d8%a7%d9%84%d8%a7%d9%85%d8%aa%d8%ad%d8%a7%d9%86%d8%a7%d8%aa\" rel=\"nofollow noopener\" target=\"_blank\">La Facult\u00e9 d&rsquo;Odontologie<\/a><\/td>\n<td><a href=\"https:\/\/albaath-univ.edu.sy\/pharmacy\/category\/%d8%a8%d8%b1%d9%86%d8%a7%d9%85%d8%ac-%d8%a7%d9%84%d8%a7%d9%85%d8%aa%d8%ad%d8%a7%d9%86%d8%a7%d8%aa\" rel=\"nofollow noopener\" target=\"_blank\">La Facult\u00e9 de Pharmacie<\/a><\/td>\n<\/tr>\n<tr>\n<td><a href=\"https:\/\/albaath-univ.edu.sy\/it\/category\/%d8%a8%d8%b1%d9%86%d8%a7%d9%85%d8%ac-%d8%a7%d9%84%d8%a7%d9%85%d8%aa%d8%ad%d8%a7%d9%86%d8%a7%d8%aa\" rel=\"nofollow noopener\" target=\"_blank\">La Facult\u00e9 de G\u00e9nie Informatique<\/a><\/td>\n<td><a href=\"https:\/\/albaath-univ.edu.sy\/civil\/category\/%d8%a8%d8%b1%d9%86%d8%a7%d9%85%d8%ac-%d8%a7%d9%84%d8%a7%d9%85%d8%aa%d8%ad%d8%a7%d9%86%d8%a7%d8%aa\" rel=\"nofollow noopener\" target=\"_blank\">La Facult\u00e9 de G\u00e9nie Civil<\/a><\/td>\n<td><a href=\"https:\/\/albaath-univ.edu.sy\/archi\/category\/%d8%a8%d8%b1%d9%86%d8%a7%d9%85%d8%ac-%d8%a7%d9%84%d8%a7%d9%85%d8%aa%d8%ad%d8%a7%d9%86%d8%a7%d8%aa\" rel=\"nofollow noopener\" target=\"_blank\">La Facult\u00e9 d&rsquo;Architecture<\/a><\/td>\n<\/tr>\n<tr>\n<td><a href=\"https:\/\/albaath-univ.edu.sy\/petro\/category\/%d8%a8%d8%b1%d9%86%d8%a7%d9%85%d8%ac-%d8%a7%d9%84%d8%a7%d9%85%d8%aa%d8%ad%d8%a7%d9%86%d8%a7%d8%aa\" rel=\"nofollow noopener\" target=\"_blank\">La Facult\u00e9 de G\u00e9nie Chimique et P\u00e9trolier<\/a><\/td>\n<td><a href=\"https:\/\/albaath-univ.edu.sy\/mec\/category\/%d8%a8%d8%b1%d9%86%d8%a7%d9%85%d8%ac-%d8%a7%d9%84%d8%a7%d9%85%d8%aa%d8%ad%d8%a7%d9%86%d8%a7%d8%aa\" rel=\"nofollow noopener\" target=\"_blank\">La Facult\u00e9 de G\u00e9nie M\u00e9canique et \u00c9lectrique<\/a><\/td>\n<td><a href=\"https:\/\/albaath-univ.edu.sy\/agri\/category\/%d8%a8%d8%b1%d9%86%d8%a7%d9%85%d8%ac-%d8%a7%d9%84%d8%a7%d9%85%d8%aa%d8%ad%d8%a7%d9%86%d8%a7%d8%aa\" rel=\"nofollow noopener\" target=\"_blank\">La Facult\u00e9 de G\u00e9nie Agricole<\/a><\/td>\n<\/tr>\n<tr>\n<td><a href=\"https:\/\/albaath-univ.edu.sy\/humanities\/category\/%d8%a8%d8%b1%d9%86%d8%a7%d9%85%d8%ac-%d8%a7%d9%84%d8%a7%d9%85%d8%aa%d8%ad%d8%a7%d9%86%d8%a7%d8%aa\" rel=\"nofollow noopener\" target=\"_blank\">La Facult\u00e9 des Lettres et des Sciences Humaines<\/a><\/td>\n<td><a href=\"https:\/\/albaath-univ.edu.sy\/economy\/category\/%d8%a8%d8%b1%d9%86%d8%a7%d9%85%d8%ac-%d8%a7%d9%84%d8%a7%d9%85%d8%aa%d8%ad%d8%a7%d9%86%d8%a7%d8%aa\" rel=\"nofollow noopener\" target=\"_blank\">La Facult\u00e9 d&rsquo;\u00c9conomie<\/a><\/td>\n<td><a href=\"https:\/\/albaath-univ.edu.sy\/law\/category\/%d8%a8%d8%b1%d9%86%d8%a7%d9%85%d8%ac-%d8%a7%d9%84%d8%a7%d9%85%d8%aa%d8%ad%d8%a7%d9%86%d8%a7%d8%aa\" rel=\"nofollow noopener\" target=\"_blank\">La Facult\u00e9 de Droit<\/a><\/td>\n<\/tr>\n<tr>\n<td><a href=\"https:\/\/albaath-univ.edu.sy\/tourism\/category\/%d8%a8%d8%b1%d9%86%d8%a7%d9%85%d8%ac-%d8%a7%d9%84%d8%a7%d9%85%d8%aa%d8%ad%d8%a7%d9%86%d8%a7%d8%aa\" rel=\"nofollow noopener\" target=\"_blank\">La Facult\u00e9 de Tourisme<\/a><\/td>\n<td><a href=\"https:\/\/albaath-univ.edu.sy\/education\/category\/%d8%a8%d8%b1%d9%86%d8%a7%d9%85%d8%ac-%d8%a7%d9%84%d8%a7%d9%85%d8%aa%d8%ad%d8%a7%d9%86%d8%a7%d8%aa\" rel=\"nofollow noopener\" target=\"_blank\">La Facult\u00e9 d&rsquo;\u00c9ducation<\/a><\/td>\n<td><a href=\"https:\/\/albaath-univ.edu.sy\/education2\/category\/%d8%a8%d8%b1%d9%86%d8%a7%d9%85%d8%ac-%d8%a7%d9%84%d8%a7%d9%85%d8%aa%d8%ad%d8%a7%d9%86%d8%a7%d8%aa\" rel=\"nofollow noopener\" target=\"_blank\">La Facult\u00e9 d\u2019\u00c9ducation 2<\/a><\/td>\n<\/tr>\n<tr>\n<td><a href=\"https:\/\/albaath-univ.edu.sy\/music\/%d8%a8%d8%b1%d9%86%d8%a7%d9%85%d8%ac-%d8%a7%d9%84%d8%a7%d9%85%d8%aa%d8%ad%d8%a7%d9%86%d8%a7%d8%aa\" rel=\"nofollow noopener\" target=\"_blank\">La Facult\u00e9 d&rsquo;\u00c9ducation Musicale<\/a><\/td>\n<td><a href=\"https:\/\/albaath-univ.edu.sy\/science\/category\/%d8%a8%d8%b1%d9%86%d8%a7%d9%85%d8%ac-%d8%a7%d9%84%d8%a7%d9%85%d8%aa%d8%ad%d8%a7%d9%86%d8%a7%d8%aa\" rel=\"nofollow noopener\" target=\"_blank\">La Facult\u00e9 des Sciences<\/a><\/td>\n<td style=\"text-align: right;\"><a href=\"https:\/\/albaath-univ.edu.sy\/science2\/category\/%d8%a8%d8%b1%d9%86%d8%a7%d9%85%d8%ac-%d8%a7%d9%84%d8%a7%d9%85%d8%aa%d8%ad%d8%a7%d9%86%d8%a7%d8%aa\" rel=\"nofollow noopener\" target=\"_blank\">La Facult\u00e9 des Sciences -2-<\/a><\/td>\n<\/tr>\n<tr>\n<td><a href=\"https:\/\/albaath-univ.edu.sy\/healthy\/category\/%d8%a8%d8%b1%d9%86%d8%a7%d9%85%d8%ac-%d8%a7%d9%84%d8%a7%d9%85%d8%aa%d8%ad%d8%a7%d9%86%d8%a7%d8%aa\" rel=\"nofollow noopener\" target=\"_blank\">La Facult\u00e9 des Sciences de la Sant\u00e9<\/a><\/td>\n<td><a href=\"https:\/\/albaath-univ.edu.sy\/applied\/category\/%d8%a8%d8%b1%d9%86%d8%a7%d9%85%d8%ac-%d8%a7%d9%84%d8%a7%d9%85%d8%aa%d8%ad%d8%a7%d9%86%d8%a7%d8%aa\" rel=\"nofollow noopener\" target=\"_blank\">La Facult\u00e9 de l&rsquo;Application<\/a><\/td>\n<td><\/td>\n<\/tr>\n<\/tbody>\n<\/table>\n<p>&nbsp;<\/p>\n","protected":false},"excerpt":{"rendered":"<p>&nbsp; Les programmes des examens th\u00e9oriques et pratiques pour les facult\u00e9s de l&rsquo;Universit\u00e9 de Homs La Facult\u00e9 de M\u00e9decine La Facult\u00e9 d&rsquo;Odontologie La Facult\u00e9 de Pharmacie<span class=\"excerpt-hellip\"> [\u2026]<\/span><\/p>\n","protected":false},"author":6,"featured_media":0,"parent":46065,"menu_order":0,"comment_status":"closed","ping_status":"closed","template":"","meta":{"_acf_changed":false,"footnotes":""},"class_list":["post-47734","page","type-page","status-publish","hentry"],"acf":[],"_links":{"self":[{"href":"https:\/\/homs-univ.edu.sy\/fr\/wp-json\/wp\/v2\/pages\/47734","targetHints":{"allow":["GET"]}}],"collection":[{"href":"https:\/\/homs-univ.edu.sy\/fr\/wp-json\/wp\/v2\/pages"}],"about":[{"href":"https:\/\/homs-univ.edu.sy\/fr\/wp-json\/wp\/v2\/types\/page"}],"author":[{"embeddable":true,"href":"https:\/\/homs-univ.edu.sy\/fr\/wp-json\/wp\/v2\/users\/6"}],"replies":[{"embeddable":true,"href":"https:\/\/homs-univ.edu.sy\/fr\/wp-json\/wp\/v2\/comments?post=47734"}],"version-history":[{"count":3,"href":"https:\/\/homs-univ.edu.sy\/fr\/wp-json\/wp\/v2\/pages\/47734\/revisions"}],"predecessor-version":[{"id":85168,"href":"https:\/\/homs-univ.edu.sy\/fr\/wp-json\/wp\/v2\/pages\/47734\/revisions\/85168"}],"up":[{"embeddable":true,"href":"https:\/\/homs-univ.edu.sy\/fr\/wp-json\/wp\/v2\/pages\/46065"}],"wp:attachment":[{"href":"https:\/\/homs-univ.edu.sy\/fr\/wp-json\/wp\/v2\/media?parent=47734"}],"curies":[{"name":"wp","href":"https:\/\/api.w.org\/{rel}","templated":true}]}}