{"id":48016,"date":"2022-06-12T17:23:55","date_gmt":"2022-06-12T14:23:55","guid":{"rendered":"https:\/\/homs-univ.edu.sy\/centre-de-competences-et-d-orientation-professionnelle\/"},"modified":"2022-06-20T11:58:02","modified_gmt":"2022-06-20T08:58:02","slug":"centre-de-competences-et-d-orientation-professionnelle","status":"publish","type":"page","link":"https:\/\/homs-univ.edu.sy\/fr\/centre-de-competences-et-d-orientation-professionnelle\/","title":{"rendered":"Centre de comp\u00e9tences et d&rsquo;orientation professionnelle"},"content":{"rendered":"<div class=\"wpb-content-wrapper\"><p>[vc_row full_height=\u00a0\u00bbyes\u00a0\u00bb][vc_column]<div class=\"fancy_heading fancy_heading_line\"><div class=\"fh-top\"><\/div><h2 class=\"title\">Centre de comp\u00e9tences et d'orientation professionnelle<\/h2><\/div>\n[vc_row_inner el_class=\u00a0\u00bbcontent-center\u00a0\u00bb][vc_column_inner]<a class=\"content_link scroll\" href=\"#1\"  ><span class=\"title\">Objectifs du centre<\/span><\/a><a class=\"content_link scroll\" href=\"#2\"  ><span class=\"title\">Centrer les t\u00e2ches<\/span><\/a>[\/vc_column_inner][\/vc_row_inner][\/vc_column][\/vc_row][vc_row full_width=\u00a0\u00bbstretch_row\u00a0\u00bb full_height=\u00a0\u00bbyes\u00a0\u00bb el_id=\u00a0\u00bb1&Prime; css=\u00a0\u00bb.vc_custom_1654629017122{background-color: #f4f4f4 !important;}\u00a0\u00bb][vc_column]<div class=\"fancy_heading fancy_heading_icon\"><div class=\"fh-top\"><\/div><h2 class=\"title\">Objectifs du centre<\/h2><div class=\"inside\">Le centre vise \u00e0 aider les \u00e9tudiants dans :<\/div><\/div>\n[vc_column_text]<\/p>\n<div style=\"direction: rtl;\" align=\"right\">\n<ul>\n<li>Choisir la sp\u00e9cialitsation acad\u00e9mique dans leurs facult\u00e9s.<\/li>\n<li> Faire une auto-\u00e9valuation et identifier leurs faiblesses, forces, tendances et comp\u00e9tences.<\/li>\n<li> Comprendre l&rsquo;environnement de travail li\u00e9 \u00e0 leur sp\u00e9cialisation acad\u00e9mique et ses circonstances, ainsi que les opportunit\u00e9s d&#8217;emploi et les professions li\u00e9es \u00e0 cette sp\u00e9cialisation<\/li>\n<li>D\u00e9couvrir les caract\u00e9ristiques des travaux des grandes entreprises internationales et les exigences du travail.<\/li>\n<li>Comprendre les avantages et les responsabilit\u00e9s des m\u00e9tiers li\u00e9s \u00e0 leur sp\u00e9cialisations acad\u00e9miques et prendre la bonne d\u00e9cision en choisissant une profession qui convient \u00e0 leurs capacit\u00e9s et \u00e0 leurs aspirations<\/li>\n<li>S&rsquo;int\u00e9grer au march\u00e9 du travail, en particulier pour les \u00e9tudiants au cours des deux derni\u00e8res ann\u00e9es du premier cycle universitaire.<\/li>\n<li>Conna\u00eetre les comp\u00e9tences de base qui assureront la pr\u00e9servation de l&#8217;emploi obtenu.<\/li>\n<li>Rejoindre des programmes de formation et de qualification adapt\u00e9s \u00e0 leurs sp\u00e9cialisations acad\u00e9miques.<\/li>\n<\/ul>\n<\/div>\n<p>[\/vc_column_text][\/vc_column][\/vc_row][vc_row full_height=\u00a0\u00bbyes\u00a0\u00bb el_id=\u00a0\u00bb2&Prime;][vc_column]<div class=\"fancy_heading fancy_heading_icon\"><div class=\"fh-top\"><\/div><h2 class=\"title\">Centrer les t\u00e2ches<\/h2><div class=\"inside\">Afin d&rsquo;atteindre ses objectifs, le Centre accomplit les t\u00e2ches suivantes :<\/div><\/div>\n[vc_column_text]<\/p>\n<div style=\"direction: rtl;\" align=\"right\">\n<ul>\n<li>Elaborer les activit\u00e9s et tests suivants : Test de capacit\u00e9s, tests d&rsquo;orientation professionnelle, mesures et tests de pr\u00e9f\u00e9rence professionnelle, etc.).<\/li>\n<li>D\u00e9velopper l&rsquo;acquisition de comp\u00e9tences pour s\u2019ins\u00e9rer sur le march\u00e9 du travail telles que : (comp\u00e9tences en marketing personnel, Comp\u00e9tences de r\u00e9daction de CV, Comp\u00e9tences en marketing personnel Comp\u00e9tences de r\u00e9daction de CV, Comp\u00e9tences pour r\u00e9ussir son entretien d&#8217;embauche performances de communication, comp\u00e9tences et qualit\u00e9s entrepreneuriales, et d&rsquo;autres).<\/li>\n<li>Organiser des conf\u00e9rences, des s\u00e9minaires et distribuer des bulletins dans diverses fili\u00e8res professionnelles.<\/li>\n<li>Former des comit\u00e9s consultatifs d&rsquo;hommes d&rsquo;affaires, de directeurs d&rsquo;usine, de sp\u00e9cialistes en \u00e9ducation et d&rsquo;orientation et de conseil professionnels.<\/li>\n<li>Effectuer des visites de terrain dans les usines, ateliers, laboratoires et entreprises des secteurs public, commun et priv\u00e9, notamment les \u00e9tablissements \u00e0 diversit\u00e9 professionnelle.<\/li>\n<li>Aider \u00e0 la formation pratique des \u00e9tudiants en entreprise pendant la phase d&rsquo;\u00e9tude. Suivre les travaux des dipl\u00f4m\u00e9s universitaires dans les secteurs public et priv\u00e9, afin d&rsquo;assurer un feedback sur les besoins du secteur des entreprises et sur les points forts et faibles des connaissances des dipl\u00f4m\u00e9s pour \u00e9valuer et d\u00e9velopper les r\u00e9sultats des programmes d&rsquo;enseignement sup\u00e9rieur.<\/li>\n<\/ul>\n<\/div>\n<p>[\/vc_column_text][\/vc_column][\/vc_row]<\/p>\n<\/div>","protected":false},"excerpt":{"rendered":"<p>[vc_row full_height=\u00a0\u00bbyes\u00a0\u00bb][vc_column][vc_row_inner el_class=\u00a0\u00bbcontent-center\u00a0\u00bb][vc_column_inner][\/vc_column_inner][\/vc_row_inner][\/vc_column][\/vc_row][vc_row full_width=\u00a0\u00bbstretch_row\u00a0\u00bb full_height=\u00a0\u00bbyes\u00a0\u00bb el_id=\u00a0\u00bb1&Prime; css=\u00a0\u00bb.vc_custom_1654629017122{background-color: #f4f4f4 !important;}\u00a0\u00bb][vc_column][vc_column_text] Choisir la sp\u00e9cialitsation acad\u00e9mique dans leurs facult\u00e9s. Faire une auto-\u00e9valuation et identifier leurs faiblesses, forces, tendances et<span class=\"excerpt-hellip\"> [\u2026]<\/span><\/p>\n","protected":false},"author":1,"featured_media":0,"parent":0,"menu_order":0,"comment_status":"closed","ping_status":"closed","template":"","meta":{"_acf_changed":false,"footnotes":""},"class_list":["post-48016","page","type-page","status-publish","hentry"],"acf":[],"_links":{"self":[{"href":"https:\/\/homs-univ.edu.sy\/fr\/wp-json\/wp\/v2\/pages\/48016","targetHints":{"allow":["GET"]}}],"collection":[{"href":"https:\/\/homs-univ.edu.sy\/fr\/wp-json\/wp\/v2\/pages"}],"about":[{"href":"https:\/\/homs-univ.edu.sy\/fr\/wp-json\/wp\/v2\/types\/page"}],"author":[{"embeddable":true,"href":"https:\/\/homs-univ.edu.sy\/fr\/wp-json\/wp\/v2\/users\/1"}],"replies":[{"embeddable":true,"href":"https:\/\/homs-univ.edu.sy\/fr\/wp-json\/wp\/v2\/comments?post=48016"}],"version-history":[{"count":7,"href":"https:\/\/homs-univ.edu.sy\/fr\/wp-json\/wp\/v2\/pages\/48016\/revisions"}],"predecessor-version":[{"id":48706,"href":"https:\/\/homs-univ.edu.sy\/fr\/wp-json\/wp\/v2\/pages\/48016\/revisions\/48706"}],"wp:attachment":[{"href":"https:\/\/homs-univ.edu.sy\/fr\/wp-json\/wp\/v2\/media?parent=48016"}],"curies":[{"name":"wp","href":"https:\/\/api.w.org\/{rel}","templated":true}]}}