{"id":48576,"date":"2022-06-07T21:47:28","date_gmt":"2022-06-07T18:47:28","guid":{"rendered":"https:\/\/homs-univ.edu.sy\/direction-des-affaires-financieres\/"},"modified":"2022-06-18T06:00:51","modified_gmt":"2022-06-18T03:00:51","slug":"direction-des-affaires-financieres","status":"publish","type":"page","link":"https:\/\/homs-univ.edu.sy\/fr\/direction-des-affaires-financieres\/","title":{"rendered":"Direction des Affaires Financi\u00e8res"},"content":{"rendered":"<div class=\"wpb-content-wrapper\"><p>[vc_row full_height=\u00a0\u00bbyes\u00a0\u00bb][vc_column]<div class=\"fancy_heading fancy_heading_line\"><div class=\"fh-top\"><\/div><h2 class=\"title\">Direction des Affaires Financi\u00e8res<\/h2><\/div>\n[vc_column_text]<\/p>\n<div>\n<div>La Direction des Affaires Financi\u00e8res de l&rsquo;Universit\u00e9 Al Baath est responsable de la gestion de toutes les questions financi\u00e8res et comptables de l&rsquo;universit\u00e9, de la collecte des revenus et du d\u00e9caissement des d\u00e9penses. Elle est responsable de l&rsquo;ex\u00e9cution du budget approuv\u00e9 du Minist\u00e8re des Finances par les comptables de l&rsquo;administration (le comptable de la paie et le comptable \u00e0 la gestion des d\u00e9penses) qui appartiennent au Minist\u00e8re des Finances.<\/div>\n<div>Le comptable de la paie est charg\u00e9 de g\u00e9rer tout ce qui concerne les salaires du personnel de l&rsquo;universit\u00e9 dans toutes les facult\u00e9s, y compris les professeurs, les chefs de d\u00e9partements et les employ\u00e9s&#8230;. et ce qui est li\u00e9 aux salaires des fonctionnaires de l&rsquo;administration de l&rsquo;Universit\u00e9 elle-m\u00eame, et sous celle-ci dans l&rsquo;organisation hi\u00e9rarchique de l&rsquo;autorit\u00e9 administrative, se trouvent les comptables de la paie dans les facult\u00e9s et le personnel de v\u00e9rification des fiches de paie de la Direction des Affaires Financi\u00e8res.<\/div>\n<div>Alors que le comptable des d\u00e9penses est charg\u00e9 de g\u00e9rer toutes les d\u00e9penses de l&rsquo;Universit\u00e9 Al Baath et de ses diff\u00e9rentes facult\u00e9s, \u00e0 la fois d&rsquo;investissement et courantes. Les comptables des d\u00e9penses des facult\u00e9s et le personnel d&rsquo;audit des d\u00e9penses de la Direction des Affaires Financi\u00e8res lui appartiennent.<\/div>\n<\/div>\n<p>[\/vc_column_text][\/vc_column][vc_column][\/vc_column][\/vc_row]<\/p>\n<\/div>","protected":false},"excerpt":{"rendered":"<p>[vc_row full_height=\u00a0\u00bbyes\u00a0\u00bb][vc_column][vc_column_text] La Direction des Affaires Financi\u00e8res de l&rsquo;Universit\u00e9 Al Baath est responsable de la gestion de toutes les questions financi\u00e8res et comptables de l&rsquo;universit\u00e9, de<span class=\"excerpt-hellip\"> [\u2026]<\/span><\/p>\n","protected":false},"author":1,"featured_media":0,"parent":0,"menu_order":0,"comment_status":"closed","ping_status":"closed","template":"","meta":{"_acf_changed":false,"footnotes":""},"class_list":["post-48576","page","type-page","status-publish","hentry"],"acf":[],"_links":{"self":[{"href":"https:\/\/homs-univ.edu.sy\/fr\/wp-json\/wp\/v2\/pages\/48576","targetHints":{"allow":["GET"]}}],"collection":[{"href":"https:\/\/homs-univ.edu.sy\/fr\/wp-json\/wp\/v2\/pages"}],"about":[{"href":"https:\/\/homs-univ.edu.sy\/fr\/wp-json\/wp\/v2\/types\/page"}],"author":[{"embeddable":true,"href":"https:\/\/homs-univ.edu.sy\/fr\/wp-json\/wp\/v2\/users\/1"}],"replies":[{"embeddable":true,"href":"https:\/\/homs-univ.edu.sy\/fr\/wp-json\/wp\/v2\/comments?post=48576"}],"version-history":[{"count":2,"href":"https:\/\/homs-univ.edu.sy\/fr\/wp-json\/wp\/v2\/pages\/48576\/revisions"}],"predecessor-version":[{"id":48581,"href":"https:\/\/homs-univ.edu.sy\/fr\/wp-json\/wp\/v2\/pages\/48576\/revisions\/48581"}],"wp:attachment":[{"href":"https:\/\/homs-univ.edu.sy\/fr\/wp-json\/wp\/v2\/media?parent=48576"}],"curies":[{"name":"wp","href":"https:\/\/api.w.org\/{rel}","templated":true}]}}