{"id":50400,"date":"2022-06-14T21:55:24","date_gmt":"2022-06-14T18:55:24","guid":{"rendered":"https:\/\/homs-univ.edu.sy\/inscription-au-courrier-electronique-universitaire\/"},"modified":"2025-04-07T12:16:42","modified_gmt":"2025-04-07T09:16:42","slug":"inscription-au-courrier-electronique-universitaire","status":"publish","type":"page","link":"https:\/\/homs-univ.edu.sy\/fr\/inscription-au-courrier-electronique-universitaire\/","title":{"rendered":"Inscription au courrier \u00e9lectronique universitaire"},"content":{"rendered":"<div class=\"wpb-content-wrapper\"><p>[vc_section full_width=\u00a0\u00bbstretch_row\u00a0\u00bb full_height=\u00a0\u00bbyes\u00a0\u00bb content_placement=\u00a0\u00bbmiddle\u00a0\u00bb css=\u00a0\u00bb.vc_custom_1655383331587{padding-top: 15vh !important;padding-bottom: 15vh !important;background-color: #f4f4f4 !important;}\u00a0\u00bb][vc_row][vc_column]<div class=\"fancy_heading fancy_heading_line\"><div class=\"fh-top\"><\/div><h2 class=\"title\">M\u00e9canisme d&#039;inscription<\/h2><div class=\"inside\">\u0641\u064a\u0645\u0627 \u064a\u0644\u064a \u0627\u0644\u062e\u0637\u0648\u0627\u062a \u0627\u0644\u0644\u0627\u0632\u0645\u0629 \u0644\u0644\u062f\u062e\u0648\u0644 \u0625\u0644\u0649 \u0627\u0644\u0628\u0631\u064a\u062f \u0627\u0644\u0625\u0644\u0643\u062a\u0631\u0648\u0646\u064a \u0627\u0644\u062c\u0627\u0645\u0639\u064a \u0639\u0644\u0649 \u0646\u0637\u0627\u0642 \u062c\u0627\u0645\u0639\u0629 \u062d\u0645\u0635<\/div><\/div>\n[vc_separator][\/vc_column][\/vc_row][vc_row rtl_reverse=\u00a0\u00bbyes\u00a0\u00bb][vc_column width=\u00a0\u00bb1\/2&Prime;]<div class=\"story_box \"><div class=\"photo_wrapper\"><img class=\"scale-with-grid mfn-lazy\" data-src=\"https:\/\/homs-univ.edu.sy\/wp-content\/uploads\/2022\/06\/step-1.png\" alt=\"step-1\" width=\"920\" height=\"526\"\/><\/div><div class=\"desc_wrapper\"><h3 class=\"themecolor title \">Premi\u00e8re \u00e9tape<\/h3><hr class=\"hr_color\"><\/div><div class=\"desc\"><\/div><\/div>\n[\/vc_column][vc_column width=\u00a0\u00bb1\/2&Prime;]<div class=\"story_box \"><div class=\"photo_wrapper\"><img class=\"scale-with-grid mfn-lazy\" data-src=\"https:\/\/homs-univ.edu.sy\/wp-content\/uploads\/2022\/06\/step-2.png\" alt=\"step-2\" width=\"981\" height=\"525\"\/><\/div><div class=\"desc_wrapper\"><h3 class=\"themecolor title \">Deuxi\u00e8me \u00e9tape<\/h3><hr class=\"hr_color\"><\/div><div class=\"desc\"><\/div><\/div>\n[\/vc_column][\/vc_row][vc_row][vc_column][vc_separator][vc_column_text]<\/p>\n<p style=\"text-align: center;\"><a href=\"https:\/\/webmail.homs-univ.edu.sy\/\" target=\"_blank\" rel=\"noopener\">\u0631\u0627\u0628\u0637 \u0627\u0644\u062f\u062e\u0648\u0644 \u0625\u0644\u0649 \u0627\u0644\u0628\u0631\u064a\u062f \u0627\u0644\u0625\u0644\u0643\u062a\u0631\u0648\u0646\u064a \u0627\u0644\u062c\u0627\u0645\u0639\u064a<\/a><\/p>\n<p>[\/vc_column_text][vc_separator][\/vc_column][\/vc_row][\/vc_section][vc_section full_height=\u00a0\u00bbyes\u00a0\u00bb content_placement=\u00a0\u00bbmiddle\u00a0\u00bb][vc_row][vc_column]<div class=\"fancy_heading fancy_heading_line\"><div class=\"fh-top\"><\/div><h2 class=\"title\">Avez-vous rencontr\u00e9 un probl\u00e8me lors de l&#039;inscription?<\/h2><div class=\"inside\">Si vous rencontrez un probl\u00e8me lors de votre inscription au courrier, veuillez consulter le Centre d&rsquo;Administration de R\u00e9seaux \u00e0 la Facult\u00e9 des Sciences, pour changer le mot de passe<\/div><\/div>\n[\/vc_column][\/vc_row][vc_row rtl_reverse=\u00a0\u00bbyes\u00a0\u00bb][vc_column]<div class=\"icon_box icon_position_top no_border\"><div class=\"icon_wrapper\"><div class=\"icon\"><i class=\"icon-location-line\" aria-hidden=\"true\"><\/i><\/div><\/div><div class=\"desc_wrapper\"><h4 class=\"title \">Changer le mot de passe<\/h4><div class=\"desc\">\u062c\u0627\u0645\u0639\u0629 \u062d\u0645\u0635 &#8211; \u0643\u0644\u064a\u0629 \u0627\u0644\u0639\u0644\u0648\u0645 &#8211; \u06372 &#8211; \u0645\u0631\u0643\u0632 \u0625\u062f\u0627\u0631\u0629 \u0627\u0644\u0634\u0628\u0643\u0629<\/div><\/div><\/div>\n[\/vc_column][\/vc_row][\/vc_section]<\/p>\n<\/div>","protected":false},"excerpt":{"rendered":"<p>[vc_section full_width=\u00a0\u00bbstretch_row\u00a0\u00bb full_height=\u00a0\u00bbyes\u00a0\u00bb content_placement=\u00a0\u00bbmiddle\u00a0\u00bb css=\u00a0\u00bb.vc_custom_1655383331587{padding-top: 15vh !important;padding-bottom: 15vh !important;background-color: #f4f4f4 !important;}\u00a0\u00bb][vc_row][vc_column][vc_separator][\/vc_column][\/vc_row][vc_row rtl_reverse=\u00a0\u00bbyes\u00a0\u00bb][vc_column width=\u00a0\u00bb1\/2&Prime;][\/vc_column][vc_column width=\u00a0\u00bb1\/2&Prime;][\/vc_column][\/vc_row][vc_row][vc_column][vc_separator][vc_column_text] \u0631\u0627\u0628\u0637 \u0627\u0644\u062f\u062e\u0648\u0644 \u0625\u0644\u0649 \u0627\u0644\u0628\u0631\u064a\u062f \u0627\u0644\u0625\u0644\u0643\u062a\u0631\u0648\u0646\u064a \u0627\u0644\u062c\u0627\u0645\u0639\u064a [\/vc_column_text][vc_separator][\/vc_column][\/vc_row][\/vc_section][vc_section full_height=\u00a0\u00bbyes\u00a0\u00bb content_placement=\u00a0\u00bbmiddle\u00a0\u00bb][vc_row][vc_column][\/vc_column][\/vc_row][vc_row rtl_reverse=\u00a0\u00bbyes\u00a0\u00bb][vc_column][\/vc_column][\/vc_row][\/vc_section]<\/p>\n","protected":false},"author":1,"featured_media":0,"parent":0,"menu_order":0,"comment_status":"closed","ping_status":"closed","template":"","meta":{"_acf_changed":false,"footnotes":""},"class_list":["post-50400","page","type-page","status-publish","hentry"],"acf":[],"_links":{"self":[{"href":"https:\/\/homs-univ.edu.sy\/fr\/wp-json\/wp\/v2\/pages\/50400","targetHints":{"allow":["GET"]}}],"collection":[{"href":"https:\/\/homs-univ.edu.sy\/fr\/wp-json\/wp\/v2\/pages"}],"about":[{"href":"https:\/\/homs-univ.edu.sy\/fr\/wp-json\/wp\/v2\/types\/page"}],"author":[{"embeddable":true,"href":"https:\/\/homs-univ.edu.sy\/fr\/wp-json\/wp\/v2\/users\/1"}],"replies":[{"embeddable":true,"href":"https:\/\/homs-univ.edu.sy\/fr\/wp-json\/wp\/v2\/comments?post=50400"}],"version-history":[{"count":6,"href":"https:\/\/homs-univ.edu.sy\/fr\/wp-json\/wp\/v2\/pages\/50400\/revisions"}],"predecessor-version":[{"id":83269,"href":"https:\/\/homs-univ.edu.sy\/fr\/wp-json\/wp\/v2\/pages\/50400\/revisions\/83269"}],"wp:attachment":[{"href":"https:\/\/homs-univ.edu.sy\/fr\/wp-json\/wp\/v2\/media?parent=50400"}],"curies":[{"name":"wp","href":"https:\/\/api.w.org\/{rel}","templated":true}]}}