{"id":60227,"date":"2023-01-12T10:38:17","date_gmt":"2023-01-12T07:38:17","guid":{"rendered":"https:\/\/homs-univ.edu.sy\/pan-du-site\/"},"modified":"2025-07-07T09:48:36","modified_gmt":"2025-07-07T06:48:36","slug":"pan-du-site","status":"publish","type":"page","link":"https:\/\/homs-univ.edu.sy\/fr\/pan-du-site\/","title":{"rendered":"Plan du site"},"content":{"rendered":"<div class=\"wpb-content-wrapper\"><p>[vc_row][vc_column][vc_column_text]<\/p>\n<ul>\n<li><a href=\"https:\/\/homs-univ.edu.sy\/fr\/notre-universite\/\">Notre universit\u00e9<\/a>\n<ul>\n<li><a href=\"https:\/\/homs-univ.edu.sy\/fr\/notre-universite\/apercu-de-l-universite\/\">Aper\u00e7u de l\u2019Universit\u00e9<\/a><\/li>\n<li><a href=\"https:\/\/homs-univ.edu.sy\/fr\/notre-universite\/recteur-de-l-universite-al-baath\/\">Recteur de l&rsquo;Universit\u00e9 Al Baath<\/a><\/li>\n<li><a href=\"https:\/\/homs-univ.edu.sy\/fr\/notre-universite\/structure-organisationnelle\/\">Structure organisationnelle<\/a><\/li>\n<li><a href=\"https:\/\/homs-univ.edu.sy\/fr\/notre-universite\/%d8%a7%d9%84%d8%ae%d8%b7%d8%a9-%d8%a7%d9%84%d8%a7%d8%b3%d8%aa%d8%b1%d8%a7%d8%aa%d9%8a%d8%ac%d9%8a%d8%a9\/\">le plan strat\u00e9gique<\/a><\/li>\n<li><a href=\"https:\/\/homs-univ.edu.sy\/fr\/notre-universite\/directions-et-centres\/\">Directions et centres<\/a><\/li>\n<li><a href=\"https:\/\/homs-univ.edu.sy\/fr\/notre-universite\/facultes-et-instituts\/\">Facult\u00e9s et instituts<\/a><\/li>\n<li><a href=\"https:\/\/homs-univ.edu.sy\/fr\/notre-universite\/guide-universitaire\/\">Guide universitaire<\/a><\/li>\n<li><a href=\"https:\/\/homs-univ.edu.sy\/fr\/services-communautaires\/\">Services communautaires<i><\/i><\/a>\n<ul>\n<li><a href=\"http:\/\/albaath-hospital.edu.sy\/\" rel=\"nofollow noopener\" target=\"_blank\">H\u00f4pital universitaire<\/a><\/li>\n<li><a href=\"https:\/\/homs-univ.edu.sy\/fr\/le-centre-de-services-aux-citoyens\/\">Centre de Services aux Citoyens<\/a><\/li>\n<li><a href=\"https:\/\/homs-univ.edu.sy\/fr\/le-centre-d-ajournement-du-cervice-militaire\/\">Centre d&rsquo;Ajournement du Service Militaire<\/a><\/li>\n<li><a href=\"https:\/\/homs-univ.edu.sy\/fr\/services-communautaires\/incubateur-des-technologies-de-l-tnformation-et-de-la-communication\/\">Incubateur des Technologies de l&rsquo;Information et de la Communication<\/a><\/li>\n<\/ul>\n<\/li>\n<li><a href=\"https:\/\/homs-univ.edu.sy\/fr\/notre-universite\/excellence-et-creativite\/\">Excellence et cr\u00e9ativit\u00e9<\/a><\/li>\n<li><a href=\"https:\/\/homs-univ.edu.sy\/fr\/recherche\/accords-et-cooperation-internatioanle\/\">Accords et Coop\u00e9ration Internatioanle<\/a><\/li>\n<li><a href=\"https:\/\/homs-univ.edu.sy\/fr\/notre-universite\/actualites\/\">Actualit\u00e9s<\/a><\/li>\n<\/ul>\n<\/li>\n<li><a href=\"https:\/\/homs-univ.edu.sy\/fr\/admission\/\">Admission<\/a>\n<ul>\n<li><a href=\"https:\/\/homs-univ.edu.sy\/fr\/admission\/etudiants-du-premier-cycle-universitaire\/\">\u00c9tudiants du premier cycle universitaire<i><\/i><\/a>\n<ul>\n<li><a href=\"https:\/\/homs-univ.edu.sy\/fr\/admission\/etudiants-du-premier-cycle-universitaire\/concours-d-admission-generale\/\">Concours d&rsquo;admission g\u00e9n\u00e9rale<\/a><\/li>\n<li><a href=\"https:\/\/homs-univ.edu.sy\/fr\/admission\/etudiants-du-premier-cycle-universitaire\/concours-d-admission-parallele\/\">Concours d&rsquo;admission parall\u00e8le<\/a><\/li>\n<li><a href=\"https:\/\/homs-univ.edu.sy\/fr\/admission\/etudiants-du-premier-cycle-universitaire\/admission-directe\/\">Admission directe<\/a><\/li>\n<li><a href=\"https:\/\/homs-univ.edu.sy\/fr\/admission\/etudiants-du-premier-cycle-universitaire\/concours-speciaux\/\">Concours sp\u00e9ciaux<i><\/i><\/a>\n<ul>\n<li><a href=\"https:\/\/homs-univ.edu.sy\/fr\/admission\/etudiants-du-premier-cycle-universitaire\/concours-speciaux\/concours-d-admission-pour-les-syriens-non-residents\/\">Concours d&rsquo;admission pour les syriens non-r\u00e9sidents<\/a><\/li>\n<li><a href=\"https:\/\/homs-univ.edu.sy\/fr\/admission\/etudiants-du-premier-cycle-universitaire\/concours-speciaux\/concours-d-admission-pour-les-familles-des-martyrs\/\">Concours d&rsquo;admission pour les familles des martyrs<\/a><\/li>\n<li><a href=\"https:\/\/homs-univ.edu.sy\/fr\/admission\/etudiants-du-premier-cycle-universitaire\/concours-speciaux\/concours-d-admission-pour-les-personnes-ayant-des-besoins-speciaux\/\">Concours d&rsquo;admission pour les personnes ayant des besoins sp\u00e9ciaux<\/a><\/li>\n<li><a href=\"https:\/\/homs-univ.edu.sy\/fr\/admission\/etudiants-du-premier-cycle-universitaire\/concours-speciaux\/concours-d-admission-pour-les-fils-filles-des-membres-du-corps-professoral\/\">Concours d&rsquo;admission pour les fils\/filles des membres du corps professoral<\/a><\/li>\n<li><a href=\"https:\/\/homs-univ.edu.sy\/fr\/admission\/etudiants-du-premier-cycle-universitaire\/concours-speciaux\/admission-pour-les-etudiants-arabes-et-etrangers\/\">Concours d&rsquo;admission pour les Arabes et les \u00e9trangers<\/a><\/li>\n<\/ul>\n<\/li>\n<\/ul>\n<\/li>\n<li><a href=\"https:\/\/homs-univ.edu.sy\/fr\/admission\/etudes-superieures\/\">\u00c9tudes sup\u00e9rieures<i><\/i><\/a>\n<ul>\n<li><a href=\"https:\/\/homs-univ.edu.sy\/fr\/admission\/etudes-superieures\/concours-dacces-au-master\/\">Concours d&rsquo;acc\u00e8s au master<\/a><\/li>\n<li><a href=\"https:\/\/homs-univ.edu.sy\/fr\/admission\/etudes-superieures\/concours-d-acces-au-doctorat\/\">Concours d&rsquo;acc\u00e8s au doctorat<\/a><\/li>\n<li><a href=\"https:\/\/homs-univ.edu.sy\/fr\/admission\/etudes-superieures\/concours-d-acces-au-diplome\/\">Concours d&rsquo;acc\u00e8s au dipl\u00f4me<\/a><\/li>\n<\/ul>\n<\/li>\n<li><a href=\"https:\/\/homs-univ.edu.sy\/fr\/admission\/comparaison-ouverte-de-leducation\/\">Enseignement ouvert<i><\/i><\/a>\n<ul>\n<li><a href=\"https:\/\/homs-univ.edu.sy\/fr\/admission\/comparaison-ouverte-de-leducation\/licence-denseignement-ouvert\/\">Licence d&rsquo;enseignement ouvert<\/a><\/li>\n<li><a href=\"https:\/\/homs-univ.edu.sy\/fr\/admission\/comparaison-ouverte-de-leducation\/diplome-d-enseignement-ouvert\/\">Dipl\u00f4me d&rsquo;enseignement ouvert<\/a><\/li>\n<\/ul>\n<\/li>\n<li><a href=\"https:\/\/homs-univ.edu.sy\/fr\/admission\/bourses-des-universites-privees\/\">Bourses des universit\u00e9s priv\u00e9es<\/a><\/li>\n<li><a href=\"https:\/\/homs-univ.edu.sy\/fr\/admission\/annee-preparatoire\/\">Ann\u00e9e pr\u00e9paratoire<\/a><\/li>\n<\/ul>\n<\/li>\n<li><a href=\"https:\/\/homs-univ.edu.sy\/fr\/enseignement\/\">Enseignement<\/a>\n<ul>\n<li><a href=\"https:\/\/homs-univ.edu.sy\/fr\/enseignement\/facultes\/\">Facult\u00e9s<\/a>\n<ul>\n<li>Sciences M\u00e9dicales<i><\/i>\n<ul>\n<li><a href=\"https:\/\/homs-univ.edu.sy\/medical\/\">Ann\u00e9e pr\u00e9paratoire pour les facult\u00e9s m\u00e9dicales<\/a><\/li>\n<li><a href=\"https:\/\/homs-univ.edu.sy\/med\/\">La Facult\u00e9 de M\u00e9decine<\/a><\/li>\n<li><a href=\"https:\/\/homs-univ.edu.sy\/den\/\">La Facult\u00e9 d&rsquo;Odontologie<\/a><\/li>\n<li><a href=\"https:\/\/homs-univ.edu.sy\/pharmacy\/\">La Facult\u00e9 de Pharmacie<\/a><\/li>\n<li><a href=\"https:\/\/homs-univ.edu.sy\/healthy\/\">La Facult\u00e9 des Sciences de la Sant\u00e9<\/a><\/li>\n<\/ul>\n<\/li>\n<li>Les sciences d&rsquo;ing\u00e9nierie<i><\/i>\n<ul>\n<li><a href=\"https:\/\/homs-univ.edu.sy\/it\/\">La Facult\u00e9 de G\u00e9nie Informatique<\/a><\/li>\n<li><a href=\"https:\/\/homs-univ.edu.sy\/civil\">La Facult\u00e9 de G\u00e9nie Civil<\/a><\/li>\n<li><a href=\"http:\/\/homs-univ.edu.sy\/archi\/\">La Facult\u00e9 d&rsquo;Architecture<\/a><\/li>\n<li><a href=\"https:\/\/homs-univ.edu.sy\/petro\/\">La Facult\u00e9 de G\u00e9nie Chimique et P\u00e9trolier<\/a><\/li>\n<li><a href=\"https:\/\/homs-univ.edu.sy\/mec\">La Facult\u00e9 de G\u00e9nie M\u00e9canique et \u00c9lectrique<\/a><\/li>\n<li><a href=\"http:\/\/homs-univ.edu.sy\/agri\/\">La Facult\u00e9 de G\u00e9nie Agricole<\/a><\/li>\n<li><a href=\"http:\/\/homs-univ.edu.sy\/applied\/\">La Facult\u00e9 d&rsquo;Application<\/a><\/li>\n<\/ul>\n<\/li>\n<li>Les sciences humaines<i><\/i>\n<ul>\n<li><a href=\"https:\/\/homs-univ.edu.sy\/law\">La Facult\u00e9 de Droit<\/a><\/li>\n<li><a href=\"https:\/\/homs-univ.edu.sy\/tourism\/\">La Facult\u00e9 de Tourisme<\/a><\/li>\n<li><a href=\"https:\/\/homs-univ.edu.sy\/fr\/enseignement\/\">La Facult\u00e9 d&rsquo;\u00c9ducation<\/a><\/li>\n<li><a href=\"https:\/\/homs-univ.edu.sy\/education2\">La Facult\u00e9 d\u2019\u00c9ducation 2<\/a><\/li>\n<li><a href=\"http:\/\/homs-univ.edu.sy\/music\/\">La Facult\u00e9 d&rsquo;\u00c9ducation Musicale<\/a><\/li>\n<li><a href=\"http:\/\/homs-univ.edu.sy\/humanities\/\">La Facult\u00e9 des Lettres et des Sciences Humaines<\/a><\/li>\n<\/ul>\n<\/li>\n<li>Les sciences \u00e9conomiques<i><\/i>\n<ul>\n<li><a href=\"http:\/\/economy.homs-univ.edu.sy\/\">La Facult\u00e9 d&rsquo;\u00c9conomie<\/a><\/li>\n<\/ul>\n<\/li>\n<li>Les sciences fondamentales<i><\/i>\n<ul>\n<li><a href=\"https:\/\/homs-univ.edu.sy\/science\/\">La Facult\u00e9 des Sciences<\/a><\/li>\n<li><a href=\"https:\/\/homs-univ.edu.sy\/science2\/\">La Facult\u00e9 des Sciences -2-<\/a><\/li>\n<\/ul>\n<\/li>\n<\/ul>\n<\/li>\n<li><a href=\"https:\/\/homs-univ.edu.sy\/fr\/enseignement\/les-instituts\/\">Instituts<i><\/i><\/a>\n<ul>\n<li>Les instituts sup\u00e9rieurs<i><\/i>\n<ul>\n<li><a href=\"http:\/\/institute.homs-univ.edu.sy\/li\/\">L&rsquo;Institut Sup\u00e9rieur des Langues<\/a><\/li>\n<li><a href=\"http:\/\/institute.homs-univ.edu.sy\/hiwm\/\">L&rsquo;Institut Sup\u00e9rieur de Gestion de l&rsquo;Eau<\/a><\/li>\n<\/ul>\n<\/li>\n<li>Les Instituts interm\u00e9diaires\n<ul>\n<li><a href=\"http:\/\/institute.homs-univ.edu.sy\/ite\/\">L\u2019Institut Technique de l\u2019Informatique<\/a><\/li>\n<li><a href=\"http:\/\/institute.homs-univ.edu.sy\/ieng\/\">L&rsquo;Institut Technique d&rsquo;Ing\u00e9nierie<\/a><\/li>\n<li><a href=\"http:\/\/institute.homs-univ.edu.sy\/iagri\/\">L&rsquo;Institut Technique Agricole<\/a><\/li>\n<li><a href=\"http:\/\/institute.homs-univ.edu.sy\/idesert\/\">Institut Technique pour les Etudes des Zones Arides et des Terres S\u00e8ches<\/a><\/li>\n<\/ul>\n<\/li>\n<\/ul>\n<\/li>\n<li><a href=\"https:\/\/homs-univ.edu.sy\/fr\/enseignement\/enseignement-ouvert\/\">Enseignement ouvert<\/a><\/li>\n<li><a href=\"https:\/\/homs-univ.edu.sy\/fr\/enseignement\/membres-du-membres-du-personnel-enseignant\/\">Membres du Personnel Enseignant<\/a><\/li>\n<\/ul>\n<\/li>\n<li><a href=\"https:\/\/homs-univ.edu.sy\/fr\/vie-universitaire\/\">Vie universitaire<\/a>\n<ul>\n<li><a href=\"https:\/\/homs-univ.edu.sy\/fr\/vie-universitaire\/resultats-d-examens\/\">R\u00e9sultats d\u2019examens<\/a><\/li>\n<li><a href=\"https:\/\/homs-univ.edu.sy\/fr\/vie-universitaire\/calendrier-des-examens\/\">Calendrier des examens<\/a><\/li>\n<li><a href=\"https:\/\/homs-univ.edu.sy\/fr\/vie-universitaire\/cite-universitaire\/\">Cit\u00e9 universitaire<\/a><\/li>\n<li><a href=\"https:\/\/homs-univ.edu.sy\/fr\/vie-universitaire\/bibliotheque\/\">Biblioth\u00e8que<\/a><\/li>\n<\/ul>\n<\/li>\n<li><a href=\"https:\/\/homs-univ.edu.sy\/fr\/recherche\/\">Recherche scientifique<\/a>\n<ul>\n<li><a href=\"https:\/\/homs-univ.edu.sy\/rags\/\">Direction de la Recherche Scientifique<\/a><\/li>\n<li><a href=\"https:\/\/journal.homs-univ.edu.sy\">Revue de l\u2019Universit\u00e9 de Homs<\/a><\/li>\n<li><a href=\"https:\/\/homs-univ.edu.sy\/fr\/recherche\/equipements-de-laboratoires-et-de-recherche-a-l-universite-al-baath\/\">\u00c9quipements de laboratoires de recherche<\/a><\/li>\n<\/ul>\n<\/li>\n<li><a href=\"https:\/\/homs-univ.edu.sy\/fr\/qualite-et-accreditation\/\">Qualit\u00e9 et Accr\u00e9ditation<\/a>\n<ul>\n<li><a href=\"http:\/\/qa.homs-univ.edu.sy\/\">Centre d&rsquo;Assurance Qualit\u00e9<\/a><\/li>\n<li><a href=\"https:\/\/homs-univ.edu.sy\/fr\/qualite-et-accreditation\/questionnaires-et-formulaires\/\">Questionnaires et formulaires<\/a><\/li>\n<\/ul>\n<\/li>\n<\/ul>\n<p>[\/vc_column_text][\/vc_column][\/vc_row]<\/p>\n<\/div>","protected":false},"excerpt":{"rendered":"<p>[vc_row][vc_column][vc_column_text] Notre universit\u00e9 Aper\u00e7u de l\u2019Universit\u00e9 Recteur de l&rsquo;Universit\u00e9 Al Baath Structure organisationnelle le plan strat\u00e9gique Directions et centres Facult\u00e9s et instituts Guide universitaire Services communautaires<span class=\"excerpt-hellip\"> [\u2026]<\/span><\/p>\n","protected":false},"author":1,"featured_media":0,"parent":0,"menu_order":0,"comment_status":"closed","ping_status":"closed","template":"","meta":{"_acf_changed":false,"footnotes":""},"class_list":["post-60227","page","type-page","status-publish","hentry"],"acf":[],"_links":{"self":[{"href":"https:\/\/homs-univ.edu.sy\/fr\/wp-json\/wp\/v2\/pages\/60227","targetHints":{"allow":["GET"]}}],"collection":[{"href":"https:\/\/homs-univ.edu.sy\/fr\/wp-json\/wp\/v2\/pages"}],"about":[{"href":"https:\/\/homs-univ.edu.sy\/fr\/wp-json\/wp\/v2\/types\/page"}],"author":[{"embeddable":true,"href":"https:\/\/homs-univ.edu.sy\/fr\/wp-json\/wp\/v2\/users\/1"}],"replies":[{"embeddable":true,"href":"https:\/\/homs-univ.edu.sy\/fr\/wp-json\/wp\/v2\/comments?post=60227"}],"version-history":[{"count":8,"href":"https:\/\/homs-univ.edu.sy\/fr\/wp-json\/wp\/v2\/pages\/60227\/revisions"}],"predecessor-version":[{"id":85423,"href":"https:\/\/homs-univ.edu.sy\/fr\/wp-json\/wp\/v2\/pages\/60227\/revisions\/85423"}],"wp:attachment":[{"href":"https:\/\/homs-univ.edu.sy\/fr\/wp-json\/wp\/v2\/media?parent=60227"}],"curies":[{"name":"wp","href":"https:\/\/api.w.org\/{rel}","templated":true}]}}