{"id":65873,"date":"2022-11-30T12:24:25","date_gmt":"2022-11-30T10:24:25","guid":{"rendered":"https:\/\/homs-univ.edu.sy\/notre-universite\/%d8%a7%d9%84%d8%ae%d8%b7%d8%a9-%d8%a7%d9%84%d8%a7%d8%b3%d8%aa%d8%b1%d8%a7%d8%aa%d9%8a%d8%ac%d9%8a%d8%a9\/"},"modified":"2025-07-06T12:52:37","modified_gmt":"2025-07-06T09:52:37","slug":"%d8%a7%d9%84%d8%ae%d8%b7%d8%a9-%d8%a7%d9%84%d8%a7%d8%b3%d8%aa%d8%b1%d8%a7%d8%aa%d9%8a%d8%ac%d9%8a%d8%a9","status":"publish","type":"page","link":"https:\/\/homs-univ.edu.sy\/fr\/notre-universite\/%d8%a7%d9%84%d8%ae%d8%b7%d8%a9-%d8%a7%d9%84%d8%a7%d8%b3%d8%aa%d8%b1%d8%a7%d8%aa%d9%8a%d8%ac%d9%8a%d8%a9\/","title":{"rendered":"Le plan strat\u00e9gique"},"content":{"rendered":"<div class=\"wpb-content-wrapper\"><p>[vc_row][vc_column][vc_column_text]<\/p>\n<h3><span style=\"color: #dd3333;\">Les objectifs strat\u00e9giques de l&rsquo;Universit\u00e9 de Homs<\/span><\/h3>\n<ol>\n<li>D\u00e9velopper l&rsquo;Universit\u00e9 de Homs en tant qu&rsquo;un centre acad\u00e9mique distingu\u00e9 dans le domaine de l&rsquo;enseignement sup\u00e9rieur et la formation des cadres acad\u00e9miques.<\/li>\n<li>D\u00e9velopper l&rsquo;Universit\u00e9 de Homs dans le domaine de la recherche scientifique, coop\u00e9rer avec les institutions et centres d&rsquo;enseignement et de recherche et les institutions communautaires \u00e0 tous les niveaux.<\/li>\n<li>Assurer un environnement universitaire favorisant l\u2019excellence et la cr\u00e9ation.<\/li>\n<li>Accro\u00eetre le r\u00f4le de l\u2019Universit\u00e9 Al Baath dans la reconstruction et le service communautaire.<\/li>\n<\/ol>\n<p>Pour plus d&rsquo;informations sur l&rsquo;Universit\u00e9 de Homs, veuillez t\u00e9l\u00e9charger les fichiers suivants:[\/vc_column_text][\/vc_column][\/vc_row][vc_row][vc_column][vc_btn title=\u00a0\u00bbLe plan strat\u00e9gique (2019-2023)\u00a0\u00bb shape=\u00a0\u00bbsquare\u00a0\u00bb align=\u00a0\u00bbcenter\u00a0\u00bb i_icon_fontawesome=\u00a0\u00bbfar fa-file-pdf\u00a0\u00bb button_block=\u00a0\u00bbtrue\u00a0\u00bb add_icon=\u00a0\u00bbtrue\u00a0\u00bb link=\u00a0\u00bburl:https%3A%2F%2Fhoms-univ.edu.sy%2Fwp-content%2Fuploads%2F2021%2F08%2Fstarategic-plan.pdf|target:%20_blank|\u00a0\u00bb][vc_btn title=\u00a0\u00bbLe rapport annuel de l&apos;universit\u00e9 de l&apos;an 2020&Prime; shape=\u00a0\u00bbsquare\u00a0\u00bb align=\u00a0\u00bbcenter\u00a0\u00bb i_icon_fontawesome=\u00a0\u00bbfar fa-file-pdf\u00a0\u00bb button_block=\u00a0\u00bbtrue\u00a0\u00bb add_icon=\u00a0\u00bbtrue\u00a0\u00bb link=\u00a0\u00bburl:https%3A%2F%2Fhoms-univ.edu.sy%2Fwp-content%2Fuploads%2F2022%2F01%2Ftakrer-2020.pdf|target:_blank|\u00a0\u00bb][vc_btn title=\u00a0\u00bbRapport d&apos;auto-performance du centre d&apos;assurance qualit\u00e9 (2020-2021)\u00a0\u00bb shape=\u00a0\u00bbsquare\u00a0\u00bb align=\u00a0\u00bbcenter\u00a0\u00bb i_icon_fontawesome=\u00a0\u00bbfar fa-file-pdf\u00a0\u00bb button_block=\u00a0\u00bbtrue\u00a0\u00bb add_icon=\u00a0\u00bbtrue\u00a0\u00bb link=\u00a0\u00bburl:https%3A%2F%2Fhoms-univ.edu.sy%2Fwp-content%2Fuploads%2F2022%2F12%2F%D8%AA%D9%82%D8%B1%D9%8A%D8%B1-%D8%AC%D8%A7%D9%85%D8%B9%D8%A9-%D8%A7%D9%84%D8%A8%D8%B9%D8%AB-2020-2021-.pdf|target:_blank|\u00a0\u00bb][\/vc_column][\/vc_row]<\/p>\n<\/div>","protected":false},"excerpt":{"rendered":"<p>[vc_row][vc_column][vc_column_text] Les objectifs strat\u00e9giques de l&rsquo;Universit\u00e9 de Homs D\u00e9velopper l&rsquo;Universit\u00e9 de Homs en tant qu&rsquo;un centre acad\u00e9mique distingu\u00e9 dans le domaine de l&rsquo;enseignement sup\u00e9rieur et la<span class=\"excerpt-hellip\"> [\u2026]<\/span><\/p>\n","protected":false},"author":1,"featured_media":0,"parent":45532,"menu_order":0,"comment_status":"closed","ping_status":"closed","template":"","meta":{"_acf_changed":false,"footnotes":""},"class_list":["post-65873","page","type-page","status-publish","hentry"],"acf":[],"_links":{"self":[{"href":"https:\/\/homs-univ.edu.sy\/fr\/wp-json\/wp\/v2\/pages\/65873","targetHints":{"allow":["GET"]}}],"collection":[{"href":"https:\/\/homs-univ.edu.sy\/fr\/wp-json\/wp\/v2\/pages"}],"about":[{"href":"https:\/\/homs-univ.edu.sy\/fr\/wp-json\/wp\/v2\/types\/page"}],"author":[{"embeddable":true,"href":"https:\/\/homs-univ.edu.sy\/fr\/wp-json\/wp\/v2\/users\/1"}],"replies":[{"embeddable":true,"href":"https:\/\/homs-univ.edu.sy\/fr\/wp-json\/wp\/v2\/comments?post=65873"}],"version-history":[{"count":2,"href":"https:\/\/homs-univ.edu.sy\/fr\/wp-json\/wp\/v2\/pages\/65873\/revisions"}],"predecessor-version":[{"id":85401,"href":"https:\/\/homs-univ.edu.sy\/fr\/wp-json\/wp\/v2\/pages\/65873\/revisions\/85401"}],"up":[{"embeddable":true,"href":"https:\/\/homs-univ.edu.sy\/fr\/wp-json\/wp\/v2\/pages\/45532"}],"wp:attachment":[{"href":"https:\/\/homs-univ.edu.sy\/fr\/wp-json\/wp\/v2\/media?parent=65873"}],"curies":[{"name":"wp","href":"https:\/\/api.w.org\/{rel}","templated":true}]}}