{"id":85846,"date":"2022-06-20T13:17:37","date_gmt":"2022-06-20T10:17:37","guid":{"rendered":"https:\/\/homs-univ.edu.sy\/direction-des-conseils-universitaires\/documents-requis-pour-la-presentation-aux-conseils-universitaires\/"},"modified":"2025-07-21T12:53:35","modified_gmt":"2025-07-21T09:53:35","slug":"documents-requis-pour-la-presentation-aux-conseils-universitaires","status":"publish","type":"page","link":"https:\/\/homs-univ.edu.sy\/fr\/direction-des-conseils-universitaires\/documents-requis-pour-la-presentation-aux-conseils-universitaires\/","title":{"rendered":"Documents requis pour la pr\u00e9sentation aux conseils universitaires"},"content":{"rendered":"<div class=\"wpb-content-wrapper\"><p>[vc_section full_height=\u00a0\u00bbyes\u00a0\u00bb content_placement=\u00a0\u00bbmiddle\u00a0\u00bb][vc_row][vc_column]<div class=\"fancy_heading fancy_heading_line\"><div class=\"fh-top\"><\/div><h2 class=\"title\">Documents requis pour la pr\u00e9sentation aux conseils universitaires<\/h2><div class=\"inside\">T\u00e9l\u00e9chargez les documents relatifs aux certains sujets qui n\u00e9cessitent la pr\u00e9sentation aux conseils universitaires:<\/div><\/div>\n[\/vc_column][\/vc_row][vc_row][vc_column][vc_column_text]<\/p>\n<ol>\n<li>Inscription du m\u00e9moire de master<\/li>\n<li>Inscription de la th\u00e8se de doctorat<\/li>\n<li>Composition du jury de m\u00e9moire de master<\/li>\n<li>Composition du jury de th\u00e8se de doctorat<\/li>\n<li>D\u00e9livrer le grade de master<\/li>\n<li>D\u00e9livrer le grade de doctorat<\/li>\n<li>Envoi des membres du personnel enseignant en mission scientifique de courte dur\u00e9e<\/li>\n<li>Envoi des professeurs en mission scientifique \u00e0 l&rsquo;\u00e9tranger<\/li>\n<li>Mod\u00e8le du rapport pr\u00e9sent\u00e9 par les membres du personnel enseignant revenant d&rsquo;une mission scientifique de courte dur\u00e9e.<\/li>\n<li>Mod\u00e8le du rapport pr\u00e9sent\u00e9 par les professeurs en mission scientifique \u00e0 l&rsquo;\u00e9tranger<\/li>\n<li>Titularisation des membres du corps enseignant et des assistants d&rsquo;enseingnement<\/li>\n<li>Inscription d&rsquo;une recherche scientifique<\/li>\n<li>\u00c9laboration d&rsquo;une recherche scientifique<\/li>\n<li>D\u00e9tachement des membres du corps professoral \/Avoir un cong\u00e9 sp\u00e9cial sans solde<\/li>\n<li>Nomination d&rsquo;un enseignant stagiaire \u00e0 temps plein\/Nomination pour la premi\u00e8re fois\/ (Boursier revenant de l&rsquo;\u00e9tranger)<\/li>\n<li>Nomination d&rsquo;un enseignant stagiaire \u00e0 temps plein\/Nomination pour la premi\u00e8re fois\/ (Par un concours)<\/li>\n<li>Nomination en tant que professeur assistant (de l&rsquo;univrsit\u00e9)<\/li>\n<li>Transfert (Membres du corps professoral)<\/li>\n<li>Maintenir l&rsquo;inscription au grade du master + doctorat<\/li>\n<li>Nationalisation du livre universitaire<\/li>\n<li>Enseigner aux universit\u00e9s syriennes priv\u00e9es et publliques<\/li>\n<li>Nomination en tant que professeur titulaire (de l&rsquo;univrsit\u00e9)<\/li>\n<li>Nomination d&rsquo;un assistant d&rsquo;enseignement\/ d&rsquo;un boursier de l&rsquo;universit\u00e9\/<strong> Appliquer la d\u00e9cision du conseil sup\u00e9rieur d&rsquo;enseignement N\u00b0\/228\/<\/strong><\/li>\n<li>Promotion d&rsquo;un superviseur d&rsquo;affaires \u00e0 un directeur d&rsquo;affaires\/<strong> Appliquer la d\u00e9cision du conseil d&rsquo;enseignement sup\u00e9rieur N\u00b0 410<\/strong><\/li>\n<li>Nomination d&rsquo;un membre des assistants d&rsquo;enseignement au poste d&rsquo;un charg\u00e9 d&rsquo;affaires <strong>\/concours\/ Appliquer la d\u00e9cision du conseil d&rsquo;enseignement sup\u00e9rieur N\u00b0 410<\/strong><\/li>\n<li>Promotion d&rsquo;un assistant d&rsquo;enseignement \u00e0 un superviseur d&rsquo;affaires\/ <strong>Appliquer la d\u00e9cision du conseil d&rsquo;enseignement sup\u00e9rieur N\u00b0 410<\/strong><\/li>\n<li>Promotion d&rsquo;un assistant d&rsquo;enseignement \u00e0 un superviseur d&rsquo;affaires\/ <strong>Appliquer la d\u00e9cision du conseil d&rsquo;enseignement sup\u00e9rieur N\u00b0 228<\/strong> <\/li>\n<li>Besoin aux membres du corps professoral r\u00e9ussis dans un concours<\/li>\n<li>Cr\u00e9ation du livre universitaire<\/li>\n<li>Formation du comit\u00e9 scientifique pour \u00e9valuer un manuscrit du livre universitaire<\/li>\n<li>D\u00e9mission d&rsquo;un membre du personnel enseignant.<strong> Appliquer la d\u00e9cision du Conseil d&rsquo;enseignement sup\u00e9rieur N\u00b0 \/71\/ du 21\/11\/2019<\/strong><\/li>\n<\/ol>\n<p>[\/vc_column_text][\/vc_column][\/vc_row][vc_row][vc_column][vc_btn title=\u00a0\u00bbT\u00e9l\u00e9charger le fichier\u00a0\u00bb align=\u00a0\u00bbcenter\u00a0\u00bb i_icon_fontawesome=\u00a0\u00bbfar fa-file-pdf\u00a0\u00bb css=\u00a0\u00bb\u00a0\u00bb add_icon=\u00a0\u00bbtrue\u00a0\u00bb link=\u00a0\u00bburl:https%3A%2F%2Fhoms-univ.edu.sy%2Fwp-content%2Fuploads%2F2025%2F01%2F%D8%AB%D8%A8%D9%88%D8%AA%D9%8A%D8%A7%D8%AA.pdf|target:_blank|\u00a0\u00bb][\/vc_column][\/vc_row][\/vc_section]<\/p>\n<\/div>","protected":false},"excerpt":{"rendered":"<p>[vc_section full_height=\u00a0\u00bbyes\u00a0\u00bb content_placement=\u00a0\u00bbmiddle\u00a0\u00bb][vc_row][vc_column][\/vc_column][\/vc_row][vc_row][vc_column][vc_column_text] Inscription du m\u00e9moire de master Inscription de la th\u00e8se de doctorat Composition du jury de m\u00e9moire de master Composition du jury de th\u00e8se<span class=\"excerpt-hellip\"> [\u2026]<\/span><\/p>\n","protected":false},"author":1,"featured_media":0,"parent":36996,"menu_order":0,"comment_status":"closed","ping_status":"closed","template":"","meta":{"_acf_changed":false,"footnotes":""},"class_list":["post-85846","page","type-page","status-publish","hentry"],"acf":[],"_links":{"self":[{"href":"https:\/\/homs-univ.edu.sy\/fr\/wp-json\/wp\/v2\/pages\/85846","targetHints":{"allow":["GET"]}}],"collection":[{"href":"https:\/\/homs-univ.edu.sy\/fr\/wp-json\/wp\/v2\/pages"}],"about":[{"href":"https:\/\/homs-univ.edu.sy\/fr\/wp-json\/wp\/v2\/types\/page"}],"author":[{"embeddable":true,"href":"https:\/\/homs-univ.edu.sy\/fr\/wp-json\/wp\/v2\/users\/1"}],"replies":[{"embeddable":true,"href":"https:\/\/homs-univ.edu.sy\/fr\/wp-json\/wp\/v2\/comments?post=85846"}],"version-history":[{"count":2,"href":"https:\/\/homs-univ.edu.sy\/fr\/wp-json\/wp\/v2\/pages\/85846\/revisions"}],"predecessor-version":[{"id":85848,"href":"https:\/\/homs-univ.edu.sy\/fr\/wp-json\/wp\/v2\/pages\/85846\/revisions\/85848"}],"up":[{"embeddable":true,"href":"https:\/\/homs-univ.edu.sy\/fr\/wp-json\/wp\/v2\/pages\/36996"}],"wp:attachment":[{"href":"https:\/\/homs-univ.edu.sy\/fr\/wp-json\/wp\/v2\/media?parent=85846"}],"curies":[{"name":"wp","href":"https:\/\/api.w.org\/{rel}","templated":true}]}}