{"id":46054,"date":"2019-01-21T10:57:29","date_gmt":"2019-01-21T08:57:29","guid":{"rendered":"https:\/\/homs-univ.edu.sy\/diplomes\/"},"modified":"2025-07-07T09:49:19","modified_gmt":"2025-07-07T06:49:19","slug":"diplomes","status":"publish","type":"page","link":"https:\/\/homs-univ.edu.sy\/fr\/diplomes\/","title":{"rendered":"Dipl\u00f4m\u00e9s"},"content":{"rendered":"<div class=\"wpb-content-wrapper\"><p>[vc_row css=\u00a0\u00bb.vc_custom_1555923882750{padding-top: 50px !important;padding-bottom: 50px !important;}\u00a0\u00bb el_class=\u00a0\u00bbcontent-center\u00a0\u00bb][vc_column width=\u00a0\u00bb1\/3&Prime;]<a class=\"mfn-link mfn-link-7 \" href=\"https:\/\/homs-univ.edu.sy\/\u062a\u0648\u0627\u0635\u0644-\u0645\u0639\u0646\u0627\/\" style=\"\" data-hover=\"Contactez-nous\"   ><span data-hover=\"Contactez-nous\">Contactez-nous<\/span><\/a>[\/vc_column][vc_column width=\u00a0\u00bb1\/3&Prime;]<a class=\"mfn-link mfn-link-7 \" href=\"https:\/\/homs-univ.edu.sy\/\u0639\u0646-\u0627\u0644\u062c\u0627\u0645\u0639\u0629\/\u062f\u0644\u064a\u0644-\u0627\u0644\u062c\u0627\u0645\u0639\u0629\" style=\"\" data-hover=\"Guide universitaire\" target=\"_blank\"  ><span data-hover=\"Guide universitaire\">Guide universitaire<\/span><\/a>[\/vc_column][vc_column width=\u00a0\u00bb1\/3&Prime;]<a class=\"mfn-link mfn-link-7 scroll\" href=\"https:\/\/homs-univ.edu.sy\/rags\/\" style=\"\" data-hover=\"La recherche scientifique et les \u00e9tudes sup\u00e9rieures\" target=\"_blank\"  ><span data-hover=\"La recherche scientifique et les \u00e9tudes sup\u00e9rieures\">La recherche scientifique et les \u00e9tudes sup\u00e9rieures<\/span><\/a>[\/vc_column][\/vc_row][vc_row][vc_column][vc_separator][vc_column_text]<\/p>\n<h3 style=\"text-align: center; color: #dd3333;\">L&rsquo;\u00e9volution du nombre des dipl\u00f4m\u00e9s de l&rsquo;an1985 jusqu&rsquo;\u00e0 2018<\/h3>\n<p>[\/vc_column_text][\/vc_column][\/vc_row][vc_row][vc_column][vc_single_image image=\u00a0\u00bb1676&Prime; img_size=\u00a0\u00bblarge\u00a0\u00bb alignment=\u00a0\u00bbcenter\u00a0\u00bb][\/vc_column][\/vc_row][vc_row rtl_reverse=\u00a0\u00bbyes\u00a0\u00bb disable_element=\u00a0\u00bbyes\u00a0\u00bb][vc_column][vc_toggle title=\u00a0\u00bbComment acc\u00e9der \u00e0 ma messagerie universitaire ?\u00a0\u00bb]<\/p>\n<ol>\n<li><img decoding=\"async\" class=\"alignnone size-medium wp-image-10603\" src=\"https:\/\/homs-univ.edu.sy\/wp-content\/uploads\/2022\/01\/2022-01-18_10-57-26-300x172.jpg\" alt=\"\" width=\"300\" height=\"172\" srcset=\"https:\/\/homs-univ.edu.sy\/wp-content\/uploads\/2022\/01\/2022-01-18_10-57-26-300x172.jpg 300w, https:\/\/homs-univ.edu.sy\/wp-content\/uploads\/2022\/01\/2022-01-18_10-57-26-150x86.jpg 150w, https:\/\/homs-univ.edu.sy\/wp-content\/uploads\/2022\/01\/2022-01-18_10-57-26-768x439.jpg 768w, https:\/\/homs-univ.edu.sy\/wp-content\/uploads\/2022\/01\/2022-01-18_10-57-26-255x146.jpg 255w, https:\/\/homs-univ.edu.sy\/wp-content\/uploads\/2022\/01\/2022-01-18_10-57-26-50x29.jpg 50w, https:\/\/homs-univ.edu.sy\/wp-content\/uploads\/2022\/01\/2022-01-18_10-57-26-131x75.jpg 131w, https:\/\/homs-univ.edu.sy\/wp-content\/uploads\/2022\/01\/2022-01-18_10-57-26.jpg 920w\" sizes=\"(max-width:767px) 300px, 300px\" \/><\/li>\n<li><img decoding=\"async\" class=\"alignnone size-medium wp-image-10606\" src=\"https:\/\/homs-univ.edu.sy\/wp-content\/uploads\/2022\/01\/2022-01-18_11-03-57-300x161.jpg\" alt=\"\" width=\"300\" height=\"161\" srcset=\"https:\/\/homs-univ.edu.sy\/wp-content\/uploads\/2022\/01\/2022-01-18_11-03-57-300x161.jpg 300w, https:\/\/homs-univ.edu.sy\/wp-content\/uploads\/2022\/01\/2022-01-18_11-03-57-150x80.jpg 150w, https:\/\/homs-univ.edu.sy\/wp-content\/uploads\/2022\/01\/2022-01-18_11-03-57-768x411.jpg 768w, https:\/\/homs-univ.edu.sy\/wp-content\/uploads\/2022\/01\/2022-01-18_11-03-57-260x139.jpg 260w, https:\/\/homs-univ.edu.sy\/wp-content\/uploads\/2022\/01\/2022-01-18_11-03-57-50x27.jpg 50w, https:\/\/homs-univ.edu.sy\/wp-content\/uploads\/2022\/01\/2022-01-18_11-03-57-140x75.jpg 140w, https:\/\/homs-univ.edu.sy\/wp-content\/uploads\/2022\/01\/2022-01-18_11-03-57.jpg 981w\" sizes=\"(max-width:767px) 300px, 300px\" \/><\/li>\n<\/ol>\n<p>[\/vc_toggle][\/vc_column][\/vc_row][vc_row][vc_column][vc_column_text][\/vc_column_text][\/vc_column][\/vc_row][vc_row full_width=\u00a0\u00bbstretch_row_content_no_spaces\u00a0\u00bb css=\u00a0\u00bb.vc_custom_1642322718354{margin-top: 0px !important;margin-bottom: 0px !important;padding-top: 0px !important;padding-bottom: 0px !important;}\u00a0\u00bb][vc_column css=\u00a0\u00bb.vc_custom_1642322789685{margin-top: 0px !important;margin-bottom: 0px !important;padding-top: 0px !important;padding-bottom: 0px !important;}\u00a0\u00bb][vc_column_text css=\u00a0\u00bb.vc_custom_1642323516530{margin-top: 0px !important;margin-bottom: 0px !important;padding-top: 0px !important;padding-bottom: 0px !important;}\u00a0\u00bb]<div class=\"fancy-divider\"><svg preserveAspectRatio=\"none\" viewBox=\"0 0 100 100\" height=\"100\" width=\"100%\" version=\"1.1\" xmlns=\"https:\/\/www.w3.org\/2000\/svg\" style=\"background: #f4f4f4;\" aria-hidden=\"true\"><path d=\"M0 0 L50 100 L100 0 Z\" style=\"fill: #f8f9f9; stroke: #f8f9f9;\"\/><\/svg><\/div>[\/vc_column_text][\/vc_column][\/vc_row][vc_section full_width=\u00a0\u00bbstretch_row\u00a0\u00bb css=\u00a0\u00bb.vc_custom_1642322601395{margin-top: 0px !important;background-color: #f4f4f4 !important;}\u00a0\u00bb][vc_row][vc_column]<div class=\"fancy_heading fancy_heading_icon\"><div class=\"fh-top\"><\/div><h2 class=\"title\">Vous ne trouvez pas ce que vous cherchez?<\/h2><div class=\"inside\">Aidez-nous \u00e0 am\u00e9liorer notre site Internet !<\/div><\/div>\n[\/vc_column][\/vc_row][vc_row][vc_column]\n<div class=\"wpcf7 no-js\" id=\"wpcf7-f47300-o1\" lang=\"fr-FR\" dir=\"ltr\" data-wpcf7-id=\"47300\">\n<div class=\"screen-reader-response\"><p role=\"status\" aria-live=\"polite\" aria-atomic=\"true\"><\/p> <ul><\/ul><\/div>\n<form action=\"\/fr\/wp-json\/wp\/v2\/pages\/46054#wpcf7-f47300-o1\" method=\"post\" class=\"wpcf7-form init\" aria-label=\"Contact form\" novalidate=\"novalidate\" data-status=\"init\">\n<fieldset class=\"hidden-fields-container\"><input type=\"hidden\" name=\"_wpcf7\" value=\"47300\" \/><input type=\"hidden\" name=\"_wpcf7_version\" value=\"6.1.2\" \/><input type=\"hidden\" name=\"_wpcf7_locale\" value=\"fr_FR\" \/><input type=\"hidden\" name=\"_wpcf7_unit_tag\" value=\"wpcf7-f47300-o1\" \/><input type=\"hidden\" name=\"_wpcf7_container_post\" value=\"0\" \/><input type=\"hidden\" name=\"_wpcf7_posted_data_hash\" value=\"\" \/>\n<\/fieldset>\n<p><label> Votre nom<br \/>\n<span class=\"wpcf7-form-control-wrap\" data-name=\"your-name\"><input size=\"40\" maxlength=\"400\" class=\"wpcf7-form-control wpcf7-text wpcf7-validates-as-required\" aria-required=\"true\" aria-invalid=\"false\" value=\"\" type=\"text\" name=\"your-name\" \/><\/span> <\/label>\n<\/p>\n<p><label> Votre courrier \u00e9lectronique<br \/>\n<span class=\"wpcf7-form-control-wrap\" data-name=\"your-email\"><input size=\"40\" maxlength=\"400\" class=\"wpcf7-form-control wpcf7-email wpcf7-validates-as-required wpcf7-text wpcf7-validates-as-email\" aria-required=\"true\" aria-invalid=\"false\" value=\"\" type=\"email\" name=\"your-email\" \/><\/span> <\/label>\n<\/p>\n<p><label> Que cherchez-vous?<br \/>\n<span class=\"wpcf7-form-control-wrap\" data-name=\"your-subject\"><input size=\"40\" maxlength=\"400\" class=\"wpcf7-form-control wpcf7-text wpcf7-validates-as-required\" aria-required=\"true\" aria-invalid=\"false\" value=\"\" type=\"text\" name=\"your-subject\" \/><\/span> <\/label>\n<\/p>\n<p><label> Est-ce que ce lien est utile pour vous?<br \/>\n<span class=\"wpcf7-form-control-wrap\" data-name=\"your-message\"><textarea cols=\"40\" rows=\"10\" maxlength=\"2000\" class=\"wpcf7-form-control wpcf7-textarea\" aria-invalid=\"false\" name=\"your-message\"><\/textarea><\/span> <\/label><br \/>\n<label> Veuillez entrer le code affich\u00e9 dans l'image<br \/>\n<input type=\"hidden\" name=\"_wpcf7_captcha_challenge_captcha-1\" value=\"2980420900\" \/><img decoding=\"async\" class=\"wpcf7-form-control wpcf7-captchac wpcf7-captcha-captcha-1\" width=\"72\" height=\"24\" alt=\"captcha\" src=\"https:\/\/homs-univ.edu.sy\/wp-content\/uploads\/wpcf7_captcha\/2980420900.png\" \/> <span class=\"wpcf7-form-control-wrap\" data-name=\"captcha-1\"><input size=\"40\" class=\"wpcf7-form-control wpcf7-captchar\" autocomplete=\"off\" aria-invalid=\"false\" value=\"\" type=\"text\" name=\"captcha-1\" \/><\/span> <\/label>\n<\/p>\n<p><input class=\"wpcf7-form-control wpcf7-submit has-spinner\" type=\"submit\" value=\"Envoyer\" \/>\n<\/p><p style=\"display: none !important;\" class=\"akismet-fields-container\" data-prefix=\"_wpcf7_ak_\"><label>&#916;<textarea name=\"_wpcf7_ak_hp_textarea\" cols=\"45\" rows=\"8\" maxlength=\"100\"><\/textarea><\/label><input type=\"hidden\" id=\"ak_js_1\" name=\"_wpcf7_ak_js\" value=\"112\"\/><script>document.getElementById( \"ak_js_1\" ).setAttribute( \"value\", ( new Date() ).getTime() );<\/script><\/p><div class=\"wpcf7-response-output\" aria-hidden=\"true\"><\/div>\n<\/form>\n<\/div>\n[\/vc_column][\/vc_row][\/vc_section]<\/p>\n<\/div>","protected":false},"excerpt":{"rendered":"<p>[vc_row css=\u00a0\u00bb.vc_custom_1555923882750{padding-top: 50px !important;padding-bottom: 50px !important;}\u00a0\u00bb el_class=\u00a0\u00bbcontent-center\u00a0\u00bb][vc_column width=\u00a0\u00bb1\/3&Prime;][\/vc_column][vc_column width=\u00a0\u00bb1\/3&Prime;][\/vc_column][vc_column width=\u00a0\u00bb1\/3&Prime;][\/vc_column][\/vc_row][vc_row][vc_column][vc_separator][vc_column_text] L&rsquo;\u00e9volution du nombre des dipl\u00f4m\u00e9s de l&rsquo;an1985 jusqu&rsquo;\u00e0 2018 [\/vc_column_text][\/vc_column][\/vc_row][vc_row][vc_column][vc_single_image image=\u00a0\u00bb1676&Prime; img_size=\u00a0\u00bblarge\u00a0\u00bb alignment=\u00a0\u00bbcenter\u00a0\u00bb][\/vc_column][\/vc_row][vc_row rtl_reverse=\u00a0\u00bbyes\u00a0\u00bb disable_element=\u00a0\u00bbyes\u00a0\u00bb][vc_column][vc_toggle title=\u00a0\u00bbComment<span class=\"excerpt-hellip\"> [\u2026]<\/span><\/p>\n","protected":false},"author":1,"featured_media":0,"parent":0,"menu_order":0,"comment_status":"closed","ping_status":"closed","template":"","meta":{"_acf_changed":false,"footnotes":""},"class_list":["post-46054","page","type-page","status-publish","hentry"],"acf":[],"_links":{"self":[{"href":"https:\/\/homs-univ.edu.sy\/fr\/wp-json\/wp\/v2\/pages\/46054","targetHints":{"allow":["GET"]}}],"collection":[{"href":"https:\/\/homs-univ.edu.sy\/fr\/wp-json\/wp\/v2\/pages"}],"about":[{"href":"https:\/\/homs-univ.edu.sy\/fr\/wp-json\/wp\/v2\/types\/page"}],"author":[{"embeddable":true,"href":"https:\/\/homs-univ.edu.sy\/fr\/wp-json\/wp\/v2\/users\/1"}],"replies":[{"embeddable":true,"href":"https:\/\/homs-univ.edu.sy\/fr\/wp-json\/wp\/v2\/comments?post=46054"}],"version-history":[{"count":3,"href":"https:\/\/homs-univ.edu.sy\/fr\/wp-json\/wp\/v2\/pages\/46054\/revisions"}],"predecessor-version":[{"id":85424,"href":"https:\/\/homs-univ.edu.sy\/fr\/wp-json\/wp\/v2\/pages\/46054\/revisions\/85424"}],"wp:attachment":[{"href":"https:\/\/homs-univ.edu.sy\/fr\/wp-json\/wp\/v2\/media?parent=46054"}],"curies":[{"name":"wp","href":"https:\/\/api.w.org\/{rel}","templated":true}]}}